{"id":5144,"date":"2026-01-23T10:19:06","date_gmt":"2026-01-23T02:19:06","guid":{"rendered":"https:\/\/minghanggroup.com\/?post_type=product&#038;p=5144"},"modified":"2026-04-27T16:14:49","modified_gmt":"2026-04-27T08:14:49","slug":"empty-glass-embossed-jars-for-candles-wholesale","status":"publish","type":"product","link":"https:\/\/minghanggroup.com\/tr\/urun\/empty-glass-embossed-jars-for-candles-wholesale\/","title":{"rendered":"190 ml&#039;lik Kabartmal\u0131 Bo\u015f Cam Mum Kavanozlar\u0131 Toptan Sat\u0131\u015f"},"content":{"rendered":"<p>Bu mumluklar, \u0131\u015f\u0131\u011f\u0131 etkili bir \u015fekilde yans\u0131tan ve k\u0131ran elmas kesim desenine sahip \u015feffaf silindirik bir tasar\u0131ma sahiptir; bu da onlar\u0131 toptan mumluk \u00fcretimi i\u00e7in uygun hale getirir.<\/p>\n<h2>\u00dcr\u00fcn \u00d6zellikleri<\/h2>\n<ul>\n<li><strong>Tam Kapsaml\u0131 Elmas Kesim Y\u00fczeyler:<\/strong> Malzemenin t\u00fcm y\u00fczey alan\u0131n\u0131 kaplayan kabartmal\u0131 elmas dokusu, \u0131\u015f\u0131\u011f\u0131 yans\u0131tan bir etki yarat\u0131rken ayn\u0131 zamanda balmumunda bulunan k\u00fc\u00e7\u00fck kusurlar\u0131 da gizler.<\/li>\n<li><strong>D\u00fcz Duvarl\u0131 Silindirik Tasar\u0131m:<\/strong> Tasar\u0131m\u0131n d\u00fcz yan duvarlar\u0131, mumun t\u00fcm y\u00fcksekli\u011fi boyunca yanmas\u0131n\u0131 sa\u011flarken, t\u00fcnel olu\u015fumunu \u00f6nler ve yanma s\u00fcresini uzat\u0131r.<\/li>\n<li><strong>P\u00fcr\u00fczs\u00fcz Geni\u015f A\u011f\u0131z:<\/strong> Kab\u0131n geni\u015f ve p\u00fcr\u00fczs\u00fcz \u00fcst k\u0131sm\u0131, kullan\u0131c\u0131lar\u0131n balmumunu kolayca kaba d\u00f6kmesine ve fitilleri i\u00e7ine yerle\u015ftirmesine, mum kullan\u0131m\u0131ndan sonra ise kab\u0131 kapatmas\u0131na olanak tan\u0131r.<\/li>\n<\/ul>\n<h2 style=\"text-align: left;\">Temel \u00d6zellikler<\/h2>\n<table class=\"aligncenter\" style=\"border-collapse: collapse; width: 423.02pt;\" border=\"0\" width=\"564\" cellspacing=\"0\" cellpadding=\"0\">\n<tbody>\n<tr style=\"height: 13.50pt;\">\n<td style=\"height: 13.50pt; width: 120.75pt;\" width=\"161\" height=\"18\">\u015eartname<\/td>\n<td style=\"width: 302.25pt;\" width=\"403\">Detaylar<\/td>\n<\/tr>\n<tr style=\"height: 13.50pt;\">\n<td style=\"height: 13.50pt;\" height=\"18\">Kapasite<\/td>\n<td>190 ml<\/td>\n<\/tr>\n<tr style=\"height: 13.50pt;\">\n<td style=\"height: 13.50pt;\" height=\"18\">Boyutlar<\/td>\n<td>70\u00d770\u00d775mm<\/td>\n<\/tr>\n<tr style=\"height: 13.50pt;\">\n<td style=\"height: 13.50pt;\" height=\"18\">Malzeme<\/td>\n<td>Premium Cam<\/td>\n<\/tr>\n<tr style=\"height: 13.50pt;\">\n<td style=\"height: 13.50pt;\" height=\"18\">Kavanoz \u015eekli<\/td>\n<td>Tam Elmas Kesimli D\u00fcz Kenarl\u0131 Silindir<\/td>\n<\/tr>\n<tr style=\"height: 13.50pt;\">\n<td style=\"height: 13.50pt;\" height=\"18\">\u00d6zelle\u015ftirme Kapsam\u0131<\/td>\n<td>Renk, Kesim Deseni, \u015eekil, Kapaklar<\/td>\n<\/tr>\n<tr style=\"height: 13.50pt;\">\n<td style=\"height: 13.50pt;\" height=\"18\">\u0130\u015f\u00e7ilik<\/td>\n<td>Hassas Elmas Kesim Kal\u0131pl\u0131 Preslenmi\u015f Cam<\/td>\n<\/tr>\n<tr style=\"height: 13.50pt;\">\n<td style=\"height: 13.50pt;\" height=\"18\">\u00dcr\u00fcn Amac\u0131<\/td>\n<td>Mum Kavanozlar\u0131 Toptan Sat\u0131\u015f\u0131, Dekoratif Ev Aksesuarlar\u0131<\/td>\n<\/tr>\n<tr style=\"height: 13.50pt;\">\n<td style=\"height: 13.50pt;\" height=\"18\">Uygun Sekt\u00f6rler<\/td>\n<td>Modern Mum Markalar\u0131, Premium Ev E\u015fyas\u0131 Perakendecileri<\/td>\n<\/tr>\n<\/tbody>\n<\/table>\n<h2>Ba\u015far\u0131 \u00d6yk\u00fcs\u00fc: Orta Bat\u0131&#039;dan Se\u00e7kin Bir Mum Markas\u0131ndan \u00d6zel Sipari\u015f<\/h2>\n<p>Orta Bat\u0131&#039;da faaliyet g\u00f6steren \u00fcst d\u00fczey bir soya mum markas\u0131, buzlu y\u00fczeyler ve uyumlu oyma ah\u015fap kapaklarla \u00f6zelle\u015ftirdikleri mum kavanozlar\u0131m\u0131z\u0131 se\u00e7ti. \u00dcr\u00fcnleri i\u00e7in olu\u015fturduklar\u0131 \u00f6zel mum kavanozlar\u0131, \u00fcr\u00fcnlerinde tam bir iyile\u015fmeye yol a\u00e7arak Instagram etkile\u015fiminde 0&#039;l\u00fck bir art\u0131\u015f sa\u011flad\u0131. D\u00fcz duvarl\u0131 tasar\u0131m, m\u00fckemmel yanmay\u0131 garantiledi ve m\u00fc\u015fteri \u015fikayetlerini oran\u0131nda azaltt\u0131. \u015eirket, \u00f6nceki ba\u015far\u0131l\u0131 sipari\u015fleri nedeniyle tatil kokular\u0131 koleksiyonu i\u00e7in 500.000 adet mum kavanozu daha sipari\u015f etti.<\/p>\n<h2>Mum Kavanozlar\u0131 Toptan Sat\u0131\u015f \u00d6zelle\u015ftirme \u00d6nerileri<\/h2>\n<ul>\n<li>Petek deseni, dikey \u00e7izgiler ve geometrik \u0131zgaralar gibi \u00e7e\u015fitli kabartma desenleri sunarak farkl\u0131 g\u00f6rsel efektler yarat\u0131r.<\/li>\n<li>Daha klasik kavisli bir ila\u00e7 \u015fi\u015fesi \u015fekli veya daha sa\u011flam, kulpsuz bir cam \u015fi\u015fe \u015fekli olu\u015fturun.<\/li>\n<li>Mumlar\u0131n tazeli\u011fini korumak ve kullan\u0131m aralar\u0131nda tozdan korumak i\u00e7in silikon s\u0131zd\u0131rmazl\u0131k halkalar\u0131yla birlikte gelen, uyumlu cam ve metal kapaklar tasarlay\u0131n.<\/li>\n<\/ul>","protected":false},"excerpt":{"rendered":"<p>Mumlar i\u00e7in modern, \u015feffaf camdan \u00fcretilmi\u015f, elmas kesim dokulu kavanozlar, kokulu mumlar ve dekorasyon i\u00e7in m\u00fckemmeldir. Fabrikadan do\u011frudan temin edilen birinci s\u0131n\u0131f mum kavanozlar\u0131.<\/p>","protected":false},"featured_media":5148,"template":"","meta":{"postBodyCss":"","postBodyMargin":[],"postBodyPadding":[],"postBodyBackground":{"backgroundType":"classic","gradient":""}},"product_brand":[],"product_cat":[82,15,17],"product_tag":[97,96],"class_list":{"0":"post-5144","1":"product","2":"type-product","3":"status-publish","4":"has-post-thumbnail","6":"product_cat-candle-jars","7":"product_cat-glass-containers","8":"product_cat-glass-jars","9":"product_tag-rocks-glass","10":"product_tag-whiskey-tumblers","12":"first","13":"instock","14":"shipping-taxable","15":"product-type-simple"},"jetpack_sharing_enabled":true,"_links":{"self":[{"href":"https:\/\/minghanggroup.com\/tr\/wp-json\/wp\/v2\/product\/5144","targetHints":{"allow":["GET"]}}],"collection":[{"href":"https:\/\/minghanggroup.com\/tr\/wp-json\/wp\/v2\/product"}],"about":[{"href":"https:\/\/minghanggroup.com\/tr\/wp-json\/wp\/v2\/types\/product"}],"wp:featuredmedia":[{"embeddable":true,"href":"https:\/\/minghanggroup.com\/tr\/wp-json\/wp\/v2\/media\/5148"}],"wp:attachment":[{"href":"https:\/\/minghanggroup.com\/tr\/wp-json\/wp\/v2\/media?parent=5144"}],"wp:term":[{"taxonomy":"product_brand","embeddable":true,"href":"https:\/\/minghanggroup.com\/tr\/wp-json\/wp\/v2\/product_brand?post=5144"},{"taxonomy":"product_cat","embeddable":true,"href":"https:\/\/minghanggroup.com\/tr\/wp-json\/wp\/v2\/product_cat?post=5144"},{"taxonomy":"product_tag","embeddable":true,"href":"https:\/\/minghanggroup.com\/tr\/wp-json\/wp\/v2\/product_tag?post=5144"}],"curies":[{"name":"wp","href":"https:\/\/api.w.org\/{rel}","templated":true}]}}