{"id":5135,"date":"2026-01-23T09:12:36","date_gmt":"2026-01-23T01:12:36","guid":{"rendered":"https:\/\/minghanggroup.com\/?post_type=product&#038;p=5135"},"modified":"2026-01-23T15:53:41","modified_gmt":"2026-01-23T07:53:41","slug":"clear-spherical-luxury-candle-jars-with-textured-bulk","status":"publish","type":"product","link":"https:\/\/minghanggroup.com\/tr\/urun\/clear-spherical-luxury-candle-jars-with-textured-bulk\/","title":{"rendered":"125 ml \u015eeffaf K\u00fcresel L\u00fcks Mum Kavanozlar\u0131, Dokulu Y\u00fczeyli"},"content":{"rendered":"<p>Bunlar, g\u00f6z al\u0131c\u0131 bal\u0131k pulu kesim deseniyle mum \u0131\u015f\u0131\u011f\u0131n\u0131 hapsedip da\u011f\u0131tarak onlara muhte\u015fem, prizma benzeri bir g\u00f6r\u00fcn\u00fcm kazand\u0131ran, yuvarlak, p\u00fcr\u00fczs\u00fcz ve yuvarlak g\u00f6vdeli l\u00fcks mumluklard\u0131r.<\/p>\n<h2>\u00dcr\u00fcn \u00d6zellikleri<\/h2>\n<ul>\n<li><strong>\u015eeffaf Cam:<\/strong> Cam \u00e7ok berrak ve \u015feffaft\u0131r ve mum alevini ve erimi\u015f mum havuzunu m\u00fckemmel bir \u015fekilde b\u00fcy\u00fcten bir mercek g\u00f6revi g\u00f6r\u00fcr.<\/li>\n<li><strong>Bal\u0131k pulu kesimli g\u00f6vde:<\/strong> I\u015f\u0131k ve g\u00f6lgenin \u00fc\u00e7 boyutlu bal\u0131k pulu dokusunun canl\u0131 dinamizmi, mum \u0131\u015f\u0131\u011f\u0131n\u0131n platformdan ge\u00e7i\u015finin zengin g\u00f6rsel katmanlar\u0131n\u0131 sunuyor.<\/li>\n<li><strong>Heykelsi K\u00fcresel Form:<\/strong> Bu, tamamlanm\u0131\u015f, yuvarlak ve k\u00fcresel bir form olup, geleneksel silindirik ve k\u00fcbik formlar\u0131n cesur ve \u00e7a\u011fda\u015f bir varyant\u0131d\u0131r.<\/li>\n<\/ul>\n<h2 style=\"text-align: left;\">Temel \u00d6zellikler<\/h2>\n<table class=\"aligncenter\" style=\"border-collapse: collapse; width: 423.02pt;\" border=\"0\" width=\"564\" cellspacing=\"0\" cellpadding=\"0\">\n<tbody>\n<tr style=\"height: 13.50pt;\">\n<td style=\"height: 13.50pt; width: 120.75pt;\" width=\"161\" height=\"18\">\u015eartname<\/td>\n<td style=\"width: 302.25pt;\" width=\"403\">Detaylar<\/td>\n<\/tr>\n<tr style=\"height: 13.50pt;\">\n<td style=\"height: 13.50pt;\" height=\"18\">Kapasite<\/td>\n<td>125 ml<\/td>\n<\/tr>\n<tr style=\"height: 13.50pt;\">\n<td style=\"height: 13.50pt;\" height=\"18\">Boyutlar<\/td>\n<td>70\u00d778\u00d762mm<\/td>\n<\/tr>\n<tr style=\"height: 13.50pt;\">\n<td style=\"height: 13.50pt;\" height=\"18\">Malzeme<\/td>\n<td>Y\u00fcksek \u015eeffafl\u0131kta Cam<\/td>\n<\/tr>\n<tr style=\"height: 13.50pt;\">\n<td style=\"height: 13.50pt;\" height=\"18\">Kavanoz \u015eekli<\/td>\n<td>Her yerinden bal\u0131k g\u00f6z\u00fc kesimli k\u00fcre<\/td>\n<\/tr>\n<tr style=\"height: 13.50pt;\">\n<td style=\"height: 13.50pt;\" height=\"18\">\u00d6zelle\u015ftirme Kapsam\u0131<\/td>\n<td>Cam Rengi, Kesim Desen Derinli\u011fi, Buzlanma<\/td>\n<\/tr>\n<tr style=\"height: 13.50pt;\">\n<td style=\"height: 13.50pt;\" height=\"18\">\u0130\u015f\u00e7ilik<\/td>\n<td>Karma\u015f\u0131k Bal\u0131k G\u00f6z\u00fc Desenleri i\u00e7in Geli\u015fmi\u015f Cam Kesimi<\/td>\n<\/tr>\n<tr style=\"height: 13.50pt;\">\n<td style=\"height: 13.50pt;\" height=\"18\">\u00dcr\u00fcn Amac\u0131<\/td>\n<td>Toptan Mum Kavanozlar\u0131, L\u00fcks Ev Dekorasyonu<\/td>\n<\/tr>\n<tr style=\"height: 13.50pt;\">\n<td style=\"height: 13.50pt;\" height=\"18\">Uygun Sekt\u00f6rler<\/td>\n<td>Tasar\u0131mc\u0131 Mum Markalar\u0131, L\u00fcks Ma\u011fazalar<\/td>\n<\/tr>\n<\/tbody>\n<\/table>\n<h2>Ba\u015far\u0131 \u00d6yk\u00fcs\u00fc: Avrupa&#039;daki L\u00fcks Bir Otel Zinciri \u0130\u00e7in \u00d6zel Parf\u00fcm Kar\u0131\u015f\u0131mlar\u0131<\/h2>\n<p>Avrupa&#039;da bir l\u00fcks otel zinciri, lansman\u0131nda b\u00fcy\u00fck be\u011feni toplayan benzersiz tasar\u0131ml\u0131 l\u00fcks mum kavanozlar\u0131m\u0131z\u0131 tercih etti. 125 ml&#039;lik boyutu, hafta sonlar\u0131 i\u00e7in ideal olan 60 saatlik yanma s\u00fcresi sa\u011fl\u0131yor. Ola\u011fan\u00fcst\u00fc tasar\u0131m, sosyal medyada 1 milyondan fazla g\u00f6r\u00fcnt\u00fclenme ald\u0131. Otel, misafir geri bildirimlerinden ve \u00fcr\u00fcn performans\u0131ndan son derece memnun kald\u0131 ve bu nedenle ek 200.000 kavanoz daha sipari\u015f ederek, iki y\u0131l i\u00e7inde t\u00fcm otellerine da\u011f\u0131tmay\u0131 planl\u0131yor.<\/p>\n<h2>\u00d6zelle\u015ftirilmi\u015f Toplu Mum Kavanozlar\u0131<\/h2>\n<ul>\n<li>Kesim Deseni Varyasyonu: Bal\u0131k g\u00f6z\u00fc kesiminin boyutu, derinli\u011fi veya a\u00e7\u0131s\u0131 de\u011fi\u015ftirilerek par\u0131lt\u0131da \u00e7e\u015fitli efektler elde edilebilir.<\/li>\n<li>Lazerle Kaz\u0131ma: K\u00fcrenin k\u00fc\u00e7\u00fck, temiz y\u00fczeylerine ince marka isimleri veya tak\u0131my\u0131ld\u0131z desenleri kaz\u0131y\u0131n.<\/li>\n<li>\u00d6zel Kapak\/T\u0131pa: Mum kullan\u0131lmad\u0131\u011f\u0131 zamanlarda kullan\u0131lmak \u00fczere, ayn\u0131 malzemeden yap\u0131lm\u0131\u015f cam veya metal disk \u015feklinde bir kapak tasarlay\u0131n.<\/li>\n<li>\u00d6zel Taban: K\u00fcrenin dik durmas\u0131n\u0131 ve dengede durmas\u0131n\u0131 sa\u011flayacak e\u015fit b\u00fcy\u00fckl\u00fckte cam veya metal disk taban tasarlay\u0131n.<\/li>\n<\/ul>","protected":false},"excerpt":{"rendered":"<p>Kokulu mumlar ve dekorasyon i\u00e7in m\u00fckemmel, bal\u0131k pulu dokulu, k\u00fcresel \u015feffaf camdan yap\u0131lm\u0131\u015f toplu mum kavanozlar\u0131. Fabrikadan do\u011frudan temin edilen birinci s\u0131n\u0131f l\u00fcks mum kavanozlar\u0131.<\/p>","protected":false},"featured_media":5136,"template":"","meta":{"postBodyCss":"","postBodyMargin":[],"postBodyPadding":[],"postBodyBackground":{"backgroundType":"classic","gradient":""}},"product_brand":[],"product_cat":[15,82,17],"product_tag":[],"class_list":{"0":"post-5135","1":"product","2":"type-product","3":"status-publish","4":"has-post-thumbnail","6":"product_cat-glass-containers","7":"product_cat-candle-jars","8":"product_cat-glass-jars","10":"first","11":"instock","12":"shipping-taxable","13":"product-type-simple"},"jetpack_sharing_enabled":true,"_links":{"self":[{"href":"https:\/\/minghanggroup.com\/tr\/wp-json\/wp\/v2\/product\/5135","targetHints":{"allow":["GET"]}}],"collection":[{"href":"https:\/\/minghanggroup.com\/tr\/wp-json\/wp\/v2\/product"}],"about":[{"href":"https:\/\/minghanggroup.com\/tr\/wp-json\/wp\/v2\/types\/product"}],"wp:featuredmedia":[{"embeddable":true,"href":"https:\/\/minghanggroup.com\/tr\/wp-json\/wp\/v2\/media\/5136"}],"wp:attachment":[{"href":"https:\/\/minghanggroup.com\/tr\/wp-json\/wp\/v2\/media?parent=5135"}],"wp:term":[{"taxonomy":"product_brand","embeddable":true,"href":"https:\/\/minghanggroup.com\/tr\/wp-json\/wp\/v2\/product_brand?post=5135"},{"taxonomy":"product_cat","embeddable":true,"href":"https:\/\/minghanggroup.com\/tr\/wp-json\/wp\/v2\/product_cat?post=5135"},{"taxonomy":"product_tag","embeddable":true,"href":"https:\/\/minghanggroup.com\/tr\/wp-json\/wp\/v2\/product_tag?post=5135"}],"curies":[{"name":"wp","href":"https:\/\/api.w.org\/{rel}","templated":true}]}}