{"id":5134,"date":"2026-01-23T10:09:57","date_gmt":"2026-01-23T02:09:57","guid":{"rendered":"https:\/\/minghanggroup.com\/?post_type=product&#038;p=5134"},"modified":"2026-01-23T10:09:59","modified_gmt":"2026-01-23T02:09:59","slug":"glass-unique-candle-jars-with-embossed-design-for-brand-bulk","status":"publish","type":"product","link":"https:\/\/minghanggroup.com\/tr\/urun\/glass-unique-candle-jars-with-embossed-design-for-brand-bulk\/","title":{"rendered":"Markalar i\u00e7in Toplu Sipari\u015f \u0130mkan\u0131 Sunan Kabartmal\u0131 Tasar\u0131ml\u0131 460 ml&#039;lik Benzersiz Cam Mum Kavanozlar\u0131"},"content":{"rendered":"<p>E\u015fsiz mum kavanozlar\u0131n\u0131z sadece mum saklamakla kalmamal\u0131, ayn\u0131 zamanda d\u00fckkan\u0131n\u0131z\u0131 gizli bir bah\u00e7e gibi \u0131\u015f\u0131ldatmal\u0131d\u0131r. Cam mum kavanozlar\u0131 toptanc\u0131s\u0131 olarak, toptan mum \u00fcr\u00fcn yelpazenizi m\u00fc\u015fterilerinizin olmazsa olmaz\u0131 haline getiren l\u00fcks mum kaplar\u0131 \u00fcretiyoruz.<\/p>\n<h2>\u00dcr\u00fcn \u00d6zellikleri<\/h2>\n<ul>\n<li><strong>Desen Stili:<\/strong> Petek deseni \u00e7ok \u00e7a\u011fda\u015f bir hava katarken, palmiye yapra\u011f\u0131 deseni daha rustik bir g\u00f6r\u00fcn\u00fcm sunuyor; mumlu\u011funuz size \u00f6zg\u00fc bir hikaye anlat\u0131yor.<\/li>\n<li><strong>Sa\u011flam Temel:<\/strong> Y\u00fckseltilmi\u015f taban tasar\u0131m\u0131, mumlu\u011fun mermer masa \u00fczerinde bile m\u00fckemmel bir \u015fekilde sabit kalmas\u0131n\u0131 sa\u011flar. Bu sayede mumlu\u011funuz sadece sa\u011flam ve dayan\u0131kl\u0131 de\u011fil, ayn\u0131 zamanda ola\u011fan\u00fcst\u00fc kalitededir.<\/li>\n<li><strong>Kristal Netli\u011finde:<\/strong> \u015eeffaf cam, aromaterapi ya\u011f\u0131n\u0131n t\u00fcm renklerini herhangi bir bulan\u0131kl\u0131k veya filtreleme etkisi olmadan \u00e7ok net bir \u015fekilde g\u00f6rmenizi sa\u011flar.<\/li>\n<\/ul>\n<h2>Temel \u00d6zellikler<\/h2>\n<table style=\"border-collapse: collapse; width: 80%; margin-left: auto; margin-right: auto;\" border=\"0\" width=\"288\" cellspacing=\"0\" cellpadding=\"0\">\n<tbody>\n<tr style=\"height: 13.50pt;\">\n<td style=\"height: 13.5pt; width: 54pt; text-align: center;\" width=\"72\" height=\"18\">Boyut<\/td>\n<td style=\"width: 54pt; text-align: center;\" width=\"72\">\u00d6l\u00e7\u00fcler (mm)<\/td>\n<td style=\"width: 54pt; text-align: center;\" width=\"72\">Mevcut Desenler<\/td>\n<td style=\"width: 54pt; text-align: center;\" width=\"72\">Renk<\/td>\n<\/tr>\n<tr style=\"height: 13.50pt;\">\n<td style=\"height: 13.5pt; text-align: center;\" height=\"18\">460 ml<\/td>\n<td style=\"text-align: center;\">67 \u00d7 85 \u00d7 130<\/td>\n<td style=\"text-align: center;\">Palmiye, Mozaik, Petek, Madeni Paralar, Noktalar, Yelpaze<\/td>\n<td style=\"text-align: center;\">\u015eeffaf\/\u00f6zel<\/td>\n<\/tr>\n<\/tbody>\n<\/table>\n<h2>Ba\u015far\u0131 \u00d6rne\u011fi<\/h2>\n<p>Kuzey Amerika merkezli \u00fcst d\u00fczey bir aromaterapi markas\u0131, benzersiz mum kavanozlar\u0131m\u0131z\u0131n yeni \u00fcr\u00fcn yelpazesinin ana ambalaj\u0131 olaca\u011f\u0131na karar verdi. M\u00fc\u015fteri, \u00e7e\u015fitli kabartmal\u0131 desenleri \u00f6zg\u00fcn bir \u015fekilde de\u011fi\u015ftirdi, mat kumlanm\u0131\u015f bir y\u00fczey ve kontrast olu\u015fturan parlak vurgular se\u00e7ti, marka logosunu alt k\u0131sma yerle\u015ftirdi ve farkl\u0131 kapasite kombinasyonlar\u0131 i\u00e7in sipari\u015f verdi.<\/p>\n<p>\u00dcr\u00fcn piyasaya s\u00fcr\u00fcld\u00fckten sonraki ilk \u00fc\u00e7 ayda, &#034;s\u0131n\u0131rl\u0131 say\u0131da \u00fcretilen dokulu kavanozlar&#034; en \u00e7ok satan \u00fcr\u00fcnlerden biri haline geldi. M\u00fc\u015fteri, ilk sipari\u015ften sadece \u00fc\u00e7 ay sonra ikinci bir toplu sipari\u015f verdi ve bu seferki miktar ilk sipari\u015fe g\u00f6re daha fazlayd\u0131.<\/p>\n<h2>\u00d6zelle\u015ftirme Se\u00e7enekleriniz<\/h2>\n<ol>\n<li><strong>Y\u00fczey i\u015fleme se\u00e7enekleri:<\/strong> Ekran esteti\u011fini geli\u015ftirmek i\u00e7in kumlama + cilal\u0131 alanlar, i\u00e7 renk kaplama + d\u0131\u015f \u015feffafl\u0131k gibi karma i\u015flemleri destekler.<\/li>\n<li><strong>\u00d6zelle\u015ftirilebilir kapaklar:<\/strong> \u00dcr\u00fcn ah\u015fap, cam veya metal kapak se\u00e7enekleriyle sunulmakta olup, renk, grav\u00fcr veya lazerle i\u015flenmi\u015f logo \u00f6zelle\u015ftirmesi de desteklemektedir.<\/li>\n<li><strong>Alt k\u0131s\u0131mda marka logosu:<\/strong> Barda\u011f\u0131n alt k\u0131sm\u0131na marka ad\u0131, kapasite veya men\u015fei bilgisi kabartma olarak i\u015flenebilir; bu da daha profesyonel bir g\u00f6r\u00fcn\u00fcm sa\u011flar ve perakende standartlar\u0131na uygunlu\u011fu da beraberinde getirir.<\/li>\n<\/ol>","protected":false},"excerpt":{"rendered":"<p>Marka koleksiyonlar\u0131 i\u00e7in ideal, zengin dokulara sahip benzersiz mum kavanozlar\u0131n\u0131 ke\u015ffedin. Fabrikadan do\u011frudan toptan sat\u0131\u015f, h\u0131zl\u0131 kargo deste\u011fi.<\/p>","protected":false},"featured_media":5143,"template":"","meta":{"postBodyCss":"","postBodyMargin":[],"postBodyPadding":[],"postBodyBackground":{"backgroundType":"classic","gradient":""}},"product_brand":[],"product_cat":[15,82,17],"product_tag":[],"class_list":{"0":"post-5134","1":"product","2":"type-product","3":"status-publish","4":"has-post-thumbnail","6":"product_cat-glass-containers","7":"product_cat-candle-jars","8":"product_cat-glass-jars","10":"first","11":"instock","12":"shipping-taxable","13":"product-type-simple"},"jetpack_sharing_enabled":true,"_links":{"self":[{"href":"https:\/\/minghanggroup.com\/tr\/wp-json\/wp\/v2\/product\/5134","targetHints":{"allow":["GET"]}}],"collection":[{"href":"https:\/\/minghanggroup.com\/tr\/wp-json\/wp\/v2\/product"}],"about":[{"href":"https:\/\/minghanggroup.com\/tr\/wp-json\/wp\/v2\/types\/product"}],"wp:featuredmedia":[{"embeddable":true,"href":"https:\/\/minghanggroup.com\/tr\/wp-json\/wp\/v2\/media\/5143"}],"wp:attachment":[{"href":"https:\/\/minghanggroup.com\/tr\/wp-json\/wp\/v2\/media?parent=5134"}],"wp:term":[{"taxonomy":"product_brand","embeddable":true,"href":"https:\/\/minghanggroup.com\/tr\/wp-json\/wp\/v2\/product_brand?post=5134"},{"taxonomy":"product_cat","embeddable":true,"href":"https:\/\/minghanggroup.com\/tr\/wp-json\/wp\/v2\/product_cat?post=5134"},{"taxonomy":"product_tag","embeddable":true,"href":"https:\/\/minghanggroup.com\/tr\/wp-json\/wp\/v2\/product_tag?post=5134"}],"curies":[{"name":"wp","href":"https:\/\/api.w.org\/{rel}","templated":true}]}}