{"id":5106,"date":"2026-01-22T15:23:17","date_gmt":"2026-01-22T07:23:17","guid":{"rendered":"https:\/\/minghanggroup.com\/?post_type=product&#038;p=5106"},"modified":"2026-01-22T16:08:34","modified_gmt":"2026-01-22T08:08:34","slug":"glass-jars-for-candles-with-geometric-texture-bulk","status":"publish","type":"product","link":"https:\/\/minghanggroup.com\/tr\/urun\/glass-jars-for-candles-with-geometric-texture-bulk\/","title":{"rendered":"Geometrik Desenli 110 ml Cam Mum Kavanozlar\u0131 (Toptan Sat\u0131\u015f)"},"content":{"rendered":"<p>Bu zarif cam mumluklar, silindir \u015feklinde olduk\u00e7a sade ve g\u00f6steri\u015fsiz bir tasar\u0131ma sahiptir. Yuvarlak hatl\u0131 tasar\u0131m al\u00e7ak ve dayan\u0131kl\u0131d\u0131r ve iki g\u00f6z al\u0131c\u0131 y\u00fczey kaplamas\u0131na sahiptir; biri par\u0131ldayan elmas desenli kapitone, di\u011feri ise p\u00fcr\u00fczs\u00fcz dikey \u00e7izgili desendir.<\/p>\n<h2>\u00dcr\u00fcn \u00d6zellikleri<\/h2>\n<ul>\n<li><strong>Zarif Lale Sil\u00fceti:<\/strong> Zarif ve p\u00fcr\u00fczs\u00fcz k\u0131vr\u0131mlar, do\u011fal, \u015f\u0131k ve sofistike bir hava katarak kolayca tan\u0131nabilir bir \u00f6zellik sunuyor.<\/li>\n<li><strong>Dekoratif Dikey \u00c7izgiler:<\/strong> Dikey \u00e7izgiler, tutu\u015fu iyile\u015ftirmenin yan\u0131 s\u0131ra dekoratif bir etki yaratmakla kalm\u0131yor, ayn\u0131 zamanda \u0131\u015f\u0131k ve g\u00f6lgenin uyar\u0131c\u0131 ve b\u00fcy\u00fcleyici bir oyununu da ortaya \u00e7\u0131kar\u0131yor.<\/li>\n<li><strong>\u015eeffaf Cam:<\/strong> \u015eeffaf cam, mumun i\u00e7indeki balmumunu, alevi ve t\u00fcm s\u00fcslemeleri net bir \u015fekilde g\u00f6rmenizi sa\u011flar.<\/li>\n<\/ul>\n<h2 style=\"text-align: left;\">Temel \u00d6zellikler<\/h2>\n<table class=\"aligncenter\" style=\"border-collapse: collapse; width: 428.27pt;\" border=\"0\" width=\"571\" cellspacing=\"0\" cellpadding=\"0\">\n<tbody>\n<tr style=\"height: 13.50pt;\">\n<td style=\"height: 13.50pt; width: 121.50pt;\" width=\"162\" height=\"18\">\u015eartname<\/td>\n<td style=\"width: 306.75pt;\" width=\"409\">Detaylar<\/td>\n<\/tr>\n<tr style=\"height: 13.50pt;\">\n<td style=\"height: 13.50pt;\" height=\"18\">Kapasite<\/td>\n<td>110 ml<\/td>\n<\/tr>\n<tr style=\"height: 13.50pt;\">\n<td style=\"height: 13.50pt;\" height=\"18\">Boyutlar<\/td>\n<td>80\u00d760\u00d760mm<\/td>\n<\/tr>\n<tr style=\"height: 13.50pt;\">\n<td style=\"height: 13.50pt;\" height=\"18\">Malzeme<\/td>\n<td>\u015eeffaf Cam<\/td>\n<\/tr>\n<tr style=\"height: 13.50pt;\">\n<td style=\"height: 13.50pt;\" height=\"18\">Kavanoz \u015eekli<\/td>\n<td>Dokulu Y\u00fczeyli K\u0131sa, Geni\u015f Silindir<\/td>\n<\/tr>\n<tr style=\"height: 13.50pt;\">\n<td style=\"height: 13.50pt;\" height=\"18\">\u00d6zelle\u015ftirme Kapsam\u0131<\/td>\n<td>Renk, Doku Deseni, Krema, Kabartma<\/td>\n<\/tr>\n<tr style=\"height: 13.50pt;\">\n<td style=\"height: 13.50pt;\" height=\"18\">\u0130\u015f\u00e7ilik<\/td>\n<td>Elmas veya kaburga desenleri i\u00e7in dokulu cam presleme<\/td>\n<\/tr>\n<tr style=\"height: 13.50pt;\">\n<td style=\"height: 13.50pt;\" height=\"18\">\u00dcr\u00fcn Amac\u0131<\/td>\n<td>Toptan Mum Kavanozlar\u0131, Dekoratif Votif Mumluklar<\/td>\n<\/tr>\n<tr style=\"height: 13.50pt;\">\n<td style=\"height: 13.50pt;\" height=\"18\">Uygun Sekt\u00f6rler<\/td>\n<td>\u00c7a\u011fda\u015f Mum Markalar\u0131, Ev Dekorasyon \u00dcr\u00fcnleri Perakendecileri<\/td>\n<\/tr>\n<\/tbody>\n<\/table>\n<h2>Ba\u015far\u0131 \u00d6yk\u00fcs\u00fc: \u00c7i\u00e7ek\u00e7i \u0130\u015fbirli\u011fiyle Olu\u015fturulan Mum Serisi B\u00fcy\u00fck Ba\u015far\u0131 Elde Etti<\/h2>\n<p>\u00c7evrimi\u00e7i bir \u00e7i\u00e7ek\u00e7i, benzersiz ambalajlar olarak lale \u015feklindeki cam kavanozlar\u0131m\u0131z\u0131 sat\u0131n ald\u0131. Bu, benzersiz tasar\u0131m\u0131n marka imajlar\u0131na m\u00fckemmel bir \u015fekilde uymas\u0131n\u0131n ve \u00e7evrimi\u00e7i do\u011frudan sat\u0131\u015flarda 0&#039;lik bir b\u00fcy\u00fcme sa\u011flamas\u0131n\u0131n nedeniydi. \u015eeffaf cam, mumun do\u011fal renginin g\u00f6r\u00fcn\u00fcrl\u00fc\u011f\u00fcn\u00fc m\u00fckemmel bir \u015fekilde g\u00f6sterdi ve bu da sosyal medya payla\u015f\u0131m\u0131n\u0131 art\u0131rd\u0131. \u00dcr\u00fcn performans\u0131 ve m\u00fc\u015fteri geri bildirimleri, markay\u0131 \u00fcr\u00fcnlerinden o kadar memnun etti ki, ana ve mevsimlik koleksiyonlar\u0131 takip etmek i\u00e7in 250.000 adet daha cam kavanoz sipari\u015fi verdiler.<\/p>\n<h2>Mum Kaplar\u0131 \u00d6zelle\u015ftirme Se\u00e7enekleri<\/h2>\n<ul>\n<li>Cam Renkleri: \u00c7i\u00e7ek temas\u0131na canl\u0131l\u0131k katmak i\u00e7in a\u00e7\u0131k pembe, ada\u00e7ay\u0131 ye\u015fili veya g\u00f6k mavisi gibi yumu\u015fak tonlar \u00f6nerin.<\/li>\n<li>Oluk Varyasyonlar\u0131: Farkl\u0131 g\u00f6r\u00fcn\u00fcmler elde etmek i\u00e7in dikey oluklar\u0131n geni\u015fli\u011fini, derinli\u011fini veya aralar\u0131ndaki bo\u015flu\u011fu de\u011fi\u015ftirin.<\/li>\n<li>Metalik Kaplamalar: Kenarlar\u0131 yald\u0131zlanm\u0131\u015f veya alt\u0131n, g\u00fcm\u00fc\u015f veya bak\u0131rla s\u00fcslenmi\u015f yelpazeler.<\/li>\n<li>Kabartmal\u0131 Taban: Kutunun alt k\u0131sm\u0131n\u0131 k\u00fc\u00e7\u00fck, kabartmal\u0131 \u00e7i\u00e7ek motifleri veya \u015firket logonuzla s\u00fcsleyin.<\/li>\n<\/ul>","protected":false},"excerpt":{"rendered":"<p>Mumlar i\u00e7in zarif, yivli ve elmas desenli cam kavanozlar, tealight mumlar ve aromaterapi i\u00e7in idealdir. \u00d6zel marka ve tasar\u0131mlar i\u00e7in OEM se\u00e7ene\u011fi mevcuttur.<\/p>","protected":false},"featured_media":5109,"template":"","meta":{"postBodyCss":"","postBodyMargin":[],"postBodyPadding":[],"postBodyBackground":{"backgroundType":"classic","gradient":""}},"product_brand":[],"product_cat":[15,82,17],"product_tag":[],"class_list":{"0":"post-5106","1":"product","2":"type-product","3":"status-publish","4":"has-post-thumbnail","6":"product_cat-glass-containers","7":"product_cat-candle-jars","8":"product_cat-glass-jars","10":"first","11":"instock","12":"shipping-taxable","13":"product-type-simple"},"jetpack_sharing_enabled":true,"_links":{"self":[{"href":"https:\/\/minghanggroup.com\/tr\/wp-json\/wp\/v2\/product\/5106","targetHints":{"allow":["GET"]}}],"collection":[{"href":"https:\/\/minghanggroup.com\/tr\/wp-json\/wp\/v2\/product"}],"about":[{"href":"https:\/\/minghanggroup.com\/tr\/wp-json\/wp\/v2\/types\/product"}],"wp:featuredmedia":[{"embeddable":true,"href":"https:\/\/minghanggroup.com\/tr\/wp-json\/wp\/v2\/media\/5109"}],"wp:attachment":[{"href":"https:\/\/minghanggroup.com\/tr\/wp-json\/wp\/v2\/media?parent=5106"}],"wp:term":[{"taxonomy":"product_brand","embeddable":true,"href":"https:\/\/minghanggroup.com\/tr\/wp-json\/wp\/v2\/product_brand?post=5106"},{"taxonomy":"product_cat","embeddable":true,"href":"https:\/\/minghanggroup.com\/tr\/wp-json\/wp\/v2\/product_cat?post=5106"},{"taxonomy":"product_tag","embeddable":true,"href":"https:\/\/minghanggroup.com\/tr\/wp-json\/wp\/v2\/product_tag?post=5106"}],"curies":[{"name":"wp","href":"https:\/\/api.w.org\/{rel}","templated":true}]}}