{"id":5105,"date":"2026-01-22T15:58:16","date_gmt":"2026-01-22T07:58:16","guid":{"rendered":"https:\/\/minghanggroup.com\/?post_type=product&#038;p=5105"},"modified":"2026-01-22T16:51:00","modified_gmt":"2026-01-22T08:51:00","slug":"frosted-glass-candle-containers-with-lids-wholesale","status":"publish","type":"product","link":"https:\/\/minghanggroup.com\/tr\/urun\/frosted-glass-candle-containers-with-lids-wholesale\/","title":{"rendered":"80 ml ve 95 ml Buzlu Cam Mum Kaplar\u0131 (Kapakl\u0131) Toptan Sat\u0131\u015f"},"content":{"rendered":"<p>Kapakl\u0131 mum kaplar\u0131n\u0131z sadece mumu saklamakla kalmamal\u0131, ayn\u0131 zamanda d\u00fckkan\u0131n\u0131z\u0131 \u015fehrin en \u00e7ok konu\u015fulan yeri haline getirmelidir. Buzlu mum kavanozlar\u0131 konusunda uzmanla\u015fm\u0131\u015f bir firma olarak, toptan mum \u00fcr\u00fcnlerinizi m\u00fc\u015fterilerinizin favorisi haline getiren cam ambalajlar \u00fcretiyoruz.<\/p>\n<h2>\u00dcr\u00fcn \u00d6zellikleri<\/h2>\n<ul>\n<li><strong>Yumu\u015fak, buzlu g\u00f6r\u00fcn\u00fcm:<\/strong> Buzlu doku, mum \u0131\u015f\u0131\u011f\u0131n\u0131 ay \u0131\u015f\u0131\u011f\u0131 gibi \u00e7ok yumu\u015fak ve nazik bir \u015fekilde da\u011f\u0131t\u0131r; bu sayede evinizin s\u0131cak ve samimi koku atmosferi an\u0131nda daha da g\u00fczelle\u015fir.<\/li>\n<li><strong>Kapa\u011f\u0131 s\u0131k\u0131ca kapat\u0131n:<\/strong> Mumun d\u00f6k\u00fclmesini ve toz birikmesini \u00f6nleyen, m\u00fckemmel oturan ah\u015fap bir kapak. Mum kab\u0131n\u0131z sa\u011flam, uzun \u00f6m\u00fcrl\u00fc ve birinci s\u0131n\u0131f kalitededir.<\/li>\n<li><strong>Basit silindirik tasar\u0131m:<\/strong> Zamans\u0131z silindirik \u015fekil, \u0130skandinav minimalist tarz\u0131 i\u00e7in idealdir ve sofistike bir g\u00f6r\u00fcn\u00fcm ifade etmek i\u00e7in etiketler veya bask\u0131larla s\u00fcslenebilir.<\/li>\n<\/ul>\n<h2>Temel \u00d6zellikler<\/h2>\n<table style=\"border-collapse: collapse; width: 80%; margin-left: auto; margin-right: auto;\" border=\"0\" width=\"288\" cellspacing=\"0\" cellpadding=\"0\">\n<tbody>\n<tr style=\"height: 13.50pt;\">\n<td style=\"height: 13.5pt; width: 54pt; text-align: center;\" width=\"72\" height=\"18\">Boyut (ml)<\/td>\n<td style=\"width: 54pt; text-align: center;\" width=\"72\">\u00d6l\u00e7\u00fcler (mm)<\/td>\n<td style=\"width: 54pt; text-align: center;\" width=\"72\">Kapak Tipi<\/td>\n<td style=\"width: 54pt; text-align: center;\" width=\"72\">Renk<\/td>\n<\/tr>\n<tr style=\"height: 13.50pt;\">\n<td style=\"height: 13.5pt; text-align: center;\" align=\"right\" height=\"18\">80<\/td>\n<td style=\"text-align: center;\">52 \u00d7 45 \u00d7 62<\/td>\n<td class=\"et2\" style=\"text-align: center;\" rowspan=\"2\">Plastik veya ah\u015fap<\/td>\n<td class=\"et2\" style=\"text-align: center;\" rowspan=\"2\">Buzlu veya \u00f6zel<\/td>\n<\/tr>\n<tr style=\"height: 13.50pt;\">\n<td style=\"height: 13.5pt; text-align: center;\" align=\"right\" height=\"18\">95<\/td>\n<td style=\"text-align: center;\">56 \u00d7 47 \u00d7 66<\/td>\n<\/tr>\n<\/tbody>\n<\/table>\n<h2>Ba\u015far\u0131 \u00d6rne\u011fi<\/h2>\n<p>Kuzey Amerika merkezli bir aromaterapi markas\u0131, yeni \u00fcr\u00fcn serisinin ana ambalaj\u0131 olarak buzlu cam mumlu\u011fumuzu se\u00e7ti. Mumlukta beyaz ipekten yap\u0131lm\u0131\u015f, serigrafi bask\u0131l\u0131 bir logo bulunuyor ve kapa\u011f\u0131 do\u011fal ah\u015faptan \u00fcretilip marka hikayesiyle i\u015flenerek, mum yanarken de yanmazken de markan\u0131n kolayca tan\u0131nmas\u0131n\u0131 sa\u011fl\u0131yor.<\/p>\n<p>Lansman\u0131n ard\u0131ndan, bu serinin sat\u0131\u015flar\u0131 \u00fc\u00e7 ay i\u00e7inde yakla\u015f\u0131k oran\u0131nda artt\u0131; bu da tatil ve abonelik \u00fcr\u00fcn yelpazelerini geni\u015fletmek amac\u0131yla \u00e7e\u015fitli boyutlarda \u00f6zelle\u015ftirilmi\u015f versiyonlar i\u00e7in daha fazla sipari\u015f gelmesine yol a\u00e7t\u0131.<\/p>\n<h2>\u00d6zelle\u015ftirme Se\u00e7enekleriniz<\/h2>\n<ol>\n<li><strong>Geli\u015ftirilmi\u015f Kapak Malzemesi ve Yap\u0131s\u0131: <\/strong>Kapaklar\u0131m\u0131z, bambu, kay\u0131n ve me\u015fe gibi \u00e7e\u015fitli ah\u015fap se\u00e7eneklerini destekleyecek \u015fekilde yap\u0131sal olarak tasarlanm\u0131\u015ft\u0131r ve daha hava ge\u00e7irmez hale getirmek ve b\u00f6ylece daha fazla aroma hapsetmek i\u00e7in silikon s\u0131zd\u0131rmazl\u0131k halkas\u0131yla da g\u00fc\u00e7lendirilebilir.<\/li>\n<li><strong>Ki\u015fiselle\u015ftirilebilir Kupa G\u00f6vdesi Markalamas\u0131: <\/strong>Bardak g\u00f6vdesi serigrafi, s\u0131cak bask\u0131 (alt\u0131n veya g\u00fcm\u00fc\u015f) veya k\u0131smi p\u00fcsk\u00fcrtme y\u00f6ntemleriyle dekore edilebilir. Logo yerle\u015fimi ve boyutu, g\u00f6sterim ihtiya\u00e7lar\u0131na g\u00f6re olduk\u00e7a esnek bir \u015fekilde ayarlanabilir.<\/li>\n<li><strong>Uygun Ambalaj ve Kombinasyon Se\u00e7enekleri: <\/strong>\u00d6zel tasar\u0131ml\u0131 renkli bir kutuyu, \u00e7evre dostu bir i\u00e7 tepsi veya hediye kutusuyla birle\u015ftirmek m\u00fcmk\u00fcnd\u00fcr. Bu, marka perakendecili\u011fi veya tatil promosyonlar\u0131 i\u00e7in do\u011frudan kullan\u0131m kolayl\u0131\u011f\u0131 sa\u011flar.<\/li>\n<\/ol>","protected":false},"excerpt":{"rendered":"<p>\u00dcst\u00fcn kaliteli mum ambalaj\u0131 i\u00e7in tasarlanm\u0131\u015f buzlu mum kavanozlar\u0131. Kapakl\u0131 bu mum kaplar\u0131, do\u011frudan fabrika tedarikini ve se\u00e7ici toplu \u00f6zelle\u015ftirmeyi desteklemektedir.<\/p>","protected":false},"featured_media":5116,"template":"","meta":{"postBodyCss":"","postBodyMargin":[],"postBodyPadding":[],"postBodyBackground":{"backgroundType":"classic","gradient":""}},"product_brand":[],"product_cat":[15,82,17],"product_tag":[],"class_list":{"0":"post-5105","1":"product","2":"type-product","3":"status-publish","4":"has-post-thumbnail","6":"product_cat-glass-containers","7":"product_cat-candle-jars","8":"product_cat-glass-jars","10":"first","11":"instock","12":"shipping-taxable","13":"product-type-simple"},"jetpack_sharing_enabled":true,"_links":{"self":[{"href":"https:\/\/minghanggroup.com\/tr\/wp-json\/wp\/v2\/product\/5105","targetHints":{"allow":["GET"]}}],"collection":[{"href":"https:\/\/minghanggroup.com\/tr\/wp-json\/wp\/v2\/product"}],"about":[{"href":"https:\/\/minghanggroup.com\/tr\/wp-json\/wp\/v2\/types\/product"}],"wp:featuredmedia":[{"embeddable":true,"href":"https:\/\/minghanggroup.com\/tr\/wp-json\/wp\/v2\/media\/5116"}],"wp:attachment":[{"href":"https:\/\/minghanggroup.com\/tr\/wp-json\/wp\/v2\/media?parent=5105"}],"wp:term":[{"taxonomy":"product_brand","embeddable":true,"href":"https:\/\/minghanggroup.com\/tr\/wp-json\/wp\/v2\/product_brand?post=5105"},{"taxonomy":"product_cat","embeddable":true,"href":"https:\/\/minghanggroup.com\/tr\/wp-json\/wp\/v2\/product_cat?post=5105"},{"taxonomy":"product_tag","embeddable":true,"href":"https:\/\/minghanggroup.com\/tr\/wp-json\/wp\/v2\/product_tag?post=5105"}],"curies":[{"name":"wp","href":"https:\/\/api.w.org\/{rel}","templated":true}]}}