{"id":5077,"date":"2026-01-22T13:04:32","date_gmt":"2026-01-22T05:04:32","guid":{"rendered":"https:\/\/minghanggroup.com\/?post_type=product&#038;p=5077"},"modified":"2026-03-02T13:47:24","modified_gmt":"2026-03-02T05:47:24","slug":"colored-glass-candle-jars-with-cork-lids-wholesale","status":"publish","type":"product","link":"https:\/\/minghanggroup.com\/tr\/urun\/colored-glass-candle-jars-with-cork-lids-wholesale\/","title":{"rendered":"100 ml Renkli Cam Mum Kavanozlar\u0131, Mantar Kapakl\u0131, Toptan"},"content":{"rendered":"<p>Bunlar, k\u0131sa, tombul ve silindirik yap\u0131da, uzun \u00f6m\u00fcrl\u00fc cam mumluklard\u0131r ve \u015feffaf, orman ye\u015fili ve kehribar kahverengi olmak \u00fczere \u00fc\u00e7 geleneksel renkte mevcuttur. Her mumluk, do\u011fal ve s\u0131cak bir g\u00f6r\u00fcn\u00fcm veren do\u011fal mantar t\u0131pa ile donat\u0131lm\u0131\u015ft\u0131r.<\/p>\n<h2>\u00dcr\u00fcn \u00d6zellikleri<\/h2>\n<ul>\n<li><strong>Sekiz yaprakl\u0131 kavun \u015fekli:<\/strong> \u015ei\u015fenin sekiz yapra\u011f\u0131n\u0131 and\u0131ran k\u0131vr\u0131mlar\u0131, \u015fi\u015fenin g\u00f6r\u00fcn\u00fcm\u00fcne derinlik katarken, \u0131\u015f\u0131\u011f\u0131n k\u0131r\u0131lmas\u0131yla s\u0131cak ve sofistike bir his ve g\u00f6r\u00fcn\u00fcm olu\u015fturuyor.<\/li>\n<li><strong>Geni\u015f a\u011f\u0131zl\u0131 tasar\u0131m:<\/strong> Geni\u015f a\u011f\u0131zl\u0131 tasar\u0131m, doldurma i\u015flemini kolayla\u015ft\u0131rman\u0131n yan\u0131 s\u0131ra \u015fi\u015fenin daha a\u00e7\u0131k ve \u00e7ekici g\u00f6r\u00fcnmesini sa\u011flar.<\/li>\n<li><strong>120 ml Kapasite:<\/strong> 120 ml&#039;lik orta boy kapasitesi, \u00e7o\u011fu oturma odas\u0131 ve yatak odas\u0131n\u0131n diyaliz ihtiya\u00e7lar\u0131n\u0131 kar\u015f\u0131lamak i\u00e7in yeterlidir ve kal\u0131c\u0131 bir koku sunar.<\/li>\n<\/ul>\n<h2 style=\"text-align: left;\">Temel \u00d6zellikler<\/h2>\n<table class=\"aligncenter\" style=\"border-collapse: collapse; width: 489.77pt;\" border=\"0\" width=\"653\" cellspacing=\"0\" cellpadding=\"0\">\n<tbody>\n<tr style=\"height: 13.50pt;\">\n<td style=\"height: 13.50pt; width: 121.50pt;\" width=\"162\" height=\"18\">\u015eartname<\/td>\n<td style=\"width: 368.25pt;\" width=\"491\">Detaylar<\/td>\n<\/tr>\n<tr style=\"height: 13.50pt;\">\n<td style=\"height: 13.50pt;\" height=\"18\">Kapasite<\/td>\n<td>100 ml (T\u00fcm Renkler)<\/td>\n<\/tr>\n<tr style=\"height: 13.50pt;\">\n<td style=\"height: 13.50pt;\" height=\"18\">Boyutlar<\/td>\n<td>55\u00d764\u00d759 mm<\/td>\n<\/tr>\n<tr style=\"height: 13.50pt;\">\n<td style=\"height: 13.50pt;\" height=\"18\">Malzeme<\/td>\n<td>Dayan\u0131kl\u0131 Soda-Kire\u00e7 Cam\u0131, Do\u011fal Mantar<\/td>\n<\/tr>\n<tr style=\"height: 13.50pt;\">\n<td style=\"height: 13.50pt;\" height=\"18\">Kavanoz \u015eekli<\/td>\n<td>K\u0131sa, Geni\u015f Silindir<\/td>\n<\/tr>\n<tr style=\"height: 13.50pt;\">\n<td style=\"height: 13.50pt;\" height=\"18\">\u00d6zelle\u015ftirme Kapsam\u0131<\/td>\n<td>Cam Rengi, Mantar Kaplama, Kavanoz Oranlar\u0131, Kabartma, Buzlanma<\/td>\n<\/tr>\n<tr style=\"height: 13.50pt;\">\n<td style=\"height: 13.50pt;\" height=\"18\">\u0130\u015f\u00e7ilik<\/td>\n<td>Kal\u0131n Duvarl\u0131 Cam \u015eekillendirme, Hassas Mantar Montaj\u0131<\/td>\n<\/tr>\n<tr style=\"height: 13.50pt;\">\n<td style=\"height: 13.50pt;\" height=\"18\">\u00dcr\u00fcn Amac\u0131<\/td>\n<td>Kapl\u0131 Mumlar, Eczac\u0131 Kavanozlar\u0131<\/td>\n<\/tr>\n<tr style=\"height: 13.50pt;\">\n<td style=\"height: 13.50pt;\" height=\"18\">Uygun Sekt\u00f6rler<\/td>\n<td>El Yap\u0131m\u0131 Mumlar, Aromaterapi, Butik Ev Dekorasyonu<\/td>\n<\/tr>\n<\/tbody>\n<\/table>\n<h2>Ba\u015far\u0131 \u00d6yk\u00fcs\u00fc: \u0130skandinav Ev Dekorasyonu \u00c7ok Satan Serisi<\/h2>\n<p>120 ml&#039;lik cam dif\u00fcz\u00f6r \u015fi\u015femiz, \u0130skandinav ev dekorasyon markas\u0131n\u0131n temel ambalaj\u0131 haline geldi. Olumlu yorumlar\u0131n &#039;inde belirtilen organik estetik felsefeleri, organik kavun \u015feklindeki ambalajda m\u00fckemmel bir \u015fekilde yans\u0131t\u0131l\u0131yor. Sofistike g\u00f6r\u00fcn\u00fcm, sosyal medyada payla\u015f\u0131mlarda 0&#039;l\u00fck bir art\u0131\u015fa yol a\u00e7t\u0131. Marka olduk\u00e7a memnun kald\u0131 ve 500.000 \u015fi\u015feyi kal\u0131c\u0131 koleksiyonuna ve yeni sezonluk \u00fcr\u00fcn serilerine eklemek i\u00e7in tekrar sipari\u015f etti.<\/p>\n<h2>Cam Dif\u00fcz\u00f6r \u015ei\u015feleri Toptan \u00d6zelle\u015ftirme<\/h2>\n<ul>\n<li>Cam rengi ve tonu: \u015eeffaf, a\u00e7\u0131k gri, a\u00e7\u0131k ye\u015fil ve buzlu beyaz olmak \u00fczere d\u00f6rt renkte sunulacakt\u0131r.<\/li>\n<li>Ta\u00e7 yapra\u011f\u0131 varyasyonlar\u0131: Ta\u00e7 yapra\u011f\u0131 say\u0131s\u0131nda (\u00f6rne\u011fin alt\u0131 veya on) veya derinlik ve k\u0131vr\u0131mlar\u0131nda de\u011fi\u015fiklik olabilir.<\/li>\n<li>Kabartmal\u0131 cam s\u00fcslemeler: \u015ei\u015fenin i\u00e7 k\u0131sm\u0131na renkli camla kabartma i\u015flemi uygulan\u0131yor.<\/li>\n<li>Kabartmal\u0131 taban: \u015ei\u015fenin alt\u0131na k\u00fc\u00e7\u00fck, kabartmal\u0131 bir logo veya yaprak deseni yerle\u015ftirin.<\/li>\n<\/ul>","protected":false},"excerpt":{"rendered":"<p>Mum veya kuru \u00e7i\u00e7ek kar\u0131\u015f\u0131m\u0131 i\u00e7in m\u00fckemmel, y\u00fcksek kaliteli cam mum kavanozlar\u0131. Bu toptan mum kavanozlar\u0131n\u0131n her biri do\u011fal mantar t\u0131pa ile birlikte gelir. H\u0131zl\u0131 Kargo&#039;nun keyfini \u00e7\u0131kar\u0131n!<\/p>","protected":false},"featured_media":5088,"template":"","meta":{"postBodyCss":"","postBodyMargin":[],"postBodyPadding":[],"postBodyBackground":{"backgroundType":"classic","gradient":""}},"product_brand":[],"product_cat":[15,82,17],"product_tag":[94],"class_list":{"0":"post-5077","1":"product","2":"type-product","3":"status-publish","4":"has-post-thumbnail","6":"product_cat-glass-containers","7":"product_cat-candle-jars","8":"product_cat-glass-jars","9":"product_tag-glass-decoration-bottles","11":"first","12":"instock","13":"shipping-taxable","14":"product-type-simple"},"jetpack_sharing_enabled":true,"_links":{"self":[{"href":"https:\/\/minghanggroup.com\/tr\/wp-json\/wp\/v2\/product\/5077","targetHints":{"allow":["GET"]}}],"collection":[{"href":"https:\/\/minghanggroup.com\/tr\/wp-json\/wp\/v2\/product"}],"about":[{"href":"https:\/\/minghanggroup.com\/tr\/wp-json\/wp\/v2\/types\/product"}],"wp:featuredmedia":[{"embeddable":true,"href":"https:\/\/minghanggroup.com\/tr\/wp-json\/wp\/v2\/media\/5088"}],"wp:attachment":[{"href":"https:\/\/minghanggroup.com\/tr\/wp-json\/wp\/v2\/media?parent=5077"}],"wp:term":[{"taxonomy":"product_brand","embeddable":true,"href":"https:\/\/minghanggroup.com\/tr\/wp-json\/wp\/v2\/product_brand?post=5077"},{"taxonomy":"product_cat","embeddable":true,"href":"https:\/\/minghanggroup.com\/tr\/wp-json\/wp\/v2\/product_cat?post=5077"},{"taxonomy":"product_tag","embeddable":true,"href":"https:\/\/minghanggroup.com\/tr\/wp-json\/wp\/v2\/product_tag?post=5077"}],"curies":[{"name":"wp","href":"https:\/\/api.w.org\/{rel}","templated":true}]}}