{"id":5010,"date":"2026-01-21T14:51:15","date_gmt":"2026-01-21T06:51:15","guid":{"rendered":"https:\/\/minghanggroup.com\/?post_type=product&#038;p=5010"},"modified":"2026-01-21T15:28:37","modified_gmt":"2026-01-21T07:28:37","slug":"clear-diffuser-empty-glass-bottles-wholesale","status":"publish","type":"product","link":"https:\/\/minghanggroup.com\/tr\/urun\/clear-diffuser-empty-glass-bottles-wholesale\/","title":{"rendered":"120 ml \u015eeffaf Dif\u00fcz\u00f6r Bo\u015f Cam \u015ei\u015feler Toptan Sat\u0131\u015f"},"content":{"rendered":"<p>Bu dif\u00fcz\u00f6r ama\u00e7l\u0131 bo\u015f cam \u015fi\u015fe, \u00e7ok zarif bir sil\u00fcete sahip: sekiz yaprakl\u0131 bir kavun fig\u00fcr\u00fc. \u015ei\u015fenin g\u00f6vdesi, \u015fi\u015fenin dibi ile omuz k\u0131sm\u0131 aras\u0131nda uzanan sekiz p\u00fcr\u00fczs\u00fcz e\u011friden olu\u015farak \u00e7ok iyi \u015fekillendirilmi\u015f bir y\u00fczey ortaya koyuyor.<\/p>\n<h2>\u00dcr\u00fcn \u00d6zellikleri<\/h2>\n<ul>\n<li><strong>Sekiz yaprakl\u0131 kavun \u015fekli:<\/strong> \u015ei\u015fenin sekiz yapra\u011f\u0131n\u0131 and\u0131ran k\u0131vr\u0131mlar\u0131, \u015fi\u015fenin g\u00f6r\u00fcn\u00fcm\u00fcne derinlik katarken, \u0131\u015f\u0131\u011f\u0131n k\u0131r\u0131lmas\u0131yla s\u0131cak ve sofistike bir his ve g\u00f6r\u00fcn\u00fcm olu\u015fturuyor.<\/li>\n<li><strong>Geni\u015f a\u011f\u0131zl\u0131 tasar\u0131m:<\/strong> Geni\u015f a\u011f\u0131zl\u0131 tasar\u0131m, doldurma i\u015flemini kolayla\u015ft\u0131rman\u0131n yan\u0131 s\u0131ra \u015fi\u015fenin daha a\u00e7\u0131k ve \u00e7ekici g\u00f6r\u00fcnmesini sa\u011flar.<\/li>\n<li><strong>120 ml Kapasite:<\/strong> 120 ml&#039;lik orta boy kapasitesi, \u00e7o\u011fu oturma odas\u0131 ve yatak odas\u0131n\u0131n diyaliz ihtiya\u00e7lar\u0131n\u0131 kar\u015f\u0131lamak i\u00e7in yeterlidir ve kal\u0131c\u0131 bir koku sunar.<\/li>\n<\/ul>\n<h2 style=\"text-align: left;\">Temel \u00d6zellikler<\/h2>\n<table class=\"aligncenter\" style=\"border-collapse: collapse; width: 435.77pt;\" border=\"0\" width=\"581\" cellspacing=\"0\" cellpadding=\"0\">\n<tbody>\n<tr style=\"height: 13.50pt;\">\n<td style=\"height: 13.50pt; width: 116.25pt;\" width=\"155\" height=\"18\">\u015eartname<\/td>\n<td style=\"width: 319.50pt;\" width=\"426\">Detaylar<\/td>\n<\/tr>\n<tr style=\"height: 13.50pt;\">\n<td style=\"height: 13.50pt;\" height=\"18\">Kapasite<\/td>\n<td>120 ml<\/td>\n<\/tr>\n<tr style=\"height: 13.50pt;\">\n<td style=\"height: 13.50pt;\" height=\"18\">Boyutlar<\/td>\n<td>67\u00d7101 mm<\/td>\n<\/tr>\n<tr style=\"height: 13.50pt;\">\n<td style=\"height: 13.50pt;\" height=\"18\">\u0130\u00e7\/D\u0131\u015f Boyun \u00c7ap\u0131<\/td>\n<td>18 mm \/ 38 mm<\/td>\n<\/tr>\n<tr style=\"height: 13.50pt;\">\n<td style=\"height: 13.50pt;\" height=\"18\">Malzeme<\/td>\n<td>Soda-Kire\u00e7 Cam\u0131<\/td>\n<\/tr>\n<tr style=\"height: 13.50pt;\">\n<td style=\"height: 13.50pt;\" height=\"18\">\u015ei\u015fe \u015eekli<\/td>\n<td>Sekiz Loblu Kavun Kaburgas\u0131<\/td>\n<\/tr>\n<tr style=\"height: 13.50pt;\">\n<td style=\"height: 13.50pt;\" height=\"18\">\u00d6zelle\u015ftirme Kapsam\u0131<\/td>\n<td>Renk, Boyut, \u015eekil, Y\u00fczey Dokusu<\/td>\n<\/tr>\n<tr style=\"height: 13.50pt;\">\n<td style=\"height: 13.50pt;\" height=\"18\">\u0130\u015f\u00e7ilik<\/td>\n<td>\u00c7ok Loblu Cam Kal\u0131plama, Geni\u015fletilmi\u015f A\u011f\u0131zl\u0131 \u015eekillendirme<\/td>\n<\/tr>\n<tr style=\"height: 13.50pt;\">\n<td style=\"height: 13.50pt;\" height=\"18\">\u00dcr\u00fcn Amac\u0131<\/td>\n<td>Cam Dif\u00fcz\u00f6r \u015ei\u015feleri Toptan Sat\u0131\u015f\u0131, Kokulu Ya\u011f Kaplar\u0131<\/td>\n<\/tr>\n<tr style=\"height: 13.50pt;\">\n<td style=\"height: 13.50pt;\" height=\"18\">Uygun Sekt\u00f6rler<\/td>\n<td>Minimalist Ev E\u015fyalar\u0131 Markalar\u0131, Butik Perakende<\/td>\n<\/tr>\n<\/tbody>\n<\/table>\n<h2>Ba\u015far\u0131 \u00d6yk\u00fcs\u00fc: \u0130skandinav Ev Dekorasyonu \u00c7ok Satan Serisi<\/h2>\n<p>120 ml&#039;lik cam dif\u00fcz\u00f6r \u015fi\u015femiz, \u0130skandinav ev dekorasyon markas\u0131n\u0131n temel ambalaj\u0131 haline geldi. Olumlu yorumlar\u0131n &#039;inde belirtilen organik estetik felsefeleri, organik kavun \u015feklindeki ambalajda m\u00fckemmel bir \u015fekilde yans\u0131t\u0131l\u0131yor. Sofistike g\u00f6r\u00fcn\u00fcm, sosyal medyada payla\u015f\u0131mlarda 0&#039;l\u00fck bir art\u0131\u015fa yol a\u00e7t\u0131. Marka olduk\u00e7a memnun kald\u0131 ve 500.000 \u015fi\u015feyi kal\u0131c\u0131 koleksiyonuna ve yeni sezonluk \u00fcr\u00fcn serilerine eklemek i\u00e7in tekrar sipari\u015f etti.<\/p>\n<h2>Cam Dif\u00fcz\u00f6r \u015ei\u015feleri Toptan \u00d6zelle\u015ftirme<\/h2>\n<ul>\n<li>Cam rengi ve tonu: \u015eeffaf, a\u00e7\u0131k gri, a\u00e7\u0131k ye\u015fil ve buzlu beyaz olmak \u00fczere d\u00f6rt renkte sunulacakt\u0131r.<\/li>\n<li>Ta\u00e7 yapra\u011f\u0131 varyasyonlar\u0131: Ta\u00e7 yapra\u011f\u0131 say\u0131s\u0131nda (\u00f6rne\u011fin alt\u0131 veya on) veya derinlik ve k\u0131vr\u0131mlar\u0131nda de\u011fi\u015fiklik olabilir.<\/li>\n<li>Kabartmal\u0131 cam s\u00fcslemeler: \u015ei\u015fenin i\u00e7 k\u0131sm\u0131na renkli camla kabartma i\u015flemi uygulan\u0131yor.<\/li>\n<li>Kabartmal\u0131 taban: \u015ei\u015fenin alt\u0131na k\u00fc\u00e7\u00fck, kabartmal\u0131 bir logo veya yaprak deseni yerle\u015ftirin.<\/li>\n<\/ul>","protected":false},"excerpt":{"rendered":"<p>Zarif kavisli nerv\u00fcrlere sahip \u015feffaf bo\u015f cam dif\u00fcz\u00f6r \u015fi\u015fesi, aromaterapi te\u015fhirleri i\u00e7in idealdir, dayan\u0131kl\u0131 cam dif\u00fcz\u00f6r \u015fi\u015felerinin toptan tedari\u011fi. Fabrikadan do\u011frudan sat\u0131\u015f.<\/p>","protected":false},"featured_media":5019,"template":"","meta":{"postBodyCss":"","postBodyMargin":[],"postBodyPadding":[],"postBodyBackground":{"backgroundType":"classic","gradient":""}},"product_brand":[],"product_cat":[15,16,63],"product_tag":[],"class_list":{"0":"post-5010","1":"product","2":"type-product","3":"status-publish","4":"has-post-thumbnail","6":"product_cat-glass-containers","7":"product_cat-glass-bottles","8":"product_cat-reed-diffuser-bottles","10":"first","11":"instock","12":"shipping-taxable","13":"product-type-simple"},"jetpack_sharing_enabled":true,"_links":{"self":[{"href":"https:\/\/minghanggroup.com\/tr\/wp-json\/wp\/v2\/product\/5010","targetHints":{"allow":["GET"]}}],"collection":[{"href":"https:\/\/minghanggroup.com\/tr\/wp-json\/wp\/v2\/product"}],"about":[{"href":"https:\/\/minghanggroup.com\/tr\/wp-json\/wp\/v2\/types\/product"}],"wp:featuredmedia":[{"embeddable":true,"href":"https:\/\/minghanggroup.com\/tr\/wp-json\/wp\/v2\/media\/5019"}],"wp:attachment":[{"href":"https:\/\/minghanggroup.com\/tr\/wp-json\/wp\/v2\/media?parent=5010"}],"wp:term":[{"taxonomy":"product_brand","embeddable":true,"href":"https:\/\/minghanggroup.com\/tr\/wp-json\/wp\/v2\/product_brand?post=5010"},{"taxonomy":"product_cat","embeddable":true,"href":"https:\/\/minghanggroup.com\/tr\/wp-json\/wp\/v2\/product_cat?post=5010"},{"taxonomy":"product_tag","embeddable":true,"href":"https:\/\/minghanggroup.com\/tr\/wp-json\/wp\/v2\/product_tag?post=5010"}],"curies":[{"name":"wp","href":"https:\/\/api.w.org\/{rel}","templated":true}]}}