{"id":4980,"date":"2026-01-21T12:00:07","date_gmt":"2026-01-21T04:00:07","guid":{"rendered":"https:\/\/minghanggroup.com\/?post_type=product&#038;p=4980"},"modified":"2026-01-21T13:54:11","modified_gmt":"2026-01-21T05:54:11","slug":"100ml-reed-diffuser-jars-with-faceted-bulk","status":"publish","type":"product","link":"https:\/\/minghanggroup.com\/tr\/urun\/100ml-reed-diffuser-jars-with-faceted-bulk\/","title":{"rendered":"50 ml ve 100 ml&#039;lik \u00c7ok Y\u00fczl\u00fc Kam\u0131\u015fl\u0131 Oda Kokusu Kavanozlar\u0131 (Toptan Sat\u0131\u015f)"},"content":{"rendered":"<p>Bu kam\u0131\u015fl\u0131 oda kokusu kavanozu, muhte\u015fem derecede p\u00fcr\u00fczs\u00fcz elmas kesim tasar\u0131m\u0131na sahip silindirik bir \u015fekle sahiptir. Standart vidal\u0131 boyun k\u0131sm\u0131 m\u00fckemmel bir s\u0131zd\u0131rmazl\u0131k sa\u011flar.<\/p>\n<h2>\u00dcr\u00fcn \u00d6zellikleri<\/h2>\n<ul>\n<li><strong>Tam Kapsaml\u0131 Elmas Kesim Desen:<\/strong> K\u00fc\u00e7\u00fck, p\u00fcr\u00fczs\u00fcz elmas kesim deseni \u0131\u015f\u0131lt\u0131l\u0131 bir g\u00f6r\u00fcn\u00fcm veriyor ve milyoner havas\u0131 yarat\u0131yor.<\/li>\n<li><strong>Hassas Di\u015fli Conta:<\/strong> Normal vidal\u0131 boyun tasar\u0131m\u0131, \u015fi\u015fenin boynunuza \u00e7ok s\u0131k\u0131 oturmas\u0131n\u0131 sa\u011flar ve s\u0131z\u0131nt\u0131y\u0131 \u00f6nlemeye yard\u0131mc\u0131 olurken ayn\u0131 zamanda parf\u00fcm\u00fcn\u00fcz\u00fc sergilemenizi de sa\u011flar.<\/li>\n<li><strong>\u0130ki Uygulama Boyutu:<\/strong> 50 ml&#039;lik olan\u0131 masa\u00fcst\u00fcnde sergilenebilir ve hediye olarak kullan\u0131labilir; 100 ml&#039;lik olan\u0131 ise evde kullan\u0131labilir.<\/li>\n<\/ul>\n<h2 style=\"text-align: left;\">Temel \u00d6zellikler<\/h2>\n<table class=\"aligncenter\" style=\"border-collapse: collapse; width: 447.02pt;\" border=\"0\" width=\"596\" cellspacing=\"0\" cellpadding=\"0\">\n<tbody>\n<tr style=\"height: 13.50pt;\">\n<td style=\"height: 13.50pt; width: 116.25pt;\" width=\"155\" height=\"18\">\u015eartname<\/td>\n<td style=\"width: 330.75pt;\" width=\"441\">Detaylar<\/td>\n<\/tr>\n<tr style=\"height: 13.50pt;\">\n<td style=\"height: 13.50pt;\" height=\"18\">Kapasite<\/td>\n<td>50 ml \/ 100 ml<\/td>\n<\/tr>\n<tr style=\"height: 13.50pt;\">\n<td style=\"height: 13.50pt;\" height=\"18\">Boyutlar<\/td>\n<td>62\u00d749\u00d772 mm \/ 77\u00d761\u00d785 mm<\/td>\n<\/tr>\n<tr style=\"height: 13.50pt;\">\n<td style=\"height: 13.50pt;\" height=\"18\">\u0130\u00e7\/D\u0131\u015f Boyun \u00c7ap\u0131<\/td>\n<td>17 mm \/ 27 mm (Her ikisi de)<\/td>\n<\/tr>\n<tr style=\"height: 13.50pt;\">\n<td style=\"height: 13.50pt;\" height=\"18\">Malzeme<\/td>\n<td>Soda-Kire\u00e7 Cam\u0131<\/td>\n<\/tr>\n<tr style=\"height: 13.50pt;\">\n<td style=\"height: 13.50pt;\" height=\"18\">\u015ei\u015fe \u015eekli<\/td>\n<td>\u00c7ok Y\u00fczl\u00fc Silindir<\/td>\n<\/tr>\n<tr style=\"height: 13.50pt;\">\n<td style=\"height: 13.50pt;\" height=\"18\">\u00d6zelle\u015ftirme Kapsam\u0131<\/td>\n<td>Renk, Boyut, Krema, Yald\u0131zlama<\/td>\n<\/tr>\n<tr style=\"height: 13.50pt;\">\n<td style=\"height: 13.50pt;\" height=\"18\">\u0130\u015f\u00e7ilik<\/td>\n<td>Hassas Cam Presleme, Di\u015f A\u00e7ma<\/td>\n<\/tr>\n<tr style=\"height: 13.50pt;\">\n<td style=\"height: 13.50pt;\" height=\"18\">\u00dcr\u00fcn Amac\u0131<\/td>\n<td>Modern Kam\u0131\u015fl\u0131 Oda Kokusu Kavanozlar\u0131, Premium Kokulu Ya\u011f \u015ei\u015feleri<\/td>\n<\/tr>\n<tr style=\"height: 13.50pt;\">\n<td style=\"height: 13.50pt;\" height=\"18\">Uygun Sekt\u00f6rler<\/td>\n<td>Modern Ev Kokular\u0131, L\u00fcks Otelcilik<\/td>\n<\/tr>\n<\/tbody>\n<\/table>\n<h2>Vaka \u00c7al\u0131\u015fmas\u0131<\/h2>\n<p>100 ml&#039;lik kam\u0131\u015fl\u0131 oda kokusu \u015fi\u015felerimiz, Kuzey Amerika&#039;daki \u00fcst d\u00fczey bir otel grubu taraf\u0131ndan yeni \u00f6zel kokular\u0131nda kullan\u0131lmak \u00fczere sipari\u015f edildi. Elmas kesim tasar\u0131m\u0131 konuklar aras\u0131nda pop\u00fcler olsa da, oda i\u00e7i \u00fcr\u00fcn sat\u0131\u015flar\u0131n\u0131n &#039;\u0131 \u00fcr\u00fcn\u00fc evlerinde de kullanmak isteyenler taraf\u0131ndan ger\u00e7ekle\u015ftirildi. A\u011f\u0131r ve g\u00f6ze \u00e7arpmayan \u015fi\u015fe \u015fekli, devrilme kazalar\u0131n\u0131 tamamen ortadan kald\u0131r\u0131yor. \u0130\u00e7 boyun k\u0131sm\u0131 standart 17 mm olup, evrensel bir a\u011f\u0131zl\u0131k ile kolayca kullan\u0131labilir. Otel \u00e7ok memnun kald\u0131 ve bu nedenle \u00f6n\u00fcm\u00fczdeki \u00fc\u00e7 y\u0131l i\u00e7inde t\u00fcm s\u00fcitlerde kullan\u0131lmak \u00fczere 450.000 \u015fi\u015felik bir sipari\u015f daha verdi.<\/p>\n<h2>Kam\u0131\u015fl\u0131 Dif\u00fcz\u00f6r Kavanozlar\u0131n\u0131n Ki\u015fiselle\u015ftirilmesi<\/h2>\n<ul>\n<li>Cam Rengi ve \u015eeffafl\u0131\u011f\u0131: G\u00f6z al\u0131c\u0131 bir g\u00f6r\u00fcn\u00fcm i\u00e7in \u015feffaf, a\u00e7\u0131k gri, siyah veya kehribar renk se\u00e7enekleri mevcuttur.<\/li>\n<li>Kesim Deseninde De\u011fi\u015fiklik: Elmas kesim deseninin derinli\u011fi, geometrisi veya boyutu de\u011fi\u015ftirilebilir.<\/li>\n<li>Buzlu Kaplama: L\u00fcks bir mat g\u00f6r\u00fcn\u00fcm elde etmek i\u00e7in parlakl\u0131\u011f\u0131 mat veya hafif buzlu bir kaplama ile azalt\u0131n.<\/li>\n<li>Lazerle Kaz\u0131ma: Se\u00e7ili kesim y\u00fczeylerine k\u00fc\u00e7\u00fck bir marka ad\u0131 veya tasar\u0131m kaz\u0131ma i\u015flemi.<\/li>\n<\/ul>","protected":false},"excerpt":{"rendered":"<p>Elmas kesimli cam dokusuna ve vidal\u0131 boyuna sahip kam\u0131\u015fl\u0131 oda kokusu \u015fi\u015fesi, masa\u00fcst\u00fc aromaterapi i\u00e7in idealdir, l\u00fcks dekorasyon i\u00e7in 100 ml kam\u0131\u015fl\u0131 oda kokusu \u015fi\u015fesi. H\u0131zl\u0131 kargo.<\/p>","protected":false},"featured_media":5004,"template":"","meta":{"postBodyCss":"","postBodyMargin":[],"postBodyPadding":[],"postBodyBackground":{"backgroundType":"classic","gradient":""}},"product_brand":[],"product_cat":[15,16,63],"product_tag":[],"class_list":{"0":"post-4980","1":"product","2":"type-product","3":"status-publish","4":"has-post-thumbnail","6":"product_cat-glass-containers","7":"product_cat-glass-bottles","8":"product_cat-reed-diffuser-bottles","10":"first","11":"instock","12":"shipping-taxable","13":"product-type-simple"},"jetpack_sharing_enabled":true,"_links":{"self":[{"href":"https:\/\/minghanggroup.com\/tr\/wp-json\/wp\/v2\/product\/4980","targetHints":{"allow":["GET"]}}],"collection":[{"href":"https:\/\/minghanggroup.com\/tr\/wp-json\/wp\/v2\/product"}],"about":[{"href":"https:\/\/minghanggroup.com\/tr\/wp-json\/wp\/v2\/types\/product"}],"wp:featuredmedia":[{"embeddable":true,"href":"https:\/\/minghanggroup.com\/tr\/wp-json\/wp\/v2\/media\/5004"}],"wp:attachment":[{"href":"https:\/\/minghanggroup.com\/tr\/wp-json\/wp\/v2\/media?parent=4980"}],"wp:term":[{"taxonomy":"product_brand","embeddable":true,"href":"https:\/\/minghanggroup.com\/tr\/wp-json\/wp\/v2\/product_brand?post=4980"},{"taxonomy":"product_cat","embeddable":true,"href":"https:\/\/minghanggroup.com\/tr\/wp-json\/wp\/v2\/product_cat?post=4980"},{"taxonomy":"product_tag","embeddable":true,"href":"https:\/\/minghanggroup.com\/tr\/wp-json\/wp\/v2\/product_tag?post=4980"}],"curies":[{"name":"wp","href":"https:\/\/api.w.org\/{rel}","templated":true}]}}