{"id":4951,"date":"2026-01-21T10:59:00","date_gmt":"2026-01-21T02:59:00","guid":{"rendered":"https:\/\/minghanggroup.com\/?post_type=product&#038;p=4951"},"modified":"2026-01-30T09:35:12","modified_gmt":"2026-01-30T01:35:12","slug":"empty-fancy-diffuser-bottles-with-vintage-carved-bulk","status":"publish","type":"product","link":"https:\/\/minghanggroup.com\/tr\/urun\/empty-fancy-diffuser-bottles-with-vintage-carved-bulk\/","title":{"rendered":"200 ml&#039;lik Bo\u015f, \u015e\u0131k, Vintage Oymal\u0131 Dif\u00fcz\u00f6r \u015ei\u015feleri (Toptan Sat\u0131\u015f)"},"content":{"rendered":"<p>Bu bo\u015f, \u015f\u0131k dif\u00fcz\u00f6r \u015fi\u015feleri silindirik bir \u015fekle sahiptir. \u015eeffaf cam kap, y\u00fczeyinde dekoratif dikey oluklara sahip olup, alt taraf\u0131 da \u00e7ekici desenlerle i\u015flenmi\u015ftir. \u00c7oklu vidal\u0131 boyun tasar\u0131m\u0131 hem kullan\u0131\u015fl\u0131 hem de g\u00fczeldir.<\/p>\n<h2>\u00dcr\u00fcn \u00d6zellikleri<\/h2>\n<ul>\n<li><strong>Dikey Nerv\u00fcrl\u00fc G\u00f6vde:<\/strong> \u00c7ok say\u0131da dikey nerv\u00fcr, \u0131\u015f\u0131k k\u0131r\u0131lmas\u0131 yoluyla ince bir g\u00f6rsel derinlik yarat\u0131rken ayn\u0131 zamanda tutu\u015fu da art\u0131r\u0131r.<\/li>\n<li><strong>\u00c7ok katmanl\u0131 vidal\u0131 kapak:<\/strong> \u00c7ok katmanl\u0131 vidal\u0131 kapak tasar\u0131m\u0131, s\u0131z\u0131nt\u0131lar\u0131 \u00f6nlemek i\u00e7in s\u0131k\u0131 bir s\u0131zd\u0131rmazl\u0131k sa\u011flarken, doldurmay\u0131 da kolayla\u015ft\u0131rarak pratiklik ve hava ge\u00e7irmezlik aras\u0131nda bir denge kurar.<\/li>\n<li><strong>120 ml B\u00fcy\u00fck Kapasite: <\/strong>C\u00f6mert 120 ml&#039;lik boyutu, orta ve b\u00fcy\u00fck boyutlu odalarda daha uzun s\u00fcre kesintisiz koku sal\u0131n\u0131m\u0131 sa\u011flar.<\/li>\n<\/ul>\n<h2 style=\"text-align: left;\">Temel \u00d6zellikler<\/h2>\n<table class=\"aligncenter\" style=\"border-collapse: collapse; width: 483.02pt;\" border=\"0\" width=\"644\" cellspacing=\"0\" cellpadding=\"0\">\n<tbody>\n<tr style=\"height: 13.50pt;\">\n<td style=\"height: 13.50pt; width: 116.25pt;\" width=\"155\" height=\"18\">\u015eartname<\/td>\n<td style=\"width: 366.75pt;\" width=\"489\">Detaylar<\/td>\n<\/tr>\n<tr style=\"height: 13.50pt;\">\n<td style=\"height: 13.50pt;\" height=\"18\">Kapasite<\/td>\n<td>200 ml<\/td>\n<\/tr>\n<tr style=\"height: 13.50pt;\">\n<td style=\"height: 13.50pt;\" height=\"18\">Boyutlar<\/td>\n<td>63\u00d7125 mm<\/td>\n<\/tr>\n<tr style=\"height: 13.50pt;\">\n<td style=\"height: 13.50pt;\" height=\"18\">\u0130\u00e7\/D\u0131\u015f Boyun \u00c7ap\u0131<\/td>\n<td>19 mm \/ 30 mm<\/td>\n<\/tr>\n<tr style=\"height: 13.50pt;\">\n<td style=\"height: 13.50pt;\" height=\"18\">Malzeme<\/td>\n<td>Y\u00fcksek Kaliteli Soda-Kire\u00e7 Cam\u0131<\/td>\n<\/tr>\n<tr style=\"height: 13.50pt;\">\n<td style=\"height: 13.50pt;\" height=\"18\">\u015ei\u015fe \u015eekli<\/td>\n<td>Karma\u015f\u0131k Y\u00fczey Grav\u00fcrl\u00fc Uzun Silindir<\/td>\n<\/tr>\n<tr style=\"height: 13.50pt;\">\n<td style=\"height: 13.50pt;\" height=\"18\">\u00d6zelle\u015ftirme Kapsam\u0131<\/td>\n<td>Renk, Grav\u00fcr Deseni, Boyut, Kapaklar<\/td>\n<\/tr>\n<tr style=\"height: 13.50pt;\">\n<td style=\"height: 13.50pt;\" height=\"18\">\u0130\u015f\u00e7ilik \u00d6zelli\u011fi<\/td>\n<td>Hassas Karma\u015f\u0131k Cam Presleme ve Grav\u00fcr<\/td>\n<\/tr>\n<tr style=\"height: 13.50pt;\">\n<td style=\"height: 13.50pt;\" height=\"18\">\u00dcr\u00fcn Amac\u0131<\/td>\n<td>L\u00fcks Dif\u00fcz\u00f6r Bo\u015f \u015ei\u015feleri, Dekoratif Kokulu Ya\u011f Kaplar\u0131<\/td>\n<\/tr>\n<tr style=\"height: 13.50pt;\">\n<td style=\"height: 13.50pt;\" height=\"18\">Uygun Sekt\u00f6rler<\/td>\n<td>L\u00fcks Ev Kokular\u0131, \u00dcst D\u00fczey Oteller<\/td>\n<\/tr>\n<\/tbody>\n<\/table>\n<h2>Ba\u015far\u0131 \u00d6yk\u00fcs\u00fc: Butik Otel Zincirinin Ayr\u0131cal\u0131kl\u0131 Olanaklar\u0131<\/h2>\n<p>120 ml&#039;lik \u015f\u0131k dif\u00fcz\u00f6r \u015fi\u015felerimiz, Amerika Birle\u015fik Devletleri&#039;ndeki l\u00fcks bir butik otel taraf\u0131ndan sipari\u015f edildi ve alt\u0131n kaplama tabanl\u0131, yumu\u015fak kehribar renginde tasarland\u0131. 120 ml&#039;lik kapasitesi sayesinde her 3 ayda bir sadece 1 kez doldurulmas\u0131 yeterli olacak ve b\u00f6ylece i\u015fletme maliyetlerinde tasarruf sa\u011flanacak. Ayr\u0131ca, g\u00fc\u00e7l\u00fc ve \u00fcst d\u00fczey g\u00f6r\u00fcn\u00fcm\u00fc nedeniyle perakende fiyat\u0131 da yar\u0131 yar\u0131ya artt\u0131. Otel, misafirlerinden gelen geri bildirimlerden ve \u00fcr\u00fcn performans\u0131ndan son derece memnun kald\u0131 ve bu nedenle \u00f6n\u00fcm\u00fczdeki be\u015f y\u0131l i\u00e7inde t\u00fcm otellerine hizmet vermek \u00fczere 400.000 \u015fi\u015fe daha sipari\u015f etti.<\/p>\n<h2>Dif\u00fcz\u00f6r Bo\u015f \u015ei\u015feleri i\u00e7in \u00d6zelle\u015ftirme Se\u00e7enekleri<\/h2>\n<ul>\n<li>Cam Rengi ve \u015eeffafl\u0131\u011f\u0131: \u015eeffaf, f\u00fcme, kehribar veya opak beyaz cam se\u00e7enekleri mevcuttur.<\/li>\n<li>\u015ei\u015fe Tasar\u0131m\u0131: Dikey oluklar\u0131n geni\u015fli\u011fi, derinli\u011fi veya deseni se\u00e7ilebilir.<\/li>\n<li>Ki\u015fiye \u00d6zel Alt K\u0131s\u0131m Grav\u00fcr\u00fc: \u00d6zel bir dekoratif \u015ferit ekleyin veya logoyu alt k\u0131s\u0131m tasar\u0131m\u0131yla birle\u015ftirin.<\/li>\n<li>Vitray G\u00f6r\u00fcn\u00fcml\u00fc Detaylar: Bu, \u015feffaf cama vitray bir zemin uygulanan iki renkli bir tekniktir.<\/li>\n<\/ul>","protected":false},"excerpt":{"rendered":"<p>Oyma soda-kire\u00e7 cam\u0131ndan yap\u0131lm\u0131\u015f, vintage detaylara sahip \u015f\u0131k dif\u00fcz\u00f6r \u015fi\u015feleri, aroma ya\u011flar\u0131 i\u00e7in m\u00fckemmel, i\u00e7 mekanlar i\u00e7in dekoratif bo\u015f dif\u00fcz\u00f6r \u015fi\u015fesi. \u00dccretsiz numuneler.<\/p>","protected":false},"featured_media":4972,"template":"","meta":{"postBodyCss":"","postBodyMargin":[],"postBodyPadding":[],"postBodyBackground":{"backgroundType":"classic","gradient":""}},"product_brand":[],"product_cat":[15,16,63],"product_tag":[],"class_list":{"0":"post-4951","1":"product","2":"type-product","3":"status-publish","4":"has-post-thumbnail","6":"product_cat-glass-containers","7":"product_cat-glass-bottles","8":"product_cat-reed-diffuser-bottles","10":"first","11":"instock","12":"shipping-taxable","13":"product-type-simple"},"jetpack_sharing_enabled":true,"_links":{"self":[{"href":"https:\/\/minghanggroup.com\/tr\/wp-json\/wp\/v2\/product\/4951","targetHints":{"allow":["GET"]}}],"collection":[{"href":"https:\/\/minghanggroup.com\/tr\/wp-json\/wp\/v2\/product"}],"about":[{"href":"https:\/\/minghanggroup.com\/tr\/wp-json\/wp\/v2\/types\/product"}],"wp:featuredmedia":[{"embeddable":true,"href":"https:\/\/minghanggroup.com\/tr\/wp-json\/wp\/v2\/media\/4972"}],"wp:attachment":[{"href":"https:\/\/minghanggroup.com\/tr\/wp-json\/wp\/v2\/media?parent=4951"}],"wp:term":[{"taxonomy":"product_brand","embeddable":true,"href":"https:\/\/minghanggroup.com\/tr\/wp-json\/wp\/v2\/product_brand?post=4951"},{"taxonomy":"product_cat","embeddable":true,"href":"https:\/\/minghanggroup.com\/tr\/wp-json\/wp\/v2\/product_cat?post=4951"},{"taxonomy":"product_tag","embeddable":true,"href":"https:\/\/minghanggroup.com\/tr\/wp-json\/wp\/v2\/product_tag?post=4951"}],"curies":[{"name":"wp","href":"https:\/\/api.w.org\/{rel}","templated":true}]}}