{"id":4950,"date":"2026-01-21T13:27:45","date_gmt":"2026-01-21T05:27:45","guid":{"rendered":"https:\/\/minghanggroup.com\/?post_type=product&#038;p=4950"},"modified":"2026-01-21T13:27:47","modified_gmt":"2026-01-21T05:27:47","slug":"unusual-reed-diffuser-bottles-with-embossed-design-wholesale","status":"publish","type":"product","link":"https:\/\/minghanggroup.com\/tr\/urun\/unusual-reed-diffuser-bottles-with-embossed-design-wholesale\/","title":{"rendered":"120ml 250ml Kabartmal\u0131 Tasar\u0131ml\u0131 S\u0131rad\u0131\u015f\u0131 Kam\u0131\u015fl\u0131 Oda Kokusu \u015ei\u015feleri Toptan Sat\u0131\u015f"},"content":{"rendered":"<p>Al\u0131\u015f\u0131lmad\u0131k kam\u0131\u015fl\u0131 dif\u00fcz\u00f6r \u015fi\u015feleriniz sadece koku tutmakla kalmamal\u0131, ayn\u0131 zamanda kahve masan\u0131z\u0131n \u00fczerinde s\u0131v\u0131 bir sanat eseri gibi \u0131\u015f\u0131\u011f\u0131n dans etmesini sa\u011flamal\u0131d\u0131r. Cam kam\u0131\u015fl\u0131 dif\u00fcz\u00f6r \u015fi\u015feleri toptanc\u0131s\u0131 olarak, u\u00e7ucu ya\u011f dif\u00fcz\u00f6r\u00fcn\u00fcz\u00fc odan\u0131n sessiz bir sohbet ba\u015flat\u0131c\u0131s\u0131na d\u00f6n\u00fc\u015ft\u00fcren l\u00fcks dif\u00fcz\u00f6rler \u00fcretiyoruz.<\/p>\n<h2>\u00dcr\u00fcn \u00d6zellikleri<\/h2>\n<ul>\n<li><strong>Kabartmal\u0131 Sanat Cam\u0131 Tasar\u0131m\u0131:<\/strong> \u015ei\u015fe, g\u00f6zle bak\u0131ld\u0131\u011f\u0131nda \u00e7ok say\u0131da derin katman olu\u015fturan 3 boyutlu kabartmal\u0131 cam doku desenine sahiptir ve bu nedenle \u015fi\u015fe, di\u011fer benzer toptan cam kam\u0131\u015fl\u0131 dif\u00fcz\u00f6r \u015fi\u015feleri aras\u0131nda olduk\u00e7a dikkat \u00e7ekicidir.<\/li>\n<li><strong>Simetrik D\u00fczensiz Sil\u00fcet:<\/strong> Ayna y\u00fczeyli, d\u00fczensiz sil\u00fcet \u015fekli, al\u0131\u015f\u0131lagelmi\u015f yuvarlak veya kare \u015fekilli dif\u00fcz\u00f6r \u015fi\u015felerinin kal\u0131b\u0131n\u0131 k\u0131r\u0131yor; bu nedenle, bu sanatsal unsur hem l\u00fcks ev dekorasyonu hem de hediye \u00fcr\u00fcnleri serileriyle uyumlu.<\/li>\n<li><strong>Sa\u011flam ve Kal\u0131nla\u015ft\u0131r\u0131lm\u0131\u015f \u015ei\u015fe Taban Yap\u0131s\u0131: <\/strong>Kal\u0131nla\u015ft\u0131r\u0131lm\u0131\u015f taban tasar\u0131m\u0131, \u015fi\u015fenin genel dengesini art\u0131rmakla kalmaz, ayn\u0131 zamanda devrilme riskini de azalt\u0131r; bu nedenle perakende ve otel ortamlar\u0131 i\u00e7in uygundur.<\/li>\n<\/ul>\n<h2>Temel \u00d6zellikler<\/h2>\n<table style=\"border-collapse: collapse; width: 80%; margin-left: auto; margin-right: auto;\" border=\"0\" width=\"288\" cellspacing=\"0\" cellpadding=\"0\">\n<tbody>\n<tr style=\"height: 13.50pt;\">\n<td style=\"height: 13.5pt; width: 54pt; text-align: center;\" width=\"72\" height=\"18\">Boyut (ml)<\/td>\n<td style=\"width: 54pt; text-align: center;\" width=\"72\">\u00d6l\u00e7\u00fcler (mm)<\/td>\n<td style=\"width: 54pt; text-align: center;\" width=\"72\">Boyun Tipi<\/td>\n<td style=\"width: 54pt; text-align: center;\" width=\"72\">\u00d6zellik<\/td>\n<\/tr>\n<tr style=\"height: 13.50pt;\">\n<td style=\"height: 13.5pt; text-align: center;\" align=\"right\" height=\"18\">120<\/td>\n<td style=\"text-align: center;\">114 \u00d7 100<\/td>\n<td class=\"et2\" style=\"text-align: center;\" rowspan=\"2\">Vidal\u0131 kapak<\/td>\n<td class=\"et2\" style=\"text-align: center;\" rowspan=\"2\">Kabartmal\u0131 doku<\/td>\n<\/tr>\n<tr style=\"height: 13.50pt;\">\n<td style=\"height: 13.5pt; text-align: center;\" align=\"right\" height=\"18\">250<\/td>\n<td style=\"text-align: center;\">139 \u00d7 117<\/td>\n<\/tr>\n<\/tbody>\n<\/table>\n<h2>Ba\u015far\u0131 \u00d6rne\u011fi<\/h2>\n<p>Avrupa merkezli bir parf\u00fcm markas\u0131, y\u0131ll\u0131k ev parf\u00fcm\u00fc koleksiyonunun ana ambalaj\u0131 olarak benzersiz kam\u0131\u015fl\u0131 oda kokusu \u015fi\u015felerini tercih etti. Onlara toptan cam kam\u0131\u015fl\u0131 oda kokusu \u015fi\u015fesi \u00e7\u00f6z\u00fcm\u00fc sa\u011flad\u0131k ve alt k\u0131sm\u0131na ipek bask\u0131l\u0131 logo bulunan \u00f6zel, dumanl\u0131 pembe bir \u015fi\u015fe ile birlikte orijinal ah\u015fap oda kokusu kam\u0131\u015flar\u0131n\u0131 \u00f6zelle\u015ftirdik.<\/p>\n<p>\u00dcr\u00fcn piyasaya s\u00fcr\u00fcld\u00fckten sonra, koleksiyon l\u00fcks ev e\u015fyas\u0131 ma\u011fazalar\u0131nda yeniden sat\u0131n alma oranlar\u0131nda b\u00fcy\u00fck bir art\u0131\u015f ya\u015fad\u0131 ve \u015fi\u015fe ba\u015f\u0131na fiyat, ilk temel modele k\u0131yasla yakla\u015f\u0131k artt\u0131. Bu sayede m\u00fc\u015fteri, daha benzersiz bir ev kokusu \u00fcr\u00fcn serisi yaratabildi.<\/p>\n<h2>\u00d6zelle\u015ftirme Se\u00e7enekleriniz<\/h2>\n<ol>\n<li><strong>Kabartma\/\u00c7ukur Detaylar\u0131:<\/strong> \u015ei\u015fenin \u00f6n veya arka y\u00fcz\u00fcnde \u00f6zel geometrik veya marka desenleri kullanarak hem dokunsal hem de g\u00f6rsel \u00e7ekicili\u011fi art\u0131rabilirsiniz.<\/li>\n<li><strong>\u015ei\u015fe boynu ve aksesuar uyumu:<\/strong> Farkl\u0131 \u015fi\u015fe a\u011f\u0131z boyutlar\u0131na uyum sa\u011flar ve eksiksiz bir stil olu\u015fturmak i\u00e7in metal, ah\u015fap veya \u00f6zel tasar\u0131m dif\u00fcz\u00f6r \u00e7ubuklar\u0131yla kullan\u0131labilir.<\/li>\n<li><strong>Renk ve Kaplama Se\u00e7enekleri:<\/strong> K\u0131smi p\u00fcsk\u00fcrtme, degrade efektler veya i\u00e7 mekan renk kaplamas\u0131 imkan\u0131 sunarak s\u0131n\u0131rl\u0131 say\u0131da \u00fcretilen veya l\u00fcks parf\u00fcm koleksiyonlar\u0131na uyum sa\u011flar.<\/li>\n<\/ol>","protected":false},"excerpt":{"rendered":"<p>Zarif kabartmal\u0131 camdan yap\u0131lm\u0131\u015f s\u0131ra d\u0131\u015f\u0131 kam\u0131\u015fl\u0131 oda kokusu \u015fi\u015feleri. Bu cam kam\u0131\u015fl\u0131 oda kokusu \u015fi\u015felerinin toptan sat\u0131\u015f\u0131nda \u00f6zelle\u015ftirme imkan\u0131 sunulmakta ve \u00fccretsiz numuneler mevcuttur.<\/p>","protected":false},"featured_media":5001,"template":"","meta":{"postBodyCss":"","postBodyMargin":[],"postBodyPadding":[],"postBodyBackground":{"backgroundType":"classic","gradient":""}},"product_brand":[],"product_cat":[15,16,63],"product_tag":[],"class_list":{"0":"post-4950","1":"product","2":"type-product","3":"status-publish","4":"has-post-thumbnail","6":"product_cat-glass-containers","7":"product_cat-glass-bottles","8":"product_cat-reed-diffuser-bottles","10":"first","11":"instock","12":"shipping-taxable","13":"product-type-simple"},"jetpack_sharing_enabled":true,"_links":{"self":[{"href":"https:\/\/minghanggroup.com\/tr\/wp-json\/wp\/v2\/product\/4950","targetHints":{"allow":["GET"]}}],"collection":[{"href":"https:\/\/minghanggroup.com\/tr\/wp-json\/wp\/v2\/product"}],"about":[{"href":"https:\/\/minghanggroup.com\/tr\/wp-json\/wp\/v2\/types\/product"}],"wp:featuredmedia":[{"embeddable":true,"href":"https:\/\/minghanggroup.com\/tr\/wp-json\/wp\/v2\/media\/5001"}],"wp:attachment":[{"href":"https:\/\/minghanggroup.com\/tr\/wp-json\/wp\/v2\/media?parent=4950"}],"wp:term":[{"taxonomy":"product_brand","embeddable":true,"href":"https:\/\/minghanggroup.com\/tr\/wp-json\/wp\/v2\/product_brand?post=4950"},{"taxonomy":"product_cat","embeddable":true,"href":"https:\/\/minghanggroup.com\/tr\/wp-json\/wp\/v2\/product_cat?post=4950"},{"taxonomy":"product_tag","embeddable":true,"href":"https:\/\/minghanggroup.com\/tr\/wp-json\/wp\/v2\/product_tag?post=4950"}],"curies":[{"name":"wp","href":"https:\/\/api.w.org\/{rel}","templated":true}]}}