{"id":4916,"date":"2026-01-21T09:37:40","date_gmt":"2026-01-21T01:37:40","guid":{"rendered":"https:\/\/minghanggroup.com\/?post_type=product&#038;p=4916"},"modified":"2026-01-21T10:57:26","modified_gmt":"2026-01-21T02:57:26","slug":"empty-glass-diffuser-bottles-with-vertical-grooves-bulk","status":"publish","type":"product","link":"https:\/\/minghanggroup.com\/tr\/urun\/empty-glass-diffuser-bottles-with-vertical-grooves-bulk\/","title":{"rendered":"120 ml&#039;lik Dikey Oluklu Bo\u015f Cam Dif\u00fcz\u00f6r \u015ei\u015feleri (Toptan)"},"content":{"rendered":"<p>Bu bo\u015f cam dif\u00fcz\u00f6r \u015fi\u015feleri silindirik bir \u015fekle sahiptir. \u015eeffaf cam kap, y\u00fczeyinde dekoratif dikey oluklara sahiptir ve alt taraf\u0131 \u00e7ekici desenlerle i\u015flenmi\u015ftir. \u00c7oklu vidal\u0131 boyun tasar\u0131m\u0131 hem kullan\u0131\u015fl\u0131 hem de g\u00fczeldir.<\/p>\n<h2>\u00dcr\u00fcn \u00d6zellikleri<\/h2>\n<ul>\n<li><strong>Dikey Nerv\u00fcrl\u00fc G\u00f6vde:<\/strong> \u00c7ok say\u0131da dikey nerv\u00fcr, \u0131\u015f\u0131k k\u0131r\u0131lmas\u0131 yoluyla ince bir g\u00f6rsel derinlik yarat\u0131rken ayn\u0131 zamanda tutu\u015fu da art\u0131r\u0131r.<\/li>\n<li><strong>\u00c7ok katmanl\u0131 vidal\u0131 kapak:<\/strong> \u00c7ok katmanl\u0131 vidal\u0131 kapak tasar\u0131m\u0131, s\u0131z\u0131nt\u0131lar\u0131 \u00f6nlemek i\u00e7in s\u0131k\u0131 bir s\u0131zd\u0131rmazl\u0131k sa\u011flarken, doldurmay\u0131 da kolayla\u015ft\u0131rarak pratiklik ve hava ge\u00e7irmezlik aras\u0131nda bir denge kurar.<\/li>\n<li><strong>120 ml B\u00fcy\u00fck Kapasite:<\/strong> C\u00f6mert 120 ml&#039;lik boyutu, orta ve b\u00fcy\u00fck boyutlu odalarda daha uzun s\u00fcre kesintisiz koku sal\u0131n\u0131m\u0131 sa\u011flar.<\/li>\n<\/ul>\n<h2 style=\"text-align: left;\">Temel \u00d6zellikler<\/h2>\n<table class=\"aligncenter\" style=\"border-collapse: collapse; width: 426.02pt;\" border=\"0\" width=\"568\" cellspacing=\"0\" cellpadding=\"0\">\n<tbody>\n<tr style=\"height: 13.50pt;\">\n<td style=\"height: 13.50pt; width: 116.25pt;\" width=\"155\" height=\"18\">\u015eartname<\/td>\n<td style=\"width: 309.75pt;\" width=\"413\">Detaylar<\/td>\n<\/tr>\n<tr style=\"height: 13.50pt;\">\n<td style=\"height: 13.50pt;\" height=\"18\">Kapasite<\/td>\n<td>120 ml<\/td>\n<\/tr>\n<tr style=\"height: 13.50pt;\">\n<td style=\"height: 13.50pt;\" height=\"18\">Boyutlar<\/td>\n<td>70\u00d781 mm<\/td>\n<\/tr>\n<tr style=\"height: 13.50pt;\">\n<td style=\"height: 13.50pt;\" height=\"18\">\u0130\u00e7\/D\u0131\u015f Boyun \u00c7ap\u0131<\/td>\n<td>17 mm \/ 27 mm<\/td>\n<\/tr>\n<tr style=\"height: 13.50pt;\">\n<td style=\"height: 13.50pt;\" height=\"18\">Malzeme<\/td>\n<td>\u015eeffaf Cam<\/td>\n<\/tr>\n<tr style=\"height: 13.50pt;\">\n<td style=\"height: 13.50pt;\" height=\"18\">\u00d6zelle\u015ftirme Kapsam\u0131<\/td>\n<td>Renk, Boyut, \u015eekil, Kapaklar<\/td>\n<\/tr>\n<tr style=\"height: 13.50pt;\">\n<td style=\"height: 13.50pt;\" height=\"18\">\u0130\u015f\u00e7ilik<\/td>\n<td>Oluklu Cam Kal\u0131plama, Di\u015f A\u00e7ma<\/td>\n<\/tr>\n<tr style=\"height: 13.50pt;\">\n<td style=\"height: 13.50pt;\" height=\"18\">\u00dcr\u00fcn Amac\u0131<\/td>\n<td>Dekoratif Parf\u00fcm Dif\u00fcz\u00f6r \u015ei\u015feleri<\/td>\n<\/tr>\n<tr style=\"height: 13.50pt;\">\n<td style=\"height: 13.50pt;\" height=\"18\">Uygun Sekt\u00f6rler<\/td>\n<td>L\u00fcks Ev Kokusu Markalar\u0131, \u0130\u00e7 Mekan Tasar\u0131m\u0131<\/td>\n<\/tr>\n<\/tbody>\n<\/table>\n<h2>Ba\u015far\u0131 \u00d6yk\u00fcs\u00fc: Butik Otel Zincirinin Ayr\u0131cal\u0131kl\u0131 Olanaklar\u0131<\/h2>\n<p>120 ml&#039;lik dif\u00fcz\u00f6r parf\u00fcm \u015fi\u015felerimiz, Amerika Birle\u015fik Devletleri&#039;ndeki l\u00fcks bir butik otel taraf\u0131ndan sipari\u015f edildi ve alt\u0131n kaplama tabanl\u0131, yumu\u015fak kehribar renginde tasarland\u0131. 120 ml&#039;lik kapasitesi sayesinde her 3 ayda bir sadece 1 kez doldurulmas\u0131 yeterli olacak ve b\u00f6ylece i\u015fletme maliyetlerinde tasarruf sa\u011flanacak. Ayr\u0131ca, g\u00fc\u00e7l\u00fc ve \u00fcst d\u00fczey g\u00f6r\u00fcn\u00fcm\u00fc nedeniyle perakende fiyat\u0131 da yar\u0131 yar\u0131ya artt\u0131. Otel, misafirlerinden gelen geri bildirimlerden ve \u00fcr\u00fcn performans\u0131ndan son derece memnun kald\u0131 ve bu nedenle \u00f6n\u00fcm\u00fczdeki be\u015f y\u0131l i\u00e7inde t\u00fcm otellerine hizmet vermek \u00fczere 400.000 \u015fi\u015fe daha sipari\u015f etti.<\/p>\n<h2>Bo\u015f Cam Dif\u00fcz\u00f6r \u015ei\u015feleri i\u00e7in \u00d6zelle\u015ftirme Se\u00e7enekleri<\/h2>\n<ul>\n<li>Cam Rengi ve \u015eeffafl\u0131\u011f\u0131: \u015eeffaf, f\u00fcme, kehribar veya opak beyaz cam se\u00e7enekleri mevcuttur.<\/li>\n<li>\u015ei\u015fe Tasar\u0131m\u0131: Dikey oluklar\u0131n geni\u015fli\u011fi, derinli\u011fi veya deseni se\u00e7ilebilir.<\/li>\n<li>Ki\u015fiye \u00d6zel Alt K\u0131s\u0131m Grav\u00fcr\u00fc: \u00d6zel bir dekoratif \u015ferit ekleyin veya logoyu alt k\u0131s\u0131m tasar\u0131m\u0131yla birle\u015ftirin.<\/li>\n<li>Vitray G\u00f6r\u00fcn\u00fcml\u00fc Detaylar: Bu, \u015feffaf cama vitray bir zemin uygulanan iki renkli bir tekniktir.<\/li>\n<\/ul>","protected":false},"excerpt":{"rendered":"<p>Ah\u015fap boncuklu ipli, kompakt ara\u00e7 i\u00e7i koku yay\u0131c\u0131 \u015fi\u015fe, u\u00e7ucu ya\u011flar ve kokular i\u00e7in yeniden doldurulabilir, kaliteli bo\u015f ara\u00e7 i\u00e7i koku yay\u0131c\u0131 \u015fi\u015felerin toptan sat\u0131\u015f\u0131, h\u0131zl\u0131 kargo.<\/p>","protected":false},"featured_media":4942,"template":"","meta":{"postBodyCss":"","postBodyMargin":[],"postBodyPadding":[],"postBodyBackground":{"backgroundType":"classic","gradient":""}},"product_brand":[],"product_cat":[15,16,63],"product_tag":[],"class_list":{"0":"post-4916","1":"product","2":"type-product","3":"status-publish","4":"has-post-thumbnail","6":"product_cat-glass-containers","7":"product_cat-glass-bottles","8":"product_cat-reed-diffuser-bottles","10":"first","11":"instock","12":"shipping-taxable","13":"product-type-simple"},"jetpack_sharing_enabled":true,"_links":{"self":[{"href":"https:\/\/minghanggroup.com\/tr\/wp-json\/wp\/v2\/product\/4916","targetHints":{"allow":["GET"]}}],"collection":[{"href":"https:\/\/minghanggroup.com\/tr\/wp-json\/wp\/v2\/product"}],"about":[{"href":"https:\/\/minghanggroup.com\/tr\/wp-json\/wp\/v2\/types\/product"}],"wp:featuredmedia":[{"embeddable":true,"href":"https:\/\/minghanggroup.com\/tr\/wp-json\/wp\/v2\/media\/4942"}],"wp:attachment":[{"href":"https:\/\/minghanggroup.com\/tr\/wp-json\/wp\/v2\/media?parent=4916"}],"wp:term":[{"taxonomy":"product_brand","embeddable":true,"href":"https:\/\/minghanggroup.com\/tr\/wp-json\/wp\/v2\/product_brand?post=4916"},{"taxonomy":"product_cat","embeddable":true,"href":"https:\/\/minghanggroup.com\/tr\/wp-json\/wp\/v2\/product_cat?post=4916"},{"taxonomy":"product_tag","embeddable":true,"href":"https:\/\/minghanggroup.com\/tr\/wp-json\/wp\/v2\/product_tag?post=4916"}],"curies":[{"name":"wp","href":"https:\/\/api.w.org\/{rel}","templated":true}]}}