{"id":4911,"date":"2026-01-21T10:08:14","date_gmt":"2026-01-21T02:08:14","guid":{"rendered":"https:\/\/minghanggroup.com\/?post_type=product&#038;p=4911"},"modified":"2026-01-21T10:08:16","modified_gmt":"2026-01-21T02:08:16","slug":"octagonal-ribbed-empty-oil-diffuser-bottles-wholesale","status":"publish","type":"product","link":"https:\/\/minghanggroup.com\/tr\/urun\/octagonal-ribbed-empty-oil-diffuser-bottles-wholesale\/","title":{"rendered":"100 ml, 200 ml, 500 ml, 1000 ml Sekizgen Oluklu Bo\u015f Ya\u011f Dif\u00fcz\u00f6r \u015ei\u015feleri Toptan Sat\u0131\u015f"},"content":{"rendered":"<p>Bo\u015f dif\u00fcz\u00f6r \u015fi\u015feleriniz sadece bo\u015f durmamal\u0131; i\u015finiz bitti\u011finde masa \u00fcst\u00fc sanat eserine d\u00f6n\u00fc\u015fmeli. Bo\u015f kam\u0131\u015fl\u0131 dif\u00fcz\u00f6r \u015fi\u015feleri toptanc\u0131s\u0131 olarak, u\u00e7ucu ya\u011f dif\u00fcz\u00f6r\u00fcn\u00fcz\u00fc odan\u0131n sessiz bir ba\u015fyap\u0131t\u0131na d\u00f6n\u00fc\u015ft\u00fcren cam kam\u0131\u015fl\u0131 dif\u00fcz\u00f6rler \u00fcretiyoruz.<\/p>\n<h2>\u00dcr\u00fcn \u00d6zellikleri<\/h2>\n<ul>\n<li><strong>Sekizgen Dikey \u015eerit Tasar\u0131m\u0131:<\/strong> \u015ei\u015fe, kristal berrakl\u0131\u011f\u0131ndaki sekizgen \u015fekli ve dikey nerv\u00fcrl\u00fc yap\u0131s\u0131yla \u00f6ne \u00e7\u0131k\u0131yor; bu yap\u0131 daha g\u00fcvenli bir tutu\u015f sa\u011flarken ayn\u0131 zamanda \u0131\u015f\u0131k ve g\u00f6lge oyunlar\u0131yla g\u00f6rsel bir derinlik unsuru da kat\u0131yor.<\/li>\n<li><strong>Y\u00fcksek, \u015eeffaf, Kal\u0131n, Alt Cam:<\/strong> \u015ei\u015fe, \u00e7ok saf ve zarif bir doku veren y\u00fcksek \u015feffafl\u0131\u011fa sahip camdan yap\u0131lm\u0131\u015ft\u0131r. Cam taban\u0131 olduk\u00e7a kal\u0131nd\u0131r; bu da \u015fi\u015feyi daha dengeli hale getirmekle kalmaz, ayn\u0131 zamanda l\u00fcks bir g\u00f6r\u00fcn\u00fcm de kazand\u0131r\u0131r.<\/li>\n<li><strong>\u00c7ok Y\u00f6nl\u00fc ve Sergilenmesi Kolay:<\/strong> Geometrik tasar\u0131m, evler, oteller ve parf\u00fcm markalar\u0131n\u0131n perakende sat\u0131\u015f noktalar\u0131 gibi farkl\u0131 ortamlara uyum sa\u011flayabilecek \u00e7a\u011fda\u015f stil ve dekoratif unsurlar\u0131n m\u00fckemmel bir kar\u0131\u015f\u0131m\u0131d\u0131r.<\/li>\n<\/ul>\n<h2>Temel \u00d6zellikler<\/h2>\n<table style=\"border-collapse: collapse; width: 80%; margin-left: auto; margin-right: auto;\" border=\"0\" width=\"288\" cellspacing=\"0\" cellpadding=\"0\">\n<tbody>\n<tr style=\"height: 13.50pt;\">\n<td style=\"height: 13.5pt; width: 54pt; text-align: center;\" width=\"72\" height=\"18\">Boyut (ml)<\/td>\n<td style=\"width: 54pt; text-align: center;\" width=\"72\">\u00d6l\u00e7\u00fcler (mm)<\/td>\n<td style=\"width: 54pt; text-align: center;\" width=\"72\">Boyun Tipi<\/td>\n<td style=\"width: 54pt; text-align: center;\" width=\"72\">\u015eekil<\/td>\n<\/tr>\n<tr style=\"height: 13.50pt;\">\n<td style=\"height: 13.5pt; text-align: center;\" align=\"right\" height=\"18\">100<\/td>\n<td style=\"text-align: center;\">61\u00d7105<\/td>\n<td class=\"et2\" style=\"text-align: center;\" rowspan=\"4\">Ge\u00e7meli ba\u011flant\u0131<\/td>\n<td class=\"et2\" style=\"text-align: center;\" rowspan=\"4\">Sekizgen s\u0131rtlar<\/td>\n<\/tr>\n<tr style=\"height: 13.50pt;\">\n<td style=\"height: 13.5pt; text-align: center;\" align=\"right\" height=\"18\">200<\/td>\n<td style=\"text-align: center;\">70\u00d7121<\/td>\n<\/tr>\n<tr style=\"height: 13.50pt;\">\n<td style=\"height: 13.5pt; text-align: center;\" align=\"right\" height=\"18\">500<\/td>\n<td style=\"text-align: center;\">89\u00d7149<\/td>\n<\/tr>\n<tr style=\"height: 13.50pt;\">\n<td style=\"height: 13.5pt; text-align: center;\" align=\"right\" height=\"18\">1000<\/td>\n<td style=\"text-align: center;\">109\u00d7178<\/td>\n<\/tr>\n<\/tbody>\n<\/table>\n<h2>Ba\u015far\u0131 \u00d6rne\u011fi<\/h2>\n<p>Ni\u015f bir ev kokusu markas\u0131, yaln\u0131zca daha rafine bir marka kimli\u011fini yans\u0131tmakla kalmay\u0131p ayn\u0131 zamanda perakende raflar\u0131nda da g\u00f6z al\u0131c\u0131 olacak bir dif\u00fcz\u00f6r \u015fi\u015fesi aray\u0131\u015f\u0131ndayd\u0131. Yeni seri i\u00e7in marka, sekizgen, nerv\u00fcrl\u00fc cam dif\u00fcz\u00f6r \u015fi\u015felerimizi se\u00e7ti ve buzlu bir y\u00fczey, \u00f6n panelde kabartmal\u0131 bir logo ve yumu\u015fak dumanl\u0131, gri bir \u015fi\u015fe rengi gibi de\u011fi\u015fiklikler yapt\u0131.<\/p>\n<p>Yeni \u00fcr\u00fcn lansman\u0131 sonucunda, geli\u015ftirilmi\u015f ambalaj sayesinde s\u0131z\u0131nt\u0131 ve g\u00f6r\u00fcn\u00fcm sorunlar\u0131yla ilgili marka iade oranlar\u0131 oran\u0131nda d\u00fc\u015ft\u00fc. Sadece iki \u00fcr\u00fcn d\u00f6ng\u00fcs\u00fcnden sonra m\u00fc\u015fteri yeniden sipari\u015fleri artt\u0131.<\/p>\n<h2>\u00d6zelle\u015ftirme Se\u00e7enekleriniz<\/h2>\n<ol>\n<li><strong>Renk ve Cam Malzemesi:<\/strong> F\u00fcme gri, kehribar, degrade veya \u015feffaf beyaz camdan \u00fcretilebildi\u011fi i\u00e7in, farkl\u0131 konumland\u0131rma gerektiren \u00fcst d\u00fczey aromaterapi \u00fcr\u00fcnleri, ev dekorasyonu veya hediyelik e\u015fya serileri i\u00e7in uygundur.<\/li>\n<li><strong>Marka Kimli\u011fi \u00d6zelle\u015ftirme:<\/strong> \u015ei\u015fenin \u00f6n y\u00fcz\u00fcne veya fasetli k\u0131s\u0131mlar\u0131na kabartma\/\u00e7ukur logolar uygulanabilir; ayr\u0131ca marka bilinirli\u011fini art\u0131rmak i\u00e7in serigrafi ve s\u0131cak bask\u0131 desenleri de kullan\u0131labilir.<\/li>\n<li><strong>\u015ei\u015fe boynu ve aksesuar se\u00e7enekleri:<\/strong> \u00c7e\u015fitli boyun \u00f6l\u00e7\u00fclerine uyarlanabilir ve daha uyumlu bir g\u00f6r\u00fcn\u00fcm i\u00e7in bambu kam\u0131\u015flar, elyaf \u00e7ubuklar veya \u00f6zel, renkli dif\u00fcz\u00f6r \u00e7ubuklarla do\u011fal bir \u015fekilde birle\u015ftirilebilir.<\/li>\n<\/ol>","protected":false},"excerpt":{"rendered":"<p>Fabrikadan do\u011frudan sat\u0131\u015f, sekizgen nerv\u00fcrl\u00fc camdan yap\u0131lm\u0131\u015f bo\u015f ya\u011f dif\u00fcz\u00f6r \u015fi\u015feleri. Ayr\u0131ca bu bo\u015f kam\u0131\u015f dif\u00fcz\u00f6r \u015fi\u015felerinin toptan sat\u0131\u015f\u0131nda \u00f6zelle\u015ftirme imkan\u0131 sunulmaktad\u0131r. H\u0131zl\u0131 kargo.<\/p>","protected":false},"featured_media":4926,"template":"","meta":{"postBodyCss":"","postBodyMargin":[],"postBodyPadding":[],"postBodyBackground":{"backgroundType":"classic","gradient":""}},"product_brand":[],"product_cat":[15,16,63],"product_tag":[],"class_list":{"0":"post-4911","1":"product","2":"type-product","3":"status-publish","4":"has-post-thumbnail","6":"product_cat-glass-containers","7":"product_cat-glass-bottles","8":"product_cat-reed-diffuser-bottles","10":"first","11":"instock","12":"shipping-taxable","13":"product-type-simple"},"jetpack_sharing_enabled":true,"_links":{"self":[{"href":"https:\/\/minghanggroup.com\/tr\/wp-json\/wp\/v2\/product\/4911","targetHints":{"allow":["GET"]}}],"collection":[{"href":"https:\/\/minghanggroup.com\/tr\/wp-json\/wp\/v2\/product"}],"about":[{"href":"https:\/\/minghanggroup.com\/tr\/wp-json\/wp\/v2\/types\/product"}],"wp:featuredmedia":[{"embeddable":true,"href":"https:\/\/minghanggroup.com\/tr\/wp-json\/wp\/v2\/media\/4926"}],"wp:attachment":[{"href":"https:\/\/minghanggroup.com\/tr\/wp-json\/wp\/v2\/media?parent=4911"}],"wp:term":[{"taxonomy":"product_brand","embeddable":true,"href":"https:\/\/minghanggroup.com\/tr\/wp-json\/wp\/v2\/product_brand?post=4911"},{"taxonomy":"product_cat","embeddable":true,"href":"https:\/\/minghanggroup.com\/tr\/wp-json\/wp\/v2\/product_cat?post=4911"},{"taxonomy":"product_tag","embeddable":true,"href":"https:\/\/minghanggroup.com\/tr\/wp-json\/wp\/v2\/product_tag?post=4911"}],"curies":[{"name":"wp","href":"https:\/\/api.w.org\/{rel}","templated":true}]}}