{"id":4864,"date":"2026-01-20T15:08:24","date_gmt":"2026-01-20T07:08:24","guid":{"rendered":"https:\/\/minghanggroup.com\/?post_type=product&#038;p=4864"},"modified":"2026-01-21T09:31:22","modified_gmt":"2026-01-21T01:31:22","slug":"hanging-empty-car-diffuser-bottles-wholesale","status":"publish","type":"product","link":"https:\/\/minghanggroup.com\/tr\/urun\/hanging-empty-car-diffuser-bottles-wholesale\/","title":{"rendered":"8 ml&#039;lik As\u0131labilir Bo\u015f Ara\u00e7 Dif\u00fcz\u00f6r \u015ei\u015feleri Toptan Sat\u0131\u015f\u0131"},"content":{"rendered":"<p>Bu araba koku yay\u0131c\u0131 \u015fi\u015fesi benzersiz bir tasar\u0131ma sahiptir. \u015ei\u015fenin \u00e7ok y\u00fczl\u00fc y\u00fczeyindeki kesim, uca do\u011fru daralan e\u015fsiz bir koni \u015fekli olu\u015fturur. A\u00e7\u0131kl\u0131\u011f\u0131 \u00e7ok katmanl\u0131 ah\u015fap bir kapakla kapat\u0131lm\u0131\u015ft\u0131r ve \u015fi\u015fenin kolayca as\u0131labilmesi i\u00e7in \u00fczerine ah\u015fap boncuklar yerle\u015ftirilmi\u015f dokuma bir kordon da \u00f6nceden tak\u0131lm\u0131\u015ft\u0131r.<\/p>\n<h2>\u00dcr\u00fcn \u00d6zellikleri<\/h2>\n<ul>\n<li><strong>E\u015fkenar d\u00f6rtgen konik \u015fi\u015fe:<\/strong> E\u015fkenar d\u00f6rtgen \u015feklindeki koninin tasar\u0131m\u0131 keskin oldu\u011fundan, g\u00f6r\u00fcnt\u00fcye derinlik kat\u0131yor ve \u00fcr\u00fcnlerin daha kolay tan\u0131nmas\u0131n\u0131 sa\u011fl\u0131yor.<\/li>\n<li><strong>\u00c7ok Katmanl\u0131 Ah\u015fap Kapak:<\/strong> \u00c7ok katmanl\u0131 ah\u015fap kapak, hem s\u0131zd\u0131rmazl\u0131k hem de koku yay\u0131l\u0131m\u0131 i\u015flevini bir arada sunar.<\/li>\n<li><strong>Z\u0131t Renkli Kordon Tasar\u0131m\u0131:<\/strong> Ah\u015fap boncuklarla \u00f6r\u00fclm\u00fc\u015f parlak renkli kordon, bir araban\u0131n dikiz aynas\u0131na kolayca yap\u0131\u015ft\u0131r\u0131labilir.<\/li>\n<\/ul>\n<h2 style=\"text-align: left;\">Temel \u00d6zellikler<\/h2>\n<table class=\"aligncenter\" style=\"border-collapse: collapse; width: 393.77pt;\" border=\"0\" width=\"525\" cellspacing=\"0\" cellpadding=\"0\">\n<tbody>\n<tr style=\"height: 13.50pt;\">\n<td style=\"height: 13.50pt; width: 116.25pt;\" width=\"155\" height=\"18\">\u015eartname<\/td>\n<td style=\"width: 277.50pt;\" width=\"370\">Detaylar<\/td>\n<\/tr>\n<tr style=\"height: 13.50pt;\">\n<td style=\"height: 13.50pt;\" height=\"18\">Kapasite<\/td>\n<td>8 ml<\/td>\n<\/tr>\n<tr style=\"height: 13.50pt;\">\n<td style=\"height: 13.50pt;\" height=\"18\">Boyutlar<\/td>\n<td>37\u00d746 mm<\/td>\n<\/tr>\n<tr style=\"height: 13.50pt;\">\n<td style=\"height: 13.50pt;\" height=\"18\">Malzeme<\/td>\n<td>Soda-kire\u00e7 cam\u0131, ah\u015fap, pamuk ip<\/td>\n<\/tr>\n<tr style=\"height: 13.50pt;\">\n<td style=\"height: 13.50pt;\" height=\"18\">\u015ei\u015fe \u015eekli<\/td>\n<td>Elmas\/Alt\u0131gen Koni<\/td>\n<\/tr>\n<tr style=\"height: 13.50pt;\">\n<td style=\"height: 13.50pt;\" height=\"18\">\u00d6zelle\u015ftirme Kapsam\u0131<\/td>\n<td>Renk, Kapaklar, Y\u00fczey, Boyut, \u015eekil Varyasyonu<\/td>\n<\/tr>\n<tr style=\"height: 13.50pt;\">\n<td style=\"height: 13.50pt;\" height=\"18\">\u0130\u015f\u00e7ilik<\/td>\n<td>\u00c7ok Y\u00fczl\u00fc Cam Kal\u0131p, Kablo Tertibat\u0131<\/td>\n<\/tr>\n<tr style=\"height: 13.50pt;\">\n<td style=\"height: 13.50pt;\" height=\"18\">\u00dcr\u00fcn Amac\u0131<\/td>\n<td>As\u0131labilir Dif\u00fcz\u00f6r \u015ei\u015feleri, Araba Dif\u00fcz\u00f6r \u015ei\u015feleri<\/td>\n<\/tr>\n<tr style=\"height: 13.50pt;\">\n<td style=\"height: 13.50pt;\" height=\"18\">Uygun Sekt\u00f6rler<\/td>\n<td>Otomobil Aksesuarlar\u0131, Butik Perakendeciler<\/td>\n<\/tr>\n<\/tbody>\n<\/table>\n<h2>Vaka \u00c7al\u0131\u015fmas\u0131<\/h2>\n<p>Avrupa otomobil aksesuarlar\u0131 markalar\u0131ndan biri, baklava desenli ara\u00e7 dif\u00fcz\u00f6r \u015fi\u015femizi sipari\u015f etti. \u00d6zg\u00fcn tasar\u0131m h\u0131zla ikonik bir hale geldi ve sosyal medyada \u00fcr\u00fcn kategorisine ili\u015fkin bahsetmelerin 0 artmas\u0131na yol a\u00e7t\u0131. Markan\u0131n bir di\u011fer ay\u0131rt edici \u00f6zelli\u011fi ise, hedef pazardaki marka bilinirli\u011fini art\u0131ran cesur ve renkli kordon kullan\u0131m\u0131yd\u0131. Marka, bu b\u00fcy\u00fck ba\u015far\u0131dan o kadar memnun kald\u0131 ki, \u00fclke \u00e7ap\u0131nda bir tan\u0131t\u0131m kampanyas\u0131nda kullan\u0131lmak \u00fczere 600.000 \u015fi\u015felik bir parti daha sipari\u015f verdi.<\/p>\n<h2>Bo\u015f Araba Dif\u00fcz\u00f6r \u015ei\u015feleri Toptan Sat\u0131\u015f\u0131\u00a0<span class=\"text-[#00CEC8]\">\u00d6zelle\u015ftirme Se\u00e7enekleri<\/span><\/h2>\n<ul>\n<li>Ah\u015fap Kapak Kaplamas\u0131: Kapaklar, markan\u0131z\u0131n renk paletine uyacak \u015fekilde \u00e7e\u015fitli ah\u015fap veya boyal\u0131 kaplama se\u00e7enekleriyle sunulmaktad\u0131r.<\/li>\n<li>Ah\u015fap Kapaklar: Markan\u0131n renk \u015femas\u0131na uygun olarak tasarlanm\u0131\u015f, \u00e7e\u015fitli ah\u015fap t\u00fcrlerinden veya boyal\u0131 y\u00fczeyli kapaklar mevcuttur.<\/li>\n<li>Buzlu Kaplama: Cam y\u00fczeye buzlu bir kaplama uygulanarak y\u00fczeye daha yumu\u015fak bir g\u00f6r\u00fcn\u00fcm kazand\u0131r\u0131labilir.<\/li>\n<li>\u015eekil ve Oran: \u00d6zel bir \u015fekil olu\u015fturmak i\u00e7in koninin veya y\u00fczeylerin a\u00e7\u0131s\u0131n\u0131 biraz de\u011fi\u015ftirin.<\/li>\n<\/ul>","protected":false},"excerpt":{"rendered":"<p>Ah\u015fap boncuklu ipli, kompakt ara\u00e7 i\u00e7i koku yay\u0131c\u0131 \u015fi\u015fe, u\u00e7ucu ya\u011flar ve kokular i\u00e7in yeniden doldurulabilir, kaliteli bo\u015f ara\u00e7 i\u00e7i koku yay\u0131c\u0131 \u015fi\u015felerin toptan sat\u0131\u015f\u0131, h\u0131zl\u0131 kargo.<\/p>","protected":false},"featured_media":4913,"template":"","meta":{"postBodyCss":"","postBodyMargin":[],"postBodyPadding":[],"postBodyBackground":{"backgroundType":"classic","gradient":""}},"product_brand":[],"product_cat":[15,16,63],"product_tag":[],"class_list":{"0":"post-4864","1":"product","2":"type-product","3":"status-publish","4":"has-post-thumbnail","6":"product_cat-glass-containers","7":"product_cat-glass-bottles","8":"product_cat-reed-diffuser-bottles","10":"first","11":"instock","12":"shipping-taxable","13":"product-type-simple"},"jetpack_sharing_enabled":true,"_links":{"self":[{"href":"https:\/\/minghanggroup.com\/tr\/wp-json\/wp\/v2\/product\/4864","targetHints":{"allow":["GET"]}}],"collection":[{"href":"https:\/\/minghanggroup.com\/tr\/wp-json\/wp\/v2\/product"}],"about":[{"href":"https:\/\/minghanggroup.com\/tr\/wp-json\/wp\/v2\/types\/product"}],"wp:featuredmedia":[{"embeddable":true,"href":"https:\/\/minghanggroup.com\/tr\/wp-json\/wp\/v2\/media\/4913"}],"wp:attachment":[{"href":"https:\/\/minghanggroup.com\/tr\/wp-json\/wp\/v2\/media?parent=4864"}],"wp:term":[{"taxonomy":"product_brand","embeddable":true,"href":"https:\/\/minghanggroup.com\/tr\/wp-json\/wp\/v2\/product_brand?post=4864"},{"taxonomy":"product_cat","embeddable":true,"href":"https:\/\/minghanggroup.com\/tr\/wp-json\/wp\/v2\/product_cat?post=4864"},{"taxonomy":"product_tag","embeddable":true,"href":"https:\/\/minghanggroup.com\/tr\/wp-json\/wp\/v2\/product_tag?post=4864"}],"curies":[{"name":"wp","href":"https:\/\/api.w.org\/{rel}","templated":true}]}}