{"id":4858,"date":"2026-01-20T15:02:49","date_gmt":"2026-01-20T07:02:49","guid":{"rendered":"https:\/\/minghanggroup.com\/?post_type=product&#038;p=4858"},"modified":"2026-01-20T15:39:31","modified_gmt":"2026-01-20T07:39:31","slug":"empty-diffuser-bottles-and-reeds-with-ribbed-design-bulk","status":"publish","type":"product","link":"https:\/\/minghanggroup.com\/tr\/urun\/empty-diffuser-bottles-and-reeds-with-ribbed-design-bulk\/","title":{"rendered":"50 ml ve 100 ml yuvarlak, bo\u015f dif\u00fcz\u00f6r \u015fi\u015feleri ve kam\u0131\u015flar\u0131 (t\u0131rt\u0131kl\u0131 tasar\u0131m) toplu halde"},"content":{"rendered":"<p>Bo\u015f dif\u00fcz\u00f6r \u015fi\u015feleriniz ve kam\u0131\u015flar\u0131n\u0131z sadece masan\u0131zda durmamal\u0131; bo\u015f olduklar\u0131nda birer sanat eserine d\u00f6n\u00fc\u015fmeliler. \u015e\u0131k kam\u0131\u015f dif\u00fcz\u00f6r \u015fi\u015feleri konusunda uzmanla\u015fm\u0131\u015f bir firma olarak, u\u00e7ucu ya\u011f dif\u00fcz\u00f6r\u00fcn\u00fcz\u00fc odan\u0131n sessiz y\u0131ld\u0131z\u0131na d\u00f6n\u00fc\u015ft\u00fcren cam dif\u00fcz\u00f6r \u015fi\u015feleri \u00fcretiyoruz.<\/p>\n<h2>\u00dcr\u00fcn \u00d6zellikleri<\/h2>\n<ul>\n<li><strong>I\u015f\u0131k, Sa\u00e7\u0131lma Oluklar\u0131: <\/strong>Dikey \u00e7izgiler, \u0131\u015f\u0131\u011f\u0131 adeta s\u0131v\u0131 elmas gibi yans\u0131tarak evinizin kokusuna an\u0131nda sihir kat\u0131yor.<\/li>\n<li><strong>Vida, Kapak G\u00fcvenli\u011fi: <\/strong>Do\u011fal bambu kam\u0131\u015flar\u0131 d\u00f6nd\u00fcrerek sabitleyin; sallanma olmaz, d\u00f6k\u00fclme olmaz.<\/li>\n<li><strong>Bo\u015f \u015ei\u015fe Zarafeti: <\/strong>Bo\u015falm\u0131\u015f oda parf\u00fcm\u00fc \u015fi\u015feleriniz, israfs\u0131z, muhte\u015fem bir tarzla masa \u00fcst\u00fc heykellerine d\u00f6n\u00fc\u015f\u00fcyor.<\/li>\n<\/ul>\n<h2>Temel \u00d6zellikler<\/h2>\n<table style=\"border-collapse: collapse; width: 80%; margin-left: auto; margin-right: auto;\" border=\"0\" width=\"360\" cellspacing=\"0\" cellpadding=\"0\">\n<tbody>\n<tr style=\"height: 13.50pt;\">\n<td style=\"height: 13.5pt; width: 54pt; text-align: center;\" width=\"72\" height=\"18\">Boyut (ml)<\/td>\n<td style=\"width: 54pt; text-align: center;\" width=\"72\">\u00d6l\u00e7\u00fcler (mm)<\/td>\n<td style=\"width: 54pt; text-align: center;\" width=\"72\">Boyun Tipi<\/td>\n<td style=\"width: 54pt; text-align: center;\" width=\"72\">\u00d6zellik<\/td>\n<td style=\"width: 54pt; text-align: center;\" width=\"72\">\u015eekil<\/td>\n<\/tr>\n<tr style=\"height: 13.50pt;\">\n<td style=\"height: 13.5pt; text-align: center;\" align=\"right\" height=\"18\">50<\/td>\n<td style=\"text-align: center;\">58 \u00d7 68<\/td>\n<td class=\"et2\" style=\"text-align: center;\" rowspan=\"2\">Vidal\u0131 kapak<\/td>\n<td class=\"et2\" style=\"text-align: center;\" rowspan=\"2\">Dikey oluklar<\/td>\n<td class=\"et2\" style=\"text-align: center;\" rowspan=\"2\">Yuvarlak<\/td>\n<\/tr>\n<tr style=\"height: 13.50pt;\">\n<td style=\"height: 13.5pt; text-align: center;\" align=\"right\" height=\"18\">100<\/td>\n<td style=\"text-align: center;\">74 \u00d7 85<\/td>\n<\/tr>\n<\/tbody>\n<\/table>\n<h2>Ba\u015far\u0131 \u00d6rne\u011fi<\/h2>\n<p>Bir ev kokusu markas\u0131, oluklu cam dif\u00fcz\u00f6r \u015fi\u015felerimizi tercih etti ve \u015fi\u015felerin omuz k\u0131sm\u0131na \u015f\u0131k bir kabartma logo ekleyerek ki\u015fiselle\u015ftirdi. \u015ei\u015feler, koku notalar\u0131yla uyumlu, hafif buzlu bir y\u00fczey ve zarif serigrafi bask\u0131l\u0131 tasar\u0131mlarla s\u00fcslenmi\u015ftir.<\/p>\n<p>Bu \u00f6zel ambalaj\u0131 kullanmaya ba\u015flad\u0131ktan sonra, marka sat\u0131\u015f noktas\u0131nda m\u00fc\u015fteri etkile\u015fiminde kayda de\u011fer bir art\u0131\u015f, \u00fcr\u00fcn\u00fcn g\u00f6rsel \u00e7ekicili\u011finde iyile\u015fme ve iki \u00e7eyrek i\u00e7inde tekrarlanan sat\u0131n al\u0131mlarda art\u0131\u015f ya\u015fad\u0131. Marka, bu \u00f6zel dif\u00fcz\u00f6r \u015fi\u015fesini standart ambalaj\u0131 haline getirdi ve \u00e7e\u015fitli \u00fcr\u00fcn gruplar\u0131 i\u00e7in d\u00fczenli olarak toplu sipari\u015fler vermeye devam ediyor.<\/p>\n<h2>\u00d6zelle\u015ftirme Se\u00e7enekleriniz<\/h2>\n<ol>\n<li><strong>Kabartmal\u0131 veya oyma marka logosu:<\/strong> Markayla m\u00fc\u015fteri a\u015final\u0131\u011f\u0131n\u0131 art\u0131rmak ve \u00fcr\u00fcn\u00fcn g\u00f6rsel \u00e7ekicili\u011fini y\u00fckseltmek i\u00e7in, logoyu kabartma y\u00f6ntemiyle i\u015fleyebilir veya \u015fi\u015fenin \u00f6n, omuz veya alt k\u0131sm\u0131na basit bir sembol ekleyebilirsiniz. Bu sayede etiketlere ba\u011f\u0131ml\u0131 kalman\u0131za gerek kalmaz.<\/li>\n<li><strong>Serigrafi bask\u0131 veya s\u0131cak damgalama dekorasyonu:<\/strong> \u015ei\u015feye ince \u00e7izgiler, geometrik \u015fekiller veya kokunun a\u00e7\u0131klamalar\u0131n\u0131 eklemeye ne dersiniz? Tek renkli serigrafi bask\u0131 se\u00e7ene\u011fi mevcuttur ve ayr\u0131ca daha \u00e7ekici bir g\u00f6r\u00fcn\u00fcm i\u00e7in alt\u0131n\/g\u00fcm\u00fc\u015f yald\u0131z bask\u0131 da kullan\u0131labilir.<\/li>\n<li><strong>\u015ei\u015fe boynu ve aksesuar uyumu:<\/strong> Markan\u0131n pazar konumuna g\u00f6re \u015fi\u015fe a\u011fz\u0131n\u0131n boyutuna karar verebilir ve ard\u0131ndan se\u00e7ilen a\u011f\u0131z boyutuyla birlikte do\u011fal bambu \u00e7ubuklar, elyaf kam\u0131\u015flar veya dekoratif \u00e7i\u00e7ek dif\u00fcz\u00f6rleri kullanarak bir kombinasyon olu\u015fturabilirsiniz.<\/li>\n<\/ol>","protected":false},"excerpt":{"rendered":"<p>Bo\u015f dif\u00fcz\u00f6r \u015fi\u015feleri ve \u00e7ubuklar\u0131 i\u00e7in tasarlanm\u0131\u015f, ev kokusu markalar\u0131 i\u00e7in ideal \u00fcr\u00fcn. \u00dccretsiz kargo, toplu sipari\u015flerde \u00f6zelle\u015ftirme imkan\u0131. \u015e\u0131k \u00e7ubuklu dif\u00fcz\u00f6r \u015fi\u015feleri i\u00e7in m\u00fckemmel bir se\u00e7enek.<\/p>","protected":false},"featured_media":4862,"template":"","meta":{"postBodyCss":"","postBodyMargin":[],"postBodyPadding":[],"postBodyBackground":{"backgroundType":"classic","gradient":""}},"product_brand":[],"product_cat":[15,16,63],"product_tag":[],"class_list":{"0":"post-4858","1":"product","2":"type-product","3":"status-publish","4":"has-post-thumbnail","6":"product_cat-glass-containers","7":"product_cat-glass-bottles","8":"product_cat-reed-diffuser-bottles","10":"first","11":"instock","12":"shipping-taxable","13":"product-type-simple"},"jetpack_sharing_enabled":true,"_links":{"self":[{"href":"https:\/\/minghanggroup.com\/tr\/wp-json\/wp\/v2\/product\/4858","targetHints":{"allow":["GET"]}}],"collection":[{"href":"https:\/\/minghanggroup.com\/tr\/wp-json\/wp\/v2\/product"}],"about":[{"href":"https:\/\/minghanggroup.com\/tr\/wp-json\/wp\/v2\/types\/product"}],"wp:featuredmedia":[{"embeddable":true,"href":"https:\/\/minghanggroup.com\/tr\/wp-json\/wp\/v2\/media\/4862"}],"wp:attachment":[{"href":"https:\/\/minghanggroup.com\/tr\/wp-json\/wp\/v2\/media?parent=4858"}],"wp:term":[{"taxonomy":"product_brand","embeddable":true,"href":"https:\/\/minghanggroup.com\/tr\/wp-json\/wp\/v2\/product_brand?post=4858"},{"taxonomy":"product_cat","embeddable":true,"href":"https:\/\/minghanggroup.com\/tr\/wp-json\/wp\/v2\/product_cat?post=4858"},{"taxonomy":"product_tag","embeddable":true,"href":"https:\/\/minghanggroup.com\/tr\/wp-json\/wp\/v2\/product_tag?post=4858"}],"curies":[{"name":"wp","href":"https:\/\/api.w.org\/{rel}","templated":true}]}}