{"id":4849,"date":"2026-01-20T13:37:54","date_gmt":"2026-01-20T05:37:54","guid":{"rendered":"https:\/\/minghanggroup.com\/?post_type=product&#038;p=4849"},"modified":"2026-01-20T13:51:49","modified_gmt":"2026-01-20T05:51:49","slug":"hanging-car-air-diffuser-bottles-with-wooden-lids-bulk","status":"publish","type":"product","link":"https:\/\/minghanggroup.com\/tr\/urun\/hanging-car-air-diffuser-bottles-with-wooden-lids-bulk\/","title":{"rendered":"Ah\u015fap Kapakl\u0131 8 ml&#039;lik As\u0131labilir Ara\u00e7 Hava Dif\u00fcz\u00f6r \u015ei\u015feleri (Toptan)"},"content":{"rendered":"<p>Bu araba hava dif\u00fcz\u00f6r \u015fi\u015fesi soda-kire\u00e7 cam\u0131ndan yap\u0131lm\u0131\u015ft\u0131r. \u015ei\u015fe k\u00fc\u00e7\u00fck olup, p\u00fcr\u00fczs\u00fcz, kare \u015feklinde ah\u015fap bir kapa\u011fa sahiptir. Yumu\u015fak bej \u00f6rg\u00fcl\u00fc kordonu (\u00fcst\u00fcnde ah\u015fap bir boncuk bulunur) sayesinde araban\u0131z\u0131n dikiz aynas\u0131na kolayca tak\u0131labilir.<\/p>\n<h2>\u00dcr\u00fcn \u00d6zellikleri<\/h2>\n<ul>\n<li><strong>Kare \u015ei\u015fe:<\/strong> Mini kare \u015fekli, arac\u0131n\u0131zda daha az yer kaplamas\u0131n\u0131n yan\u0131 s\u0131ra, temiz geometrik hatlar\u0131 da g\u00f6ze ho\u015f geliyor.<\/li>\n<li><strong>Kare Ah\u015fap Dif\u00fcz\u00f6r Kapa\u011f\u0131:<\/strong> Kare \u015feklindeki ah\u015fap dif\u00fcz\u00f6r kapa\u011f\u0131, s\u0131zd\u0131rmazl\u0131k ve dif\u00fczyon i\u015flevlerini yerine getirir ve do\u011fal dokusu, arac\u0131n\u0131z\u0131n s\u0131cak atmosferine \u00e7ok iyi uyum sa\u011flar.<\/li>\n<li><strong>\u00d6rg\u00fcl\u00fc \u0130p Tasar\u0131m\u0131:<\/strong> Bej renkli \u00f6rg\u00fcl\u00fc kordon \u00fczerindeki ah\u015fap boncuklar, onu araban\u0131z\u0131n i\u00e7inde (\u00f6rne\u011fin dikiz aynas\u0131na) asman\u0131za olanak tan\u0131r.<\/li>\n<\/ul>\n<h2 style=\"text-align: left;\">Temel \u00d6zellikler<\/h2>\n<table class=\"aligncenter\" style=\"border-collapse: collapse; width: 454.52pt;\" border=\"0\" width=\"606\" cellspacing=\"0\" cellpadding=\"0\">\n<tbody>\n<tr style=\"height: 13.50pt;\">\n<td style=\"height: 13.50pt; width: 116.25pt;\" width=\"155\" height=\"18\">\u015eartname<\/td>\n<td style=\"width: 338.25pt;\" width=\"451\">Detaylar<\/td>\n<\/tr>\n<tr style=\"height: 13.50pt;\">\n<td style=\"height: 13.50pt;\" height=\"18\">Kapasite<\/td>\n<td>8 ml<\/td>\n<\/tr>\n<tr style=\"height: 13.50pt;\">\n<td style=\"height: 13.50pt;\" height=\"18\">Boyutlar<\/td>\n<td>27\u00d746 mm<\/td>\n<\/tr>\n<tr style=\"height: 13.50pt;\">\n<td style=\"height: 13.50pt;\" height=\"18\">Malzeme<\/td>\n<td>Sodyum-kalsiyum cam, ah\u015fap, pamuk ip<\/td>\n<\/tr>\n<tr style=\"height: 13.50pt;\">\n<td style=\"height: 13.50pt;\" height=\"18\">\u015ei\u015fe \u015eekli<\/td>\n<td>Minyat\u00fcr K\u00fcp<\/td>\n<\/tr>\n<tr style=\"height: 13.50pt;\">\n<td style=\"height: 13.50pt;\" height=\"18\">\u00d6zelle\u015ftirme Kapsam\u0131<\/td>\n<td>Renk, Boyut, \u015eekil, Y\u00fczey, Kapaklar<\/td>\n<\/tr>\n<tr style=\"height: 13.50pt;\">\n<td style=\"height: 13.50pt;\" height=\"18\">\u00dcr\u00fcn Amac\u0131<\/td>\n<td>Arabaya As\u0131labilen Dif\u00fcz\u00f6r \u015ei\u015feleri, Cam Dif\u00fcz\u00f6r \u015ei\u015feleri<\/td>\n<\/tr>\n<tr style=\"height: 13.50pt;\">\n<td style=\"height: 13.50pt;\" height=\"18\">Uygun Sekt\u00f6rler<\/td>\n<td>Otomotiv Aksesuarlar\u0131, Seyahat Malzemeleri<\/td>\n<\/tr>\n<\/tbody>\n<\/table>\n<h2>Ba\u015far\u0131 Hikayesi<\/h2>\n<p>8 ml&#039;lik as\u0131labilir ara\u00e7 i\u00e7i koku dif\u00fcz\u00f6r \u015fi\u015felerimiz, bir otomobil ya\u015fam tarz\u0131 markas\u0131 taraf\u0131ndan \u00f6nemli bir koku aksesuar\u0131 olarak se\u00e7ildi. Bu k\u00fcp \u015feklindeki \u015fi\u015fe, &#039;lik bir m\u00fc\u015fteri memnuniyeti oran\u0131 yakalad\u0131 ve abonelik kutular\u0131ndaki en \u00e7ok aranan \u00fcr\u00fcn oldu. \u015e\u0131k g\u00f6r\u00fcn\u00fcm\u00fc, sosyal medyada kutu a\u00e7\u0131l\u0131\u015f videolar\u0131n\u0131n payla\u015f\u0131m\u0131nda 0&#039;l\u00fck bir art\u0131\u015f sa\u011flad\u0131. Bu durum markay\u0131 o kadar memnun etti ki, iki y\u0131ll\u0131k bir tedarik sa\u011flamak i\u00e7in 500.000 \u015fi\u015felik yeni bir parti sipari\u015f verdiler.<\/p>\n<h2>Ara\u00e7 Hava Dif\u00fcz\u00f6r \u015ei\u015feleri \u00d6zelle\u015ftirme<\/h2>\n<ul>\n<li>Cam Renkleri ve Y\u00fczey \u0130\u015flemleri: \u015eeffaf, f\u00fcme veya hafif buzlu se\u00e7enekleri mevcuttur.<\/li>\n<li>\u0130p ve Boncuk \u00d6zelle\u015ftirme: \u0130pin rengini ve malzemesini, boncuklar\u0131n \u015feklini veya ah\u015fap t\u00fcr\u00fcn\u00fc de\u011fi\u015ftirmek m\u00fcmk\u00fcnd\u00fcr.<\/li>\n<li>Lazerle Kaz\u0131ma: Cam k\u00fcp\u00fcn veya ah\u015fap kapa\u011f\u0131n bir taraf\u0131na k\u00fc\u00e7\u00fck bir logo, desen veya ba\u015f harfler kaz\u0131y\u0131n.<\/li>\n<li>Kabartma: Ah\u015fap kapa\u011f\u0131n veya k\u00fcp\u00fcn alt\u0131na k\u00fc\u00e7\u00fck, kabartmal\u0131 bir rozet ekleyin.<\/li>\n<\/ul>","protected":false},"excerpt":{"rendered":"<p>Kare ah\u015fap kapakl\u0131 ve ipli k\u00fc\u00e7\u00fck araba hava dif\u00fcz\u00f6r \u015fi\u015feleri, aroma ya\u011flar\u0131 ve hediyeler i\u00e7in \u015f\u0131k as\u0131labilir araba dif\u00fcz\u00f6r \u015fi\u015feleri, \u00f6zel sipari\u015f hizmeti, OEM mevcuttur.<\/p>","protected":false},"featured_media":4851,"template":"","meta":{"postBodyCss":"","postBodyMargin":[],"postBodyPadding":[],"postBodyBackground":{"backgroundType":"classic","gradient":""}},"product_brand":[],"product_cat":[15,16,63],"product_tag":[],"class_list":{"0":"post-4849","1":"product","2":"type-product","3":"status-publish","4":"has-post-thumbnail","6":"product_cat-glass-containers","7":"product_cat-glass-bottles","8":"product_cat-reed-diffuser-bottles","10":"first","11":"instock","12":"shipping-taxable","13":"product-type-simple"},"jetpack_sharing_enabled":true,"_links":{"self":[{"href":"https:\/\/minghanggroup.com\/tr\/wp-json\/wp\/v2\/product\/4849","targetHints":{"allow":["GET"]}}],"collection":[{"href":"https:\/\/minghanggroup.com\/tr\/wp-json\/wp\/v2\/product"}],"about":[{"href":"https:\/\/minghanggroup.com\/tr\/wp-json\/wp\/v2\/types\/product"}],"wp:featuredmedia":[{"embeddable":true,"href":"https:\/\/minghanggroup.com\/tr\/wp-json\/wp\/v2\/media\/4851"}],"wp:attachment":[{"href":"https:\/\/minghanggroup.com\/tr\/wp-json\/wp\/v2\/media?parent=4849"}],"wp:term":[{"taxonomy":"product_brand","embeddable":true,"href":"https:\/\/minghanggroup.com\/tr\/wp-json\/wp\/v2\/product_brand?post=4849"},{"taxonomy":"product_cat","embeddable":true,"href":"https:\/\/minghanggroup.com\/tr\/wp-json\/wp\/v2\/product_cat?post=4849"},{"taxonomy":"product_tag","embeddable":true,"href":"https:\/\/minghanggroup.com\/tr\/wp-json\/wp\/v2\/product_tag?post=4849"}],"curies":[{"name":"wp","href":"https:\/\/api.w.org\/{rel}","templated":true}]}}