{"id":4819,"date":"2026-01-20T10:03:15","date_gmt":"2026-01-20T02:03:15","guid":{"rendered":"https:\/\/minghanggroup.com\/?post_type=product&#038;p=4819"},"modified":"2026-01-20T11:53:28","modified_gmt":"2026-01-20T03:53:28","slug":"empty-car-air-freshener-diffuser-bottles-bulk","status":"publish","type":"product","link":"https:\/\/minghanggroup.com\/tr\/urun\/empty-car-air-freshener-diffuser-bottles-bulk\/","title":{"rendered":"10 ml Bo\u015f Araba Hava Spreyi \u015ei\u015feleri (Toptan)"},"content":{"rendered":"<p>Bu araba hava parf\u00fcm\u00fc dif\u00fcz\u00f6r \u015fi\u015feleri soda-kire\u00e7 cam \u015fi\u015felerdir. Kompakt ve kubbe \u015feklinde olup, \u015fi\u015fenin \u00fczerinde do\u011fal ah\u015faptan yap\u0131lm\u0131\u015f k\u00fcresel bir kapak bulunur. \u0130pi de ince dokunmu\u015f ve parlak kristal boncuklarla s\u00fcslenmi\u015ftir, bu nedenle araban\u0131n dikiz aynas\u0131na kolayca tak\u0131labilir.<\/p>\n<h2>\u00dcr\u00fcn \u00d6zellikleri<\/h2>\n<ul>\n<li><strong>Do\u011fal Ah\u015fap K\u00fcresel Kapak:<\/strong> Wood k\u00fcresel kapa\u011f\u0131, s\u0131zd\u0131rmazl\u0131k ve dif\u00fczyon \u00f6zelliklerine sahiptir.<\/li>\n<li><strong>Kubbe \u015eeklinde \u015ei\u015fe:<\/strong> Mini kubbe \u015fekli, arac\u0131n i\u00e7 mekan\u0131na ferahl\u0131k katarken, hafif k\u0131vr\u0131mlar da olduk\u00e7a \u015f\u0131k bir g\u00f6r\u00fcn\u00fcm sa\u011fl\u0131yor.<\/li>\n<li><strong>Dekoratif Kordon Tasar\u0131m\u0131:<\/strong> Dokuma olan kristal boncuklarla birlikte tedarik edilecek ve bu da arac\u0131n i\u00e7 k\u0131sm\u0131na (\u00f6rne\u011fin dikiz aynas\u0131na) kolayca as\u0131labilece\u011fi anlam\u0131na geliyor.<\/li>\n<\/ul>\n<h2 style=\"text-align: left;\">Temel \u00d6zellikler<\/h2>\n<table class=\"aligncenter\" style=\"border-collapse: collapse; width: 443.27pt;\" border=\"0\" width=\"591\" cellspacing=\"0\" cellpadding=\"0\">\n<tbody>\n<tr style=\"height: 13.50pt;\">\n<td style=\"height: 13.50pt; width: 116.25pt;\" width=\"155\" height=\"18\">\u015eartname<\/td>\n<td style=\"width: 327.00pt;\" width=\"436\">Detaylar<\/td>\n<\/tr>\n<tr style=\"height: 13.50pt;\">\n<td style=\"height: 13.50pt;\" height=\"18\">Kapasite<\/td>\n<td>10 ml<\/td>\n<\/tr>\n<tr style=\"height: 13.50pt;\">\n<td style=\"height: 13.50pt;\" height=\"18\">Boyutlar<\/td>\n<td>54\u00d730mm<\/td>\n<\/tr>\n<tr style=\"height: 13.50pt;\">\n<td style=\"height: 13.50pt;\" height=\"18\">Malzeme<\/td>\n<td>Soda-kire\u00e7 cam\u0131, ah\u015fap, pamuk ip, kristal boncuk<\/td>\n<\/tr>\n<tr style=\"height: 13.50pt;\">\n<td style=\"height: 13.50pt;\" height=\"18\">\u015ei\u015fe \u015eekli<\/td>\n<td>K\u00fc\u00e7\u00fck \u00c7an \/ Kubbe<\/td>\n<\/tr>\n<tr style=\"height: 13.50pt;\">\n<td style=\"height: 13.50pt;\" height=\"18\">\u00d6zelle\u015ftirme Kapsam\u0131<\/td>\n<td>Renk, Kapaklar, \u015eekil, Boyut<\/td>\n<\/tr>\n<tr style=\"height: 13.50pt;\">\n<td style=\"height: 13.50pt;\" height=\"18\">\u0130\u015f\u00e7ilik<\/td>\n<td>Cam \u00dcfleme, A\u011fa\u00e7 Tornalama, \u0130p Montaj\u0131<\/td>\n<\/tr>\n<tr style=\"height: 13.50pt;\">\n<td style=\"height: 13.50pt;\" height=\"18\">Uygun Sekt\u00f6rler<\/td>\n<td>Otomotiv Aksesuarlar\u0131, Ya\u015fam Tarz\u0131 Markalar\u0131, Aromaterapi<\/td>\n<\/tr>\n<\/tbody>\n<\/table>\n<h2>Ba\u015far\u0131 \u00d6yk\u00fcs\u00fc: Bir Kore Otomobil Par\u00e7a Markas\u0131n\u0131n Gi\u015fe Rekorlar\u0131<\/h2>\n<p>Koreli bir otomotiv aksesuar markas\u0131, 10 ml&#039;lik ara\u00e7 i\u00e7i koku yay\u0131c\u0131 \u015fi\u015felerimizden b\u00fcy\u00fck miktarda sat\u0131n ald\u0131. M\u00fc\u015fteriler, \u00f6nceden tak\u0131lm\u0131\u015f dokuma kordonu \u00e7ok be\u011fendi; bu sadece zaman kazand\u0131rmakla kalmad\u0131, ayn\u0131 zamanda m\u00fc\u015fteri memnuniyetini de art\u0131rd\u0131. Ah\u015fap ve kristal boncuklar\u0131n birle\u015fimiyle \u00fcretilen \u00fcr\u00fcn, \u00e7ok \u00e7ekici bir hediye oldu ve bu da tatil sat\u0131\u015flar\u0131nda 0&#039;l\u00fck bir art\u0131\u015fa yol a\u00e7t\u0131. \u015eirket, \u00fcr\u00fcn\u00fcn ba\u015far\u0131s\u0131ndan \u00e7ok memnun kald\u0131 ve gelecek y\u0131la haz\u0131rl\u0131k olarak 800.000 \u015fi\u015felik ek bir sipari\u015f verdi.<\/p>\n<h2>Bo\u015f Ara\u00e7 Dif\u00fcz\u00f6r \u015ei\u015felerinin Ki\u015fiselle\u015ftirilmesi<\/h2>\n<ul>\n<li>Cam Y\u00fczeyleri ve Renkleri: \u015eeffaf ve f\u00fcme veya kehribar ve yumu\u015fak mat se\u00e7eneklerinden birini tercih edebilirsiniz.<\/li>\n<li>Ah\u015fap Kapak Se\u00e7enekleri: Kapak, bambu, sandal a\u011fac\u0131 veya ceviz gibi farkl\u0131 ah\u015fap t\u00fcrlerinden \u00fcretilmektedir.<\/li>\n<li>\u0130p ve Boncuk \u00d6zelle\u015ftirme: Kullanmak istedi\u011finiz rengi, ip malzemesini (pamuk, deri) ve boncuk t\u00fcr\u00fcn\u00fc (ta\u015f, metal, seramik) se\u00e7ebilirsiniz.<\/li>\n<li>Serigrafi Bask\u0131: Serigrafi bask\u0131 y\u00f6ntemiyle cam \u00fczerine basit tasar\u0131mlar\u0131n yan\u0131 s\u0131ra yaz\u0131lar da bas\u0131labilir.<\/li>\n<\/ul>","protected":false},"excerpt":{"rendered":"<p>Ah\u015fap kapakl\u0131 ve kristal kordonlu \u015f\u0131k bo\u015f araba dif\u00fcz\u00f6r \u015fi\u015feleri, u\u00e7ucu ya\u011flar i\u00e7in m\u00fckemmel araba hava temizleyici \u015fi\u015feleri, do\u011frudan fabrikadan.<\/p>","protected":false},"featured_media":4824,"template":"","meta":{"postBodyCss":"","postBodyMargin":[],"postBodyPadding":[],"postBodyBackground":{"backgroundType":"classic","gradient":""}},"product_brand":[],"product_cat":[15,16,63],"product_tag":[],"class_list":{"0":"post-4819","1":"product","2":"type-product","3":"status-publish","4":"has-post-thumbnail","6":"product_cat-glass-containers","7":"product_cat-glass-bottles","8":"product_cat-reed-diffuser-bottles","10":"first","11":"instock","12":"shipping-taxable","13":"product-type-simple"},"jetpack_sharing_enabled":true,"_links":{"self":[{"href":"https:\/\/minghanggroup.com\/tr\/wp-json\/wp\/v2\/product\/4819","targetHints":{"allow":["GET"]}}],"collection":[{"href":"https:\/\/minghanggroup.com\/tr\/wp-json\/wp\/v2\/product"}],"about":[{"href":"https:\/\/minghanggroup.com\/tr\/wp-json\/wp\/v2\/types\/product"}],"wp:featuredmedia":[{"embeddable":true,"href":"https:\/\/minghanggroup.com\/tr\/wp-json\/wp\/v2\/media\/4824"}],"wp:attachment":[{"href":"https:\/\/minghanggroup.com\/tr\/wp-json\/wp\/v2\/media?parent=4819"}],"wp:term":[{"taxonomy":"product_brand","embeddable":true,"href":"https:\/\/minghanggroup.com\/tr\/wp-json\/wp\/v2\/product_brand?post=4819"},{"taxonomy":"product_cat","embeddable":true,"href":"https:\/\/minghanggroup.com\/tr\/wp-json\/wp\/v2\/product_cat?post=4819"},{"taxonomy":"product_tag","embeddable":true,"href":"https:\/\/minghanggroup.com\/tr\/wp-json\/wp\/v2\/product_tag?post=4819"}],"curies":[{"name":"wp","href":"https:\/\/api.w.org\/{rel}","templated":true}]}}