{"id":4818,"date":"2026-01-20T10:49:49","date_gmt":"2026-01-20T02:49:49","guid":{"rendered":"https:\/\/minghanggroup.com\/?post_type=product&#038;p=4818"},"modified":"2026-01-20T15:36:48","modified_gmt":"2026-01-20T07:36:48","slug":"flat-oval-shape-bottles-for-diffusers-wholesale","status":"publish","type":"product","link":"https:\/\/minghanggroup.com\/tr\/urun\/flat-oval-shape-bottles-for-diffusers-wholesale\/","title":{"rendered":"100 ml ve 150 ml D\u00fcz Oval \u015eekilli Dif\u00fcz\u00f6r \u015ei\u015feleri Toptan Sat\u0131\u015f"},"content":{"rendered":"<p>Dif\u00fcz\u00f6r \u015fi\u015feleriniz sadece koku tutmakla kalmamal\u0131, ayn\u0131 zamanda kahve masan\u0131z\u0131n \u00fczerinde ipeksi bir \u0131\u015f\u0131k dans\u0131 yaratmal\u0131. 100 ml&#039;lik dif\u00fcz\u00f6r \u015fi\u015feleri toptanc\u0131s\u0131 olarak, u\u00e7ucu ya\u011f dif\u00fcz\u00f6r\u00fcn\u00fcz\u00fc odan\u0131n sessiz kalp at\u0131\u015f\u0131na d\u00f6n\u00fc\u015ft\u00fcren cam kam\u0131\u015fl\u0131 dif\u00fcz\u00f6rler \u00fcretiyoruz.<\/p>\n<h2>\u00dcr\u00fcn \u00d6zellikleri<\/h2>\n<ul>\n<li><strong>Oval I\u015f\u0131k K\u0131r\u0131lmas\u0131:<\/strong> D\u00fcz e\u011friler, \u0131\u015f\u0131\u011f\u0131 su dalgalar\u0131ndan \u00e7ok farkl\u0131 bir \u015fekilde da\u011f\u0131t\u0131r; evinizi dekore eden anl\u0131k bir sanat eseri gibidir, ho\u015f bir koku yayar.<\/li>\n<li><strong>G\u00fcvenli Metal Kapak:<\/strong> Do\u011fal rattan kam\u0131\u015flardan yap\u0131lm\u0131\u015f, sallanmayan ve d\u00f6k\u00fclmeyen bir \u00fcr\u00fcn.<\/li>\n<li><strong>Kristal Berrakl\u0131\u011f\u0131:<\/strong> \u015eeffaf cam sayesinde, kokulu u\u00e7ucu ya\u011flar\u0131n her tonunu bulan\u0131k filtreler olmadan g\u00f6rebilirsiniz.<\/li>\n<\/ul>\n<h2>Temel \u00d6zellikler<\/h2>\n<table style=\"border-collapse: collapse; width: 80%; margin-left: auto; margin-right: auto;\" border=\"0\" width=\"288\" cellspacing=\"0\" cellpadding=\"0\">\n<tbody>\n<tr style=\"height: 13.50pt;\">\n<td style=\"height: 13.5pt; width: 54pt; text-align: center;\" width=\"72\" height=\"18\">Boyut (ml)<\/td>\n<td style=\"width: 54pt; text-align: center;\" width=\"72\">\u00d6l\u00e7\u00fcler (mm)<\/td>\n<td style=\"width: 54pt; text-align: center;\" width=\"72\">Boyun \u00c7ap\u0131 (mm)<\/td>\n<td style=\"width: 54pt; text-align: center;\" width=\"72\">\u015eekil<\/td>\n<\/tr>\n<tr style=\"height: 13.50pt;\">\n<td style=\"height: 13.5pt; text-align: center;\" align=\"right\" height=\"18\">100<\/td>\n<td style=\"text-align: center;\">81 \u00d7 104<\/td>\n<td style=\"text-align: center;\">17\/28<\/td>\n<td class=\"et2\" style=\"text-align: center;\" rowspan=\"2\">D\u00fcz oval<\/td>\n<\/tr>\n<tr style=\"height: 13.50pt;\">\n<td style=\"height: 13.5pt; text-align: center;\" align=\"right\" height=\"18\">150<\/td>\n<td style=\"text-align: center;\">93 \u00d7 122<\/td>\n<td style=\"text-align: center;\">18\/27<\/td>\n<\/tr>\n<\/tbody>\n<\/table>\n<h2>Ba\u015far\u0131 \u00d6rne\u011fi<\/h2>\n<p>Avrupa merkezli bir ev kokusu markas\u0131, orta ve \u00fcst segmentteki perakende sat\u0131\u015f kanallar\u0131 i\u00e7in 100 ml&#039;lik bir dif\u00fcz\u00f6r \u015fi\u015fesini \u00f6zelle\u015ftirmek \u00fczere bizimle \u00e7al\u0131\u015fmaya karar verdi. Orijinal yuvarlak tasar\u0131m\u0131 koruyan m\u00fc\u015fteri, kokunun bozulmas\u0131n\u0131 yava\u015flatmak i\u00e7in kehribar rengi bir \u015fi\u015fe tasarlad\u0131 ve \u00fcr\u00fcne daha l\u00fcks bir dokunu\u015f katmak i\u00e7in ah\u015fap dif\u00fcz\u00f6r \u00e7ubuklar\u0131yla e\u015fle\u015ftirdi. Ayr\u0131ca, \u00f6zelle\u015ftirme amac\u0131yla \u015fi\u015feye \u00f6zg\u00fcn bir logo da serigrafi bask\u0131 y\u00f6ntemiyle uyguland\u0131.<\/p>\n<p>Piyasaya s\u00fcr\u00fclmesinin ard\u0131ndan, bu serinin yeniden sat\u0131n alma oran\u0131 \u00fc\u00e7 ay i\u00e7inde h\u0131zla artt\u0131 ve di\u011fer parf\u00fcm \u00fcr\u00fcnlerinin sat\u0131\u015flar\u0131 da bir \u00f6nceki y\u0131la g\u00f6re yakla\u015f\u0131k oran\u0131nda y\u00fckseldi.<\/p>\n<h2>\u00d6zelle\u015ftirme Se\u00e7enekleriniz<\/h2>\n<ol>\n<li><strong>\u015ei\u015fe Kapa\u011f\u0131 Ki\u015fiselle\u015ftirme Se\u00e7enekleri:<\/strong> \u015ei\u015fe kapaklar\u0131n\u0131z \u00e7e\u015fitli renklerde (alt\u0131n\/f\u00fcme\/\u015fampanya alt\u0131n\/g\u00fcm\u00fc\u015f) elektrolizle kaplanabilir veya mat metalik bir y\u00fczeyle tamamlanabilir; ah\u015fap kapaklar ise do\u011fal ah\u015fap dokusu, boyama veya lazerle i\u015flenmi\u015f marka logosu ile ki\u015fiselle\u015ftirilebilir.<\/li>\n<li><strong>Marka Kimli\u011fi Ki\u015fiselle\u015ftirme:<\/strong> \u015ei\u015fe g\u00f6vdesi, markan\u0131z\u0131n logosuyla serigrafi, ekran bask\u0131s\u0131, s\u0131cak bask\u0131 veya kabartma y\u00f6ntemleriyle s\u00fcslenebilir; hem mevzuata uygunluk hem de g\u00f6rsel \u00e7ekicilik a\u00e7\u0131s\u0131ndan \u00f6zel bir etiketleme alan\u0131 da mevcuttur.<\/li>\n<li><strong>Cam \u00dcretiminde Geli\u015ftirme:<\/strong> \u015ei\u015fe g\u00f6vdesi, daha \u00e7ekici bir g\u00f6r\u00fcn\u00fcm elde etmek i\u00e7in k\u0131smen kum p\u00fcsk\u00fcrtme i\u015flemine tabi tutulabilir, degrade p\u00fcsk\u00fcrtme yap\u0131labilir veya i\u00e7ten renklendirilebilir.<\/li>\n<\/ol>","protected":false},"excerpt":{"rendered":"<p>Sa\u011flam cam tasar\u0131ml\u0131 dif\u00fcz\u00f6r \u015fi\u015feleri. Fabrikadan do\u011frudan tedarik ve esnek toplu \u00f6zelle\u015ftirme se\u00e7enekleriyle 100 ml&#039;lik dif\u00fcz\u00f6r \u015fi\u015feleri toptan sat\u0131\u015f\u0131.<\/p>","protected":false},"featured_media":4823,"template":"","meta":{"postBodyCss":"","postBodyMargin":[],"postBodyPadding":[],"postBodyBackground":{"backgroundType":"classic","gradient":""}},"product_brand":[],"product_cat":[15,16,63],"product_tag":[],"class_list":{"0":"post-4818","1":"product","2":"type-product","3":"status-publish","4":"has-post-thumbnail","6":"product_cat-glass-containers","7":"product_cat-glass-bottles","8":"product_cat-reed-diffuser-bottles","10":"first","11":"instock","12":"shipping-taxable","13":"product-type-simple"},"jetpack_sharing_enabled":true,"_links":{"self":[{"href":"https:\/\/minghanggroup.com\/tr\/wp-json\/wp\/v2\/product\/4818","targetHints":{"allow":["GET"]}}],"collection":[{"href":"https:\/\/minghanggroup.com\/tr\/wp-json\/wp\/v2\/product"}],"about":[{"href":"https:\/\/minghanggroup.com\/tr\/wp-json\/wp\/v2\/types\/product"}],"wp:featuredmedia":[{"embeddable":true,"href":"https:\/\/minghanggroup.com\/tr\/wp-json\/wp\/v2\/media\/4823"}],"wp:attachment":[{"href":"https:\/\/minghanggroup.com\/tr\/wp-json\/wp\/v2\/media?parent=4818"}],"wp:term":[{"taxonomy":"product_brand","embeddable":true,"href":"https:\/\/minghanggroup.com\/tr\/wp-json\/wp\/v2\/product_brand?post=4818"},{"taxonomy":"product_cat","embeddable":true,"href":"https:\/\/minghanggroup.com\/tr\/wp-json\/wp\/v2\/product_cat?post=4818"},{"taxonomy":"product_tag","embeddable":true,"href":"https:\/\/minghanggroup.com\/tr\/wp-json\/wp\/v2\/product_tag?post=4818"}],"curies":[{"name":"wp","href":"https:\/\/api.w.org\/{rel}","templated":true}]}}