{"id":4808,"date":"2026-01-19T16:20:22","date_gmt":"2026-01-19T08:20:22","guid":{"rendered":"https:\/\/minghanggroup.com\/?post_type=product&#038;p=4808"},"modified":"2026-01-19T16:20:24","modified_gmt":"2026-01-19T08:20:24","slug":"octagonal-clear-reed-diffuser-glass-bottles-bulk","status":"publish","type":"product","link":"https:\/\/minghanggroup.com\/tr\/urun\/octagonal-clear-reed-diffuser-glass-bottles-bulk\/","title":{"rendered":"100 ml, 200 ml, 500 ml Sekizgen \u015eeffaf Kam\u0131\u015fl\u0131 Oda Kokusu Cam \u015ei\u015feleri (Toptan)"},"content":{"rendered":"<p>Dif\u00fcz\u00f6r \u015fi\u015feleriniz sadece kokuyu muhafaza etmekle kalmamal\u0131, ayn\u0131 zamanda modern bir heykel gibi \u0131\u015f\u0131\u011f\u0131 dans ettirmelidir. Cam kam\u0131\u015fl\u0131 dif\u00fcz\u00f6r \u00e7\u00f6z\u00fcmlerinde uzmanla\u015fm\u0131\u015f dif\u00fcz\u00f6r \u015fi\u015fesi tedarik\u00e7ileri olarak, u\u00e7ucu ya\u011f dif\u00fcz\u00f6r\u00fcn\u00fcz\u00fc odan\u0131n sessiz y\u0131ld\u0131z\u0131na d\u00f6n\u00fc\u015ft\u00fcren l\u00fcks dif\u00fcz\u00f6r \u015fi\u015feleri \u00fcretiyoruz.<\/p>\n<h2>\u00dcr\u00fcn \u00d6zellikleri<\/h2>\n<ul>\n<li><strong>Sekizgen Y\u00fczeyli Tasar\u0131m:<\/strong> D\u00fczenli ve simetrik yap\u0131n\u0131n sekizgen \u015fekli, yaln\u0131zca geometrik g\u00fczelli\u011fe katk\u0131da bulunmakla kalmaz, ayn\u0131 zamanda \u0131\u015f\u0131k k\u0131r\u0131lmas\u0131n\u0131 da art\u0131rarak daha g\u00f6z al\u0131c\u0131 ve benzersiz bir g\u00f6r\u00fcnt\u00fc ortaya \u00e7\u0131kar\u0131r.<\/li>\n<li><strong>Y\u00fcksek \u015eeffafl\u0131kta Cam Malzeme:<\/strong> Aromaterapi \u015fi\u015fesi, rengin ve s\u0131v\u0131 seviyesinin net bir \u015fekilde g\u00f6r\u00fclebilmesini sa\u011flayan y\u00fcksek \u015feffafl\u0131\u011fa sahip camdan yap\u0131lm\u0131\u015ft\u0131r ve bu da genel g\u00f6rsel \u00e7ekicili\u011fe katk\u0131da bulunur.<\/li>\n<li><strong>Sa\u011flam ve Kal\u0131nla\u015ft\u0131r\u0131lm\u0131\u015f Taban:<\/strong> Sa\u011flam bir tabana sahip olmas\u0131 sayesinde \u015fi\u015fenin kazara devrilme olas\u0131l\u0131\u011f\u0131 azal\u0131r, bu nedenle evinizde veya ticari bir ortamda y\u00fcksek bir yerde uzun s\u00fcre b\u0131rak\u0131labilir.<\/li>\n<\/ul>\n<h2>Temel \u00d6zellikler<\/h2>\n<table style=\"border-collapse: collapse; width: 80%; margin-left: auto; margin-right: auto;\" border=\"0\" width=\"288\" cellspacing=\"0\" cellpadding=\"0\">\n<tbody>\n<tr style=\"height: 13.50pt;\">\n<td style=\"height: 13.5pt; width: 54pt; text-align: center;\" width=\"72\" height=\"18\">Boyut (ml)<\/td>\n<td style=\"width: 54pt; text-align: center;\" width=\"72\">\u00d6l\u00e7\u00fcler (mm)<\/td>\n<td style=\"width: 54pt; text-align: center;\" width=\"72\">Boyun \u00c7ap\u0131 (mm)<\/td>\n<td style=\"width: 54pt; text-align: center;\" width=\"72\">\u015eekil<\/td>\n<\/tr>\n<tr style=\"height: 13.50pt;\">\n<td style=\"height: 13.5pt; text-align: center;\" align=\"right\" height=\"18\">100<\/td>\n<td style=\"text-align: center;\">84 \u00d7 100<\/td>\n<td style=\"text-align: center;\">17\/27<\/td>\n<td class=\"et2\" style=\"text-align: center;\" rowspan=\"3\">Sekizgen<\/td>\n<\/tr>\n<tr style=\"height: 13.50pt;\">\n<td style=\"height: 13.5pt; text-align: center;\" align=\"right\" height=\"18\">200<\/td>\n<td style=\"text-align: center;\">101 \u00d7 117<\/td>\n<td style=\"text-align: center;\">17\/27<\/td>\n<\/tr>\n<tr style=\"height: 13.50pt;\">\n<td style=\"height: 13.5pt; text-align: center;\" align=\"right\" height=\"18\">500<\/td>\n<td style=\"text-align: center;\">155 \u00d7 153<\/td>\n<td style=\"text-align: center;\">18\/27<\/td>\n<\/tr>\n<\/tbody>\n<\/table>\n<h2>Ba\u015far\u0131 \u00d6rne\u011fi<\/h2>\n<p>Ev kokular\u0131 ve otel aromaterapi \u00e7\u00f6z\u00fcmleri konusunda uzmanla\u015fm\u0131\u015f bir marka \u015firketi, sekizgen cam dif\u00fcz\u00f6r \u015fi\u015fesinin tasar\u0131m\u0131nda bizimle i\u015f birli\u011fi yapmaya karar verdi. M\u00fc\u015fteri, y\u00fcksek \u015feffafl\u0131\u011fa sahip cam\u0131 se\u00e7ti, elektrolizle kaplanm\u0131\u015f metal bir \u015fi\u015fe boynu tasarlad\u0131 ve \u00f6zel formatta siyah fiber kam\u0131\u015f se\u00e7erek \u015feffaf camla g\u00fc\u00e7l\u00fc bir g\u00f6rsel kontrast yaratt\u0131.<\/p>\n<p>\u00dcr\u00fcn lansman\u0131n\u0131n ard\u0131ndan, ilk sat\u0131\u015f \u00e7eyre\u011finde toplam sat\u0131\u015f hacmi yakla\u015f\u0131k oran\u0131nda artarak markan\u0131n toplu al\u0131m pazar\u0131ndaki rekabet g\u00fcc\u00fcn\u00fc y\u00fckseltti.<\/p>\n<h2>\u00d6zelle\u015ftirme Se\u00e7enekleriniz<\/h2>\n<ol>\n<li><strong>Cam rengi ve i\u00e7 kaplama i\u015flemi:<\/strong> \u00dcr\u00fcn, dekoratif g\u00f6r\u00fcn\u00fcm ve koku s\u0131v\u0131s\u0131n\u0131n \u0131\u015f\u0131ktan korunmas\u0131 aras\u0131nda denge sa\u011flayan \u015feffaf, a\u00e7\u0131k dumanl\u0131 gri, kehribar veya i\u00e7ten kaplamal\u0131 yar\u0131 saydam bir renkte mevcuttur.<\/li>\n<li><strong>Kam\u0131\u015f ve dif\u00fcz\u00f6r bile\u015fenlerinde iyile\u015ftirmeler: <\/strong>Se\u00e7enekler aras\u0131nda do\u011fal rattan kam\u0131\u015flar, elyaf kam\u0131\u015flar veya \u00f6zel uzunluk\/\u00e7apta kam\u0131\u015flar bulunur ve boyanm\u0131\u015f veya benzersiz \u015fekilli kam\u0131\u015f tasar\u0131mlar\u0131n\u0131 destekler.<\/li>\n<li><strong>Markaya \u00f6zel, ki\u015fiselle\u015ftirilmi\u015f kimlik tasar\u0131m\u0131:<\/strong> \u015ei\u015fe g\u00f6vdesine serigrafi bask\u0131, s\u0131cak damgalama ve kabartma logolar\u0131n yan\u0131 s\u0131ra \u015fi\u015fe taban\u0131na kaz\u0131nm\u0131\u015f kodlar veya sahtecili\u011fe kar\u015f\u0131 koruma i\u015faretleri de desteklenerek, marka ayr\u0131cal\u0131\u011f\u0131 daha y\u00fcksek bir seviyeye \u00e7\u0131kar\u0131l\u0131yor.<\/li>\n<\/ol>","protected":false},"excerpt":{"rendered":"<p>Bu dif\u00fcz\u00f6r cam \u015fi\u015feler, benzersiz sekizgen bir tasar\u0131ma sahiptir. Dif\u00fcz\u00f6r \u015fi\u015fe tedarik\u00e7isi olarak, do\u011frudan fabrika sat\u0131\u015flar\u0131 sunuyoruz ve toplu sipari\u015flerde \u00f6zelle\u015ftirmeyi destekliyoruz.<\/p>","protected":false},"featured_media":4816,"template":"","meta":{"postBodyCss":"","postBodyMargin":[],"postBodyPadding":[],"postBodyBackground":{"backgroundType":"classic","gradient":""}},"product_brand":[],"product_cat":[15,16,63],"product_tag":[],"class_list":{"0":"post-4808","1":"product","2":"type-product","3":"status-publish","4":"has-post-thumbnail","6":"product_cat-glass-containers","7":"product_cat-glass-bottles","8":"product_cat-reed-diffuser-bottles","10":"first","11":"instock","12":"shipping-taxable","13":"product-type-simple"},"jetpack_sharing_enabled":true,"_links":{"self":[{"href":"https:\/\/minghanggroup.com\/tr\/wp-json\/wp\/v2\/product\/4808","targetHints":{"allow":["GET"]}}],"collection":[{"href":"https:\/\/minghanggroup.com\/tr\/wp-json\/wp\/v2\/product"}],"about":[{"href":"https:\/\/minghanggroup.com\/tr\/wp-json\/wp\/v2\/types\/product"}],"wp:featuredmedia":[{"embeddable":true,"href":"https:\/\/minghanggroup.com\/tr\/wp-json\/wp\/v2\/media\/4816"}],"wp:attachment":[{"href":"https:\/\/minghanggroup.com\/tr\/wp-json\/wp\/v2\/media?parent=4808"}],"wp:term":[{"taxonomy":"product_brand","embeddable":true,"href":"https:\/\/minghanggroup.com\/tr\/wp-json\/wp\/v2\/product_brand?post=4808"},{"taxonomy":"product_cat","embeddable":true,"href":"https:\/\/minghanggroup.com\/tr\/wp-json\/wp\/v2\/product_cat?post=4808"},{"taxonomy":"product_tag","embeddable":true,"href":"https:\/\/minghanggroup.com\/tr\/wp-json\/wp\/v2\/product_tag?post=4808"}],"curies":[{"name":"wp","href":"https:\/\/api.w.org\/{rel}","templated":true}]}}