{"id":4803,"date":"2026-01-19T13:45:58","date_gmt":"2026-01-19T05:45:58","guid":{"rendered":"https:\/\/minghanggroup.com\/?post_type=product&#038;p=4803"},"modified":"2026-01-19T14:33:16","modified_gmt":"2026-01-19T06:33:16","slug":"square-crystal-reed-diffuser-glass-jars-wholesale","status":"publish","type":"product","link":"https:\/\/minghanggroup.com\/tr\/urun\/square-crystal-reed-diffuser-glass-jars-wholesale\/","title":{"rendered":"100 ml Kare Kristal Kam\u0131\u015fl\u0131 Oda Kokusu Cam Kavanozlar\u0131 Toptan Sat\u0131\u015f"},"content":{"rendered":"<p>Dif\u00fcz\u00f6r cam kavanozu, \u015feffaf ve kaliteli kristal camdan \u00fcretilmi\u015ftir. Zarif kare \u015fekli, enfes kesim desenleri ve geni\u015f, p\u00fcr\u00fczs\u00fcz boynuyla kam\u0131\u015fl\u0131 dif\u00fcz\u00f6r, m\u00fckemmel bir uyum sa\u011flar.<\/p>\n<h2>\u00dcr\u00fcn \u00d6zellikleri<\/h2>\n<ul>\n<li><strong>\u00dc\u00e7gen Kesimli \u015ei\u015fe:<\/strong> \u015ei\u015fenin tamam\u0131na uygulanan \u00fc\u00e7gen kesim deseni, \u0131\u015f\u0131k\/g\u00f6lge optik efekti ve l\u00fcks, m\u00fccevher benzeri bir his yarat\u0131yor.<\/li>\n<li><strong>Kare\/Dikd\u00f6rtgen \u015ei\u015fe:<\/strong> Sade kare tasar\u0131m\u0131, ola\u011fan\u00fcst\u00fc bir denge ve etkileyici bir mimari g\u00f6r\u00fcn\u00fcm sunar.<\/li>\n<li><strong>Geni\u015f A\u011f\u0131zl\u0131 Tasar\u0131m:<\/strong> Geni\u015f a\u011f\u0131zl\u0131 tasar\u0131m, dif\u00fcz\u00f6r \u00e7ubuklar\u0131 ve di\u011fer aksesuarlar\u0131n kolayca tak\u0131lmas\u0131n\u0131 sa\u011flar ve i\u015flevsellik ile estetik uyumu dengeler.<\/li>\n<\/ul>\n<h2 style=\"text-align: left;\">Temel \u00d6zellikler<\/h2>\n<table class=\"aligncenter\" style=\"border-collapse: collapse; width: 426.02pt;\" border=\"0\" width=\"568\" cellspacing=\"0\" cellpadding=\"0\">\n<tbody>\n<tr style=\"height: 13.50pt;\">\n<td style=\"height: 13.50pt; width: 119.25pt;\" width=\"159\" height=\"18\">\u015eartname<\/td>\n<td style=\"width: 306.75pt;\" width=\"409\">Detaylar<\/td>\n<\/tr>\n<tr style=\"height: 13.50pt;\">\n<td style=\"height: 13.50pt;\" height=\"18\">Kapasite<\/td>\n<td>100 ml<\/td>\n<\/tr>\n<tr style=\"height: 13.50pt;\">\n<td style=\"height: 13.50pt;\" height=\"18\">Boyutlar<\/td>\n<td>54\u00d754\u00d788 mm<\/td>\n<\/tr>\n<tr style=\"height: 13.50pt;\">\n<td style=\"height: 13.50pt;\" height=\"18\">\u0130\u00e7\/D\u0131\u015f Boyun \u00c7ap\u0131<\/td>\n<td>19 mm \/ 30 mm<\/td>\n<\/tr>\n<tr style=\"height: 13.50pt;\">\n<td style=\"height: 13.50pt;\" height=\"18\">\u015ei\u015fe \u015eekli<\/td>\n<td>\u00dc\u00e7gen Kesimli Dokuya Sahip Kare Prizma<\/td>\n<\/tr>\n<tr style=\"height: 13.50pt;\">\n<td style=\"height: 13.50pt;\" height=\"18\">\u00d6zelle\u015ftirme Kapsam\u0131<\/td>\n<td>Renk, Kesim Deseni, Kapaklar, \u015eekil<\/td>\n<\/tr>\n<tr style=\"height: 13.50pt;\">\n<td style=\"height: 13.50pt;\" height=\"18\">\u0130\u015f\u00e7ilik<\/td>\n<td>Dokulu Kal\u0131pla Preslenmi\u015f Cam<\/td>\n<\/tr>\n<tr style=\"height: 13.50pt;\">\n<td style=\"height: 13.50pt;\" height=\"18\">\u00dcr\u00fcn Amac\u0131<\/td>\n<td>Dekoratif Dif\u00fcz\u00f6r \u015ei\u015feleri, Kam\u0131\u015fl\u0131 Dif\u00fcz\u00f6r \u015ei\u015feleri<\/td>\n<\/tr>\n<tr style=\"height: 13.50pt;\">\n<td style=\"height: 13.50pt;\" height=\"18\">Uygun Sekt\u00f6rler<\/td>\n<td>L\u00fcks Ev Kokular\u0131, Otel S\u00fcitleri<\/td>\n<\/tr>\n<\/tbody>\n<\/table>\n<h2>Ba\u015far\u0131 \u00d6yk\u00fcs\u00fc: Japon Ya\u015fam Tarz\u0131 Markas\u0131 \u00d6d\u00fcll\u00fc Tasar\u0131m<\/h2>\n<p>Bu 100 ml&#039;lik kristal kam\u0131\u015fl\u0131 oda kokusu \u015fi\u015fesi, be\u015f y\u0131ld\u0131zl\u0131 bir otel grubu taraf\u0131ndan s\u00fcitlerinde kullan\u0131lmak \u00fczere se\u00e7ildi. M\u00fckemmel kesim cam deseni, maliyetine &#039;l\u0131k bir katk\u0131 sa\u011flad\u0131 ve ortakl\u0131klar\u0131n\u0131n sembolik bir \u00f6zelli\u011fi oldu. Kristal cam, oda temizli\u011fi ve misafir y\u00f6netimi oran\u0131na ,8 oran\u0131nda dayanabildi. Bu durum oteli o kadar memnun etti ki, t\u00fcm zincire tedarik sa\u011flamak \u00fczere \u00e7ok y\u0131ll\u0131k bir sipari\u015f kapsam\u0131nda 500.000 \u015fi\u015felik bir sipari\u015f daha verdiler.<\/p>\n<h2>Dif\u00fcz\u00f6r Cam Kavanozlar\u0131n\u0131n Ki\u015fiselle\u015ftirilmesi<\/h2>\n<ul>\n<li>Renk ve \u015eeffafl\u0131k: Kehribar, koyu kobalt mavisi gibi derin renklere sahip camlar kullanabilir veya \u015feffaf, koyu renkli cam kullanarak m\u00fccevher etkisi yaratabilirsiniz.<\/li>\n<li>Desen \u00e7e\u015fitlili\u011fi: Elmas, piramit veya y\u0131ld\u0131z kesimleri gibi alternatif geometrik desenler sunun.<\/li>\n<li>Lazerle Grav\u00fcr: \u015ei\u015fenin taban\u0131n\u0131n kesilmemi\u015f kenarlar\u0131na k\u00fc\u00e7\u00fck bir monogram veya logo ekleyin.<\/li>\n<li>Vitray Taban: Bu, \u015feffaf kesilmi\u015f y\u00fczeyin alt\u0131na renkli cam tabakas\u0131n\u0131n uyguland\u0131\u011f\u0131 iki tonlu bir tekniktir.<\/li>\n<\/ul>","protected":false},"excerpt":{"rendered":"<p>Zarif, vintage kesim dokulu kristal kam\u0131\u015fl\u0131 oda kokusu \u015fi\u015fesi, \u00fcst d\u00fczey ev kokular\u0131 ve dekorasyonu i\u00e7in idealdir, dayan\u0131kl\u0131 oda kokusu cam kavanoz tasar\u0131m\u0131, do\u011frudan fabrikadan.<\/p>","protected":false},"featured_media":4809,"template":"","meta":{"postBodyCss":"","postBodyMargin":[],"postBodyPadding":[],"postBodyBackground":{"backgroundType":"classic","gradient":""}},"product_brand":[],"product_cat":[15,16,63],"product_tag":[],"class_list":{"0":"post-4803","1":"product","2":"type-product","3":"status-publish","4":"has-post-thumbnail","6":"product_cat-glass-containers","7":"product_cat-glass-bottles","8":"product_cat-reed-diffuser-bottles","10":"first","11":"instock","12":"shipping-taxable","13":"product-type-simple"},"jetpack_sharing_enabled":true,"_links":{"self":[{"href":"https:\/\/minghanggroup.com\/tr\/wp-json\/wp\/v2\/product\/4803","targetHints":{"allow":["GET"]}}],"collection":[{"href":"https:\/\/minghanggroup.com\/tr\/wp-json\/wp\/v2\/product"}],"about":[{"href":"https:\/\/minghanggroup.com\/tr\/wp-json\/wp\/v2\/types\/product"}],"wp:featuredmedia":[{"embeddable":true,"href":"https:\/\/minghanggroup.com\/tr\/wp-json\/wp\/v2\/media\/4809"}],"wp:attachment":[{"href":"https:\/\/minghanggroup.com\/tr\/wp-json\/wp\/v2\/media?parent=4803"}],"wp:term":[{"taxonomy":"product_brand","embeddable":true,"href":"https:\/\/minghanggroup.com\/tr\/wp-json\/wp\/v2\/product_brand?post=4803"},{"taxonomy":"product_cat","embeddable":true,"href":"https:\/\/minghanggroup.com\/tr\/wp-json\/wp\/v2\/product_cat?post=4803"},{"taxonomy":"product_tag","embeddable":true,"href":"https:\/\/minghanggroup.com\/tr\/wp-json\/wp\/v2\/product_tag?post=4803"}],"curies":[{"name":"wp","href":"https:\/\/api.w.org\/{rel}","templated":true}]}}