{"id":4789,"date":"2026-01-19T16:21:28","date_gmt":"2026-01-19T08:21:28","guid":{"rendered":"https:\/\/minghanggroup.com\/?post_type=product&#038;p=4789"},"modified":"2026-01-19T16:45:02","modified_gmt":"2026-01-19T08:45:02","slug":"tree-shaped-beautiful-diffuser-bottles-for-decorative-bulk","status":"publish","type":"product","link":"https:\/\/minghanggroup.com\/tr\/urun\/tree-shaped-beautiful-diffuser-bottles-for-decorative-bulk\/","title":{"rendered":"80 ml ve 98 ml A\u011fa\u00e7 \u015eeklinde G\u00fczel Dekoratif Dif\u00fcz\u00f6r \u015ei\u015feleri (Toptan Sat\u0131\u015f)"},"content":{"rendered":"<p>G\u00fczel dif\u00fcz\u00f6r \u015fi\u015feleriniz sadece koku tutmakla kalmamal\u0131, ayn\u0131 zamanda orman esintisi gibi \u0131\u015f\u0131\u011f\u0131n dans etmesini sa\u011flamal\u0131d\u0131r. Dekoratif kam\u0131\u015f dif\u00fcz\u00f6r \u015fi\u015feleri konusunda uzman olarak, u\u00e7ucu ya\u011f dif\u00fcz\u00f6r\u00fcn\u00fcz\u00fc odan\u0131n sessiz bir ba\u015fyap\u0131t\u0131na d\u00f6n\u00fc\u015ft\u00fcren cam dif\u00fcz\u00f6r \u015fi\u015feleri \u00fcretiyoruz.<\/p>\n<h2>\u00dcr\u00fcn \u00d6zellikleri<\/h2>\n<ul>\n<li><strong>Organik A\u011fa\u00e7 Sil\u00fceti:<\/strong> Dal \u015feklindeki k\u0131vr\u0131mlar, ger\u00e7ek ah\u015fap gibi \u0131\u015f\u0131\u011f\u0131 yans\u0131tarak evinizin kokusunu an\u0131nda bir sanat eserine d\u00f6n\u00fc\u015ft\u00fcr\u00fcyor.<\/li>\n<li><strong>\u00c7ift Ama\u00e7l\u0131, \u00c7ok Y\u00f6nl\u00fc Kullan\u0131m:<\/strong> \u0130ster cam t\u0131pa, ister do\u011fal rattan kam\u0131\u015flar olsun, dif\u00fcz\u00f6r\u00fcn\u00fcz\u00fcn ambalaj\u0131 an\u0131nda uyarlanabilir.<\/li>\n<li><strong>Sa\u011flam A\u011fa\u00e7 Taban\u0131:<\/strong> Mermer masalarda sallanma olmaz. Cam dif\u00fcz\u00f6r \u015fi\u015feniz sa\u011flam ve dokunuldu\u011funda l\u00fcks bir his veriyor.<\/li>\n<\/ul>\n<h2>Temel \u00d6zellikler<\/h2>\n<table style=\"border-collapse: collapse; width: 80%; margin-left: auto; margin-right: auto;\" border=\"0\" width=\"288\" cellspacing=\"0\" cellpadding=\"0\">\n<tbody>\n<tr style=\"height: 13.50pt;\">\n<td style=\"height: 13.5pt; width: 54pt; text-align: center;\" width=\"72\" height=\"18\">Boyut (ml)<\/td>\n<td style=\"width: 54pt; text-align: center;\" width=\"72\">\u00d6l\u00e7\u00fcler (mm)<\/td>\n<td style=\"width: 54pt; text-align: center;\" width=\"72\">Boyun \u00c7ap\u0131 (mm)<\/td>\n<td style=\"width: 54pt; text-align: center;\" width=\"72\">\u015eekil<\/td>\n<\/tr>\n<tr style=\"height: 13.50pt;\">\n<td style=\"height: 13.5pt; text-align: center;\" align=\"right\" height=\"18\">80<\/td>\n<td style=\"text-align: center;\">66 \u00d7 108<\/td>\n<td style=\"text-align: center;\">15\/24<\/td>\n<td class=\"et2\" style=\"text-align: center;\" rowspan=\"2\">A\u011fa\u00e7 silueti<\/td>\n<\/tr>\n<tr style=\"height: 13.50pt;\">\n<td style=\"height: 13.5pt; text-align: center;\" align=\"right\" height=\"18\">98<\/td>\n<td style=\"text-align: center;\">66 \u00d7 101<\/td>\n<td style=\"text-align: center;\">15\/25<\/td>\n<\/tr>\n<\/tbody>\n<\/table>\n<h2>Ba\u015far\u0131 \u00d6rne\u011fi<\/h2>\n<p>Hediye odakl\u0131 ev kokular\u0131 markas\u0131, s\u0131n\u0131rl\u0131 say\u0131da \u00fcretilen y\u0131lba\u015f\u0131 koleksiyonu i\u00e7in bu a\u011fa\u00e7 \u015feklindeki cam dif\u00fcz\u00f6r \u015fi\u015fesini ki\u015fiselle\u015ftirmek \u00fczere bizimle i\u015f birli\u011fi yapt\u0131. Noel temal\u0131 ambalaj i\u00e7in m\u00fc\u015fteri, \u00f6zel yap\u0131m ye\u015fil cam\u0131 tercih etti. Marka logosunun i\u015flendi\u011fi \u015fi\u015fe, alt\u0131n detaylarla da s\u00fcslendi.<\/p>\n<p>\u00dcr\u00fcn\u00fcn piyasaya s\u00fcr\u00fclmesinin ard\u0131ndan, ilk \u00e7eyrekte sat\u0131\u015flar yakla\u015f\u0131k oran\u0131nda artarak markan\u0131n dekoratif koku pazar\u0131ndaki konumunu \u00f6nemli \u00f6l\u00e7\u00fcde g\u00fc\u00e7lendirdi.<\/p>\n<h2>\u00d6zelle\u015ftirme Se\u00e7enekleriniz<\/h2>\n<ol>\n<li><strong>Cam Rengi ve Y\u00fczey \u0130\u015flemi:<\/strong> \u015eeffafl\u0131k seviyesine ba\u011fl\u0131 olarak, dekoratif g\u00f6r\u00fcn\u00fcm\u00fc iyile\u015ftirmek ve mekanda belirli bir atmosfer yaratmak i\u00e7in degrade renkler, i\u00e7 mekan \u0131\u015f\u0131k tonlamas\u0131 veya belirli alanlara \u00f6zg\u00fc buzlu efektler gibi \u00e7e\u015fitli se\u00e7enekler aras\u0131ndan se\u00e7im yapabilirsiniz.<\/li>\n<li><strong>Daha \u00dcst D\u00fczey Dekoratif Aksesuarlar:<\/strong> \u00d6zel yap\u0131m has\u0131r par\u00e7alarla (d\u00fcz, spiral veya \u00e7i\u00e7ek desenli olabilir) veya s\u0131ra d\u0131\u015f\u0131 bir cam kapakla birle\u015fti\u011finde, bu \u00f6zellikler \u00fcr\u00fcn\u00fcn hediye olarak \u00e7ekicili\u011fini ve g\u00f6rsel etkisini art\u0131r\u0131r.<\/li>\n<li><strong>Kapasite ve Set Kombinasyonlar\u0131:<\/strong> \u00dcr\u00fcn \u00e7e\u015fitli kapasite boyutlar\u0131nda sunulmaktad\u0131r ve hediye setleri veya koku setleri halinde birle\u015ftirilebilir; bu da tatiller, oteller veya \u00f6zel projeler i\u00e7in idealdir.<\/li>\n<\/ol>","protected":false},"excerpt":{"rendered":"<p>Dekoratif kam\u0131\u015fl\u0131 dif\u00fcz\u00f6r \u015fi\u015feleri olarak tasarlanm\u0131\u015f g\u00fczel dif\u00fcz\u00f6r \u015fi\u015feleri. Markalar\u0131n\u0131z i\u00e7in toplu \u00f6zelle\u015ftirme ve h\u0131zl\u0131 kargo ile do\u011frudan fabrika tedari\u011fi.<\/p>","protected":false},"featured_media":4807,"template":"","meta":{"postBodyCss":"","postBodyMargin":[],"postBodyPadding":[],"postBodyBackground":{"backgroundType":"classic","gradient":""}},"product_brand":[],"product_cat":[15,16,63],"product_tag":[],"class_list":{"0":"post-4789","1":"product","2":"type-product","3":"status-publish","4":"has-post-thumbnail","6":"product_cat-glass-containers","7":"product_cat-glass-bottles","8":"product_cat-reed-diffuser-bottles","10":"first","11":"instock","12":"shipping-taxable","13":"product-type-simple"},"jetpack_sharing_enabled":true,"_links":{"self":[{"href":"https:\/\/minghanggroup.com\/tr\/wp-json\/wp\/v2\/product\/4789","targetHints":{"allow":["GET"]}}],"collection":[{"href":"https:\/\/minghanggroup.com\/tr\/wp-json\/wp\/v2\/product"}],"about":[{"href":"https:\/\/minghanggroup.com\/tr\/wp-json\/wp\/v2\/types\/product"}],"wp:featuredmedia":[{"embeddable":true,"href":"https:\/\/minghanggroup.com\/tr\/wp-json\/wp\/v2\/media\/4807"}],"wp:attachment":[{"href":"https:\/\/minghanggroup.com\/tr\/wp-json\/wp\/v2\/media?parent=4789"}],"wp:term":[{"taxonomy":"product_brand","embeddable":true,"href":"https:\/\/minghanggroup.com\/tr\/wp-json\/wp\/v2\/product_brand?post=4789"},{"taxonomy":"product_cat","embeddable":true,"href":"https:\/\/minghanggroup.com\/tr\/wp-json\/wp\/v2\/product_cat?post=4789"},{"taxonomy":"product_tag","embeddable":true,"href":"https:\/\/minghanggroup.com\/tr\/wp-json\/wp\/v2\/product_tag?post=4789"}],"curies":[{"name":"wp","href":"https:\/\/api.w.org\/{rel}","templated":true}]}}