{"id":4784,"date":"2026-01-19T12:00:19","date_gmt":"2026-01-19T04:00:19","guid":{"rendered":"https:\/\/minghanggroup.com\/?post_type=product&#038;p=4784"},"modified":"2026-01-19T13:44:15","modified_gmt":"2026-01-19T05:44:15","slug":"100ml-clear-flat-round-diffuser-bottles-wholesale","status":"publish","type":"product","link":"https:\/\/minghanggroup.com\/tr\/urun\/100ml-clear-flat-round-diffuser-bottles-wholesale\/","title":{"rendered":"100 ml \u015eeffaf D\u00fcz Yuvarlak Dif\u00fcz\u00f6r \u015ei\u015feleri Toptan Sat\u0131\u015f"},"content":{"rendered":"<p>Bu yuvarlak dif\u00fcz\u00f6r \u015fi\u015feleri geni\u015f, d\u00fcz oval \u015fekildedir, soda-kire\u00e7 cam\u0131ndan yap\u0131lm\u0131\u015ft\u0131r ve boyun k\u0131sm\u0131 dif\u00fcz\u00f6r \u00e7ubu\u011funa uyacak \u015fekilde incedir.<\/p>\n<h2>\u00dcr\u00fcn \u00d6zellikleri<\/h2>\n<ul>\n<li><strong>Uzunlamas\u0131na d\u00fcz oval \u015fekil:<\/strong> Sa\u011flam ve \u015fekillendirilmi\u015f bir forma sahip olup, modern raf tasar\u0131mlar\u0131na uygun geni\u015f ve al\u00e7ak bir tasar\u0131mla \u00fcretilmi\u015ftir.<\/li>\n<li><strong>\u0130nce boyun:<\/strong> \u0130nce boyun k\u0131sm\u0131 dif\u00fcz\u00f6r \u00e7ubu\u011funu ve di\u011fer aksesuarlar\u0131 tutar ve d\u00fcz yuvarlak g\u00f6vdeyle tezat olu\u015fturarak tasar\u0131ma daha sofistike bir hava katar.<\/li>\n<li><strong>200 ml&#039;lik geni\u015f kapasite:<\/strong> 200 ml&#039;lik kapasite, ince bir profille geni\u015f bir kapasite sunan, ak\u0131ll\u0131ca tasarlanm\u0131\u015f d\u00fcz \u015fi\u015fe boyutuna entegre edilmi\u015ftir.<\/li>\n<\/ul>\n<h2 style=\"text-align: left;\">Temel \u00d6zellikler<\/h2>\n<table class=\"aligncenter\" style=\"border-collapse: collapse; width: 426.02pt;\" border=\"0\" width=\"568\" cellspacing=\"0\" cellpadding=\"0\">\n<tbody>\n<tr style=\"height: 13.50pt;\">\n<td style=\"height: 13.50pt; width: 119.25pt;\" width=\"159\" height=\"18\">\u015eartname<\/td>\n<td style=\"width: 306.75pt;\" width=\"409\">Detaylar<\/td>\n<\/tr>\n<tr style=\"height: 13.50pt;\">\n<td style=\"height: 13.50pt;\" height=\"18\">Kapasite<\/td>\n<td>100 ml<\/td>\n<\/tr>\n<tr style=\"height: 13.50pt;\">\n<td style=\"height: 13.50pt;\" height=\"18\">Boyutlar<\/td>\n<td>125\u00d736\u00d7109 mm<\/td>\n<\/tr>\n<tr style=\"height: 13.50pt;\">\n<td style=\"height: 13.50pt;\" height=\"18\">\u0130\u00e7\/D\u0131\u015f Boyun \u00c7ap\u0131<\/td>\n<td>12 mm \/ 23 mm<\/td>\n<\/tr>\n<tr style=\"height: 13.50pt;\">\n<td style=\"height: 13.50pt;\" height=\"18\">Malzeme<\/td>\n<td>Soda-Kire\u00e7 Cam\u0131<\/td>\n<\/tr>\n<tr style=\"height: 13.50pt;\">\n<td style=\"height: 13.50pt;\" height=\"18\">\u015ei\u015fe \u015eekli<\/td>\n<td>D\u00fcz, Yatay Olarak Uzun Oval<\/td>\n<\/tr>\n<tr style=\"height: 13.50pt;\">\n<td style=\"height: 13.50pt;\" height=\"18\">\u00d6zelle\u015ftirme Kapsam\u0131<\/td>\n<td>Renk, Y\u00fczey, Boyut, Grav\u00fcr<\/td>\n<\/tr>\n<tr style=\"height: 13.50pt;\">\n<td style=\"height: 13.50pt;\" height=\"18\">\u0130\u015f\u00e7ilik<\/td>\n<td>D\u00fcz Oval Cam Kal\u0131p<\/td>\n<\/tr>\n<tr style=\"height: 13.50pt;\">\n<td style=\"height: 13.50pt;\" height=\"18\">\u00dcr\u00fcn Amac\u0131<\/td>\n<td>Yuvarlak Dif\u00fcz\u00f6r \u015ei\u015feleri, Toplu Dif\u00fcz\u00f6r \u015ei\u015feleri<\/td>\n<\/tr>\n<tr style=\"height: 13.50pt;\">\n<td style=\"height: 13.50pt;\" height=\"18\">Uygun Sekt\u00f6rler<\/td>\n<td>\u00c7a\u011fda\u015f Ev Kokusu Markalar\u0131, \u0130\u00e7 Mekan Tasar\u0131m\u0131<\/td>\n<\/tr>\n<\/tbody>\n<\/table>\n<h2>Ba\u015far\u0131 \u00d6yk\u00fcs\u00fc: Japon Ya\u015fam Tarz\u0131 Markas\u0131 \u00d6d\u00fcll\u00fc Tasar\u0131m<\/h2>\n<p>Bir Japon ya\u015fam tarz\u0131 markas\u0131, bir parf\u00fcm serisi piyasaya s\u00fcrd\u00fc. Amiral gemisi \u00fcr\u00fcn\u00fcm\u00fcz olarak 200 ml&#039;lik yuvarlak dif\u00fcz\u00f6r \u015fi\u015fesi se\u00e7ildi. D\u00fcz, oval \u015fekilli bu ay\u0131rt edici \u00fcr\u00fcn, oran\u0131nda tekrar sat\u0131n alma oran\u0131na yol a\u00e7t\u0131. \u015e\u0131k tasar\u0131m, sosyal medya etkileyicileri taraf\u0131ndan yap\u0131lan payla\u015f\u0131m say\u0131s\u0131n\u0131 0 art\u0131rd\u0131. Piyasan\u0131n tepkisi ve marka imaj\u0131yla m\u00fckemmel uyumu, markay\u0131 \u00e7ok memnun etti ve bu nedenle uluslararas\u0131 amiral ma\u011fazalar\u0131 i\u00e7in 300.000 \u015fi\u015fe daha sipari\u015f verdi.<\/p>\n<h2>Yuvarlak Dif\u00fcz\u00f6r \u015ei\u015fesinin Ki\u015fiselle\u015ftirilmesi<\/h2>\n<ul>\n<li>Cam\u0131n Rengi ve \u015eeffafl\u0131\u011f\u0131: \u015eeffaf, a\u00e7\u0131k gri veya f\u00fcme cam se\u00e7enekleri mevcuttur.<\/li>\n<li>Buzlu Mat Y\u00fczey: Tamamen kum p\u00fcsk\u00fcrtme y\u00f6ntemiyle elde edilen mat bir y\u00fczey olup, zarif ve u\u00e7ucu bir g\u00f6r\u00fcn\u00fcm kazand\u0131r\u0131r.<\/li>\n<li>Lazerle Grav\u00fcr: \u015ei\u015fenin y\u00fczeyine karma\u015f\u0131k ve p\u00fcr\u00fczs\u00fcz \u00e7izgiler veya marka ad\u0131 i\u015flenir.<\/li>\n<li>Ki\u015fiye \u00d6zel \u015ei\u015fe Boyun S\u00fcslemesi: \u201cHafif ve sade \u015fi\u015fe boyun s\u00fcslemeleri mat seramik veya f\u0131r\u00e7alanm\u0131\u015f metalden yap\u0131labilir.<\/li>\n<\/ul>","protected":false},"excerpt":{"rendered":"<p>\u015e\u0131k, yuvarlak camdan \u00fcretilmi\u015f 100 ml&#039;lik dif\u00fcz\u00f6r \u015fi\u015fesi, ev kokusu ambalaj\u0131 ve marka tan\u0131t\u0131m\u0131 i\u00e7in m\u00fckemmeldir. Premium yuvarlak dif\u00fcz\u00f6r \u015fi\u015feleri, h\u0131zl\u0131 kargo.<\/p>","protected":false},"featured_media":4790,"template":"","meta":{"postBodyCss":"","postBodyMargin":[],"postBodyPadding":[],"postBodyBackground":{"backgroundType":"classic","gradient":""}},"product_brand":[],"product_cat":[15,16,63],"product_tag":[],"class_list":{"0":"post-4784","1":"product","2":"type-product","3":"status-publish","4":"has-post-thumbnail","6":"product_cat-glass-containers","7":"product_cat-glass-bottles","8":"product_cat-reed-diffuser-bottles","10":"first","11":"instock","12":"shipping-taxable","13":"product-type-simple"},"jetpack_sharing_enabled":true,"_links":{"self":[{"href":"https:\/\/minghanggroup.com\/tr\/wp-json\/wp\/v2\/product\/4784","targetHints":{"allow":["GET"]}}],"collection":[{"href":"https:\/\/minghanggroup.com\/tr\/wp-json\/wp\/v2\/product"}],"about":[{"href":"https:\/\/minghanggroup.com\/tr\/wp-json\/wp\/v2\/types\/product"}],"wp:featuredmedia":[{"embeddable":true,"href":"https:\/\/minghanggroup.com\/tr\/wp-json\/wp\/v2\/media\/4790"}],"wp:attachment":[{"href":"https:\/\/minghanggroup.com\/tr\/wp-json\/wp\/v2\/media?parent=4784"}],"wp:term":[{"taxonomy":"product_brand","embeddable":true,"href":"https:\/\/minghanggroup.com\/tr\/wp-json\/wp\/v2\/product_brand?post=4784"},{"taxonomy":"product_cat","embeddable":true,"href":"https:\/\/minghanggroup.com\/tr\/wp-json\/wp\/v2\/product_cat?post=4784"},{"taxonomy":"product_tag","embeddable":true,"href":"https:\/\/minghanggroup.com\/tr\/wp-json\/wp\/v2\/product_tag?post=4784"}],"curies":[{"name":"wp","href":"https:\/\/api.w.org\/{rel}","templated":true}]}}