{"id":4771,"date":"2026-01-19T16:22:24","date_gmt":"2026-01-19T08:22:24","guid":{"rendered":"https:\/\/minghanggroup.com\/?post_type=product&#038;p=4771"},"modified":"2026-01-19T16:38:15","modified_gmt":"2026-01-19T08:38:15","slug":"bulk-diffuser-bottles-with-thick-base-for-home-decor","status":"publish","type":"product","link":"https:\/\/minghanggroup.com\/tr\/urun\/bulk-diffuser-bottles-with-thick-base-for-home-decor\/","title":{"rendered":"40 ml, 50 ml, 100 ml Kal\u0131n Tabanl\u0131, Ev Dekorasyonu \u0130\u00e7in Toplu Dif\u00fcz\u00f6r \u015ei\u015feleri"},"content":{"rendered":"<p>Toplu halde sat\u0131lan dif\u00fcz\u00f6r \u015fi\u015feleriniz sadece koku tutmakla kalmamal\u0131, ayn\u0131 zamanda masan\u0131zda s\u0131v\u0131 kristal gibi \u0131\u015f\u0131\u011f\u0131n dans etmesini sa\u011flamal\u0131d\u0131r. Kristal dif\u00fcz\u00f6r \u015fi\u015feleri konusunda uzman olarak, u\u00e7ucu ya\u011f dif\u00fcz\u00f6r\u00fcn\u00fcz\u00fc odan\u0131n sessiz bir y\u0131ld\u0131z\u0131na d\u00f6n\u00fc\u015ft\u00fcren cam kam\u0131\u015fl\u0131 dif\u00fcz\u00f6rler \u00fcretiyoruz.<\/p>\n<h2>\u00dcr\u00fcn \u00d6zellikleri<\/h2>\n<ul>\n<li><strong>Kal\u0131n, Sa\u011flam Taban Yap\u0131s\u0131: <\/strong>Kal\u0131nla\u015ft\u0131r\u0131lm\u0131\u015f taban tasar\u0131m\u0131, d\u00fc\u015f\u00fck a\u011f\u0131rl\u0131k merkezi sa\u011flayarak \u00fcr\u00fcn\u00fcn devrilme olas\u0131l\u0131\u011f\u0131n\u0131 azalt\u0131r. Uzun s\u00fcre sergilenmesi ama\u00e7lanan hem ev hem de ticari alanlar i\u00e7in m\u00fckemmeldir.<\/li>\n<li><strong>Y\u00fcksek \u015eeffafl\u0131kta Cam Malzeme: <\/strong>Son derece berrak ve \u015feffaf olan bu \u00fcr\u00fcn, aromaterapi s\u0131v\u0131s\u0131n\u0131n rengini \u00e7ok do\u011fru bir \u015fekilde g\u00f6stererek \u00fcr\u00fcn\u00fcn genel g\u00f6rsel \u00e7ekicili\u011fini ve te\u015fhir cazibesini art\u0131r\u0131r.<\/li>\n<li><strong>\u015e\u0131k \u015ei\u015fe Tasar\u0131m\u0131: <\/strong>Yuvarlak omuzlar\u0131n d\u00fcz \u00e7izgilerle birle\u015ftirilmesiyle \u015fi\u015fe, \u015f\u0131k ve modern bir g\u00f6r\u00fcn\u00fcm kazan\u0131rken ayn\u0131 zamanda olduk\u00e7a \u00e7ok y\u00f6nl\u00fc hale geliyor. Bu da onu \u00e7ok \u00e7e\u015fitli parf\u00fcm markalar\u0131n\u0131n stilleriyle uyumlu k\u0131l\u0131yor.<\/li>\n<\/ul>\n<h2>Temel \u00d6zellikler<\/h2>\n<table style=\"border-collapse: collapse; width: 80%; margin-left: auto; margin-right: auto;\" border=\"0\" width=\"288\" cellspacing=\"0\" cellpadding=\"0\">\n<tbody>\n<tr style=\"height: 13.50pt;\">\n<td style=\"height: 13.5pt; width: 54pt; text-align: center;\" width=\"72\" height=\"18\">Boyut (ml)<\/td>\n<td style=\"width: 54.00pt;\" width=\"72\">\u00d6l\u00e7\u00fcler (mm)<\/td>\n<td style=\"width: 54pt; text-align: center;\" width=\"72\">Boyun Tipi<\/td>\n<td style=\"width: 54pt; text-align: center;\" width=\"72\">\u015eekil<\/td>\n<\/tr>\n<tr style=\"height: 13.50pt;\">\n<td style=\"height: 13.5pt; text-align: center;\" align=\"right\" height=\"18\">40<\/td>\n<td style=\"text-align: center;\">52 \u00d7 69<\/td>\n<td class=\"et2\" style=\"text-align: center;\" rowspan=\"3\">Ge\u00e7meli ba\u011flant\u0131<\/td>\n<td class=\"et2\" style=\"text-align: center;\" rowspan=\"3\">Silindirik<\/td>\n<\/tr>\n<tr style=\"height: 13.50pt;\">\n<td style=\"height: 13.5pt; text-align: center;\" align=\"right\" height=\"18\">50<\/td>\n<td style=\"text-align: center;\">52 \u00d7 69<\/td>\n<\/tr>\n<tr style=\"height: 13.50pt;\">\n<td style=\"height: 13.5pt; text-align: center;\" align=\"right\" height=\"18\">100<\/td>\n<td style=\"text-align: center;\">65 \u00d7 81<\/td>\n<\/tr>\n<\/tbody>\n<\/table>\n<h2>Ba\u015far\u0131 \u00d6rne\u011fi<\/h2>\n<p>Yerel k\u00f6kenli bu parf\u00fcm markas\u0131, modern vintage tarz\u0131n\u0131 benimsemi\u015f ancak nihayetinde ana ambalaj olarak cam dif\u00fcz\u00f6r \u015fi\u015fesini kullanmaya karar vermi\u015ftir. Geni\u015f bir ki\u015fiselle\u015ftirme yelpazesi sunan marka, \u015fi\u015fenin ortas\u0131ndaki bo\u015f dairesel alan\u0131 logosunu hassas bir \u015fekilde serigrafi bask\u0131 y\u00f6ntemiyle basmak i\u00e7in kullanm\u0131\u015f ve mat y\u00fczeyli kehribar rengi bir \u015fi\u015fe tercih etmi\u015ftir. Marka ayr\u0131ca, \u00f6zelle\u015ftirilmi\u015f ve belirli uzunlukta siyah fiber dif\u00fcz\u00f6r \u00e7ubuklar\u0131yla e\u015fle\u015ftirilmi\u015f ah\u015fap bir t\u0131pa tasarlayarak y\u00fcksek sanatsal kalitede bir ambalaj yaratm\u0131\u015ft\u0131r.<\/p>\n<p>Bu g\u00f6rsel etki, t\u00fcketiciler aras\u0131nda marka bilinirli\u011finin artmas\u0131na ger\u00e7ekten yard\u0131mc\u0131 oldu ve bu da fiziksel ma\u011fazalar\u0131n ziyaret\u00e7i say\u0131s\u0131nda &#039;lik bir art\u0131\u015fa yol a\u00e7t\u0131. Dahas\u0131, sonraki iki \u00e7eyrekte 250.000 adetlik ek sipari\u015f verdiler.<\/p>\n<h2>\u00d6zelle\u015ftirme Se\u00e7enekleriniz<\/h2>\n<ol>\n<li><strong>Kabartma Alan\u0131n\u0131n Marka Ki\u015fiselle\u015ftirilmesi: <\/strong>\u015ei\u015fenin merkezindeki dairesel kabartmal\u0131 alan kullan\u0131larak, marka logosu y\u00fcksek hassasiyetli serigrafi bask\u0131 veya y\u00fcksek s\u0131cakl\u0131kta \u00e7\u0131kartma teknolojisiyle entegre edilir; b\u00f6ylece marka kimli\u011fi vintage desenlerle m\u00fckemmel bir \u015fekilde birle\u015fir ve g\u00f6rsel katmanlama daha da g\u00fc\u00e7lendirilir.<\/li>\n<li><strong>\u015ei\u015fe Rengi ve \u015eeffafl\u0131k Se\u00e7enekleri: <\/strong>M\u00fc\u015fteri, \u0131\u015f\u0131\u011f\u0131 engelleyici \u00f6zelliklere sahip kehribar rengi bir kaplama veya \u015f\u0131k bir mat y\u00fczey se\u00e7ebilir; her iki se\u00e7enek de u\u00e7ucu ya\u011flar\u0131n aktivitesini koruyacak ve \u015fi\u015feye zamans\u0131z bir zarafet kazand\u0131racakt\u0131r.<\/li>\n<li><strong>\u00c7e\u015fitli \u00dcst Kapak Malzeme Se\u00e7enekleri: <\/strong>Markan\u0131n esteti\u011fine ba\u011fl\u0131 olarak, do\u011fall\u0131\u011f\u0131 vurgulamak i\u00e7in kabartmal\u0131 logolu ah\u015fap (\u00f6rne\u011fin ceviz veya me\u015fe) k\u00fcpe u\u00e7lar\u0131 tercih edilebilir veya hafif bir l\u00fcks ve vintage tarz\u0131 sergilemek i\u00e7in a\u00e7\u0131k alt\u0131n\/bronz metal kolye u\u00e7lar\u0131 kullan\u0131labilir.<\/li>\n<\/ol>","protected":false},"excerpt":{"rendered":"<p>Bu dif\u00fcz\u00f6r \u015fi\u015feleri, sa\u011flam taban\u0131 ve geni\u015f a\u011fz\u0131yla \u00f6ne \u00e7\u0131kar. Fabrikadan do\u011frudan tedarik edilen toplu dif\u00fcz\u00f6r \u015fi\u015feleri, \u00f6zel marka bask\u0131s\u0131 i\u00e7in birinci s\u0131n\u0131f kristal dif\u00fcz\u00f6r \u015fi\u015feleri.<\/p>","protected":false},"featured_media":4788,"template":"","meta":{"postBodyCss":"","postBodyMargin":[],"postBodyPadding":[],"postBodyBackground":{"backgroundType":"classic","gradient":""}},"product_brand":[],"product_cat":[15,16,63],"product_tag":[],"class_list":{"0":"post-4771","1":"product","2":"type-product","3":"status-publish","4":"has-post-thumbnail","6":"product_cat-glass-containers","7":"product_cat-glass-bottles","8":"product_cat-reed-diffuser-bottles","10":"first","11":"instock","12":"shipping-taxable","13":"product-type-simple"},"jetpack_sharing_enabled":true,"_links":{"self":[{"href":"https:\/\/minghanggroup.com\/tr\/wp-json\/wp\/v2\/product\/4771","targetHints":{"allow":["GET"]}}],"collection":[{"href":"https:\/\/minghanggroup.com\/tr\/wp-json\/wp\/v2\/product"}],"about":[{"href":"https:\/\/minghanggroup.com\/tr\/wp-json\/wp\/v2\/types\/product"}],"wp:featuredmedia":[{"embeddable":true,"href":"https:\/\/minghanggroup.com\/tr\/wp-json\/wp\/v2\/media\/4788"}],"wp:attachment":[{"href":"https:\/\/minghanggroup.com\/tr\/wp-json\/wp\/v2\/media?parent=4771"}],"wp:term":[{"taxonomy":"product_brand","embeddable":true,"href":"https:\/\/minghanggroup.com\/tr\/wp-json\/wp\/v2\/product_brand?post=4771"},{"taxonomy":"product_cat","embeddable":true,"href":"https:\/\/minghanggroup.com\/tr\/wp-json\/wp\/v2\/product_cat?post=4771"},{"taxonomy":"product_tag","embeddable":true,"href":"https:\/\/minghanggroup.com\/tr\/wp-json\/wp\/v2\/product_tag?post=4771"}],"curies":[{"name":"wp","href":"https:\/\/api.w.org\/{rel}","templated":true}]}}