{"id":4766,"date":"2026-01-19T10:41:42","date_gmt":"2026-01-19T02:41:42","guid":{"rendered":"https:\/\/minghanggroup.com\/?post_type=product&#038;p=4766"},"modified":"2026-01-19T12:00:08","modified_gmt":"2026-01-19T04:00:08","slug":"christmas-tree-diffuser-sticks-and-bottles-wholesale","status":"publish","type":"product","link":"https:\/\/minghanggroup.com\/tr\/urun\/christmas-tree-diffuser-sticks-and-bottles-wholesale\/","title":{"rendered":"200 ml Noel A\u011fac\u0131 Koku \u00c7ubuklar\u0131 ve \u015ei\u015feleri Toptan Sat\u0131\u015f"},"content":{"rendered":"<p>Bu dif\u00fcz\u00f6r \u00e7ubu\u011fu ve \u015fi\u015fesi, \u00f6zel bir Noel a\u011fac\u0131 tasar\u0131m\u0131na sahiptir. \u015ei\u015fe, dif\u00fcz\u00f6r \u00e7ubu\u011funun kolayca tak\u0131lmas\u0131n\u0131 sa\u011flamak i\u00e7in \u00e7oklu di\u015fli boyunlu \u015feffaf soda kire\u00e7 cam\u0131ndan tasarlanm\u0131\u015ft\u0131r ve \u015fi\u015feye e\u011flenceli ve bayram havas\u0131 katmaktad\u0131r.<\/p>\n<h2>\u00dcr\u00fcn \u00d6zellikleri<\/h2>\n<ul>\n<li><strong>Noel A\u011fac\u0131 \u015eeklinde \u015ei\u015fe:<\/strong> Bu a\u011fa\u00e7 \u015fekli ikonik ve d\u00fczensiz kenarl\u0131 oldu\u011fu i\u00e7in ideal bir Noel s\u00fcs\u00fc ve hediyesidir.<\/li>\n<li><strong>Dalgal\u0131 Kenar S\u00fcslemesi:<\/strong> Dalgal\u0131 kenar tasar\u0131m\u0131, g\u00f6rsel olarak ve his olarak \u015fenlikli bir hava yaratmak amac\u0131yla y\u00fckseltilmi\u015ftir.<\/li>\n<li><strong>Standart Di\u015fli Boyun:<\/strong> Kullan\u0131\u015fl\u0131 boyun tasar\u0131m\u0131, kolay kullan\u0131m ve saklama sa\u011flayan, s\u0131k\u0131ca kapanan pratik bir yap\u0131ya sahiptir.<\/li>\n<\/ul>\n<h2 style=\"text-align: left;\">Temel \u00d6zellikler<\/h2>\n<table class=\"aligncenter\" style=\"border-collapse: collapse; width: 444.77pt;\" border=\"0\" width=\"593\" cellspacing=\"0\" cellpadding=\"0\">\n<tbody>\n<tr style=\"height: 13.50pt;\">\n<td style=\"height: 13.50pt; width: 119.25pt;\" width=\"159\" height=\"18\">\u015eartname<\/td>\n<td style=\"width: 325.50pt;\" width=\"434\">Detaylar<\/td>\n<\/tr>\n<tr style=\"height: 13.50pt;\">\n<td style=\"height: 13.50pt;\" height=\"18\">Kapasite<\/td>\n<td>200 ml<\/td>\n<\/tr>\n<tr style=\"height: 13.50pt;\">\n<td style=\"height: 13.50pt;\" height=\"18\">Boyutlar<\/td>\n<td>105\u00d742\u00d7150mm<\/td>\n<\/tr>\n<tr style=\"height: 13.50pt;\">\n<td style=\"height: 13.50pt;\" height=\"18\">\u0130\u00e7\/D\u0131\u015f Boyun \u00c7ap\u0131<\/td>\n<td>17 mm \/ 27 mm<\/td>\n<\/tr>\n<tr style=\"height: 13.50pt;\">\n<td style=\"height: 13.50pt;\" height=\"18\">Malzeme<\/td>\n<td>Soda-Kire\u00e7 Cam\u0131<\/td>\n<\/tr>\n<tr style=\"height: 13.50pt;\">\n<td style=\"height: 13.50pt;\" height=\"18\">\u015ei\u015fe \u015eekli<\/td>\n<td>Dokulu Kenarlara Sahip Stilize Noel A\u011fac\u0131<\/td>\n<\/tr>\n<tr style=\"height: 13.50pt;\">\n<td style=\"height: 13.50pt;\" height=\"18\">\u00d6zelle\u015ftirme Kapsam\u0131<\/td>\n<td>Renk, Boyut, Krema, Tematik S\u00fcslemeler<\/td>\n<\/tr>\n<tr style=\"height: 13.50pt;\">\n<td style=\"height: 13.50pt;\" height=\"18\">\u0130\u015f\u00e7ilik<\/td>\n<td>Cam Kal\u0131plama, Detayl\u0131 Doku Uygulamas\u0131, Di\u015f A\u00e7ma<\/td>\n<\/tr>\n<tr style=\"height: 13.50pt;\">\n<td style=\"height: 13.50pt;\" height=\"18\">\u00dcr\u00fcn Amac\u0131<\/td>\n<td>L\u00fcks Dif\u00fcz\u00f6r \u015ei\u015feleri Toptan Sat\u0131\u015f\u0131, Dif\u00fcz\u00f6r \u015ei\u015feleri<\/td>\n<\/tr>\n<tr style=\"height: 13.50pt;\">\n<td style=\"height: 13.50pt;\" height=\"18\">Uygun Sekt\u00f6rler<\/td>\n<td>Mevsimlik Perakendeciler, Ev Dekorasyon Markalar\u0131<\/td>\n<\/tr>\n<\/tbody>\n<\/table>\n<h2>Ba\u015far\u0131 Hikayesi<\/h2>\n<p>200 ml&#039;lik dif\u00fcz\u00f6r \u00e7ubuklar\u0131m\u0131z ve \u015fi\u015felerimiz, ABD&#039;deki bir ma\u011faza taraf\u0131ndan Noel a\u011fac\u0131 \u015feklinde dekorasyon olarak sat\u0131ld\u0131. Bu temal\u0131 tasar\u0131m, sosyal medyada tatil koleksiyonlar\u0131na yap\u0131lan at\u0131flar\u0131 0 art\u0131rd\u0131. 48 saat i\u00e7inde, bu tatil temal\u0131 parf\u00fcm \u00e7evrimi\u00e7i olarak t\u00fckendi ve sezonun en \u00e7ok sat\u0131n al\u0131nan ev kokusu \u00fcr\u00fcn\u00fc oldu. Bu performans ma\u011fazay\u0131 o kadar etkiledi ki, sonraki \u00fc\u00e7 tatil sezonunda talebi kar\u015f\u0131lamak i\u00e7in 750.000 \u015fi\u015fe daha sipari\u015f verdiler.<\/p>\n<h2>L\u00fcks Dif\u00fcz\u00f6r \u015ei\u015felerinin Toptan \u00d6zelle\u015ftirilmesi<\/h2>\n<ul>\n<li>Bardak renkleri: \u015eeffaf, buzlu beyaz (kar beyaz\u0131) veya \u015fenlikli ye\u015fil, k\u0131rm\u0131z\u0131 ve di\u011fer renklerde mevcuttur.<\/li>\n<li>Di\u011fer temalar: Di\u011fer tatil temalar\u0131 (\u00f6rne\u011fin balkaba\u011f\u0131, kalp, yumurta \u015fekilleri) \u00f6zelle\u015ftirilebilir.<\/li>\n<li>Kabartma talimatlar\u0131: Kabartma, a\u011fa\u00e7 \u015fekline eklenen k\u00fc\u00e7\u00fck, y\u00fckseltilmi\u015f detaylard\u0131r, \u00f6rne\u011fin s\u00fcslemeler veya y\u0131ld\u0131zlar.<\/li>\n<li>Serigrafi bask\u0131: \u015ei\u015fenin \u00f6n y\u00fcz\u00fcne bayramla ilgili bir mesaj veya k\u00fc\u00e7\u00fck bir marka logosu yerle\u015ftirin.<\/li>\n<\/ul>","protected":false},"excerpt":{"rendered":"<p>Noel a\u011fac\u0131 \u015feklinde cam \u015fi\u015fede, bayram dekorasyonu i\u00e7in m\u00fckemmel, l\u00fcks dif\u00fcz\u00f6r \u015fi\u015feleri toptan koleksiyonuna uygun, fabrikadan do\u011frudan tedarik.<\/p>","protected":false},"featured_media":4772,"template":"","meta":{"postBodyCss":"","postBodyMargin":[],"postBodyPadding":[],"postBodyBackground":{"backgroundType":"classic","gradient":""}},"product_brand":[],"product_cat":[15,16,63],"product_tag":[],"class_list":{"0":"post-4766","1":"product","2":"type-product","3":"status-publish","4":"has-post-thumbnail","6":"product_cat-glass-containers","7":"product_cat-glass-bottles","8":"product_cat-reed-diffuser-bottles","10":"first","11":"instock","12":"shipping-taxable","13":"product-type-simple"},"jetpack_sharing_enabled":true,"_links":{"self":[{"href":"https:\/\/minghanggroup.com\/tr\/wp-json\/wp\/v2\/product\/4766","targetHints":{"allow":["GET"]}}],"collection":[{"href":"https:\/\/minghanggroup.com\/tr\/wp-json\/wp\/v2\/product"}],"about":[{"href":"https:\/\/minghanggroup.com\/tr\/wp-json\/wp\/v2\/types\/product"}],"wp:featuredmedia":[{"embeddable":true,"href":"https:\/\/minghanggroup.com\/tr\/wp-json\/wp\/v2\/media\/4772"}],"wp:attachment":[{"href":"https:\/\/minghanggroup.com\/tr\/wp-json\/wp\/v2\/media?parent=4766"}],"wp:term":[{"taxonomy":"product_brand","embeddable":true,"href":"https:\/\/minghanggroup.com\/tr\/wp-json\/wp\/v2\/product_brand?post=4766"},{"taxonomy":"product_cat","embeddable":true,"href":"https:\/\/minghanggroup.com\/tr\/wp-json\/wp\/v2\/product_cat?post=4766"},{"taxonomy":"product_tag","embeddable":true,"href":"https:\/\/minghanggroup.com\/tr\/wp-json\/wp\/v2\/product_tag?post=4766"}],"curies":[{"name":"wp","href":"https:\/\/api.w.org\/{rel}","templated":true}]}}