{"id":4761,"date":"2026-01-19T09:25:09","date_gmt":"2026-01-19T01:25:09","guid":{"rendered":"https:\/\/minghanggroup.com\/?post_type=product&#038;p=4761"},"modified":"2026-01-19T14:35:08","modified_gmt":"2026-01-19T06:35:08","slug":"empty-oil-diffuser-bottles-with-diamond-texture-bulk","status":"publish","type":"product","link":"https:\/\/minghanggroup.com\/tr\/urun\/empty-oil-diffuser-bottles-with-diamond-texture-bulk\/","title":{"rendered":"150 ml Elmas Dokulu Bo\u015f Ya\u011f Dif\u00fcz\u00f6r \u015ei\u015feleri (Toptan)"},"content":{"rendered":"<p>Bu ya\u011f dif\u00fcz\u00f6r \u015fi\u015fesi, sa\u011flam camdan yap\u0131lm\u0131\u015f ince ve silindirik bir nesnedir. Silindirik \u015fekil, zarif elmas kesim desenine sahip uzun bir yap\u0131ya sahiptir. Sadece bir kutu de\u011fil, ayn\u0131 zamanda \u00e7ok ho\u015f bir s\u00fcs e\u015fyas\u0131d\u0131r.<\/p>\n<h2>\u00dcr\u00fcn \u00d6zellikleri<\/h2>\n<ul>\n<li><strong>Elmas kesim g\u00f6vde:<\/strong> Yo\u011fun oyma i\u015f\u00e7ili\u011fiyle tamamlanan g\u00f6vde kesimi, g\u00f6z al\u0131c\u0131 \u0131\u015f\u0131k ve g\u00f6lge efektleriyle l\u00fcks bir izlenim yarat\u0131yor.<\/li>\n<li><strong>Geni\u015f a\u011f\u0131zl\u0131 tasar\u0131m:<\/strong> Geni\u015f a\u011f\u0131zl\u0131 tasar\u0131m\u0131, gerekli t\u00fcm ya\u011flar\u0131n eklenmesine yard\u0131mc\u0131 olur ve stil b\u00fct\u00fcnl\u00fc\u011f\u00fcnden \u00f6d\u00fcn vermeden dif\u00fcz\u00f6r \u00e7ubuklar\u0131 ve di\u011fer aksesuarlar\u0131n eklenmesine olanak tan\u0131r.<\/li>\n<li><strong>\u0130nce silindirik form:<\/strong> \u0130nce silindirik formu, zarif ve asil bir g\u00f6r\u00fcn\u00fcme sahip olup olduk\u00e7a sa\u011flamd\u0131r ve farkl\u0131 ev dekorasyon stillerine kolayca uyum sa\u011flar.<\/li>\n<\/ul>\n<h2 style=\"text-align: left;\">Temel \u00d6zellikler<\/h2>\n<table class=\"aligncenter\" style=\"border-collapse: collapse; width: 444.77pt;\" border=\"0\" width=\"593\" cellspacing=\"0\" cellpadding=\"0\">\n<tbody>\n<tr style=\"height: 13.50pt;\">\n<td style=\"height: 13.50pt; width: 119.25pt;\" width=\"159\" height=\"18\">\u015eartname<\/td>\n<td style=\"width: 325.50pt;\" width=\"434\">Detaylar<\/td>\n<\/tr>\n<tr style=\"height: 13.50pt;\">\n<td style=\"height: 13.50pt;\" height=\"18\">Kapasite<\/td>\n<td>150 ml<\/td>\n<\/tr>\n<tr style=\"height: 13.50pt;\">\n<td style=\"height: 13.50pt;\" height=\"18\">Boyutlar<\/td>\n<td>55\u00d7133 mm<\/td>\n<\/tr>\n<tr style=\"height: 13.50pt;\">\n<td style=\"height: 13.50pt;\" height=\"18\">\u0130\u00e7\/D\u0131\u015f Boyun \u00c7ap\u0131<\/td>\n<td>19 mm \/ 35 mm<\/td>\n<\/tr>\n<tr style=\"height: 13.50pt;\">\n<td style=\"height: 13.50pt;\" height=\"18\">Malzeme<\/td>\n<td>Sodyum Kalsiyum Cam\u0131<\/td>\n<\/tr>\n<tr style=\"height: 13.50pt;\">\n<td style=\"height: 13.50pt;\" height=\"18\">\u015ei\u015fe \u015eekli<\/td>\n<td>Elmas kesim desenli uzun silindir<\/td>\n<\/tr>\n<tr style=\"height: 13.50pt;\">\n<td style=\"height: 13.50pt;\" height=\"18\">\u00d6zelle\u015ftirme Kapsam\u0131<\/td>\n<td>\u015eekil, Renk, Kesim Deseni Tasar\u0131m\u0131, Buzlu Detaylar<\/td>\n<\/tr>\n<tr style=\"height: 13.50pt;\">\n<td style=\"height: 13.50pt;\" height=\"18\">\u0130\u015f\u00e7ilik<\/td>\n<td>Hassas Cam Kesimi\/Ta\u015flama, Geni\u015f A\u011f\u0131zl\u0131 Y\u00fczey \u0130\u015fleme<\/td>\n<\/tr>\n<tr style=\"height: 13.50pt;\">\n<td style=\"height: 13.50pt;\" height=\"18\">\u00dcr\u00fcn Amac\u0131<\/td>\n<td>Koku Dif\u00fcz\u00f6r \u015ei\u015feleri, Kokulu Ya\u011f Kaplar\u0131<\/td>\n<\/tr>\n<tr style=\"height: 13.50pt;\">\n<td style=\"height: 13.50pt;\" height=\"18\">Uygun Sekt\u00f6rler<\/td>\n<td>L\u00fcks Ev Kokular\u0131, Premium Oteller<\/td>\n<\/tr>\n<\/tbody>\n<\/table>\n<h2>Ba\u015far\u0131 \u00d6yk\u00fcs\u00fc: Avrupa&#039;n\u0131n \u00d6nde Gelen Bir Parf\u00fcm \u015eirketinin Yeni \u00dcr\u00fcn Serisi<\/h2>\n<p>Avrupa&#039;daki bir parf\u00fcm \u015firketi, \u00fcst d\u00fczey bir ev parf\u00fcm\u00fc piyasaya s\u00fcrd\u00fc. 150 ml&#039;lik kam\u0131\u015fl\u0131 oda parf\u00fcm\u00fc \u015fi\u015fesini bo\u015f olarak se\u00e7tiler ve koyu z\u00fcmr\u00fct ye\u015fili bir renkle boyad\u0131lar. Par\u0131ldayan elmas kesim tasar\u0131m\u0131, \u00fcr\u00fcne oran\u0131nda de\u011fer kat\u0131yor. Kristal berrakl\u0131\u011f\u0131ndaki cam \u015fi\u015fe, renkli u\u00e7ucu ya\u011f\u0131n ideal bir \u015fekilde sergilenmesini sa\u011fl\u0131yor ve bu da \u00e7evrimi\u00e7i d\u00f6n\u00fc\u015f\u00fcm oranlar\u0131nda &#039;lik bir iyile\u015fmeye yol a\u00e7\u0131yor. Marka, pazar\u0131n g\u00f6rd\u00fc\u011f\u00fc ilgi ve sat\u0131\u015f hacminden son derece memnun kald\u0131 ve bu nedenle d\u00fcnya \u00e7ap\u0131nda da\u011f\u0131t\u0131lmak \u00fczere 400 bin \u015fi\u015fe daha sipari\u015f etti.<\/p>\n<h2>Ya\u011f Dif\u00fcz\u00f6r \u015ei\u015felerinin Ki\u015fiselle\u015ftirilmesi<\/h2>\n<ul>\n<li>Cam Renkleri ve Tonlar\u0131: Bu \u00fcr\u00fcn \u015feffaf, koyu kehribar, kobalt mavisi veya z\u00fcmr\u00fct ye\u015fili kristal cam se\u00e7enekleriyle mevcuttur.<\/li>\n<li>Desen \u00c7e\u015fitleri: Desen \u00e7e\u015fitleri aras\u0131nda bal\u0131ks\u0131rt\u0131, basamakl\u0131 ve radyal kesim de bulunmaktad\u0131r.<\/li>\n<li>Buzlu Kesim Detaylar\u0131: Kesim y\u00fczeyleri, parlak kalmalar\u0131 ve kontrast olu\u015fturmalar\u0131 i\u00e7in buzlu bir g\u00f6r\u00fcn\u00fcme sahiptir.<\/li>\n<li>Lazerle Grav\u00fcr: \u015ei\u015fenin kesilmemi\u015f alt k\u0131sm\u0131na k\u00fc\u00e7\u00fck bir logo veya monogram lazerle i\u015fletebilirsiniz.<\/li>\n<\/ul>","protected":false},"excerpt":{"rendered":"<p>Elmas kesimli y\u00fczeye sahip uzun ya\u011f dif\u00fcz\u00f6r \u015fi\u015fesi, kam\u0131\u015f dif\u00fcz\u00f6r \u015fi\u015fesi bo\u015f modelleri kullan\u0131larak yap\u0131lan yeniden doldurma projeleri ve modern dekorasyon i\u00e7in tasarlanm\u0131\u015ft\u0131r, toptan fiyatland\u0131rma.<\/p>","protected":false},"featured_media":4762,"template":"","meta":{"postBodyCss":"","postBodyMargin":[],"postBodyPadding":[],"postBodyBackground":{"backgroundType":"classic","gradient":""}},"product_brand":[],"product_cat":[15,16,63],"product_tag":[],"class_list":{"0":"post-4761","1":"product","2":"type-product","3":"status-publish","4":"has-post-thumbnail","6":"product_cat-glass-containers","7":"product_cat-glass-bottles","8":"product_cat-reed-diffuser-bottles","10":"first","11":"instock","12":"shipping-taxable","13":"product-type-simple"},"jetpack_sharing_enabled":true,"_links":{"self":[{"href":"https:\/\/minghanggroup.com\/tr\/wp-json\/wp\/v2\/product\/4761","targetHints":{"allow":["GET"]}}],"collection":[{"href":"https:\/\/minghanggroup.com\/tr\/wp-json\/wp\/v2\/product"}],"about":[{"href":"https:\/\/minghanggroup.com\/tr\/wp-json\/wp\/v2\/types\/product"}],"wp:featuredmedia":[{"embeddable":true,"href":"https:\/\/minghanggroup.com\/tr\/wp-json\/wp\/v2\/media\/4762"}],"wp:attachment":[{"href":"https:\/\/minghanggroup.com\/tr\/wp-json\/wp\/v2\/media?parent=4761"}],"wp:term":[{"taxonomy":"product_brand","embeddable":true,"href":"https:\/\/minghanggroup.com\/tr\/wp-json\/wp\/v2\/product_brand?post=4761"},{"taxonomy":"product_cat","embeddable":true,"href":"https:\/\/minghanggroup.com\/tr\/wp-json\/wp\/v2\/product_cat?post=4761"},{"taxonomy":"product_tag","embeddable":true,"href":"https:\/\/minghanggroup.com\/tr\/wp-json\/wp\/v2\/product_tag?post=4761"}],"curies":[{"name":"wp","href":"https:\/\/api.w.org\/{rel}","templated":true}]}}