{"id":4760,"date":"2026-01-19T11:04:36","date_gmt":"2026-01-19T03:04:36","guid":{"rendered":"https:\/\/minghanggroup.com\/?post_type=product&#038;p=4760"},"modified":"2026-01-19T11:04:37","modified_gmt":"2026-01-19T03:04:37","slug":"glass-reed-diffuser-jars-with-modern-vertical-texture-bulk","status":"publish","type":"product","link":"https:\/\/minghanggroup.com\/tr\/urun\/glass-reed-diffuser-jars-with-modern-vertical-texture-bulk\/","title":{"rendered":"40 ml, 100 ml, 200 ml Modern Dikey Dokulu Cam Kam\u0131\u015fl\u0131 Oda Kokusu Kavanozlar\u0131 (Toptan Sat\u0131\u015f)"},"content":{"rendered":"<p>Koku yay\u0131c\u0131 cam kavanozlar\u0131n\u0131z sadece kokuyu muhafaza etmekle kalmamal\u0131, ayn\u0131 zamanda sehpan\u0131zda \u0131\u015f\u0131\u011f\u0131n dans etmesini de sa\u011flamal\u0131d\u0131r. Dekoratif koku yay\u0131c\u0131 \u015fi\u015feler konusunda uzman olarak, u\u00e7ucu ya\u011f yay\u0131c\u0131n\u0131z\u0131 odan\u0131n sessiz bir y\u0131ld\u0131z\u0131na d\u00f6n\u00fc\u015ft\u00fcren cam koku yay\u0131c\u0131 cam kavanozlar \u00fcretiyoruz.<\/p>\n<h2>\u00dcr\u00fcn \u00d6zellikleri<\/h2>\n<ul>\n<li><strong>Dikey \u00e7izgili cam g\u00f6vde:<\/strong> \u015ei\u015fe, \u0131\u015f\u0131\u011f\u0131 daha fazla k\u0131rarak aromaterapi s\u0131v\u0131s\u0131na daha g\u00f6rsel olarak ho\u015f bir etki kazand\u0131rmaya yard\u0131mc\u0131 olan dikey \u00e7izgilerle tasarlanm\u0131\u015ft\u0131r.<\/li>\n<li><strong>Y\u00fcksek \u015feffafl\u0131\u011fa sahip cam malzeme:<\/strong> Aromaterapi s\u0131v\u0131s\u0131n\u0131n rengini ve miktar\u0131n\u0131 g\u00f6rmeyi m\u00fcmk\u00fcn k\u0131lmak, \u00fcr\u00fcn\u00fcn kullan\u0131m\u0131n\u0131 ve sergilenmesini kolayla\u015ft\u0131rman\u0131n yan\u0131 s\u0131ra kalite seviyesini de y\u00fckseltir.<\/li>\n<li><strong>Dengeli dik \u015fi\u015fe \u015fekli:<\/strong> Silindirik \u015fekli, d\u00fcz taban\u0131yla m\u00fckemmel bir denge olu\u015fturdu\u011fu i\u00e7in devrilme olas\u0131l\u0131\u011f\u0131 daha d\u00fc\u015f\u00fckt\u00fcr ve bu nedenle uzun s\u00fcreli yerle\u015ftirme ve kullan\u0131m i\u00e7in iyi bir se\u00e7imdir.<\/li>\n<\/ul>\n<h2>Temel \u00d6zellikler<\/h2>\n<table style=\"border-collapse: collapse; width: 80%; margin-left: auto; margin-right: auto;\" border=\"0\" width=\"360\" cellspacing=\"0\" cellpadding=\"0\">\n<tbody>\n<tr style=\"height: 13.50pt;\">\n<td style=\"height: 13.5pt; width: 54pt; text-align: center;\" width=\"72\" height=\"18\">Boyut (ml)<\/td>\n<td style=\"width: 54pt; text-align: center;\" width=\"72\">\u00d6l\u00e7\u00fcler (mm)<\/td>\n<td style=\"width: 54pt; text-align: center;\" width=\"72\">Boyun Tipi<\/td>\n<td style=\"width: 54pt; text-align: center;\" width=\"72\">\u00d6zellik<\/td>\n<td style=\"width: 54pt; text-align: center;\" width=\"72\">\u015eekil<\/td>\n<\/tr>\n<tr style=\"height: 13.50pt;\">\n<td style=\"height: 13.5pt; text-align: center;\" align=\"right\" height=\"18\">40<\/td>\n<td style=\"text-align: center;\">57 \u00d7 60<\/td>\n<td class=\"et2\" style=\"text-align: center;\" rowspan=\"3\">Ge\u00e7meli ba\u011flant\u0131<\/td>\n<td class=\"et2\" style=\"text-align: center;\" rowspan=\"3\">Dikey \u00e7izgiler<\/td>\n<td class=\"et2\" style=\"text-align: center;\" rowspan=\"3\">Silindirik<\/td>\n<\/tr>\n<tr style=\"height: 13.50pt;\">\n<td style=\"height: 13.5pt; text-align: center;\" align=\"right\" height=\"18\">100<\/td>\n<td style=\"text-align: center;\">69 \u00d7 80<\/td>\n<\/tr>\n<tr style=\"height: 13.50pt;\">\n<td style=\"height: 13.5pt; text-align: center;\" align=\"right\" height=\"18\">200<\/td>\n<td style=\"text-align: center;\">78 \u00d7 116<\/td>\n<\/tr>\n<\/tbody>\n<\/table>\n<h2>Ba\u015far\u0131 \u00d6rne\u011fi<\/h2>\n<p>Ev kokular\u0131 \u00fcreten \u015firket, \u00fcr\u00fcnlerinin raf g\u00f6r\u00fcn\u00fcm\u00fcn\u00fc iyile\u015ftirmenin yan\u0131 s\u0131ra, markay\u0131 y\u00fcksek kaliteli ve modern bir imajla \u00f6ne \u00e7\u0131karacak bir dif\u00fcz\u00f6r \u015fi\u015fesine ihtiya\u00e7 duyuyordu. Yeni koku serisini tan\u0131t\u0131rken marka, dikey \u00e7izgili cam aroma dif\u00fcz\u00f6r \u015fi\u015femizi tercih etti, ancak di\u011fer y\u00f6nlerden de \u00f6zelle\u015ftirdi: marka, \u015fi\u015fenin omuz k\u0131sm\u0131na zarif bir marka logosu bast\u0131rd\u0131 ve deseni \u015fi\u015fenin dokusuyla g\u00f6rsel olarak birle\u015ftiren bir \u00e7izgi deseni uygulad\u0131.<\/p>\n<p>Daha kal\u0131n cam \u015fi\u015fe sayesinde \u00fcr\u00fcn ta\u015f\u0131ma s\u0131ras\u0131nda daha stabil hale geldi, bu nedenle k\u0131r\u0131lma oran\u0131 y\u00fczde 35 azald\u0131 ve ilk \u00e7eyrek sat\u0131\u015flar\u0131ndaki y\u00fczde 38&#039;lik art\u0131\u015f, bununla birlikte sonraki \u00e7eyreklerde de devam eden toplu sipari\u015flerle do\u011frudan ili\u015fkilendirildi.<\/p>\n<h2>\u00d6zelle\u015ftirme Se\u00e7enekleriniz<\/h2>\n<ol>\n<li><strong>Gradyan veya i\u00e7, renk kaplama:<\/strong> \u00c7ok hafif bir renk ge\u00e7i\u015fi veya i\u00e7ten renk p\u00fcsk\u00fcrtme (\u00f6rne\u011fin, f\u00fcme griden \u015feffafa) uygulayarak d\u0131\u015f cam\u0131n parlak ve l\u00fcks g\u00f6r\u00fcnmesini sa\u011flayabilirsiniz.<\/li>\n<li><strong>Kabartma veya oyma yakal\u0131 marka logosu:<\/strong> Etiket alan\u0131n\u0131 kaplamadan marka bilinirli\u011fini art\u0131rmak i\u00e7in yaka veya taban k\u0131sm\u0131na k\u00fc\u00e7\u00fck bir logo, sembol veya marka metni kabartma veya oyma y\u00f6ntemiyle i\u015fleyebilirsiniz.<\/li>\n<li><strong>Kam\u0131\u015f \u00f6zelle\u015ftirme setleri:<\/strong> \u015ei\u015feyi, boyal\u0131 kam\u0131\u015flar, spiral kam\u0131\u015flar veya dekoratif elyaf \u00e7ubuklarla donatarak, t\u00fcm dif\u00fcz\u00f6r setinde tutarl\u0131 bir g\u00f6r\u00fcn\u00fcm yaratabilirsiniz.<\/li>\n<\/ol>","protected":false},"excerpt":{"rendered":"<p>Zarif berrakl\u0131kta dekoratif dif\u00fcz\u00f6r \u015fi\u015feleri. Fabrikadan do\u011frudan tedarik edilen kam\u0131\u015fl\u0131 dif\u00fcz\u00f6r kavanozlar\u0131, \u00fccretsiz numuneler ve toplu sipari\u015flerde \u00f6zelle\u015ftirme imkan\u0131. H\u0131zl\u0131 kargo.<\/p>","protected":false},"featured_media":4770,"template":"","meta":{"postBodyCss":"","postBodyMargin":[],"postBodyPadding":[],"postBodyBackground":{"backgroundType":"classic","gradient":""}},"product_brand":[],"product_cat":[15,63],"product_tag":[],"class_list":{"0":"post-4760","1":"product","2":"type-product","3":"status-publish","4":"has-post-thumbnail","6":"product_cat-glass-containers","7":"product_cat-reed-diffuser-bottles","9":"first","10":"instock","11":"shipping-taxable","12":"product-type-simple"},"jetpack_sharing_enabled":true,"_links":{"self":[{"href":"https:\/\/minghanggroup.com\/tr\/wp-json\/wp\/v2\/product\/4760","targetHints":{"allow":["GET"]}}],"collection":[{"href":"https:\/\/minghanggroup.com\/tr\/wp-json\/wp\/v2\/product"}],"about":[{"href":"https:\/\/minghanggroup.com\/tr\/wp-json\/wp\/v2\/types\/product"}],"wp:featuredmedia":[{"embeddable":true,"href":"https:\/\/minghanggroup.com\/tr\/wp-json\/wp\/v2\/media\/4770"}],"wp:attachment":[{"href":"https:\/\/minghanggroup.com\/tr\/wp-json\/wp\/v2\/media?parent=4760"}],"wp:term":[{"taxonomy":"product_brand","embeddable":true,"href":"https:\/\/minghanggroup.com\/tr\/wp-json\/wp\/v2\/product_brand?post=4760"},{"taxonomy":"product_cat","embeddable":true,"href":"https:\/\/minghanggroup.com\/tr\/wp-json\/wp\/v2\/product_cat?post=4760"},{"taxonomy":"product_tag","embeddable":true,"href":"https:\/\/minghanggroup.com\/tr\/wp-json\/wp\/v2\/product_tag?post=4760"}],"curies":[{"name":"wp","href":"https:\/\/api.w.org\/{rel}","templated":true}]}}