{"id":4753,"date":"2026-01-16T15:56:03","date_gmt":"2026-01-16T07:56:03","guid":{"rendered":"https:\/\/minghanggroup.com\/?post_type=product&#038;p=4753"},"modified":"2026-01-16T16:44:48","modified_gmt":"2026-01-16T08:44:48","slug":"round-empty-clear-diffuser-bottle-wholesale","status":"publish","type":"product","link":"https:\/\/minghanggroup.com\/tr\/urun\/round-empty-clear-diffuser-bottle-wholesale\/","title":{"rendered":"130 ml Yuvarlak Bo\u015f \u015eeffaf Dif\u00fcz\u00f6r \u015ei\u015fesi Toptan Sat\u0131\u015f"},"content":{"rendered":"<p>Bu \u015feffaf dif\u00fcz\u00f6r \u015fi\u015fesi \u00f6zel bir tasar\u0131ma sahiptir. Sodyum kire\u00e7 cam\u0131ndan \u00fcretilmi\u015f olup, kase \u015feklinde ve yuvarlak bir g\u00f6vdeye sahiptir; bu da bo\u015f aromaterapi \u015fi\u015felerinin toptan sat\u0131\u015f\u0131nda m\u00fckemmel bir \u00f6zelliktir.<\/p>\n<h2>\u00dcr\u00fcn \u00d6zellikleri<\/h2>\n<ul>\n<li><strong>Tam \u015eeffaf Cam:<\/strong> Tamamen saydam cam, u\u00e7ucu ya\u011flar\u0131n renklerini sergiliyor. I\u015f\u0131k, kavisli g\u00f6vdeden ge\u00e7erek s\u0131cak ve parlak bir g\u00f6r\u00fcnt\u00fc efekti olu\u015fturuyor ve b\u00f6ylece genel \u015faheserine katk\u0131da bulunuyor.<\/li>\n<li><strong>130 ml Kapasite:<\/strong> 130 ml&#039;lik boyut, \u00e7o\u011fu ya\u015fam alan\u0131nda etkili olacak \u015fekilde uzun s\u00fcreli koku yay\u0131l\u0131m\u0131 i\u00e7in m\u00fckemmeldir.<\/li>\n<li><strong>D\u00fcz, Yuvarlak G\u00f6vde: <\/strong>Kase \u015feklindeki g\u00f6vdesi yumu\u015fak ve d\u00fczd\u00fcr; bu da keskin kenarlar\u0131n olmamas\u0131 anlam\u0131na gelir ve s\u0131cak ve rahat bir dekorasyon unsuru olu\u015fturur. Ayr\u0131ca yuvarlak hatlara sahip olmas\u0131 da tutmay\u0131 kolayla\u015ft\u0131r\u0131r.<\/li>\n<\/ul>\n<h2 style=\"text-align: left;\">Temel \u00d6zellikler<\/h2>\n<table class=\"aligncenter\" style=\"border-collapse: collapse; width: 430.52pt;\" border=\"0\" width=\"574\" cellspacing=\"0\" cellpadding=\"0\">\n<tbody>\n<tr style=\"height: 13.50pt;\">\n<td style=\"height: 13.50pt; width: 146.25pt;\" width=\"195\" height=\"18\">\u015eartname<\/td>\n<td style=\"width: 284.25pt;\" width=\"379\">Detaylar<\/td>\n<\/tr>\n<tr style=\"height: 13.50pt;\">\n<td style=\"height: 13.50pt;\" height=\"18\">Kapasite<\/td>\n<td>130 ml<\/td>\n<\/tr>\n<tr style=\"height: 13.50pt;\">\n<td style=\"height: 13.50pt;\" height=\"18\">Boyutlar<\/td>\n<td>87\u00d760 mm<\/td>\n<\/tr>\n<tr style=\"height: 13.50pt;\">\n<td style=\"height: 13.50pt;\" height=\"18\">\u0130\u00e7\/D\u0131\u015f Boyun \u00c7ap\u0131<\/td>\n<td>18 mm \/ 34 mm<\/td>\n<\/tr>\n<tr style=\"height: 13.50pt;\">\n<td style=\"height: 13.50pt;\" height=\"18\">Malzeme<\/td>\n<td>Soda-Kire\u00e7 Cam\u0131<\/td>\n<\/tr>\n<tr style=\"height: 13.50pt;\">\n<td style=\"height: 13.50pt;\" height=\"18\">\u015ei\u015fe \u015eekli<\/td>\n<td>Dokulu Tabanl\u0131 S\u0131\u011f Kase\/Tabak<\/td>\n<\/tr>\n<tr style=\"height: 13.50pt;\">\n<td style=\"height: 13.50pt;\" height=\"18\">\u00d6zelle\u015ftirme Kapsam\u0131<\/td>\n<td>Renk, Temel Doku Deseni, Boyut, \u015eekil<\/td>\n<\/tr>\n<tr style=\"height: 13.50pt;\">\n<td style=\"height: 13.50pt;\" height=\"18\">\u0130\u015f\u00e7ilik<\/td>\n<td>Kase \u015eeklinde Cam Presleme, Di\u015f A\u00e7ma<\/td>\n<\/tr>\n<tr style=\"height: 13.50pt;\">\n<td style=\"height: 13.50pt;\" height=\"18\">\u00dcr\u00fcn Amac\u0131<\/td>\n<td>\u015eeffaf Dif\u00fcz\u00f6r \u015ei\u015feleri, Dekoratif Ya\u011f Kaplar\u0131<\/td>\n<\/tr>\n<tr style=\"height: 13.50pt;\">\n<td style=\"height: 13.50pt;\" height=\"18\">Uygun Sekt\u00f6rler<\/td>\n<td>Ev Kokusu Markalar\u0131, Hediyelik E\u015fya Perakendecileri<\/td>\n<\/tr>\n<\/tbody>\n<\/table>\n<h2>Ba\u015far\u0131 \u00d6yk\u00fcs\u00fc: Bir Sa\u011fl\u0131k ve Spa Zincirinin \u0130mza \u00dcr\u00fcn\u00fc<\/h2>\n<p>Ulusal spa ve wellness zincirlerinden biri, bo\u015f aromaterapi \u015fi\u015feleri toptan sat\u0131\u015f projesinde kullanmak \u00fczere 130 ml&#039;lik \u015feffaf aromaterapi \u015fi\u015felerimizden b\u00fcy\u00fck miktarlarda sat\u0131n ald\u0131. Zarif, kase \u015feklindeki yap\u0131s\u0131, huzurlu estetiklerine g\u00fczel bir katk\u0131 sa\u011fl\u0131yor ve olduk\u00e7a h\u0131zl\u0131 bir \u015fekilde en \u00e7ok satan \u00fcr\u00fcnlerden biri haline gelerek \u00e7evrimi\u00e7i sat\u0131\u015flar\u0131n\u0131n &#039;unu olu\u015fturuyor. Terapi odalar\u0131 da 130 ml kapasiteyle m\u00fckemmel bir uyum sa\u011fl\u0131yor. M\u00fc\u015fterilerden gelen geri bildirimler ve kullan\u0131m kolayl\u0131\u011f\u0131 o kadar olumlu oldu ki, ma\u011fazalar\u0131n\u0131n y\u0131llarca yetecek \u015fi\u015fe ihtiyac\u0131n\u0131 kar\u015f\u0131layabilmek i\u00e7in 600.000 \u015fi\u015fe daha sipari\u015f verdiler.<\/p>\n<h2>Bo\u015f Dif\u00fcz\u00f6r \u015ei\u015feleri Toptan \u00d6zelle\u015ftirme<\/h2>\n<ul>\n<li>Cam rengi ve \u015feffafl\u0131\u011f\u0131: \u015eeffaf, yumu\u015fak beyaz (opal), yar\u0131 saydam veya a\u00e7\u0131k mavi veya lavanta rengi cam se\u00e7enekleri mevcuttur.<\/li>\n<li>Buzlu y\u00fczey: Barda\u011f\u0131n dokusunu yumu\u015fak ve hafif, s\u00fct beyaz\u0131 bir g\u00f6r\u00fcn\u00fcme kavu\u015fturmak i\u00e7in tamamen buzlu bir y\u00fczey i\u015flemi uygulanm\u0131\u015ft\u0131r.<\/li>\n<li>Lazer grav\u00fcr: Kase taban\u0131na d\u00fcz dairesel desenler veya marka isimleri i\u015flenebilir.<\/li>\n<li>Vitray s\u00fcsleme Vitray, kasenin alt halkas\u0131n\u0131n etraf\u0131na veya kasenin i\u00e7 k\u0131sm\u0131na uygulanabilir.<\/li>\n<\/ul>","protected":false},"excerpt":{"rendered":"<p>Sodyum-kire\u00e7 cam\u0131ndan yap\u0131lm\u0131\u015f, yuvarlak, kase \u015feklinde \u015feffaf dif\u00fcz\u00f6r \u015fi\u015fesi. Toptan, do\u011frudan fabrikadan sat\u0131\u015f yapan ev kokusu markalar\u0131 i\u00e7in idealdir.<\/p>","protected":false},"featured_media":4754,"template":"","meta":{"postBodyCss":"","postBodyMargin":[],"postBodyPadding":[],"postBodyBackground":{"backgroundType":"classic","gradient":""}},"product_brand":[],"product_cat":[15,16,63],"product_tag":[],"class_list":{"0":"post-4753","1":"product","2":"type-product","3":"status-publish","4":"has-post-thumbnail","6":"product_cat-glass-containers","7":"product_cat-glass-bottles","8":"product_cat-reed-diffuser-bottles","10":"first","11":"instock","12":"shipping-taxable","13":"product-type-simple"},"jetpack_sharing_enabled":true,"_links":{"self":[{"href":"https:\/\/minghanggroup.com\/tr\/wp-json\/wp\/v2\/product\/4753","targetHints":{"allow":["GET"]}}],"collection":[{"href":"https:\/\/minghanggroup.com\/tr\/wp-json\/wp\/v2\/product"}],"about":[{"href":"https:\/\/minghanggroup.com\/tr\/wp-json\/wp\/v2\/types\/product"}],"wp:featuredmedia":[{"embeddable":true,"href":"https:\/\/minghanggroup.com\/tr\/wp-json\/wp\/v2\/media\/4754"}],"wp:attachment":[{"href":"https:\/\/minghanggroup.com\/tr\/wp-json\/wp\/v2\/media?parent=4753"}],"wp:term":[{"taxonomy":"product_brand","embeddable":true,"href":"https:\/\/minghanggroup.com\/tr\/wp-json\/wp\/v2\/product_brand?post=4753"},{"taxonomy":"product_cat","embeddable":true,"href":"https:\/\/minghanggroup.com\/tr\/wp-json\/wp\/v2\/product_cat?post=4753"},{"taxonomy":"product_tag","embeddable":true,"href":"https:\/\/minghanggroup.com\/tr\/wp-json\/wp\/v2\/product_tag?post=4753"}],"curies":[{"name":"wp","href":"https:\/\/api.w.org\/{rel}","templated":true}]}}