{"id":4748,"date":"2026-01-16T15:53:44","date_gmt":"2026-01-16T07:53:44","guid":{"rendered":"https:\/\/minghanggroup.com\/?post_type=product&#038;p=4748"},"modified":"2026-01-16T16:50:02","modified_gmt":"2026-01-16T08:50:02","slug":"glass-square-diffuser-bottles-for-packaging-wholesale","status":"publish","type":"product","link":"https:\/\/minghanggroup.com\/tr\/urun\/glass-square-diffuser-bottles-for-packaging-wholesale\/","title":{"rendered":"Toptan Ambalaj \u0130\u00e7in 200ml 250ml Kare Cam Dif\u00fcz\u00f6r \u015ei\u015feleri"},"content":{"rendered":"<p>Kare \u015feklindeki dif\u00fcz\u00f6r \u015fi\u015feleriniz sadece kokuyu muhafaza etmekle kalmamal\u0131, ayn\u0131 zamanda modern bir heykel gibi her kenar\u0131ndan \u0131\u015f\u0131\u011f\u0131 yans\u0131tmal\u0131d\u0131r. Aroma dif\u00fcz\u00f6r \u015fi\u015fesi uzmanlar\u0131 olarak, u\u00e7ucu ya\u011f dif\u00fcz\u00f6r\u00fcn\u00fcz\u00fc odan\u0131n sessiz bir ba\u015fyap\u0131t\u0131na d\u00f6n\u00fc\u015ft\u00fcren cam dif\u00fcz\u00f6r \u015fi\u015feleri \u00fcretiyoruz.<\/p>\n<h2>\u00dcr\u00fcn \u00d6zellikleri<\/h2>\n<ul>\n<li><strong>Minimalist Kare Geometrik Estetik: <\/strong>\u015ei\u015fe, end\u00fcstriyel tasar\u0131m izlenimini modern i\u00e7 mekanlar\u0131n farkl\u0131 bir dengesiyle birle\u015ftiren, d\u00fczg\u00fcn ve keskin kenarlara sahip geleneksel kare bir \u015fekle sahiptir.<\/li>\n<li><strong>\u00c7e\u015fitli Kapak Se\u00e7enekleri: <\/strong>\u0130ki se\u00e7enek mevcut: par\u0131ldayan alt\u0131n rengi metal bir yaka ve yar\u0131m k\u00fcre \u015feklinde ah\u015fap bir kapak; b\u00f6ylece markan\u0131n iki farkl\u0131 stili sunuluyor: &#034;hafif l\u00fcks modern&#034; ve &#034;do\u011fal ve tedavi edici&#034;.<\/li>\n<li><strong>Marka Sergileme \u0130\u00e7in D\u00fcz Y\u00fczey: <\/strong>Kare \u015fi\u015fenin d\u00fcz, p\u00fcr\u00fczs\u00fcz cam y\u00fczeyleri, marka i\u00e7in harika bir &#034;tuval&#034; g\u00f6revi g\u00f6r\u00fcr; bu nedenle geni\u015f alanlara serigrafi bask\u0131 yap\u0131labilir, s\u0131cak damgalama uygulanabilir veya marka etiketleri hassas bir \u015fekilde yap\u0131\u015ft\u0131r\u0131labilir.<\/li>\n<\/ul>\n<h2>Temel \u00d6zellikler<\/h2>\n<table style=\"border-collapse: collapse; width: 80%; margin-left: auto; margin-right: auto;\" border=\"0\" width=\"288\" cellspacing=\"0\" cellpadding=\"0\">\n<tbody>\n<tr style=\"height: 13.50pt;\">\n<td style=\"height: 13.5pt; width: 54pt; text-align: center;\" width=\"72\" height=\"18\">Boyut (ml)<\/td>\n<td style=\"width: 54pt; text-align: center;\" width=\"72\">\u00d6l\u00e7\u00fcler (mm)<\/td>\n<td style=\"width: 54pt; text-align: center;\" width=\"72\">Boyun Tipi<\/td>\n<td style=\"width: 54pt; text-align: center;\" width=\"72\">\u015eekil<\/td>\n<\/tr>\n<tr style=\"height: 13.50pt;\">\n<td style=\"height: 13.5pt; text-align: center;\" align=\"right\" height=\"18\">200<\/td>\n<td style=\"text-align: center;\">68 \u00d7 95<\/td>\n<td class=\"et2\" style=\"text-align: center;\" rowspan=\"2\">Vidal\u0131 kapak<\/td>\n<td class=\"et2\" style=\"text-align: center;\" rowspan=\"2\">Kare geometrik<\/td>\n<\/tr>\n<tr style=\"height: 13.50pt;\">\n<td style=\"height: 13.5pt; text-align: center;\" align=\"right\" height=\"18\">250<\/td>\n<td style=\"text-align: center;\">74 \u00d7 102<\/td>\n<\/tr>\n<\/tbody>\n<\/table>\n<h2>Ba\u015far\u0131 \u00d6rne\u011fi<\/h2>\n<p>\u00dcst d\u00fczey bir ev mobilyas\u0131 markas\u0131, y\u0131l\u0131n temel \u00fcr\u00fcn\u00fc olarak bu 200 ml&#039;lik kare \u015feffaf cam \u015fi\u015feyi se\u00e7ti. Mat, do\u011fal ah\u015fap dokulu, yar\u0131m k\u00fcre \u015feklinde bir kapak tasarlad\u0131lar ve marka logosu, hassas lazer grav\u00fcr y\u00f6ntemiyle ah\u015fap kapa\u011f\u0131n \u00fcst\u00fcne i\u015flendi. Ayr\u0131ca marka, d\u00fcz cam y\u00fczeylere tek renkli, minimalist serigrafi bask\u0131 ve elle se\u00e7ilmi\u015f, renk uyumlu, \u00f6zel yap\u0131m do\u011fal sola ah\u015fap \u00e7i\u00e7ek dif\u00fcz\u00f6rleri talep etti.<\/p>\n<p>Perakende raflar\u0131ndaki di\u011fer yuvarlak \u015fi\u015felerden farkl\u0131la\u015fan belirgin kare \u015fekli, markan\u0131n \u00fc\u00e7 ayl\u0131k sat\u0131\u015flar\u0131nda &#039;lik bir art\u0131\u015fa yol a\u00e7t\u0131. M\u00fc\u015fteri, sonunda 180.000 adetlik ek bir sipari\u015f verdi ve b\u00f6ylece \u00fcr\u00fcn\u00fc uzun vadeli temel \u00fcr\u00fcn olarak tutmaya karar verdi.<\/p>\n<h2>\u00d6zelle\u015ftirme Se\u00e7enekleriniz<\/h2>\n<ol>\n<li><strong>\u015ei\u015fe Y\u00fczeyi \u00d6zelle\u015ftirme:<\/strong> \u015ei\u015fe y\u00fczeyinin d\u00fcz kare kenarlar\u0131ndan tam olarak yararlanarak size tamamen buzlu veya k\u0131smi kum p\u00fcsk\u00fcrtmeli bir g\u00f6r\u00fcn\u00fcm sunuyoruz. Zarif serigrafi veya s\u0131cak damgalama y\u00f6ntemlerimizle birle\u015ftirildi\u011finde, marka logonuzun \u015feffaf veya yar\u0131 saydam cam dokular \u00fczerinde \u00f6ne \u00e7\u0131kmas\u0131 m\u00fcmk\u00fcn oluyor. Kapak<\/li>\n<li><strong>Malzeme ve Marka Yenileme:<\/strong> Farkl\u0131 stillerde \u015fi\u015fe kapaklar\u0131n\u0131n toplu \u00f6zelle\u015ftirmesini sunuyoruz; \u00f6rne\u011fin, hafif l\u00fcks bir esteti\u011fi temsil eden parlak alt\u0131n\/mat siyah eloksall\u0131 al\u00fcminyum kapaklar veya do\u011fay\u0131 an\u0131msatan bir his i\u00e7in lazerle oyulmu\u015f ah\u015fap kapaklar. Hissedebilece\u011finiz malzeme farkl\u0131l\u0131klar\u0131, marka kimli\u011finize tam olarak kar\u015f\u0131l\u0131k gelir.<\/li>\n<li><strong>Ki\u015fiselle\u015ftirilmi\u015f Dif\u00fcz\u00f6r Ortam Kombinasyonlar\u0131:<\/strong> Normal elyaf kam\u0131\u015flar\u0131n yan\u0131 s\u0131ra, markan\u0131z\u0131n etiketini ta\u015f\u0131yan renkli, uyumlu sola \u00e7i\u00e7ekleri veya dif\u00fcz\u00f6r \u00e7ubuklar\u0131 se\u00e7me \u00f6zg\u00fcrl\u00fc\u011f\u00fcne sahipsiniz. Bu \u015fekilde, pratik bir dif\u00fczyon i\u015flevini, benzersiz bir de\u011fer \u00f6nerisiyle dekoratif bir sanat eserine d\u00f6n\u00fc\u015ft\u00fcr\u00fcyorsunuz.<\/li>\n<\/ol>","protected":false},"excerpt":{"rendered":"<p>\u015e\u0131k, kare \u015fekilli, \u015feffaf camdan \u00fcretilmi\u015f, alt\u0131n veya ah\u015fap kapakl\u0131 aroma dif\u00fcz\u00f6r \u015fi\u015feleri. Bu aroma dif\u00fcz\u00f6r \u015fi\u015fesi, toplu sipari\u015flerde \u00f6zelle\u015ftirme ve h\u0131zl\u0131 kargo imkan\u0131 sunmaktad\u0131r. Hemen bilgi al\u0131n!<\/p>","protected":false},"featured_media":4752,"template":"","meta":{"postBodyCss":"","postBodyMargin":[],"postBodyPadding":[],"postBodyBackground":{"backgroundType":"classic","gradient":""}},"product_brand":[],"product_cat":[15,16,63],"product_tag":[],"class_list":{"0":"post-4748","1":"product","2":"type-product","3":"status-publish","4":"has-post-thumbnail","6":"product_cat-glass-containers","7":"product_cat-glass-bottles","8":"product_cat-reed-diffuser-bottles","10":"first","11":"instock","12":"shipping-taxable","13":"product-type-simple"},"jetpack_sharing_enabled":true,"_links":{"self":[{"href":"https:\/\/minghanggroup.com\/tr\/wp-json\/wp\/v2\/product\/4748","targetHints":{"allow":["GET"]}}],"collection":[{"href":"https:\/\/minghanggroup.com\/tr\/wp-json\/wp\/v2\/product"}],"about":[{"href":"https:\/\/minghanggroup.com\/tr\/wp-json\/wp\/v2\/types\/product"}],"wp:featuredmedia":[{"embeddable":true,"href":"https:\/\/minghanggroup.com\/tr\/wp-json\/wp\/v2\/media\/4752"}],"wp:attachment":[{"href":"https:\/\/minghanggroup.com\/tr\/wp-json\/wp\/v2\/media?parent=4748"}],"wp:term":[{"taxonomy":"product_brand","embeddable":true,"href":"https:\/\/minghanggroup.com\/tr\/wp-json\/wp\/v2\/product_brand?post=4748"},{"taxonomy":"product_cat","embeddable":true,"href":"https:\/\/minghanggroup.com\/tr\/wp-json\/wp\/v2\/product_cat?post=4748"},{"taxonomy":"product_tag","embeddable":true,"href":"https:\/\/minghanggroup.com\/tr\/wp-json\/wp\/v2\/product_tag?post=4748"}],"curies":[{"name":"wp","href":"https:\/\/api.w.org\/{rel}","templated":true}]}}