{"id":4743,"date":"2026-01-16T15:09:01","date_gmt":"2026-01-16T07:09:01","guid":{"rendered":"https:\/\/minghanggroup.com\/?post_type=product&#038;p=4743"},"modified":"2026-01-16T16:50:39","modified_gmt":"2026-01-16T08:50:39","slug":"embossed-glass-luxury-diffuser-bottles-for-home-decor-bulk","status":"publish","type":"product","link":"https:\/\/minghanggroup.com\/tr\/urun\/embossed-glass-luxury-diffuser-bottles-for-home-decor-bulk\/","title":{"rendered":"150 ml Kabartmal\u0131 Cam L\u00fcks Dif\u00fcz\u00f6r \u015ei\u015feleri, Ev Dekorasyonu \u0130\u00e7in (Toptan)"},"content":{"rendered":"<p>L\u00fcks dif\u00fcz\u00f6r \u015fi\u015feleriniz sadece koku tutmakla kalmamal\u0131, ayn\u0131 zamanda eski bir balo salonu gibi \u0131\u015f\u0131\u011f\u0131n dans etmesini sa\u011flamal\u0131d\u0131r. Toptan dif\u00fcz\u00f6r cam \u015fi\u015fe uzmanlar\u0131 olarak, u\u00e7ucu ya\u011f dif\u00fcz\u00f6r\u00fcn\u00fcz\u00fc odan\u0131n sessiz y\u0131ld\u0131z\u0131na d\u00f6n\u00fc\u015ft\u00fcren cam kam\u0131\u015fl\u0131 dif\u00fcz\u00f6rler \u00fcretiyoruz.<\/p>\n<h2>\u00dcr\u00fcn \u00d6zellikleri<\/h2>\n<ul>\n<li><strong>S\u00fcslemeli Kabartma Sanat\u0131: <\/strong>Kristalin y\u00fczeyindeki desenler\/g\u00f6r\u00fcnt\u00fcler, evinizin kokusuna vintage l\u00fcks bir hava kat\u0131yor.<\/li>\n<li><strong>G\u00fcvenli \u00c7\u0131t\u00e7\u0131tl\u0131 Boyun Ba\u011flant\u0131s\u0131: <\/strong>Yuvarlak kam\u0131\u015fl\u0131 dif\u00fcz\u00f6r \u00e7ubuklar\u0131, e\u011fmeye gerek kalmadan do\u011frudan yerle\u015ftirilebilir, sallanma veya d\u00f6k\u00fclme olmaz.<\/li>\n<li><strong>A\u011f\u0131rba\u015fl\u0131 Zarafet: <\/strong>Kal\u0131n taban, mermer masalarda sallanma yapmaz. Cam dif\u00fcz\u00f6r \u015fi\u015feniz sa\u011flam ve kaliteli bir his verecektir.<\/li>\n<\/ul>\n<h2>Temel \u00d6zellikler<\/h2>\n<table style=\"border-collapse: collapse; width: 80%; margin-left: auto; margin-right: auto;\" border=\"0\" width=\"288\" cellspacing=\"0\" cellpadding=\"0\">\n<tbody>\n<tr style=\"height: 13.50pt;\">\n<td style=\"height: 13.5pt; width: 54pt; text-align: center;\" width=\"72\" height=\"18\">Boyut<\/td>\n<td style=\"width: 54pt; text-align: center;\" width=\"72\">\u00d6l\u00e7\u00fcler (mm)<\/td>\n<td style=\"width: 54pt; text-align: center;\" width=\"72\">\u0130\u00e7 ve D\u0131\u015f \u00c7ap<\/td>\n<td style=\"width: 54pt; text-align: center;\" width=\"72\">Ana \u00d6zellik<\/td>\n<\/tr>\n<tr style=\"height: 13.50pt;\">\n<td style=\"height: 13.5pt; text-align: center;\" height=\"18\">150 ml<\/td>\n<td style=\"text-align: center;\">71 \u00d7 101<\/td>\n<td style=\"text-align: center;\">18\/34 mm<\/td>\n<td style=\"text-align: center;\">Kabartmal\u0131 dekorasyon<\/td>\n<\/tr>\n<\/tbody>\n<\/table>\n<h2>Ba\u015far\u0131 \u00d6rne\u011fi<\/h2>\n<p>\u00dcst d\u00fczey \u0130talyan esintili bir parf\u00fcm markas\u0131, &#034;R\u00f6nesans&#034; koleksiyonunun ana ambalaj\u0131 olarak bu cam \u015fi\u015feyi se\u00e7ti. Marka, karma\u015f\u0131k kabartma tasar\u0131m\u0131n\u0131n orta halkas\u0131 i\u00e7indeki marka amblemini hassas bir \u015fekilde belirginle\u015ftirmek i\u00e7in titiz bir el yald\u0131zlama tekni\u011fi kulland\u0131. Ayr\u0131ca, \u015fi\u015feye \u015feffafl\u0131\u011f\u0131n\u0131 korurken eski bir zarafet hissi veren yar\u0131 saydam kehribar kaplama i\u015flemi uygulad\u0131 ve \u00f6zel uzunlukta do\u011fal rattan dif\u00fcz\u00f6rlerle e\u015fle\u015ftirdi.<\/p>\n<p>Bu son derece \u00f6zg\u00fcn \u00fcr\u00fcn\u00fcn piyasaya s\u00fcr\u00fclmesinin ard\u0131ndan, l\u00fcks s\u00fcpermarketlerdeki seri sat\u0131\u015flar\u0131 artt\u0131. Do\u011frudan fabrikadan tedarik modeliyle sa\u011flanan verimli tedarik zinciri sayesinde, marka ilk parti t\u00fckendikten sonra \u00fcr\u00fcnleri h\u0131zla yeniden stoklay\u0131p g\u00f6nderebildi.<\/p>\n<h2>\u00d6zelle\u015ftirme Se\u00e7enekleriniz<\/h2>\n<ol>\n<li><strong>\u015ei\u015fe g\u00f6vdesi i\u00e7in vintage renk kaplama se\u00e7enekleri: <\/strong>\u00d6zelle\u015ftirilebilir se\u00e7enekler aras\u0131nda kehribar, dumanl\u0131 gri veya kadifemsi dokulu mat yar\u0131 saydam sprey kaplama bulunur. Bunlar, detayl\u0131 kabartma \u00e7izgilerle birlikte, \u0131\u015f\u0131k ve g\u00f6lge oyununu derinle\u015ftirir.<\/li>\n<li><strong>Uyumlu metal aksesuarlar: <\/strong>\u0130ste\u011fe ba\u011fl\u0131 olarak, kabartmal\u0131 tarzda anotlanm\u0131\u015f al\u00fcminyum \u015fi\u015fe kapaklar\u0131 sunulabilir; \u00f6rne\u011fin, antik bronz, mat f\u0131r\u00e7alanm\u0131\u015f alt\u0131n veya elektroliz kaplama siyah. Ayr\u0131ca, kapa\u011f\u0131n \u00fcst k\u0131sm\u0131na \u00f6zel kabartmal\u0131 bir logo bas\u0131labilir.<\/li>\n<li><strong>Ki\u015fiselle\u015ftirilmi\u015f metal etiket: <\/strong>Marka logosunun yer ald\u0131\u011f\u0131 \u00f6zel metal bir etiket (\u00f6rne\u011fin \u00e7inko ala\u015f\u0131m\u0131 veya pirin\u00e7), ince bir deri kordon veya kadife kurdele ile \u015fi\u015fe boynuna tak\u0131labilir.<\/li>\n<\/ol>","protected":false},"excerpt":{"rendered":"<p>Zarif kabartmal\u0131, l\u00fcks dif\u00fcz\u00f6r \u015fi\u015feleri, vintage desenlerle s\u00fcslenmi\u015ftir. Bu y\u00fcksek kaliteli cam dif\u00fcz\u00f6r \u015fi\u015felerinin toptan sat\u0131\u015f\u0131 \u00f6zelle\u015ftirme imkan\u0131 sunmaktad\u0131r. H\u0131zl\u0131 kargo.<\/p>","protected":false},"featured_media":4747,"template":"","meta":{"postBodyCss":"","postBodyMargin":[],"postBodyPadding":[],"postBodyBackground":{"backgroundType":"classic","gradient":""}},"product_brand":[],"product_cat":[15,16,63],"product_tag":[],"class_list":{"0":"post-4743","1":"product","2":"type-product","3":"status-publish","4":"has-post-thumbnail","6":"product_cat-glass-containers","7":"product_cat-glass-bottles","8":"product_cat-reed-diffuser-bottles","10":"first","11":"instock","12":"shipping-taxable","13":"product-type-simple"},"jetpack_sharing_enabled":true,"_links":{"self":[{"href":"https:\/\/minghanggroup.com\/tr\/wp-json\/wp\/v2\/product\/4743","targetHints":{"allow":["GET"]}}],"collection":[{"href":"https:\/\/minghanggroup.com\/tr\/wp-json\/wp\/v2\/product"}],"about":[{"href":"https:\/\/minghanggroup.com\/tr\/wp-json\/wp\/v2\/types\/product"}],"wp:featuredmedia":[{"embeddable":true,"href":"https:\/\/minghanggroup.com\/tr\/wp-json\/wp\/v2\/media\/4747"}],"wp:attachment":[{"href":"https:\/\/minghanggroup.com\/tr\/wp-json\/wp\/v2\/media?parent=4743"}],"wp:term":[{"taxonomy":"product_brand","embeddable":true,"href":"https:\/\/minghanggroup.com\/tr\/wp-json\/wp\/v2\/product_brand?post=4743"},{"taxonomy":"product_cat","embeddable":true,"href":"https:\/\/minghanggroup.com\/tr\/wp-json\/wp\/v2\/product_cat?post=4743"},{"taxonomy":"product_tag","embeddable":true,"href":"https:\/\/minghanggroup.com\/tr\/wp-json\/wp\/v2\/product_tag?post=4743"}],"curies":[{"name":"wp","href":"https:\/\/api.w.org\/{rel}","templated":true}]}}