{"id":4733,"date":"2026-01-16T14:11:58","date_gmt":"2026-01-16T06:11:58","guid":{"rendered":"https:\/\/minghanggroup.com\/?post_type=product&#038;p=4733"},"modified":"2026-01-16T16:52:26","modified_gmt":"2026-01-16T08:52:26","slug":"clear-glass-diffuser-bottles-with-vertical-stripe-design-wholesale","status":"publish","type":"product","link":"https:\/\/minghanggroup.com\/tr\/urun\/clear-glass-diffuser-bottles-with-vertical-stripe-design-wholesale\/","title":{"rendered":"150 ml \u015eeffaf Cam Dif\u00fcz\u00f6r \u015ei\u015feleri, Dikey \u00c7izgili Tasar\u0131m, Toplu Sat\u0131\u015f"},"content":{"rendered":"<p>\u015eeffaf cam dif\u00fcz\u00f6r \u015fi\u015feleriniz sadece kokuyu muhafaza etmekle kalmamal\u0131, ayn\u0131 zamanda sehpan\u0131zda \u0131\u015f\u0131\u011f\u0131n dans etmesini de sa\u011flamal\u0131d\u0131r. Koku dif\u00fcz\u00f6r \u015fi\u015feleri konusunda uzman olarak, u\u00e7ucu ya\u011f dif\u00fcz\u00f6r\u00fcn\u00fcz\u00fc odan\u0131n sessiz y\u0131ld\u0131z\u0131na d\u00f6n\u00fc\u015ft\u00fcren cam kam\u0131\u015fl\u0131 dif\u00fcz\u00f6rler \u00fcretiyoruz.<\/p>\n<h2>\u00dcr\u00fcn \u00d6zellikleri<\/h2>\n<ul>\n<li><strong>I\u015f\u0131k ve G\u00f6lgeyi Yakalayarak Dikey \u00c7izgiler Olu\u015fturma:<\/strong> \u00c7izgiler, prizma gibi \u0131\u015f\u0131\u011f\u0131 da\u011f\u0131tarak ev kokusunu modern evinizde bir sanat eserine d\u00f6n\u00fc\u015ft\u00fcr\u00fcyor.<\/li>\n<li><strong>Kal\u0131nla\u015ft\u0131r\u0131lm\u0131\u015f, Kaymaz \u015ei\u015fe Taban\u0131:<\/strong> \u015ei\u015fe taban\u0131n\u0131n kal\u0131nl\u0131\u011f\u0131 ve ortas\u0131n\u0131n hafif\u00e7e i\u00e7e do\u011fru kavisli olmas\u0131, \u015fi\u015feyi daha dengeli hale getirerek devrilmeyi etkili bir \u015fekilde engeller ve parf\u00fcm\u00fcn g\u00fcvenli kullan\u0131m\u0131n\u0131 sa\u011flar.<\/li>\n<li><strong>M\u00fckemmel Yay\u0131lma Yetene\u011fi:<\/strong> Geni\u015f \u015fi\u015fe a\u011fz\u0131, ayn\u0131 anda birka\u00e7 dif\u00fcz\u00f6r \u00e7ubu\u011funu tutabilir; bu da kokunun uzun s\u00fcre taze ve havada kalmas\u0131na yard\u0131mc\u0131 olur ve b\u00f6ylece dif\u00fcz\u00f6r\u00fc oda dekorasyonunuzda m\u00fckemmel bir unsur haline getirir.<\/li>\n<\/ul>\n<h2>Temel \u00d6zellikler<\/h2>\n<table style=\"border-collapse: collapse; width: 80%; margin-right: auto; margin-left: auto;\" border=\"0\" width=\"288\" cellspacing=\"0\" cellpadding=\"0\">\n<tbody>\n<tr style=\"height: 13.50pt;\">\n<td style=\"height: 13.5pt; width: 54pt; text-align: center;\" width=\"72\" height=\"18\">Boyut<\/td>\n<td style=\"width: 54pt; text-align: center;\" width=\"72\">\u00d6l\u00e7\u00fcler (mm)<\/td>\n<td style=\"width: 54pt; text-align: center;\" width=\"72\">Boyun Tipi<\/td>\n<td style=\"width: 54pt; text-align: center;\" width=\"72\">\u00d6zellik<\/td>\n<\/tr>\n<tr style=\"height: 13.50pt;\">\n<td style=\"height: 13.5pt; text-align: center;\" height=\"18\">150 ml<\/td>\n<td style=\"text-align: center;\">65 \u00d7 99<\/td>\n<td style=\"text-align: center;\">Ge\u00e7meli ba\u011flant\u0131<\/td>\n<td style=\"text-align: center;\">Dikey \u00e7izgiler<\/td>\n<\/tr>\n<\/tbody>\n<\/table>\n<h2>Ba\u015far\u0131 \u00d6rne\u011fi<\/h2>\n<p>Sa\u011fl\u0131kl\u0131 ya\u015fam \u00fcr\u00fcnlerine odaklanan butik bir ev dekorasyon markas\u0131, y\u0131ll\u0131k ana koleksiyonu i\u00e7in ambalaj se\u00e7ene\u011fi olarak bu 150 ml&#039;lik \u015feffaf cam aromaterapi \u015fi\u015fesini tercih etti. \u00d6zel \u00fcretim yoluyla, marka, \u015fi\u015fenin dikey \u00e7izgileri aras\u0131ndaki bo\u015fluklara logosunu basmak i\u00e7in y\u00fcksek hassasiyetli lazer kaz\u0131ma teknolojisini kulland\u0131 ve modern end\u00fcstriyel tarz\u0131n\u0131 vurgulamak i\u00e7in \u00f6zel olarak tasarlanm\u0131\u015f siyah mat eloksall\u0131 al\u00fcminyum bir kapakla birle\u015ftirdi.<\/p>\n<p>\u00dcr\u00fcn piyasaya s\u00fcr\u00fcld\u00fc\u011f\u00fcnde, ilk sevkiyat sadece \u00fc\u00e7 hafta i\u00e7inde t\u00fckendi ve sat\u0131\u015flar ge\u00e7en y\u0131l\u0131n ayn\u0131 d\u00f6nemine g\u00f6re artt\u0131.<\/p>\n<h2>\u00d6zelle\u015ftirme Se\u00e7enekleriniz<\/h2>\n<ol>\n<li><strong>\u015ei\u015fe G\u00f6vdesi Renk Ge\u00e7i\u015f \u0130\u015flemi: <\/strong>\u0130\u00e7 k\u0131s\u0131mda, \u015feffaf cam\u0131n \u00fczerine koyu renkten yukar\u0131 do\u011fru kademeli olarak \u015feffafla\u015fan bir kaplama veya gradyan p\u00fcsk\u00fcrtme y\u00f6ntemi uygulanmaktad\u0131r. Ayr\u0131ca, bununla birle\u015fti\u011finde prizma benzeri bir k\u0131r\u0131lma etkisi yaratan ve b\u00f6ylece g\u00f6rsel \u00e7ekicili\u011fi b\u00fcy\u00fck \u00f6l\u00e7\u00fcde art\u0131ran \u00e7izgili bir doku da kullan\u0131lmaktad\u0131r.<\/li>\n<li><strong>\u015ei\u015fe Kapa\u011f\u0131 Malzeme \u00d6zelle\u015ftirme: <\/strong>Normal \u015feffaf kapaklar\u0131n yan\u0131 s\u0131ra, m\u00fc\u015fteriler markalar\u0131n\u0131n imaj\u0131n\u0131 g\u00fc\u00e7lendirmek i\u00e7in \u015feffaf kapaklar\u0131n tam tersi olan anotlanm\u0131\u015f al\u00fcminyum kapaklar (alt\u0131n, g\u00fcm\u00fc\u015f, mat siyah) veya do\u011fal ah\u015fap kapaklar (ceviz, me\u015fe) se\u00e7eneklerinden de yararlanabilirler. Metal ve ah\u015fab\u0131n z\u0131t dokular\u0131, markan\u0131n \u00fcst d\u00fczey, l\u00fcks veya do\u011fal konumland\u0131rmas\u0131n\u0131 \u00e7ok iyi bir \u015fekilde tan\u0131mlayabilir.<\/li>\n<li><strong>Dif\u00fcz\u00f6r Orta Boy Renk Hizalamas\u0131: <\/strong>Farkl\u0131 malzemelerden ve renklerden toplu olarak dif\u00fcz\u00f6r \u00e7ubuklar\u0131 \u00fcretebiliriz ve bu konuda size yard\u0131mc\u0131 olabiliriz. \u00d6rne\u011fin, markan\u0131n ana renk \u015femas\u0131na uyan y\u00fcksek yo\u011funluklu renkli fiber \u00e7ubuklar veya marka etiketli \u00f6zel yap\u0131m sola a\u011fac\u0131 \u00e7i\u00e7ekleri; bunlar\u0131n her ikisi de kutudan \u00e7\u0131kar\u0131ld\u0131\u011f\u0131nda marka bilinirli\u011fini art\u0131r\u0131r.<\/li>\n<\/ol>","protected":false},"excerpt":{"rendered":"<p>Dikey \u00e7izgili dokuya sahip silindirik \u015feffaf cam dif\u00fcz\u00f6r \u015fi\u015feleri. Bu y\u00fcksek kaliteli dif\u00fcz\u00f6r cam \u015fi\u015feleri, toplu sipari\u015flerde \u00f6zelle\u015ftirmeye olanak tan\u0131r. Hemen bilgi al\u0131n!<\/p>","protected":false},"featured_media":4742,"template":"","meta":{"postBodyCss":"","postBodyMargin":[],"postBodyPadding":[],"postBodyBackground":{"backgroundType":"classic","gradient":""}},"product_brand":[],"product_cat":[15,16,63],"product_tag":[],"class_list":{"0":"post-4733","1":"product","2":"type-product","3":"status-publish","4":"has-post-thumbnail","6":"product_cat-glass-containers","7":"product_cat-glass-bottles","8":"product_cat-reed-diffuser-bottles","10":"first","11":"instock","12":"shipping-taxable","13":"product-type-simple"},"jetpack_sharing_enabled":true,"_links":{"self":[{"href":"https:\/\/minghanggroup.com\/tr\/wp-json\/wp\/v2\/product\/4733","targetHints":{"allow":["GET"]}}],"collection":[{"href":"https:\/\/minghanggroup.com\/tr\/wp-json\/wp\/v2\/product"}],"about":[{"href":"https:\/\/minghanggroup.com\/tr\/wp-json\/wp\/v2\/types\/product"}],"wp:featuredmedia":[{"embeddable":true,"href":"https:\/\/minghanggroup.com\/tr\/wp-json\/wp\/v2\/media\/4742"}],"wp:attachment":[{"href":"https:\/\/minghanggroup.com\/tr\/wp-json\/wp\/v2\/media?parent=4733"}],"wp:term":[{"taxonomy":"product_brand","embeddable":true,"href":"https:\/\/minghanggroup.com\/tr\/wp-json\/wp\/v2\/product_brand?post=4733"},{"taxonomy":"product_cat","embeddable":true,"href":"https:\/\/minghanggroup.com\/tr\/wp-json\/wp\/v2\/product_cat?post=4733"},{"taxonomy":"product_tag","embeddable":true,"href":"https:\/\/minghanggroup.com\/tr\/wp-json\/wp\/v2\/product_tag?post=4733"}],"curies":[{"name":"wp","href":"https:\/\/api.w.org\/{rel}","templated":true}]}}