{"id":4723,"date":"2026-01-16T11:11:10","date_gmt":"2026-01-16T03:11:10","guid":{"rendered":"https:\/\/minghanggroup.com\/?post_type=product&#038;p=4723"},"modified":"2026-01-16T13:17:12","modified_gmt":"2026-01-16T05:17:12","slug":"glass-hanging-diffuser-bottles-with-wooden-lids-bulk","status":"publish","type":"product","link":"https:\/\/minghanggroup.com\/tr\/urun\/glass-hanging-diffuser-bottles-with-wooden-lids-bulk\/","title":{"rendered":"10 ml&#039;lik Ah\u015fap Kapakl\u0131 Cam Asma Dif\u00fcz\u00f6r \u015ei\u015feleri (Toptan)"},"content":{"rendered":"<p>Bu as\u0131labilir dif\u00fcz\u00f6r \u015fi\u015fesi, \u00e7ok katmanl\u0131 ah\u015fap bir \u00fcst k\u0131sma ve arac\u0131n\u0131z\u0131n dikiz aynas\u0131na kolayca tak\u0131labilmesi i\u00e7in \u00f6rg\u00fcl\u00fc bir ipe sahip, k\u00fc\u00e7\u00fck ve \u015feffaf silindirik bir cam g\u00f6vdeye sahip olacak \u015fekilde tasarlanm\u0131\u015ft\u0131r.<\/p>\n<h2>\u00dcr\u00fcn \u00d6zellikleri<\/h2>\n<ul>\n<li><strong>K\u00fc\u00e7\u00fck Silindirik Cisim:<\/strong> Bu, camdan yap\u0131lm\u0131\u015f, ta\u015f\u0131mas\u0131 kolay, k\u00fc\u00e7\u00fck silindir \u015feklinde bir \u015fi\u015fedir ve araban\u0131zda, torpido g\u00f6z\u00fcnde veya gard\u0131robunuzda oldu\u011fu gibi yaln\u0131z oldu\u011funuz zamanlar i\u00e7in uygundur.<\/li>\n<li><strong>Ah\u015fap Boncuk \u0130pi:<\/strong> \u00d6rg\u00fc ip, ah\u015fap boncuklarla s\u00fcslenmi\u015ftir ve her yere, her zaman kolayca as\u0131labilir.<\/li>\n<li><strong>S\u0131zd\u0131rmaz Tasar\u0131m:<\/strong> S\u0131k\u0131ca kapat\u0131lm\u0131\u015f ah\u015fap \u00fcst k\u0131s\u0131m ve sa\u011flam cam g\u00f6vde, su ge\u00e7irmez ve s\u0131zd\u0131rmaz bir tasar\u0131m ile kolay ta\u015f\u0131nabilirlik sa\u011flar.<\/li>\n<\/ul>\n<h2 style=\"text-align: left;\">Temel \u00d6zellikler<\/h2>\n<table class=\"aligncenter\" style=\"border-collapse: collapse; width: 444.77pt;\" border=\"0\" width=\"593\" cellspacing=\"0\" cellpadding=\"0\">\n<tbody>\n<tr style=\"height: 13.50pt;\">\n<td style=\"height: 13.50pt; width: 119.25pt;\" width=\"159\" height=\"18\">\u015eartname<\/td>\n<td style=\"width: 325.50pt;\" width=\"434\">Detaylar<\/td>\n<\/tr>\n<tr style=\"height: 13.50pt;\">\n<td style=\"height: 13.50pt;\" height=\"18\">Kapasite<\/td>\n<td>10 ml<\/td>\n<\/tr>\n<tr style=\"height: 13.50pt;\">\n<td style=\"height: 13.50pt;\" height=\"18\">Boyutlar<\/td>\n<td>32\u00d755 mm<\/td>\n<\/tr>\n<tr style=\"height: 13.50pt;\">\n<td style=\"height: 13.50pt;\" height=\"18\">Malzeme<\/td>\n<td>Soda-kire\u00e7 cam\u0131, ah\u015fap, pamuk ip<\/td>\n<\/tr>\n<tr style=\"height: 13.50pt;\">\n<td style=\"height: 13.50pt;\" height=\"18\">\u015ei\u015fe \u015eekli<\/td>\n<td>K\u0131sa Silindir<\/td>\n<\/tr>\n<tr style=\"height: 13.50pt;\">\n<td style=\"height: 13.50pt;\" height=\"18\">\u00d6zelle\u015ftirme Kapsam\u0131<\/td>\n<td>\u015eekil, Y\u00fczey \u0130\u015flemi, \u0130p Rengi, Boncuk Tasar\u0131m\u0131<\/td>\n<\/tr>\n<tr style=\"height: 13.50pt;\">\n<td style=\"height: 13.50pt;\" height=\"18\">\u0130\u015f\u00e7ilik<\/td>\n<td>K\u00fc\u00e7\u00fck \u00d6l\u00e7ekli Cam \u015eekillendirme, A\u011fa\u00e7 Tornalama, Kablo Montaj\u0131<\/td>\n<\/tr>\n<tr style=\"height: 13.50pt;\">\n<td style=\"height: 13.50pt;\" height=\"18\">\u00dcr\u00fcn Amac\u0131<\/td>\n<td>Ara\u00e7 \u0130\u00e7i Koku \u015ei\u015feleri, Ta\u015f\u0131nabilir As\u0131labilir Koku \u015ei\u015feleri<\/td>\n<\/tr>\n<tr style=\"height: 13.50pt;\">\n<td style=\"height: 13.50pt;\" height=\"18\">Uygun Sekt\u00f6rler<\/td>\n<td>Otomotiv Aksesuarlar\u0131, Ya\u015fam Tarz\u0131 Markalar\u0131<\/td>\n<\/tr>\n<\/tbody>\n<\/table>\n<h2>Ba\u015far\u0131 Hikayesi<\/h2>\n<p>B\u00fcy\u00fck otomotiv yedek par\u00e7a perakendecilerinden biri, 10 ml&#039;lik ara\u00e7 dif\u00fcz\u00f6r \u015fi\u015felerimizi temel \u00fcr\u00fcn olarak kulland\u0131. Dif\u00fcz\u00f6r \u015feklinde olan bu 10 ml&#039;lik \u015fi\u015feler piyasaya s\u00fcr\u00fcld\u00fcklerinde an\u0131nda ba\u015far\u0131 yakalad\u0131; bardak tutuculara tam olarak s\u0131\u011facak boyuttayd\u0131lar ve ilk \u00e7eyrek sat\u0131\u015flar\u0131 50.000 \u015fi\u015feyi a\u015ft\u0131. M\u00fc\u015fteriler, plastik olmad\u0131\u011f\u0131na inand\u0131klar\u0131 do\u011fal ah\u015fap kaplamaya ilgi duydular ve bu kategorinin cirosu ikiye katland\u0131. Perakendeciler \u00e7ok etkilendiler ve ulusal bir tan\u0131t\u0131m kampanyas\u0131 y\u00fcr\u00fctmek i\u00e7in 500.000 \u015fi\u015felik ek bir sipari\u015f verdiler.<\/p>\n<h2>Ara\u00e7 Dif\u00fcz\u00f6r \u015ei\u015felerinin Ki\u015fiselle\u015ftirilmesi<\/h2>\n<ul>\n<li>Kapak \u00f6zelle\u015ftirmesi: Kapaklar \u00e7e\u015fitli a\u011fa\u00e7 t\u00fcrlerinden (bambu, sandal a\u011fac\u0131, sedir) veya \u00e7e\u015fitli boyalarla renklendirilerek \u00fcretilir.<\/li>\n<li>\u0130p renklerinin ve dekoratif boncuklar\u0131n \u015feklinin\/malzemesinin \u00f6zelle\u015ftirilmesi: Bu se\u00e7enek, ip renklerinin ve dekoratif boncuklar\u0131n \u015feklinin\/malzemesinin ki\u015fiselle\u015ftirilmesine olanak tan\u0131r.<\/li>\n<li>Cam boyama: U\u00e7ucu ya\u011flar\u0131 \u0131\u015f\u0131k kaynakl\u0131 bozulmadan korumak i\u00e7in kehribar veya f\u00fcme cam kullan\u0131n.<\/li>\n<li>Lazer grav\u00fcr: Ah\u015fap kapaklara veya cam \u015fi\u015felere \u00e7ok k\u00fc\u00e7\u00fck logolar veya tasar\u0131mlar kaz\u0131y\u0131n.<\/li>\n<\/ul>","protected":false},"excerpt":{"rendered":"<p>\u015eeffaf camdan \u00fcretilmi\u015f dekoratif alt\u0131gen \u015fi\u015fe \u015feklinde parf\u00fcm dif\u00fcz\u00f6r\u00fc. Bu parf\u00fcm dif\u00fcz\u00f6r \u015fi\u015fesi markalar i\u00e7in m\u00fckemmeldir ve talep \u00fczerine \u00fccretsiz numuneler g\u00f6nderilebilir.<\/p>","protected":false},"featured_media":4728,"template":"","meta":{"postBodyCss":"","postBodyMargin":[],"postBodyPadding":[],"postBodyBackground":{"backgroundType":"classic","gradient":""}},"product_brand":[],"product_cat":[15,16,63],"product_tag":[],"class_list":{"0":"post-4723","1":"product","2":"type-product","3":"status-publish","4":"has-post-thumbnail","6":"product_cat-glass-containers","7":"product_cat-glass-bottles","8":"product_cat-reed-diffuser-bottles","10":"first","11":"instock","12":"shipping-taxable","13":"product-type-simple"},"jetpack_sharing_enabled":true,"_links":{"self":[{"href":"https:\/\/minghanggroup.com\/tr\/wp-json\/wp\/v2\/product\/4723","targetHints":{"allow":["GET"]}}],"collection":[{"href":"https:\/\/minghanggroup.com\/tr\/wp-json\/wp\/v2\/product"}],"about":[{"href":"https:\/\/minghanggroup.com\/tr\/wp-json\/wp\/v2\/types\/product"}],"wp:featuredmedia":[{"embeddable":true,"href":"https:\/\/minghanggroup.com\/tr\/wp-json\/wp\/v2\/media\/4728"}],"wp:attachment":[{"href":"https:\/\/minghanggroup.com\/tr\/wp-json\/wp\/v2\/media?parent=4723"}],"wp:term":[{"taxonomy":"product_brand","embeddable":true,"href":"https:\/\/minghanggroup.com\/tr\/wp-json\/wp\/v2\/product_brand?post=4723"},{"taxonomy":"product_cat","embeddable":true,"href":"https:\/\/minghanggroup.com\/tr\/wp-json\/wp\/v2\/product_cat?post=4723"},{"taxonomy":"product_tag","embeddable":true,"href":"https:\/\/minghanggroup.com\/tr\/wp-json\/wp\/v2\/product_tag?post=4723"}],"curies":[{"name":"wp","href":"https:\/\/api.w.org\/{rel}","templated":true}]}}