{"id":4717,"date":"2026-01-16T11:58:39","date_gmt":"2026-01-16T03:58:39","guid":{"rendered":"https:\/\/minghanggroup.com\/?post_type=product&#038;p=4717"},"modified":"2026-01-16T16:54:11","modified_gmt":"2026-01-16T08:54:11","slug":"geometric-conical-reed-diffuser-bottles-empty-design-bulk","status":"publish","type":"product","link":"https:\/\/minghanggroup.com\/tr\/urun\/geometric-conical-reed-diffuser-bottles-empty-design-bulk\/","title":{"rendered":"100 ml Geometrik Konik Kam\u0131\u015fl\u0131 Oda Kokusu \u015ei\u015feleri Bo\u015f Tasar\u0131m Toplu Sat\u0131\u015f"},"content":{"rendered":"<p>Koku yay\u0131c\u0131 \u015fi\u015feleriniz sadece kokuyu muhafaza etmekle kalmamal\u0131, mekan\u0131n\u0131z\u0131 bir s\u0131\u011f\u0131nak gibi hissettirmelidir. Koku yay\u0131c\u0131 \u015fi\u015fe uzmanlar\u0131 olarak, u\u00e7ucu ya\u011f yay\u0131c\u0131n\u0131z\u0131 odan\u0131n sessiz kalp at\u0131\u015f\u0131na d\u00f6n\u00fc\u015ft\u00fcren cam koku yay\u0131c\u0131 \u015fi\u015feler \u00fcretiyoruz.<\/p>\n<h2>\u00dcr\u00fcn \u00d6zellikleri<\/h2>\n<ul>\n<li><strong>Mimari Koni \u015eekli: <\/strong>Modern geometri, ev kokunuz i\u00e7in an\u0131nda harika bir g\u00f6rsel etki yarat\u0131yor.<\/li>\n<li><strong>G\u00fcvenli Vidal\u0131 Boyun: <\/strong>Basit\u00e7e s\u00f6ylemek gerekirse, yuvarlak kam\u0131\u015f veya dif\u00fcz\u00f6r \u00e7ubuklar\u0131n\u0131 sallanmadan, d\u00f6k\u00fclmeden d\u00fcz bir \u015fekilde yerle\u015ftirin.<\/li>\n<li><strong>Optimize Edilmi\u015f Kam\u0131\u015f Ak\u0131\u015f\u0131: <\/strong>Koninin \u015fekli, koku yay\u0131l\u0131m\u0131n\u0131 h\u0131zland\u0131rmak ve daha e\u015fit bir \u015fekilde da\u011f\u0131tmak i\u00e7in bambu kam\u0131\u015flar\u0131n\u0131 do\u011fal olarak y\u00f6nlendirir. Art\u0131k kokunun zay\u0131f oldu\u011fu noktalar g\u00f6rmeyeceksiniz.<\/li>\n<\/ul>\n<h2>Temel \u00d6zellikler<\/h2>\n<table style=\"border-collapse: collapse; width: 80%; margin-left: auto; margin-right: auto;\" border=\"0\" width=\"288\" cellspacing=\"0\" cellpadding=\"0\">\n<tbody>\n<tr style=\"height: 13.50pt;\">\n<td style=\"height: 13.5pt; width: 54pt; text-align: center;\" width=\"72\" height=\"18\">Boyut<\/td>\n<td style=\"width: 54pt; text-align: center;\" width=\"72\">\u00d6l\u00e7\u00fcler (mm)<\/td>\n<td style=\"width: 54pt; text-align: center;\" width=\"72\">Boyun \u00c7ap\u0131<\/td>\n<td style=\"width: 54pt; text-align: center;\" width=\"72\">\u015eekil<\/td>\n<\/tr>\n<tr style=\"height: 13.50pt;\">\n<td style=\"height: 13.5pt; text-align: center;\" height=\"18\">120 ml<\/td>\n<td style=\"text-align: center;\">93 \u00d7 80<\/td>\n<td style=\"text-align: center;\">18 \/ 27 mm<\/td>\n<td style=\"text-align: center;\">Konik<\/td>\n<\/tr>\n<\/tbody>\n<\/table>\n<h2>Ba\u015far\u0131 \u00d6rne\u011fi<\/h2>\n<p>Minimalist ya\u015fam tarzlar\u0131na odaklanan bir \u0130skandinav parf\u00fcm markas\u0131, s\u0131n\u0131rl\u0131 say\u0131da \u00fcretilen yaz koleksiyonu i\u00e7in bu 100 ml&#039;lik cam \u015fi\u015feyi ambalaj olarak kullanmaya karar verdi. \u015eirket, markan\u0131n imzas\u0131 olan dumanl\u0131 pembe ve orman ye\u015fili renklerinin birebir kopyas\u0131n\u0131 elde etmek i\u00e7in benzersiz bir yar\u0131 saydam kaplama i\u015flemi se\u00e7ti. Dahas\u0131, marka \u015fi\u015felere, uzunlu\u011fu ve rengi ayarlanm\u0131\u015f, \u00f6zel olarak \u00fcretilmi\u015f do\u011fal elyaf dif\u00fcz\u00f6r \u00e7ubuklar\u0131 ekleyerek, markan\u0131n g\u00f6rsel kimli\u011fiyle m\u00fckemmel bir uyum sa\u011flad\u0131.<\/p>\n<p>\u00dcr\u00fcn serisinin ilk sezon sat\u0131\u015flar\u0131 oran\u0131nda \u00e7arp\u0131c\u0131 bir art\u0131\u015f g\u00f6sterdi. Bu g\u00fc\u00e7l\u00fc pazar tepkisi, \u015firketin 150.000 adetlik yeni bir al\u0131m yapmas\u0131na ve \u00fcr\u00fcn\u00fc resmi olarak k\u00fcresel \u00e7apta kal\u0131c\u0131 bir \u00fcr\u00fcn serisi olarak piyasaya s\u00fcrmesine yol a\u00e7t\u0131.<\/p>\n<h2>\u00d6zelle\u015ftirme Se\u00e7enekleriniz<\/h2>\n<ol>\n<li><strong>\u015ei\u015fe Malzemesi ve Renk Kaplamas\u0131 \u00d6zelle\u015ftirme:<\/strong> Se\u00e7enekler aras\u0131nda buzlu, degrade p\u00fcsk\u00fcrtme veya yar\u0131 saydam mat kaplama yer alabilir; bu da konik \u015fi\u015fe g\u00f6vdesinde \u0131\u015f\u0131\u011f\u0131n daha yumu\u015fak bir \u015fekilde k\u0131r\u0131lmas\u0131na yard\u0131mc\u0131 olur ve ayr\u0131ca daha fazla g\u00f6rsel derinlik sa\u011flar.<\/li>\n<li><strong>Marka Kimli\u011fi Olu\u015fturma Teknikleri (Logo Markala\u015fmas\u0131):<\/strong> Kal\u0131nla\u015ft\u0131r\u0131lm\u0131\u015f taban\u0131n sa\u011flad\u0131\u011f\u0131 stabilite sayesinde, marka logosunu \u015f\u0131k bir g\u00f6rsel ikon haline getirmek i\u00e7in \u015fi\u015fenin yan veya alt k\u0131sm\u0131na lazer grav\u00fcr, serigrafi, ekran bask\u0131s\u0131 veya y\u00fcksek s\u0131cakl\u0131\u011fa dayan\u0131kl\u0131 \u00e7\u0131kartmalar uygulanabilir.<\/li>\n<li><strong>\u00c7e\u015fitli Dif\u00fcz\u00f6r Ortam Se\u00e7enekleri:<\/strong> Dif\u00fcz\u00f6r \u00e7ubuklar\u0131n\u0131n malzemesini ve rengini markan\u0131n tarz\u0131na uygun olarak se\u00e7ebilirsiniz; \u00f6rne\u011fin, \u00e7evre dostu do\u011fal elyaf \u00e7ubuklar veya el yap\u0131m\u0131 sola a\u011fac\u0131ndan yap\u0131lm\u0131\u015f \u00e7i\u00e7ekler kullanarak, s\u00fcrd\u00fcr\u00fclebilirlik veya botanik temal\u0131 pazar trendini takip edebilirsiniz.<\/li>\n<\/ol>","protected":false},"excerpt":{"rendered":"<p>Zarif konik kam\u0131\u015fl\u0131 oda kokusu \u015fi\u015feleri, a\u011f\u0131rl\u0131kl\u0131 tabanlar\u0131yla birlikte bo\u015f halde sunulmaktad\u0131r. Bu oda kokusu ve kam\u0131\u015fl\u0131 \u015fi\u015fe, toplu sipari\u015flerde \u00f6zelle\u015ftirme ve h\u0131zl\u0131 kargo imkan\u0131 sunmaktad\u0131r. Hemen bilgi al\u0131n!<\/p>","protected":false},"featured_media":4727,"template":"","meta":{"postBodyCss":"","postBodyMargin":[],"postBodyPadding":[],"postBodyBackground":{"backgroundType":"classic","gradient":""}},"product_brand":[],"product_cat":[15,16,63],"product_tag":[],"class_list":{"0":"post-4717","1":"product","2":"type-product","3":"status-publish","4":"has-post-thumbnail","6":"product_cat-glass-containers","7":"product_cat-glass-bottles","8":"product_cat-reed-diffuser-bottles","10":"first","11":"instock","12":"shipping-taxable","13":"product-type-simple"},"jetpack_sharing_enabled":true,"_links":{"self":[{"href":"https:\/\/minghanggroup.com\/tr\/wp-json\/wp\/v2\/product\/4717","targetHints":{"allow":["GET"]}}],"collection":[{"href":"https:\/\/minghanggroup.com\/tr\/wp-json\/wp\/v2\/product"}],"about":[{"href":"https:\/\/minghanggroup.com\/tr\/wp-json\/wp\/v2\/types\/product"}],"wp:featuredmedia":[{"embeddable":true,"href":"https:\/\/minghanggroup.com\/tr\/wp-json\/wp\/v2\/media\/4727"}],"wp:attachment":[{"href":"https:\/\/minghanggroup.com\/tr\/wp-json\/wp\/v2\/media?parent=4717"}],"wp:term":[{"taxonomy":"product_brand","embeddable":true,"href":"https:\/\/minghanggroup.com\/tr\/wp-json\/wp\/v2\/product_brand?post=4717"},{"taxonomy":"product_cat","embeddable":true,"href":"https:\/\/minghanggroup.com\/tr\/wp-json\/wp\/v2\/product_cat?post=4717"},{"taxonomy":"product_tag","embeddable":true,"href":"https:\/\/minghanggroup.com\/tr\/wp-json\/wp\/v2\/product_tag?post=4717"}],"curies":[{"name":"wp","href":"https:\/\/api.w.org\/{rel}","templated":true}]}}