{"id":4716,"date":"2026-01-16T10:06:35","date_gmt":"2026-01-16T02:06:35","guid":{"rendered":"https:\/\/minghanggroup.com\/?post_type=product&#038;p=4716"},"modified":"2026-01-16T10:57:47","modified_gmt":"2026-01-16T02:57:47","slug":"empty-hexagonal-glass-perfume-diffuser-bottle-bulk","status":"publish","type":"product","link":"https:\/\/minghanggroup.com\/tr\/urun\/empty-hexagonal-glass-perfume-diffuser-bottle-bulk\/","title":{"rendered":"50 ml, 100 ml, 200 ml&#039;lik Bo\u015f Alt\u0131gen Cam Parf\u00fcm Dif\u00fcz\u00f6r \u015ei\u015fesi (Toptan)"},"content":{"rendered":"<p>Bu parf\u00fcm dif\u00fcz\u00f6r \u015fi\u015fesi, sade ve benzersiz alt\u0131gen bir tasar\u0131ma sahiptir. \u015ei\u015fenin boynu \u00e7oklu di\u015flidir, bu da \u00fcst k\u0131sm\u0131n\u0131 sabitler ve \u015fi\u015fenin yanlar\u0131 d\u00fcz ve k\u00f6\u015felidir.<\/p>\n<h2>\u00dcr\u00fcn \u00d6zellikleri<\/h2>\n<ul>\n<li><strong>Basit Alt\u0131gen Tasar\u0131m:<\/strong> Alt\u0131gen kesim, ona temiz ve modern bir g\u00f6r\u00fcn\u00fcm kazand\u0131rmak i\u00e7in tasarlanm\u0131\u015ft\u0131r ve kurulumu kolayd\u0131r.<\/li>\n<li><strong>\u00c7oklu Di\u015fli Boyun:<\/strong> Bu tasar\u0131m, s\u0131z\u0131nt\u0131y\u0131 \u00f6nleyen ve g\u00fcvenli saklama sa\u011flayan s\u0131k\u0131 bir uyum garantisi veren g\u00fc\u00e7l\u00fc, vidal\u0131 bir boyun k\u0131sm\u0131na sahiptir.<\/li>\n<li><strong>\u00dc\u00e7 \u00c7ok Fonksiyonlu Kapasite:<\/strong> Numune paketlerine, ki\u015fisel kullan\u0131ma veya geni\u015f alan dif\u00fcz\u00f6rlerine uygun olarak kullan\u0131labilecek \u00fc\u00e7 farkl\u0131 kapasite se\u00e7ene\u011fi mevcuttur.<\/li>\n<\/ul>\n<h2 style=\"text-align: left;\">Temel \u00d6zellikler<\/h2>\n<table class=\"aligncenter\" style=\"border-collapse: collapse; width: 444.77pt;\" border=\"0\" width=\"593\" cellspacing=\"0\" cellpadding=\"0\">\n<tbody>\n<tr style=\"height: 13.50pt;\">\n<td style=\"height: 13.50pt; width: 119.25pt;\" width=\"159\" height=\"18\">\u015eartname<\/td>\n<td style=\"width: 325.50pt;\" width=\"434\">Detaylar<\/td>\n<\/tr>\n<tr style=\"height: 13.50pt;\">\n<td style=\"height: 13.50pt;\" height=\"18\">Kapasite<\/td>\n<td>50 ml \/ 100 ml \/ 200 ml<\/td>\n<\/tr>\n<tr style=\"height: 13.50pt;\">\n<td style=\"height: 13.50pt;\" height=\"18\">Boyutlar<\/td>\n<td>64\u00d770 mm \/ 78\u00d781 mm \/ 74\u00d794 mm<\/td>\n<\/tr>\n<tr style=\"height: 13.50pt;\">\n<td style=\"height: 13.50pt;\" height=\"18\">\u0130\u00e7\/D\u0131\u015f Boyun \u00c7ap\u0131<\/td>\n<td>17 mm \/ 27 mm<\/td>\n<\/tr>\n<tr style=\"height: 13.50pt;\">\n<td style=\"height: 13.50pt;\" height=\"18\">Malzeme<\/td>\n<td>Soda-Kire\u00e7 Cam\u0131<\/td>\n<\/tr>\n<tr style=\"height: 13.50pt;\">\n<td style=\"height: 13.50pt;\" height=\"18\">\u015ei\u015fe \u015eekli<\/td>\n<td>Alt\u0131gen Prizma<\/td>\n<\/tr>\n<tr style=\"height: 13.50pt;\">\n<td style=\"height: 13.50pt;\" height=\"18\">\u00d6zelle\u015ftirme Kapsam\u0131<\/td>\n<td>Renk, Buzlu Y\u00fczey, Boyut, \u015eekil<\/td>\n<\/tr>\n<tr style=\"height: 13.50pt;\">\n<td style=\"height: 13.50pt;\" height=\"18\">\u0130\u015f\u00e7ilik<\/td>\n<td>Alt\u0131gen Cam Presleme, Y\u00fczey Parlatma, Di\u015fli Kesme<\/td>\n<\/tr>\n<tr style=\"height: 13.50pt;\">\n<td style=\"height: 13.50pt;\" height=\"18\">\u00dcr\u00fcn Amac\u0131<\/td>\n<td>\u015ei\u015fe Dif\u00fcz\u00f6r, Dekoratif Kokulu Ya\u011f Kaplar\u0131<\/td>\n<\/tr>\n<tr style=\"height: 13.50pt;\">\n<td style=\"height: 13.50pt;\" height=\"18\">Uygun Sekt\u00f6rler<\/td>\n<td>Modern Ev Kokular\u0131, Otel Zincirleri<\/td>\n<\/tr>\n<\/tbody>\n<\/table>\n<h2>Ba\u015far\u0131 Hikayesi<\/h2>\n<p>\u0130skandinav ev dekorasyon markas\u0131, amiral gemisi \u00fcr\u00fcn\u00fc olarak 100 ml&#039;lik \u015fi\u015fe dif\u00fcz\u00f6r\u00fcm\u00fcz\u00fc tercih etti. Markan\u0131n esteti\u011fi, temiz alt\u0131gen yap\u0131yla m\u00fckemmel bir uyum sa\u011flad\u0131 ve sonu\u00e7 olarak ilk \u00e7eyrekte ma\u011faza i\u00e7i sat\u0131\u015flarda &#039;l\u0131k bir b\u00fcy\u00fcme kaydedildi. 17 mm&#039;lik standart i\u00e7 \u00e7apl\u0131 boyun k\u0131sm\u0131, t\u00fcm dif\u00fcz\u00f6r \u00e7ubuk tedarik\u00e7ileriyle uyumlu olup, tedarik zinciri maliyetlerinde tasarruf sa\u011flad\u0131. Marka, \u00fcr\u00fcnden o kadar memnun kald\u0131 ki, \u00fclke \u00e7ap\u0131ndaki perakende a\u011f\u0131n\u0131 geni\u015fletmek i\u00e7in \u00fc\u00e7 boyuttan olu\u015fan 300.000 \u015fi\u015felik ek bir \u00fcretim sipari\u015fi verdi.<\/p>\n<h2>Parf\u00fcm Dif\u00fcz\u00f6r \u015ei\u015felerinin Ki\u015fiselle\u015ftirilmesi<\/h2>\n<ul>\n<li>Cam rengi: Minimalist bir g\u00f6r\u00fcn\u00fcm kazand\u0131rmak i\u00e7in \u015feffaf, f\u00fcme, kehribar veya a\u00e7\u0131k gri renk se\u00e7enekleri mevcuttur.<\/li>\n<li>E\u011fimli kesim: Daha fazla \u0131\u015f\u0131\u011f\u0131 hapsetmek ve yans\u0131tmak i\u00e7in her iki tarafa da e\u011fim eklenir.<\/li>\n<li>Lazer grav\u00fcr: Y\u00fczeyin bir taraf\u0131na d\u00fcz \u00e7izgi desenleri, marka isimleri veya numaralar kaz\u0131y\u0131n.<\/li>\n<li>Kristal berrakl\u0131\u011f\u0131nda m\u0131 yoksa mat m\u0131: Ultra berrak kristal camdan veya yumu\u015fak ve mat tonlarda olabilir.<\/li>\n<\/ul>","protected":false},"excerpt":{"rendered":"<p>\u015eeffaf camdan \u00fcretilmi\u015f dekoratif alt\u0131gen \u015fi\u015fe \u015feklinde parf\u00fcm dif\u00fcz\u00f6r\u00fc. Bu parf\u00fcm dif\u00fcz\u00f6r \u015fi\u015fesi markalar i\u00e7in m\u00fckemmeldir ve talep \u00fczerine \u00fccretsiz numuneler g\u00f6nderilebilir.<\/p>","protected":false},"featured_media":4720,"template":"","meta":{"postBodyCss":"","postBodyMargin":[],"postBodyPadding":[],"postBodyBackground":{"backgroundType":"classic","gradient":""}},"product_brand":[],"product_cat":[15,16,63],"product_tag":[],"class_list":{"0":"post-4716","1":"product","2":"type-product","3":"status-publish","4":"has-post-thumbnail","6":"product_cat-glass-containers","7":"product_cat-glass-bottles","8":"product_cat-reed-diffuser-bottles","10":"first","11":"instock","12":"shipping-taxable","13":"product-type-simple"},"jetpack_sharing_enabled":true,"_links":{"self":[{"href":"https:\/\/minghanggroup.com\/tr\/wp-json\/wp\/v2\/product\/4716","targetHints":{"allow":["GET"]}}],"collection":[{"href":"https:\/\/minghanggroup.com\/tr\/wp-json\/wp\/v2\/product"}],"about":[{"href":"https:\/\/minghanggroup.com\/tr\/wp-json\/wp\/v2\/types\/product"}],"wp:featuredmedia":[{"embeddable":true,"href":"https:\/\/minghanggroup.com\/tr\/wp-json\/wp\/v2\/media\/4720"}],"wp:attachment":[{"href":"https:\/\/minghanggroup.com\/tr\/wp-json\/wp\/v2\/media?parent=4716"}],"wp:term":[{"taxonomy":"product_brand","embeddable":true,"href":"https:\/\/minghanggroup.com\/tr\/wp-json\/wp\/v2\/product_brand?post=4716"},{"taxonomy":"product_cat","embeddable":true,"href":"https:\/\/minghanggroup.com\/tr\/wp-json\/wp\/v2\/product_cat?post=4716"},{"taxonomy":"product_tag","embeddable":true,"href":"https:\/\/minghanggroup.com\/tr\/wp-json\/wp\/v2\/product_tag?post=4716"}],"curies":[{"name":"wp","href":"https:\/\/api.w.org\/{rel}","templated":true}]}}