{"id":4710,"date":"2026-01-16T09:08:33","date_gmt":"2026-01-16T01:08:33","guid":{"rendered":"https:\/\/minghanggroup.com\/?post_type=product&#038;p=4710"},"modified":"2026-01-16T11:10:47","modified_gmt":"2026-01-16T03:10:47","slug":"unique-reed-diffuser-bottles-with-petal-form-bulk","status":"publish","type":"product","link":"https:\/\/minghanggroup.com\/tr\/urun\/unique-reed-diffuser-bottles-with-petal-form-bulk\/","title":{"rendered":"200 ml&#039;lik E\u015fsiz Yaprak \u015eekilli Kam\u0131\u015fl\u0131 Oda Kokusu \u015ei\u015feleri (Toptan Sat\u0131\u015f)"},"content":{"rendered":"<p>Bu e\u015fsiz kam\u0131\u015fl\u0131 oda kokusu \u015fi\u015feleri, \u015feffaf sodyum-kalsiyum camdan \u00fcretilmi\u015ftir. \u00c7ok katmanl\u0131 yaprak \u015fekli, taze ve canl\u0131 bir dokunu\u015f katar ve a\u00e7m\u0131\u015f bir \u00e7i\u00e7e\u011fe benzer.<\/p>\n<h2>\u00dcr\u00fcn \u00d6zellikleri<\/h2>\n<ul>\n<li><strong>\u00c7ok Y\u00f6nl\u00fc Yaprak Tasar\u0131m\u0131:<\/strong> \u00c7ok y\u00f6nl\u00fc ta\u00e7 yapra\u011f\u0131 tasar\u0131m\u0131, \u015fi\u015feye yeni bir g\u00f6r\u00fcn\u00fcm kazand\u0131ran ve g\u00f6rsel \u00e7ekicili\u011fini zenginle\u015ftiren yumu\u015fak geometrik \u00e7izgilerle uygulanm\u0131\u015ft\u0131r.<\/li>\n<li><strong>Dayan\u0131kl\u0131 soda-kire\u00e7 cam\u0131:<\/strong> Kullan\u0131lan cam malzeme uzun \u00f6m\u00fcrl\u00fcd\u00fcr ve \u00fcr\u00fcn\u00fcn zarif tasar\u0131m\u0131n\u0131 zaman i\u00e7inde koruyarak sa\u011flam ve istikrarl\u0131 bir his sunacakt\u0131r.<\/li>\n<li><strong>\u00c7ok Y\u00f6nl\u00fc I\u015f\u0131k Yans\u0131tmas\u0131:<\/strong> E\u011fimli tasar\u0131m p\u00fcr\u00fczs\u00fczd\u00fcr ve \u0131\u015f\u0131\u011f\u0131 toplar; bu da \u015fi\u015fenin bo\u015fken bile par\u0131ldamas\u0131n\u0131 sa\u011flar ve dekoratif bir dokunu\u015f katar.<\/li>\n<\/ul>\n<h2 style=\"text-align: left;\">Temel \u00d6zellikler<\/h2>\n<table class=\"aligncenter\" style=\"border-collapse: collapse; width: 444.77pt;\" border=\"0\" width=\"593\" cellspacing=\"0\" cellpadding=\"0\">\n<tbody>\n<tr style=\"height: 13.50pt;\">\n<td style=\"height: 13.50pt; width: 119.25pt;\" width=\"159\" height=\"18\">\u015eartname<\/td>\n<td style=\"width: 325.50pt;\" width=\"434\">Detaylar<\/td>\n<\/tr>\n<tr style=\"height: 13.50pt;\">\n<td style=\"height: 13.50pt;\" height=\"18\">Kapasite<\/td>\n<td>200 ml<\/td>\n<\/tr>\n<tr style=\"height: 13.50pt;\">\n<td style=\"height: 13.50pt;\" height=\"18\">Boyutlar<\/td>\n<td>73\u00d792 mm<\/td>\n<\/tr>\n<tr style=\"height: 13.50pt;\">\n<td style=\"height: 13.50pt;\" height=\"18\">\u0130\u00e7\/D\u0131\u015f Boyun \u00c7ap\u0131<\/td>\n<td>17 mm \/ 27 mm<\/td>\n<\/tr>\n<tr style=\"height: 13.50pt;\">\n<td style=\"height: 13.50pt;\" height=\"18\">Malzeme<\/td>\n<td>Soda-Kire\u00e7 Cam\u0131<\/td>\n<\/tr>\n<tr style=\"height: 13.50pt;\">\n<td style=\"height: 13.50pt;\" height=\"18\">\u015ei\u015fe \u015eekli<\/td>\n<td>\u00c7ok Y\u00fczl\u00fc Ta\u00e7 Yapra\u011f\u0131 \u015eekli<\/td>\n<\/tr>\n<tr style=\"height: 13.50pt;\">\n<td style=\"height: 13.50pt;\" height=\"18\">\u00d6zelle\u015ftirme Kapsam\u0131<\/td>\n<td>Renk, Y\u00fczey Tasar\u0131m\u0131, Boyut<\/td>\n<\/tr>\n<tr style=\"height: 13.50pt;\">\n<td style=\"height: 13.50pt;\" height=\"18\">\u0130\u015f\u00e7ilik<\/td>\n<td>\u00c7ok Panelli Cam Kal\u0131plama, Hassas Diki\u015f \u0130\u015f\u00e7ili\u011fi<\/td>\n<\/tr>\n<tr style=\"height: 13.50pt;\">\n<td style=\"height: 13.50pt;\" height=\"18\">\u00dcr\u00fcn Amac\u0131<\/td>\n<td>Cam Dif\u00fcz\u00f6r \u015ei\u015feleri, Dekoratif Kam\u0131\u015fl\u0131 Dif\u00fcz\u00f6r \u015ei\u015feleri<\/td>\n<\/tr>\n<tr style=\"height: 13.50pt;\">\n<td style=\"height: 13.50pt;\" height=\"18\">Uygun Sekt\u00f6rler<\/td>\n<td>Butik Ev Dekorasyonu, \u00c7i\u00e7ek\u00e7i ve Ya\u015fam Tarz\u0131 Markalar\u0131<\/td>\n<\/tr>\n<\/tbody>\n<\/table>\n<h2>Ba\u015far\u0131 \u00d6yk\u00fcs\u00fc: \u00c7i\u00e7ek\u00e7i ve Ev Dekorasyon Markas\u0131 ve \u00c7ok Satan Bir \u00dcr\u00fcn<\/h2>\n<p>Avrupa merkezli bir ev parf\u00fcm\u00fc markas\u0131, \u00fcr\u00fcnlerini paketlemek i\u00e7in 200 ml&#039;lik cam dif\u00fcz\u00f6r \u015fi\u015femizi se\u00e7ti. \u00c7i\u00e7ek temas\u0131yla ideal bir uyum sa\u011flayan ta\u00e7 yapra\u011f\u0131 \u015fekli an\u0131nda b\u00fcy\u00fck be\u011feni toplad\u0131 ve internetteki etkile\u015fim seviyesini 0 art\u0131rd\u0131. \u00d6zg\u00fcn tasar\u0131m\u0131 ayr\u0131ca perakende raflar\u0131nda ola\u011fan\u00fcst\u00fc bir marka bilinirli\u011fi sa\u011flad\u0131 ve sat\u0131\u015flar\u0131n\u0131n oran\u0131nda artmas\u0131na yol a\u00e7t\u0131. Sat\u0131\u015f performans\u0131 ve ideal marka uyumu \u015firketi o kadar memnun etti ki, ana \u00fcr\u00fcn gam\u0131na 200.000 \u015fi\u015fe daha sipari\u015f verdi.<\/p>\n<h2>Benzersiz Kam\u0131\u015fl\u0131 Dif\u00fcz\u00f6r \u015ei\u015feleri Ki\u015fiselle\u015ftirme<\/h2>\n<ul>\n<li>Cam Renkleri: Bu \u00fcr\u00fcn \u015feffaf, a\u00e7\u0131k pembe, a\u00e7\u0131k ye\u015fil veya kehribar renklerinde olup \u00e7i\u00e7ek renklerini and\u0131r\u0131r.<\/li>\n<li>\u00c7i\u00e7ek Ta\u00e7lar\u0131n\u0131n Deseninde De\u011fi\u015fiklikler: Ta\u00e7 yapraklar\u0131n\u0131n say\u0131s\u0131n\u0131 art\u0131rmak veya \u00e7\u0131karmak ya da ta\u00e7 yapraklar\u0131n\u0131n \u015feklini de\u011fi\u015ftirmek.<\/li>\n<li>Renkli Dekoratif Paneller: \u0130ki renkli cam kullan\u0131larak, panelin sadece bir b\u00f6l\u00fcm\u00fc renklendirilir.<\/li>\n<li>Lazerle \u0130\u015fleme: Botanik temay\u0131 g\u00fc\u00e7lendirmek amac\u0131yla ta\u00e7 yapra\u011f\u0131 panellerine dokulu desenler de \u00e7izilir.<\/li>\n<\/ul>","protected":false},"excerpt":{"rendered":"<p>\u00c7i\u00e7eksi fasetli bir forma sahip olan bu e\u015fsiz kam\u0131\u015fl\u0131 dif\u00fcz\u00f6r \u015fi\u015feleri, \u00f6zel marka ihtiya\u00e7lar\u0131 i\u00e7in OEM deste\u011fiyle birlikte sunulan birinci s\u0131n\u0131f bir cam dif\u00fcz\u00f6r \u015fi\u015fe se\u00e7ene\u011fidir.<\/p>","protected":false},"featured_media":4715,"template":"","meta":{"postBodyCss":"","postBodyMargin":[],"postBodyPadding":[],"postBodyBackground":{"backgroundType":"classic","gradient":""}},"product_brand":[],"product_cat":[15,16,63],"product_tag":[],"class_list":{"0":"post-4710","1":"product","2":"type-product","3":"status-publish","4":"has-post-thumbnail","6":"product_cat-glass-containers","7":"product_cat-glass-bottles","8":"product_cat-reed-diffuser-bottles","10":"first","11":"instock","12":"shipping-taxable","13":"product-type-simple"},"jetpack_sharing_enabled":true,"_links":{"self":[{"href":"https:\/\/minghanggroup.com\/tr\/wp-json\/wp\/v2\/product\/4710","targetHints":{"allow":["GET"]}}],"collection":[{"href":"https:\/\/minghanggroup.com\/tr\/wp-json\/wp\/v2\/product"}],"about":[{"href":"https:\/\/minghanggroup.com\/tr\/wp-json\/wp\/v2\/types\/product"}],"wp:featuredmedia":[{"embeddable":true,"href":"https:\/\/minghanggroup.com\/tr\/wp-json\/wp\/v2\/media\/4715"}],"wp:attachment":[{"href":"https:\/\/minghanggroup.com\/tr\/wp-json\/wp\/v2\/media?parent=4710"}],"wp:term":[{"taxonomy":"product_brand","embeddable":true,"href":"https:\/\/minghanggroup.com\/tr\/wp-json\/wp\/v2\/product_brand?post=4710"},{"taxonomy":"product_cat","embeddable":true,"href":"https:\/\/minghanggroup.com\/tr\/wp-json\/wp\/v2\/product_cat?post=4710"},{"taxonomy":"product_tag","embeddable":true,"href":"https:\/\/minghanggroup.com\/tr\/wp-json\/wp\/v2\/product_tag?post=4710"}],"curies":[{"name":"wp","href":"https:\/\/api.w.org\/{rel}","templated":true}]}}