{"id":4704,"date":"2026-01-15T16:15:18","date_gmt":"2026-01-15T08:15:18","guid":{"rendered":"https:\/\/minghanggroup.com\/?post_type=product&#038;p=4704"},"modified":"2026-01-15T16:15:19","modified_gmt":"2026-01-15T08:15:19","slug":"irregular-square-diffuser-bottles-empty-for-packaging-bulk","status":"publish","type":"product","link":"https:\/\/minghanggroup.com\/tr\/urun\/irregular-square-diffuser-bottles-empty-for-packaging-bulk\/","title":{"rendered":"100 ml 200 ml D\u00fczensiz Kare Dif\u00fcz\u00f6r \u015ei\u015feleri, Toplu Ambalaj \u0130\u00e7in Bo\u015f"},"content":{"rendered":"<p>Dif\u00fcz\u00f6r \u015fi\u015feleriniz sadece koku yaymakla kalmamal\u0131, evinize \u0131\u015f\u0131k da sa\u00e7mal\u0131d\u0131r. Aromaterapi \u015fi\u015feleri konusunda uzman olarak, u\u00e7ucu ya\u011f dif\u00fcz\u00f6r\u00fcn\u00fcz\u00fc odan\u0131n sessiz kalp at\u0131\u015f\u0131na d\u00f6n\u00fc\u015ft\u00fcren cam kam\u0131\u015fl\u0131 dif\u00fcz\u00f6rler \u00fcretiyoruz.<\/p>\n<h2>\u00dcr\u00fcn \u00d6zellikleri<\/h2>\n<ul>\n<li><strong>D\u00fcz, kare, d\u00fczensiz \u015fekilli t\u0131ls\u0131m:<\/strong> \u015e\u0131k, modern ve tamamen size \u00f6zel olan ev tipi koku dif\u00fcz\u00f6r\u00fcn\u00fcz, bir dekorasyon par\u00e7as\u0131na d\u00f6n\u00fc\u015f\u00fcyor.<\/li>\n<li><strong>Kristal berrakl\u0131\u011f\u0131:<\/strong> \u015eeffaf cam sayesinde, bu\u011fulanmayan filtreler olmadan, ho\u015f kokulu u\u00e7ucu ya\u011flar\u0131n her tonunu g\u00f6zlemleyin.<\/li>\n<li><strong>Negatif alan\u0131n g\u00fczelli\u011fi:<\/strong> Serigrafi, s\u0131cak bask\u0131, etiketleme, ne olursa olsun, yap\u0131lan i\u015f d\u00fczg\u00fcn bir zemin \u00fczerinde \u00f6ne \u00e7\u0131k\u0131yor.<\/li>\n<\/ul>\n<h2>Temel \u00d6zellikler<\/h2>\n<table style=\"border-collapse: collapse; width: 80%; margin-left: auto; margin-right: auto;\" border=\"0\" width=\"288\" cellspacing=\"0\" cellpadding=\"0\">\n<tbody>\n<tr style=\"height: 13.50pt;\">\n<td style=\"height: 13.5pt; width: 54pt; text-align: center;\" width=\"72\" height=\"18\">Boyut (ml)<\/td>\n<td style=\"width: 54pt; text-align: center;\" width=\"72\">\u00d6l\u00e7\u00fcler (mm)<\/td>\n<td style=\"width: 54pt; text-align: center;\" width=\"72\">Boyun \u00c7ap\u0131 (mm)<\/td>\n<td style=\"width: 54pt; text-align: center;\" width=\"72\">\u015eekil<\/td>\n<\/tr>\n<tr style=\"height: 13.50pt;\">\n<td style=\"height: 13.5pt; text-align: center;\" align=\"right\" height=\"18\">100<\/td>\n<td style=\"text-align: center;\">93 \u00d7 102<\/td>\n<td style=\"text-align: center;\">15\/26<\/td>\n<td class=\"et2\" style=\"text-align: center;\" rowspan=\"2\">D\u00fczensiz d\u00fcz kare<\/td>\n<\/tr>\n<tr style=\"height: 13.50pt;\">\n<td style=\"height: 13.5pt; text-align: center;\" align=\"right\" height=\"18\">200<\/td>\n<td style=\"text-align: center;\">104 \u00d7 119<\/td>\n<td style=\"text-align: center;\">18\/31<\/td>\n<\/tr>\n<\/tbody>\n<\/table>\n<h2>Ba\u015far\u0131 \u00d6rne\u011fi<\/h2>\n<p>\u00dcst d\u00fczey bir ev kokular\u0131 \u015firketi, yeni koku koleksiyonunun piyasaya s\u00fcr\u00fclmesi i\u00e7in aromaterapi \u015fi\u015felerimizi gizlice al\u0131p kendilerine \u00f6zg\u00fc hale getirdi. \u0130lk olarak, u\u00e7ucu ya\u011flar\u0131n sofistike yap\u0131s\u0131n\u0131 yans\u0131tmak i\u00e7in pembe bir \u015fi\u015fe tasarlad\u0131lar, ard\u0131ndan e\u015fsiz bambu \u015feritlerle birle\u015ftirdiler ve son olarak da logolar\u0131n\u0131 \u015fi\u015feye serigrafi bask\u0131 y\u00f6ntemiyle i\u015flediler.<\/p>\n<p>Sonu\u00e7 olarak, yenilenen ambalaj, \u00fcr\u00fcn\u00fcn raflardaki g\u00f6r\u00fcn\u00fcrl\u00fc\u011f\u00fcn\u00fc \u00f6nemli \u00f6l\u00e7\u00fcde art\u0131rd\u0131, m\u00fc\u015fteri etkile\u015fimini geli\u015ftirdi ve yeniden sat\u0131n al\u0131mlarda &#039;lik bir art\u0131\u015fa yol a\u00e7t\u0131.<\/p>\n<h2>\u00d6zelle\u015ftirme Se\u00e7enekleriniz<\/h2>\n<ol>\n<li><strong>Markala\u015fma teknikleri:<\/strong> \u015ei\u015fe g\u00f6vdesine veya omuz k\u0131sm\u0131na logo kabartma veya oyma y\u00f6ntemiyle uygulanabilir; bu i\u015flem ipek bask\u0131, ince desenler i\u00e7in serigrafi veya tipografi ile birle\u015ftirilebilir.<\/li>\n<li><strong>\u015eapka ve yaka se\u00e7imi:<\/strong> Marka kimli\u011fini g\u00fc\u00e7lendirmek i\u00e7in \u015fi\u015feyi alt\u0131n, siyah veya \u00f6zel renklerde metal, ah\u015fap veya mat plastik yakalarla e\u015fle\u015ftirin.<\/li>\n<li><strong>Kam\u0131\u015f \u00f6zelle\u015ftirmesi:<\/strong> Farkl\u0131 estetik tarzlara uygun olarak do\u011fal rattan kam\u0131\u015flar, siyah elyaf kam\u0131\u015flar veya dekoratif \u00e7i\u00e7ekli kam\u0131\u015flar temin edin.<\/li>\n<\/ol>","protected":false},"excerpt":{"rendered":"<p>Dif\u00fcz\u00f6r \u015fi\u015feleri, d\u00fczensiz \u015fekilli g\u00f6vdesi ve do\u011fal rattan malzemesiyle tasarlanm\u0131\u015f bo\u015f \u00fcr\u00fcnlerdir. Aromaterapi \u015fi\u015feleri do\u011frudan fabrikadan g\u00f6nderilir.<\/p>","protected":false},"featured_media":4708,"template":"","meta":{"postBodyCss":"","postBodyMargin":[],"postBodyPadding":[],"postBodyBackground":{"backgroundType":"classic","gradient":""}},"product_brand":[],"product_cat":[15,16,63],"product_tag":[],"class_list":{"0":"post-4704","1":"product","2":"type-product","3":"status-publish","4":"has-post-thumbnail","6":"product_cat-glass-containers","7":"product_cat-glass-bottles","8":"product_cat-reed-diffuser-bottles","10":"first","11":"instock","12":"shipping-taxable","13":"product-type-simple"},"jetpack_sharing_enabled":true,"_links":{"self":[{"href":"https:\/\/minghanggroup.com\/tr\/wp-json\/wp\/v2\/product\/4704","targetHints":{"allow":["GET"]}}],"collection":[{"href":"https:\/\/minghanggroup.com\/tr\/wp-json\/wp\/v2\/product"}],"about":[{"href":"https:\/\/minghanggroup.com\/tr\/wp-json\/wp\/v2\/types\/product"}],"wp:featuredmedia":[{"embeddable":true,"href":"https:\/\/minghanggroup.com\/tr\/wp-json\/wp\/v2\/media\/4708"}],"wp:attachment":[{"href":"https:\/\/minghanggroup.com\/tr\/wp-json\/wp\/v2\/media?parent=4704"}],"wp:term":[{"taxonomy":"product_brand","embeddable":true,"href":"https:\/\/minghanggroup.com\/tr\/wp-json\/wp\/v2\/product_brand?post=4704"},{"taxonomy":"product_cat","embeddable":true,"href":"https:\/\/minghanggroup.com\/tr\/wp-json\/wp\/v2\/product_cat?post=4704"},{"taxonomy":"product_tag","embeddable":true,"href":"https:\/\/minghanggroup.com\/tr\/wp-json\/wp\/v2\/product_tag?post=4704"}],"curies":[{"name":"wp","href":"https:\/\/api.w.org\/{rel}","templated":true}]}}