{"id":4695,"date":"2026-01-15T15:18:09","date_gmt":"2026-01-15T07:18:09","guid":{"rendered":"https:\/\/minghanggroup.com\/?post_type=product&#038;p=4695"},"modified":"2026-01-15T16:22:52","modified_gmt":"2026-01-15T08:22:52","slug":"glass-round-flat-reed-diffuser-bottles-bulk","status":"publish","type":"product","link":"https:\/\/minghanggroup.com\/tr\/urun\/glass-round-flat-reed-diffuser-bottles-bulk\/","title":{"rendered":"100 ml 200 ml Yuvarlak \u2013 D\u00fcz Cam Kam\u0131\u015fl\u0131 Oda Kokusu \u015ei\u015feleri (Toptan)"},"content":{"rendered":"<p>Cam kam\u0131\u015fl\u0131 dif\u00fcz\u00f6r \u015fi\u015feleriniz sadece koku yaymakla kalmamal\u0131, her oday\u0131 \u0131\u015f\u0131kla ayd\u0131nlatmal\u0131. \u00d6nde gelen koku dif\u00fcz\u00f6r \u015fi\u015fesi \u00fcreticileri olarak, u\u00e7ucu ya\u011f dif\u00fcz\u00f6r\u00fcn\u00fcz\u00fc evin sessiz kalp at\u0131\u015f\u0131na d\u00f6n\u00fc\u015ft\u00fcren cam kam\u0131\u015fl\u0131 dif\u00fcz\u00f6rler \u00fcretiyoruz.<\/p>\n<h2>\u00dcr\u00fcn \u00d6zellikleri<\/h2>\n<ul>\n<li><strong>D\u00fcz, yuvarlak Zarafet: <\/strong>\u015e\u0131k, dengeli ve \u00e7a\u011fda\u015f tasar\u0131m\u0131yla oda koku giderici, dekoratif bir obje haline geliyor.<\/li>\n<li><strong>D\u00fcz A\u011f\u0131z M\u00fckemmelli\u011fi: <\/strong>Yuvarlak kam\u0131\u015f veya dif\u00fcz\u00f6r \u00e7ubuklar\u0131n\u0131 zorlanmadan do\u011frudan a\u015fa\u011f\u0131 do\u011fru yerle\u015ftirin.<\/li>\n<li><strong>Kararl\u0131 Temel G\u00fc\u00e7: <\/strong>A\u011f\u0131r taban\u0131 sayesinde sehpan\u0131zda hi\u00e7 sallanma olmaz. Cam dif\u00fcz\u00f6r \u015fi\u015feniz olduk\u00e7a sa\u011flam ve dayan\u0131kl\u0131 g\u00f6r\u00fcn\u00fcyor ve hissettiriyor.<\/li>\n<\/ul>\n<h2>Temel \u00d6zellikler<\/h2>\n<table style=\"border-collapse: collapse; width: 80%; margin-left: auto; margin-right: auto;\" border=\"0\" width=\"288\" cellspacing=\"0\" cellpadding=\"0\">\n<tbody>\n<tr style=\"height: 13.50pt;\">\n<td style=\"height: 13.5pt; width: 54pt; text-align: center;\" width=\"72\" height=\"18\">Boyut (ml)<\/td>\n<td style=\"width: 54pt; text-align: center;\" width=\"72\">\u00d6l\u00e7\u00fcler (mm)<\/td>\n<td style=\"width: 54pt; text-align: center;\" width=\"72\">Boyun \u00c7ap\u0131 (mm)<\/td>\n<td style=\"width: 54pt; text-align: center;\" width=\"72\">Ana \u00d6zellik<\/td>\n<\/tr>\n<tr style=\"height: 13.50pt;\">\n<td style=\"height: 13.5pt; text-align: center;\" align=\"right\" height=\"18\">100<\/td>\n<td style=\"text-align: center;\">85 \u00d7 94<\/td>\n<td style=\"text-align: center;\">14.4 \/ 25<\/td>\n<td class=\"et2\" style=\"text-align: center;\" rowspan=\"2\">D\u00fcz yuvarlak \u015fekil<\/td>\n<\/tr>\n<tr style=\"height: 13.50pt;\">\n<td style=\"height: 13.5pt; text-align: center;\" align=\"right\" height=\"18\">200<\/td>\n<td style=\"text-align: center;\">103 \u00d7 117<\/td>\n<td style=\"text-align: center;\">18.5 \/ 30.7<\/td>\n<\/tr>\n<\/tbody>\n<\/table>\n<h2>Ba\u015far\u0131 \u00d6rne\u011fi<\/h2>\n<p>Yeni koku koleksiyonlar\u0131n\u0131 tan\u0131tmak i\u00e7in bir ev kokusu markas\u0131, yuvarlak cam kam\u0131\u015fl\u0131 oda kokusu \u015fi\u015felerimizi kullanmaya karar verdi ve \u015fi\u015feleri yumu\u015fak buzlu bir doku, s\u0131cak kehribar cam ve omuz k\u0131sm\u0131na kabartmal\u0131 marka logosuyla ki\u015fiselle\u015ftirdi. Bunun yan\u0131 s\u0131ra, \u015f\u0131k serigrafi bask\u0131l\u0131 sanat eserleri, serideki farkl\u0131 kokular\u0131 birbirinden ay\u0131rd\u0131.<\/p>\n<p>Sonu\u00e7 olarak, yenilenen ambalaj, \u00fcr\u00fcn\u00fcn perakende sat\u0131\u015f noktalar\u0131nda dikkat \u00e7ekmesini sa\u011flad\u0131 ve bu da lansmandan sonraki ilk iki ay i\u00e7inde sat\u0131\u015flarda &#039;lik bir art\u0131\u015fa yol a\u00e7t\u0131. Olumlu pazar geri bildirimlerinden motive olan marka, sonraki \u00e7eyreklerde de b\u00fcy\u00fck sipari\u015fler vermeye devam etti.<\/p>\n<h2>\u00d6zelle\u015ftirme Se\u00e7enekleriniz<\/h2>\n<ol>\n<li><strong>Kapak Rengi: <\/strong>Siyah topraks\u0131, g\u00fcm\u00fc\u015f ise ferahl\u0131\u011f\u0131 temsil eder; t\u0131pan\u0131z hikayeyi anlat\u0131r.<\/li>\n<li><strong>Kam\u0131\u015f Renk Uyumu: <\/strong>Dif\u00fcz\u00f6r \u00e7ubuklar\u0131n\u0131 kokuya uygun \u015fekilde se\u00e7in (narenciye i\u00e7in beyaz, odunsu kokular i\u00e7in kahverengi).<\/li>\n<li><strong>L\u00fcks \u00dcr\u00fcnler \u0130\u00e7in Elektrokaplama: <\/strong>Dif\u00fcz\u00f6r ambalaj\u0131na alt\u0131n veya g\u00fcm\u00fc\u015f kaplama eklemek, ambalaj\u0131n kalitesini an\u0131nda y\u00fckseltir.<\/li>\n<\/ol>","protected":false},"excerpt":{"rendered":"<p>P\u00fcr\u00fczs\u00fcz k\u0131vr\u0131mlara ve \u015feffaf y\u00fczeye sahip cam kam\u0131\u015fl\u0131 oda kokusu \u015fi\u015feleri. Fabrikadan do\u011frudan tedarik, \u00fccretsiz numuneler ve istikrarl\u0131 toplu kam\u0131\u015fl\u0131 oda kokusu \u015fi\u015fesi deste\u011fi.<\/p>","protected":false},"featured_media":4703,"template":"","meta":{"postBodyCss":"","postBodyMargin":[],"postBodyPadding":[],"postBodyBackground":{"backgroundType":"classic","gradient":""}},"product_brand":[],"product_cat":[15,16,63],"product_tag":[],"class_list":{"0":"post-4695","1":"product","2":"type-product","3":"status-publish","4":"has-post-thumbnail","6":"product_cat-glass-containers","7":"product_cat-glass-bottles","8":"product_cat-reed-diffuser-bottles","10":"first","11":"instock","12":"shipping-taxable","13":"product-type-simple"},"jetpack_sharing_enabled":true,"_links":{"self":[{"href":"https:\/\/minghanggroup.com\/tr\/wp-json\/wp\/v2\/product\/4695","targetHints":{"allow":["GET"]}}],"collection":[{"href":"https:\/\/minghanggroup.com\/tr\/wp-json\/wp\/v2\/product"}],"about":[{"href":"https:\/\/minghanggroup.com\/tr\/wp-json\/wp\/v2\/types\/product"}],"wp:featuredmedia":[{"embeddable":true,"href":"https:\/\/minghanggroup.com\/tr\/wp-json\/wp\/v2\/media\/4703"}],"wp:attachment":[{"href":"https:\/\/minghanggroup.com\/tr\/wp-json\/wp\/v2\/media?parent=4695"}],"wp:term":[{"taxonomy":"product_brand","embeddable":true,"href":"https:\/\/minghanggroup.com\/tr\/wp-json\/wp\/v2\/product_brand?post=4695"},{"taxonomy":"product_cat","embeddable":true,"href":"https:\/\/minghanggroup.com\/tr\/wp-json\/wp\/v2\/product_cat?post=4695"},{"taxonomy":"product_tag","embeddable":true,"href":"https:\/\/minghanggroup.com\/tr\/wp-json\/wp\/v2\/product_tag?post=4695"}],"curies":[{"name":"wp","href":"https:\/\/api.w.org\/{rel}","templated":true}]}}