{"id":4684,"date":"2026-01-15T13:23:21","date_gmt":"2026-01-15T05:23:21","guid":{"rendered":"https:\/\/minghanggroup.com\/?post_type=product&#038;p=4684"},"modified":"2026-01-15T13:41:53","modified_gmt":"2026-01-15T05:41:53","slug":"clear-empty-reed-diffuser-bottles-wholesale","status":"publish","type":"product","link":"https:\/\/minghanggroup.com\/tr\/urun\/clear-empty-reed-diffuser-bottles-wholesale\/","title":{"rendered":"120ml 200ml \u015eeffaf Bo\u015f Kam\u0131\u015fl\u0131 Oda Kokusu \u015ei\u015feleri Toptan Sat\u0131\u015f"},"content":{"rendered":"<p>Toptan sat\u0131\u015f\u0131n\u0131 yapt\u0131\u011f\u0131m\u0131z bu kam\u0131\u015fl\u0131 oda kokusu \u015fi\u015feleri, stil ve i\u015flevselli\u011fin m\u00fckemmel bir kar\u0131\u015f\u0131m\u0131n\u0131 sunuyor. \u015ei\u015feler kristal berrakl\u0131\u011f\u0131nda kal\u0131n camdan yap\u0131lm\u0131\u015f olup, hatlar\u0131 yuvarlak, yumu\u015fak ve kare \u015feklindedir ve boyun k\u0131sm\u0131, oda kokusu kapa\u011f\u0131na tam oturacak \u015fekilde \u00e7oklu di\u015fli bir tasar\u0131mla \u00fcretilmi\u015ftir.<\/p>\n<h2>\u00dcr\u00fcn \u00d6zellikleri<\/h2>\n<ul>\n<li><strong>Dikd\u00f6rtgen G\u00f6vde:<\/strong> Tasar\u0131m sade ve dikd\u00f6rtgen \u015feklinde olup, p\u00fcr\u00fczs\u00fcz bir g\u00f6r\u00fcn\u00fcme sahip ve sergilenmesi kolayd\u0131r.<\/li>\n<li><strong>S\u0131zd\u0131rmaz Vidal\u0131 Boyun:<\/strong> \u00c7oklu di\u015fli tasar\u0131m, \u00fcr\u00fcnlerin g\u00fcvenli bir \u015fekilde saklanmas\u0131 i\u00e7in gerekli olan s\u0131k\u0131 ve g\u00fcvenli bir s\u0131zd\u0131rmazl\u0131k sa\u011flayacakt\u0131r.<\/li>\n<li><strong>\u00c7ift Kapasiteli:<\/strong> Kokular\u0131n uzun s\u00fcre kal\u0131c\u0131 ve yeterli \u015fekilde yay\u0131lmas\u0131 i\u00e7in k\u00fc\u00e7\u00fck alanlarda 120 ml, b\u00fcy\u00fck alanlarda ise 200 ml kullan\u0131lmal\u0131d\u0131r.<\/li>\n<\/ul>\n<h2 style=\"text-align: left;\">Temel \u00d6zellikler<\/h2>\n<table class=\"aligncenter\" style=\"border-collapse: collapse; width: 465.02pt;\" border=\"0\" width=\"620\" cellspacing=\"0\" cellpadding=\"0\">\n<tbody>\n<tr style=\"height: 13.50pt;\">\n<td style=\"height: 13.50pt; width: 155.25pt;\" width=\"207\" height=\"18\">\u015eartname<\/td>\n<td style=\"width: 309.75pt;\" width=\"413\">Detaylar<\/td>\n<\/tr>\n<tr style=\"height: 13.50pt;\">\n<td style=\"height: 13.50pt;\" height=\"18\">Kapasite<\/td>\n<td>120 ml \/ 200 ml<\/td>\n<\/tr>\n<tr style=\"height: 13.50pt;\">\n<td style=\"height: 13.50pt;\" height=\"18\">Boyutlar<\/td>\n<td>90\u00d736\u00d796 mm \/ 96\u00d748\u00d7105 mm<\/td>\n<\/tr>\n<tr style=\"height: 13.50pt;\">\n<td style=\"height: 13.50pt;\" height=\"18\">\u0130\u00e7\/D\u0131\u015f Boyun \u00c7ap\u0131<\/td>\n<td>17 mm \/ 27 mm<\/td>\n<\/tr>\n<tr style=\"height: 13.50pt;\">\n<td style=\"height: 13.50pt;\" height=\"18\">Malzeme<\/td>\n<td>Sodyum-Kalsiyum Cam\u0131<\/td>\n<\/tr>\n<tr style=\"height: 13.50pt;\">\n<td style=\"height: 13.50pt;\" height=\"18\">\u015ei\u015fe \u015eekli<\/td>\n<td>Dikd\u00f6rtgen Prizma<\/td>\n<\/tr>\n<tr style=\"height: 13.50pt;\">\n<td style=\"height: 13.50pt;\" height=\"18\">\u00d6zelle\u015ftirme Kapsam\u0131<\/td>\n<td>Renk, Y\u00fczey (Buzlu, \u015eeffaf), Boyut<\/td>\n<\/tr>\n<tr style=\"height: 13.50pt;\">\n<td style=\"height: 13.50pt;\" height=\"18\">\u0130\u015f\u00e7ilik<\/td>\n<td>Hassas Dikd\u00f6rtgen \u015eekillendirme, Y\u00fcksek Parlakl\u0131kta Y\u00fczey \u0130\u015flemi<\/td>\n<\/tr>\n<tr style=\"height: 13.50pt;\">\n<td style=\"height: 13.50pt;\" height=\"18\">\u00dcr\u00fcn Amac\u0131<\/td>\n<td>Kam\u0131\u015fl\u0131 Oda Kokusu \u015ei\u015feleri Toptan Sat\u0131\u015f\u0131, Oda Kokusu Cam E\u015fyalar\u0131<\/td>\n<\/tr>\n<tr style=\"height: 13.50pt;\">\n<td style=\"height: 13.50pt;\" height=\"18\">Uygun Sekt\u00f6rler<\/td>\n<td>Ev Kokusu Markalar\u0131, Otel Gruplar\u0131<\/td>\n<\/tr>\n<\/tbody>\n<\/table>\n<h2>Ba\u015far\u0131 Hikayesi<\/h2>\n<p>Kuzey Amerika&#039;n\u0131n \u00f6nde gelen otellerinden biri, 200 ml&#039;lik dif\u00fcz\u00f6r \u015fi\u015felerimizi toptan sat\u0131n ald\u0131. Marka imajlar\u0131 minimalist dikd\u00f6rtgen \u015fekille tam olarak uyumluydu ve 200 ml&#039;lik boyut, yeniden doldurma say\u0131s\u0131n\u0131 en aza indirerek oda temizli\u011fi maliyetinde tasarruf sa\u011flad\u0131. Ki\u015fiselle\u015ftirilmi\u015f u\u00e7ucu ya\u011f kar\u0131\u015f\u0131mlar\u0131 cam \u015fi\u015fede a\u00e7\u0131k\u00e7a sergilendi ve bu da m\u00fc\u015fteri perakende sat\u0131\u015flar\u0131nda &#039;lik bir art\u0131\u015fa yol a\u00e7t\u0131. Otel zinciri de olduk\u00e7a memnun kald\u0131 ve \u00f6n\u00fcm\u00fczdeki \u00fc\u00e7 y\u0131l i\u00e7inde t\u00fcm otellerindeki tedarik ihtiya\u00e7lar\u0131n\u0131 kar\u015f\u0131lamak i\u00e7in 1,2 milyon \u015fi\u015fe daha sipari\u015f verdi.<\/p>\n<h2>Dif\u00fcz\u00f6r \u015ei\u015feleri Toptan \u00d6zelle\u015ftirme Modelleri<\/h2>\n<ul>\n<li>Cam Renklendirme: \u00c7e\u015fitli atmosferler yaratmak i\u00e7in cam, \u015feffaf, a\u00e7\u0131k gri veya f\u00fcme siyah renklerde renklendirilebilir.<\/li>\n<li>\u00d6zel Boyutlar: Boyutlar\u0131n oranlar\u0131n\u0131 biraz de\u011fi\u015ftirin ve \u015fekli dikd\u00f6rtgen olarak koruyun.<\/li>\n<li>Mat Kaplama: Y\u00fcksek kaliteli bir his i\u00e7in yumu\u015fak dokunu\u015flu veya mat bir kaplama ekleyin.<\/li>\n<li>Serigrafi Bask\u0131: Uzun \u00f6m\u00fcrl\u00fc seramik m\u00fcrekkep kullanarak sade ve \u015f\u0131k marka isimleri veya g\u00f6rseller basar.<\/li>\n<\/ul>","protected":false},"excerpt":{"rendered":"<p>Y\u00fcksek kaliteli kristal camdan \u00fcretilmi\u015f \u015feffaf dif\u00fcz\u00f6r \u015fi\u015feleri toptan sat\u0131\u015f\u0131, dolum ve te\u015fhir i\u00e7in ideal kam\u0131\u015fl\u0131 dif\u00fcz\u00f6r \u015fi\u015feleri toptan sat\u0131\u015f\u0131, d\u00fcnya \u00e7ap\u0131nda h\u0131zl\u0131 kargo.<\/p>","protected":false},"featured_media":4685,"template":"","meta":{"postBodyCss":"","postBodyMargin":[],"postBodyPadding":[],"postBodyBackground":{"backgroundType":"classic","gradient":""}},"product_brand":[],"product_cat":[15,16,63],"product_tag":[],"class_list":{"0":"post-4684","1":"product","2":"type-product","3":"status-publish","4":"has-post-thumbnail","6":"product_cat-glass-containers","7":"product_cat-glass-bottles","8":"product_cat-reed-diffuser-bottles","10":"first","11":"instock","12":"shipping-taxable","13":"product-type-simple"},"jetpack_sharing_enabled":true,"_links":{"self":[{"href":"https:\/\/minghanggroup.com\/tr\/wp-json\/wp\/v2\/product\/4684","targetHints":{"allow":["GET"]}}],"collection":[{"href":"https:\/\/minghanggroup.com\/tr\/wp-json\/wp\/v2\/product"}],"about":[{"href":"https:\/\/minghanggroup.com\/tr\/wp-json\/wp\/v2\/types\/product"}],"wp:featuredmedia":[{"embeddable":true,"href":"https:\/\/minghanggroup.com\/tr\/wp-json\/wp\/v2\/media\/4685"}],"wp:attachment":[{"href":"https:\/\/minghanggroup.com\/tr\/wp-json\/wp\/v2\/media?parent=4684"}],"wp:term":[{"taxonomy":"product_brand","embeddable":true,"href":"https:\/\/minghanggroup.com\/tr\/wp-json\/wp\/v2\/product_brand?post=4684"},{"taxonomy":"product_cat","embeddable":true,"href":"https:\/\/minghanggroup.com\/tr\/wp-json\/wp\/v2\/product_cat?post=4684"},{"taxonomy":"product_tag","embeddable":true,"href":"https:\/\/minghanggroup.com\/tr\/wp-json\/wp\/v2\/product_tag?post=4684"}],"curies":[{"name":"wp","href":"https:\/\/api.w.org\/{rel}","templated":true}]}}