{"id":4664,"date":"2026-01-15T10:29:57","date_gmt":"2026-01-15T02:29:57","guid":{"rendered":"https:\/\/minghanggroup.com\/?post_type=product&#038;p=4664"},"modified":"2026-01-15T10:29:59","modified_gmt":"2026-01-15T02:29:59","slug":"faceted-diffuser-bottles-and-reeds-for-packaging-bulk","status":"publish","type":"product","link":"https:\/\/minghanggroup.com\/tr\/urun\/faceted-diffuser-bottles-and-reeds-for-packaging-bulk\/","title":{"rendered":"100 ml ve 200 ml \u00c7ok Y\u00fczl\u00fc Dif\u00fcz\u00f6r \u015ei\u015feleri ve Kam\u0131\u015flar\u0131 (Toplu Ambalaj \u0130\u00e7in)"},"content":{"rendered":"<p>Dif\u00fcz\u00f6r \u015fi\u015feleriniz ve \u00e7ubuklar\u0131n\u0131z sadece koku yaymakla kalmamal\u0131, her oday\u0131 \u0131\u015f\u0131kla doldurmal\u0131d\u0131r. \u00d6nde gelen koku dif\u00fcz\u00f6r \u015fi\u015fesi \u00fcreticileri olarak, u\u00e7ucu ya\u011f dif\u00fcz\u00f6r\u00fcn\u00fcz\u00fc evin sessiz kalbi haline getiren cam dif\u00fcz\u00f6r \u015fi\u015feleri \u00fcretiyoruz.<\/p>\n<h2>\u00dcr\u00fcn \u00d6zellikleri<\/h2>\n<ul>\n<li><strong>\u00c7ok Y\u00fczl\u00fc Tasar\u0131ml\u0131 T\u0131ls\u0131m:<\/strong> Oda koku yay\u0131c\u0131n\u0131z sadece yuvarlak, sa\u011flam ve benzersiz bir \u015fekilde \u015f\u0131k olmakla kalmayacak, ayn\u0131 zamanda bir dekorasyon par\u00e7as\u0131 da olacak.<\/li>\n<li><strong>Elmas, Kesim I\u015f\u0131\u011f\u0131 B\u00fcy\u00fcs\u00fc:<\/strong> Keskin hatlar, ev kokunuza hafif ve vintage bir hava kat\u0131yor.<\/li>\n<li><strong>Reed, Ready Neck:<\/strong> Yeni yuvarlak kam\u0131\u015f veya dif\u00fcz\u00f6r \u00e7ubuklar\u0131n\u0131 herhangi bir zorluk \u00e7ekmeden do\u011frudan takabilirsiniz.<\/li>\n<\/ul>\n<h2>Temel \u00d6zellikler<\/h2>\n<table style=\"border-collapse: collapse; width: 80%; margin-right: auto; margin-left: auto;\" border=\"0\" width=\"360\" cellspacing=\"0\" cellpadding=\"0\">\n<tbody>\n<tr style=\"height: 13.50pt;\">\n<td style=\"height: 13.5pt; width: 54pt; text-align: center;\" width=\"72\" height=\"18\">Boyut (ml)<\/td>\n<td style=\"width: 54pt; text-align: center;\" width=\"72\">\u00d6l\u00e7\u00fcler (mm)<\/td>\n<td style=\"width: 54pt; text-align: center;\" width=\"72\">Boyun \u00c7ap\u0131<\/td>\n<td style=\"width: 54pt; text-align: center;\" width=\"72\">\u015eekil<\/td>\n<td style=\"width: 54pt; text-align: center;\" width=\"72\">Mevcut S\u00fcre\u00e7ler<\/td>\n<\/tr>\n<tr style=\"height: 13.50pt;\">\n<td style=\"height: 13.5pt; text-align: center;\" height=\"18\">100<\/td>\n<td style=\"text-align: center;\">81 \u00d7 82<\/td>\n<td class=\"et2\" style=\"text-align: center;\" rowspan=\"2\">17,5\/26,8 mm<\/td>\n<td class=\"et2\" style=\"text-align: center;\" rowspan=\"2\">Kabak<\/td>\n<td class=\"et2\" style=\"text-align: center;\" rowspan=\"2\">Elektrokaplama, boyama, kesme, serigrafi bask\u0131 vb.<\/td>\n<\/tr>\n<tr style=\"height: 13.50pt;\">\n<td style=\"height: 13.5pt; text-align: center;\" height=\"18\">200<\/td>\n<td style=\"text-align: center;\">93 \u00d7 93<\/td>\n<\/tr>\n<\/tbody>\n<\/table>\n<h2>Ba\u015far\u0131 \u00d6rne\u011fi<\/h2>\n<p>Dif\u00fcz\u00f6rlerinde do\u011fal u\u00e7ucu ya\u011flar kullanan k\u00fc\u00e7\u00fck bir ev kokusu \u015firketi, ambalajlar\u0131n\u0131n \u00fcr\u00fcnlerinin el yap\u0131m\u0131, l\u00fcks kokusuyla daha uyumlu olmas\u0131n\u0131 istedi. Yeni bir \u00fcr\u00fcn serisinin lansman\u0131 i\u00e7in cam dif\u00fcz\u00f6r \u015fi\u015felerimizi ve \u00e7ubuklar\u0131m\u0131z\u0131 se\u00e7tiler ve \u015fi\u015feleri g\u00fcl alt\u0131n rengiyle, \u015fi\u015fe omuzunda hafif kabartmal\u0131 bir logoyla ve dekoratif ince ipekten yap\u0131lm\u0131\u015f, serigrafi bask\u0131l\u0131 botanik desenlerle ki\u015fiselle\u015ftirdiler.<\/p>\n<p>Bu yeni ambalaj\u0131n benimsenmesinin ard\u0131ndan marka, perakende testleri s\u0131ras\u0131nda raf \u00e7ekicili\u011finde &#039;lik bir art\u0131\u015f oldu\u011funu ve tekrar eden m\u00fc\u015fteriler aras\u0131nda marka bilinirli\u011finin \u00f6nemli \u00f6l\u00e7\u00fcde iyile\u015fti\u011fini a\u00e7\u0131klad\u0131. Sonu\u00e7 olarak, parf\u00fcm \u015fi\u015feleri ana \u00fcr\u00fcn serileri i\u00e7in standart ambalaj haline geldi.<\/p>\n<h2>\u00d6zelle\u015ftirme Se\u00e7enekleriniz<\/h2>\n<ol>\n<li><strong>\u015ei\u015fe Rengi \u00d6zelle\u015ftirme:<\/strong> Farkl\u0131 kokulara ve ev dekorasyon stillerine uyum sa\u011flamas\u0131 i\u00e7in \u015feffaf, kehribar, dumanl\u0131 gri veya degrade cam se\u00e7eneklerinden birini tercih edebilirsiniz.<\/li>\n<li><strong>Marka Logosu \u00d6zelle\u015ftirme:<\/strong> Koku yay\u0131c\u0131 \u015fi\u015felerin g\u00f6vdesine, omuz k\u0131sm\u0131na veya taban\u0131na kabartma \u015feklinde logonuzu, \u00f6zel bir tasar\u0131m\u0131n\u0131z\u0131 veya metninizi yerle\u015ftirebilirsiniz.<\/li>\n<li><strong>\u015eapka ve Aksesuar Se\u00e7enekleri:<\/strong> Ah\u015fap kapaklar, elektroliz kaplama metal kapaklar ve mat plastik kapaklar da dahil olmak \u00fczere geni\u015f bir kapak yelpazesinden se\u00e7im yap\u0131n ve bunlar\u0131 \u00e7e\u015fitli malzeme ve renklerdeki aroma \u00e7ubuklar\u0131yla e\u015fle\u015ftirin.<\/li>\n<\/ol>","protected":false},"excerpt":{"rendered":"<p>\u00c7okgen tasar\u0131ml\u0131 cam dif\u00fcz\u00f6r \u015fi\u015feleri ve \u00e7ubuklar\u0131. Koku dif\u00fcz\u00f6r \u015fi\u015feleri konusunda uzmanla\u015fm\u0131\u015f fabrikadan do\u011frudan tedarik ve toplu sipari\u015flerde \u00f6zelle\u015ftirme imkan\u0131.<\/p>","protected":false},"featured_media":4668,"template":"","meta":{"postBodyCss":"","postBodyMargin":[],"postBodyPadding":[],"postBodyBackground":{"backgroundType":"classic","gradient":""}},"product_brand":[],"product_cat":[15,16,63],"product_tag":[],"class_list":{"0":"post-4664","1":"product","2":"type-product","3":"status-publish","4":"has-post-thumbnail","6":"product_cat-glass-containers","7":"product_cat-glass-bottles","8":"product_cat-reed-diffuser-bottles","10":"first","11":"instock","12":"shipping-taxable","13":"product-type-simple"},"jetpack_sharing_enabled":true,"_links":{"self":[{"href":"https:\/\/minghanggroup.com\/tr\/wp-json\/wp\/v2\/product\/4664","targetHints":{"allow":["GET"]}}],"collection":[{"href":"https:\/\/minghanggroup.com\/tr\/wp-json\/wp\/v2\/product"}],"about":[{"href":"https:\/\/minghanggroup.com\/tr\/wp-json\/wp\/v2\/types\/product"}],"wp:featuredmedia":[{"embeddable":true,"href":"https:\/\/minghanggroup.com\/tr\/wp-json\/wp\/v2\/media\/4668"}],"wp:attachment":[{"href":"https:\/\/minghanggroup.com\/tr\/wp-json\/wp\/v2\/media?parent=4664"}],"wp:term":[{"taxonomy":"product_brand","embeddable":true,"href":"https:\/\/minghanggroup.com\/tr\/wp-json\/wp\/v2\/product_brand?post=4664"},{"taxonomy":"product_cat","embeddable":true,"href":"https:\/\/minghanggroup.com\/tr\/wp-json\/wp\/v2\/product_cat?post=4664"},{"taxonomy":"product_tag","embeddable":true,"href":"https:\/\/minghanggroup.com\/tr\/wp-json\/wp\/v2\/product_tag?post=4664"}],"curies":[{"name":"wp","href":"https:\/\/api.w.org\/{rel}","templated":true}]}}