{"id":4663,"date":"2026-01-15T09:13:16","date_gmt":"2026-01-15T01:13:16","guid":{"rendered":"https:\/\/minghanggroup.com\/?post_type=product&#038;p=4663"},"modified":"2026-01-15T11:07:08","modified_gmt":"2026-01-15T03:07:08","slug":"square-empty-reed-diffuser-glass-bottles-bulk","status":"publish","type":"product","link":"https:\/\/minghanggroup.com\/tr\/urun\/square-empty-reed-diffuser-glass-bottles-bulk\/","title":{"rendered":"100 ml Kare Bo\u015f Kam\u0131\u015fl\u0131 Oda Kokusu Cam \u015ei\u015feleri (Toptan)"},"content":{"rendered":"<p>Bu kam\u0131\u015fl\u0131 oda kokusu \u015fi\u015feleri kristal berrakl\u0131\u011f\u0131nda camdan yap\u0131lm\u0131\u015ft\u0131r. Keskin a\u00e7\u0131l\u0131 dikd\u00f6rtgen \u015fekli, i\u00e7indeki u\u00e7ucu ya\u011flar\u0131n kokusunu m\u00fckemmel bir \u015fekilde sergiler.<\/p>\n<h2>\u00dcr\u00fcn \u00d6zellikleri<\/h2>\n<ul>\n<li><strong>Minimalist Geometrik Dikd\u00f6rtgen:<\/strong> Keskin a\u00e7\u0131l\u0131 dikd\u00f6rtgen \u015fekil, cesur, modern ve sofistike bir g\u00f6rsel etki yarat\u0131yor.<\/li>\n<li><strong>Kristal Berrakl\u0131\u011f\u0131nda \u015ei\u015fe:<\/strong> Barda\u011f\u0131n tamam\u0131 tamamen \u015feffaft\u0131r ve u\u00e7ucu ya\u011flar\u0131n rengini net bir \u015fekilde g\u00f6sterir; \u0131\u015f\u0131\u011f\u0131n k\u0131r\u0131lmas\u0131 ise ya\u011flar\u0131n \u015feffaf dokusunu daha da ortaya \u00e7\u0131kararak koku notalar\u0131n\u0131n en iyi \u015fekilde harmanlanmas\u0131n\u0131 sa\u011flar.<\/li>\n<li><strong>B\u00fcy\u00fck Kapasite:<\/strong> 100 ml&#039;lik b\u00fcy\u00fck boyutu da iyi ve normal odalarda uzun s\u00fcre dayanabiliyor.<\/li>\n<\/ul>\n<h2 style=\"text-align: left;\">Temel \u00d6zellikler<\/h2>\n<table class=\"aligncenter\" style=\"border-collapse: collapse; width: 480.77pt;\" border=\"0\" width=\"641\" cellspacing=\"0\" cellpadding=\"0\">\n<tbody>\n<tr style=\"height: 13.50pt;\">\n<td style=\"height: 13.50pt; width: 155.25pt;\" width=\"207\" height=\"18\">\u015eartname<\/td>\n<td style=\"width: 325.50pt;\" width=\"434\">Detaylar<\/td>\n<\/tr>\n<tr style=\"height: 13.50pt;\">\n<td style=\"height: 13.50pt;\" height=\"18\">Kapasite<\/td>\n<td>100 ml<\/td>\n<\/tr>\n<tr style=\"height: 13.50pt;\">\n<td style=\"height: 13.50pt;\" height=\"18\">Boyutlar<\/td>\n<td>89\u00d736\u00d796 mm<\/td>\n<\/tr>\n<tr style=\"height: 13.50pt;\">\n<td style=\"height: 13.50pt;\" height=\"18\">\u0130\u00e7\/D\u0131\u015f Boyun \u00c7ap\u0131<\/td>\n<td>19 mm \/ 31 mm<\/td>\n<\/tr>\n<tr style=\"height: 13.50pt;\">\n<td style=\"height: 13.50pt;\" height=\"18\">Malzeme<\/td>\n<td>Sodyum-kalsiyum cam\u0131<\/td>\n<\/tr>\n<tr style=\"height: 13.50pt;\">\n<td style=\"height: 13.50pt;\" height=\"18\">\u015ei\u015fe \u015eekli<\/td>\n<td>Dikd\u00f6rtgen Prizma<\/td>\n<\/tr>\n<tr style=\"height: 13.50pt;\">\n<td style=\"height: 13.50pt;\" height=\"18\">\u00d6zelle\u015ftirme Kapsam\u0131<\/td>\n<td>\u015eekil, Boyut, Renk, Y\u00fczey (Mat, Buzlu, Parlak)<\/td>\n<\/tr>\n<tr style=\"height: 13.50pt;\">\n<td style=\"height: 13.50pt;\" height=\"18\">\u0130\u015f\u00e7ilik<\/td>\n<td>Hassas Dikd\u00f6rtgen Cam \u015eekillendirme, Y\u00fcksek Parlakl\u0131kta Kenarlar<\/td>\n<\/tr>\n<tr style=\"height: 13.50pt;\">\n<td style=\"height: 13.50pt;\" height=\"18\">\u00dcr\u00fcn Amac\u0131<\/td>\n<td>Kam\u0131\u015fl\u0131 Oda Kokusu \u015ei\u015feleri, Kokulu Ya\u011f Kaplar\u0131<\/td>\n<\/tr>\n<tr style=\"height: 13.50pt;\">\n<td style=\"height: 13.50pt;\" height=\"18\">Uygun Sekt\u00f6rler<\/td>\n<td>Ev Kokusu Markalar\u0131, \u0130\u00e7 Mekan Tasar\u0131m\u0131, Oteller ve Spalar<\/td>\n<\/tr>\n<\/tbody>\n<\/table>\n<h2>Ba\u015far\u0131 \u00d6yk\u00fcs\u00fc: Ev Ya\u015fam\u0131 Markas\u0131n\u0131n Temel \u00dcr\u00fcn\u00fc, Toronto<\/h2>\n<p>Kanada&#039;da faaliyet g\u00f6steren bir ev dekorasyon markas\u0131, kendi do\u011fal kam\u0131\u015fl\u0131 oda kokusu serisini piyasaya s\u00fcrd\u00fc. Ana \u00fcr\u00fcn olarak 100 ml&#039;lik cam oda kokusu \u015fi\u015felerimizi se\u00e7tiler. Markalar\u0131, i\u015f ortaklar\u0131 ma\u011fazalar\u0131nda raf g\u00f6r\u00fcn\u00fcrl\u00fc\u011f\u00fcyle basit dikd\u00f6rtgen formu sayesinde tan\u0131n\u0131r hale geldi. Tasar\u0131m minimalistti ve bunun etkisi, ev dekorasyonu g\u00f6rsellerinde kullan\u0131ld\u0131\u011f\u0131nda sosyal medyada \u00fcr\u00fcn\u00fcn payla\u015f\u0131m\u0131nda 0&#039;lik bir art\u0131\u015f oldu. Marka, \u00fcr\u00fcn\u00fcn performans\u0131ndan ve pazarlanabilirli\u011finden \u00e7ok memnun kald\u0131 ve \u00fclke \u00e7ap\u0131ndaki perakende sat\u0131\u015flara ve yeni sezon koleksiyonuna ek olarak 400.000 adet sipari\u015f verdi.<\/p>\n<h2>Cam Dif\u00fcz\u00f6r \u015ei\u015feleri \u00d6zelle\u015ftirme<\/h2>\n<ul>\n<li>Cam Renkleri ve Tonlar\u0131: Cam d\u00f6rt renkten biri olabilir. Bunlar \u015feffaf, a\u00e7\u0131k gri, kehribar veya orman ye\u015filidir.<\/li>\n<li>Lazerle Kaz\u0131ma: Y\u00f6ntemlerden biri, d\u00fcz cam y\u00fczeyine lazerle k\u00fc\u00e7\u00fck bir logo, tasar\u0131m veya isim kaz\u0131makt\u0131r.<\/li>\n<li>\u00d6zel T\u0131palar: Do\u011fal ah\u015fap, mantar veya mat metal gibi kab\u0131n rengine uygun \u00f6zel t\u0131palar mevcuttur.<\/li>\n<li>Serigrafi Bask\u0131: Seramik m\u00fcrekkep kullan\u0131larak g\u00fczel ve temiz bir marka logosu veya \u00e7er\u00e7eve bask\u0131s\u0131 yap\u0131l\u0131r.<\/li>\n<\/ul>","protected":false},"excerpt":{"rendered":"<p>Y\u00fcksek \u015feffafl\u0131kta camdan \u00fcretilmi\u015f, dikd\u00f6rtgen \u015feklinde \u015feffaf kam\u0131\u015fl\u0131 oda kokusu \u015fi\u015feleri, modern i\u00e7 mekanlar i\u00e7in uygun cam oda kokusu \u015fi\u015feleridir, toptan fiyatlar sunulmaktad\u0131r.<\/p>","protected":false},"featured_media":4671,"template":"","meta":{"postBodyCss":"","postBodyMargin":[],"postBodyPadding":[],"postBodyBackground":{"backgroundType":"classic","gradient":""}},"product_brand":[],"product_cat":[15,16,63],"product_tag":[],"class_list":{"0":"post-4663","1":"product","2":"type-product","3":"status-publish","4":"has-post-thumbnail","6":"product_cat-glass-containers","7":"product_cat-glass-bottles","8":"product_cat-reed-diffuser-bottles","10":"first","11":"instock","12":"shipping-taxable","13":"product-type-simple"},"jetpack_sharing_enabled":true,"_links":{"self":[{"href":"https:\/\/minghanggroup.com\/tr\/wp-json\/wp\/v2\/product\/4663","targetHints":{"allow":["GET"]}}],"collection":[{"href":"https:\/\/minghanggroup.com\/tr\/wp-json\/wp\/v2\/product"}],"about":[{"href":"https:\/\/minghanggroup.com\/tr\/wp-json\/wp\/v2\/types\/product"}],"wp:featuredmedia":[{"embeddable":true,"href":"https:\/\/minghanggroup.com\/tr\/wp-json\/wp\/v2\/media\/4671"}],"wp:attachment":[{"href":"https:\/\/minghanggroup.com\/tr\/wp-json\/wp\/v2\/media?parent=4663"}],"wp:term":[{"taxonomy":"product_brand","embeddable":true,"href":"https:\/\/minghanggroup.com\/tr\/wp-json\/wp\/v2\/product_brand?post=4663"},{"taxonomy":"product_cat","embeddable":true,"href":"https:\/\/minghanggroup.com\/tr\/wp-json\/wp\/v2\/product_cat?post=4663"},{"taxonomy":"product_tag","embeddable":true,"href":"https:\/\/minghanggroup.com\/tr\/wp-json\/wp\/v2\/product_tag?post=4663"}],"curies":[{"name":"wp","href":"https:\/\/api.w.org\/{rel}","templated":true}]}}