{"id":4653,"date":"2026-01-14T16:37:14","date_gmt":"2026-01-14T08:37:14","guid":{"rendered":"https:\/\/minghanggroup.com\/?post_type=product&#038;p=4653"},"modified":"2026-01-14T16:37:16","modified_gmt":"2026-01-14T08:37:16","slug":"diamond-texture-clear-reed-diffuser-bottles-bulk","status":"publish","type":"product","link":"https:\/\/minghanggroup.com\/tr\/urun\/diamond-texture-clear-reed-diffuser-bottles-bulk\/","title":{"rendered":"100ml 200ml Elmas Dokulu \u015eeffaf Kam\u0131\u015fl\u0131 Oda Kokusu \u015ei\u015feleri (Toptan)"},"content":{"rendered":"<p>Dif\u00fcz\u00f6r \u015fi\u015feleriniz sadece kokuyu muhafaza etmekle kalmamal\u0131, \u0131\u015f\u0131\u011f\u0131n her k\u00f6\u015fesinde dans etmesini sa\u011flamal\u0131d\u0131r. Koku \u015fi\u015fesi \u00fcreticileri olarak, u\u00e7ucu ya\u011f dif\u00fcz\u00f6r\u00fcn\u00fcz\u00fc evinizin sessiz y\u0131ld\u0131z\u0131na d\u00f6n\u00fc\u015ft\u00fcren cam dif\u00fcz\u00f6r \u015fi\u015feleri \u00fcretiyoruz.<\/p>\n<h2>\u00dcr\u00fcn \u00d6zellikleri<\/h2>\n<ul>\n<li><strong>Elmas, Kesim I\u015f\u0131k Oyunu:<\/strong>Odan\u0131z i\u00e7in vintage l\u00fcks bir g\u00f6r\u00fcn\u00fcm sunan, \u0131\u015f\u0131\u011f\u0131 yakalayan ve da\u011f\u0131tan keskin y\u00fczeylere sahip dif\u00fcz\u00f6r.<\/li>\n<li><strong>Dengeli Top \u015eekli:<\/strong>K\u00fcre o kadar m\u00fckemmel ki, raflarda sallanmas\u0131 imkans\u0131z. Cam kam\u0131\u015fl\u0131 oda kokunuz sa\u011flam ve l\u00fcks bir his veriyor.<\/li>\n<li><strong>Reed, Haz\u0131r Tasar\u0131m:<\/strong>Yuvarlak kam\u0131\u015f veya dif\u00fcz\u00f6r \u00e7ubuklar\u0131n\u0131 do\u011frudan boyun k\u0131sm\u0131na yerle\u015ftirin, garip bir uyum gerektirmez.<\/li>\n<\/ul>\n<h2>Temel \u00d6zellikler<\/h2>\n<table style=\"border-collapse: collapse; width: 80%; margin-left: auto; margin-right: auto;\" border=\"0\" width=\"288\" cellspacing=\"0\" cellpadding=\"0\">\n<tbody>\n<tr style=\"height: 13.50pt;\">\n<td style=\"height: 13.5pt; width: 54pt; text-align: center;\" width=\"72\" height=\"18\">Boyut (ml)<\/td>\n<td style=\"width: 54pt; text-align: center;\" width=\"72\">\u00d6l\u00e7\u00fcler (mm)<\/td>\n<td style=\"width: 54pt; text-align: center;\" width=\"72\">Ana \u00d6zellik<\/td>\n<td style=\"width: 54pt; text-align: center;\" width=\"72\">Renk Se\u00e7enekleri<\/td>\n<\/tr>\n<tr style=\"height: 13.50pt;\">\n<td style=\"height: 13.5pt; text-align: center;\" align=\"right\" height=\"18\">100<\/td>\n<td style=\"text-align: center;\">70 \u00d7 84<\/td>\n<td class=\"et2\" style=\"text-align: center;\" rowspan=\"2\">Elmas kesim y\u00fczeyler<\/td>\n<td class=\"et2\" style=\"text-align: center;\" rowspan=\"2\">Temizle veya \u00f6zel<\/td>\n<\/tr>\n<tr style=\"height: 13.50pt;\">\n<td style=\"height: 13.5pt; text-align: center;\" align=\"right\" height=\"18\">200<\/td>\n<td style=\"text-align: center;\">85 \u00d7 97<\/td>\n<\/tr>\n<\/tbody>\n<\/table>\n<h2>Ba\u015far\u0131 \u00d6rne\u011fi<\/h2>\n<p>Ev kokusu ve ya\u015fam tarz\u0131 \u00fcr\u00fcnleri satan bir marka, l\u00fcks kam\u0131\u015fl\u0131 oda kokusu serisi i\u00e7in 200 ml&#039;lik bir dif\u00fcz\u00f6r \u015fi\u015fesi \u00e7\u0131karmak \u00fczere bizimle \u00e7al\u0131\u015fmay\u0131 tercih etti. M\u00fc\u015fteri, \u00fcr\u00fcn\u00fcn nihai etkisinde kaliteyi ve dayan\u0131kl\u0131l\u0131\u011f\u0131 art\u0131rmak i\u00e7in \u015fi\u015fenin metal boyun k\u0131sm\u0131n\u0131 ve koyu renkli kam\u0131\u015flar\u0131 tercih etti. Bunun yan\u0131 s\u0131ra, atmosfer katmak i\u00e7in a\u00e7\u0131k pembe bir \u015fi\u015fe rengi kulland\u0131lar. Lansmandan sonra, koku serisi hediye ve ev dekorasyonu ma\u011fazalar\u0131nda b\u00fcy\u00fck bir ba\u015far\u0131 yakalad\u0131 ve ilk \u00e7eyrekte sat\u0131\u015flar yakla\u015f\u0131k artt\u0131; bu da markaya orta ve \u00fcst d\u00fczey ev kokusu pazar\u0131nda b\u00fcy\u00fck bir ivme kazand\u0131rd\u0131.<\/p>\n<h2>\u00d6zelle\u015ftirme Se\u00e7enekleriniz<\/h2>\n<ol>\n<li><strong>\u015ei\u015fe boynu ve kapak malzemesi se\u00e7imi:<\/strong> Modern, do\u011fal veya sade l\u00fcks tarzlar\u0131 yans\u0131tmak i\u00e7in \u00f6zelle\u015ftirilebilir elektroliz kaplama metal, mat metal, ah\u015fap veya ah\u015fap g\u00f6r\u00fcn\u00fcml\u00fc \u015fi\u015fe boyunlar\u0131 mevcuttur.<\/li>\n<li><strong>Kam\u0131\u015f tipi ve renk uyumu:<\/strong> Dif\u00fczyon h\u0131z\u0131n\u0131 ve g\u00f6rsel stili kontrol etmek i\u00e7in siyah, koyu kahverengi veya do\u011fal renklerde do\u011fal rattan, lifli rattan veya d\u00fcz rattan mevcuttur.<\/li>\n<li><strong>Cam rengi ve y\u00fczey i\u015flemi:<\/strong> \u015eeffaf cam \u00fczerinde, dekoratif g\u00f6r\u00fcn\u00fcm\u00fc koku s\u0131v\u0131s\u0131n\u0131n korunmas\u0131yla dengeleyen, \u00f6zelle\u015ftirilebilir a\u00e7\u0131k dumanl\u0131 gri, kehribar veya i\u00e7ten p\u00fcsk\u00fcrtmeli renk se\u00e7enekleri mevcuttur.<\/li>\n<\/ol>","protected":false},"excerpt":{"rendered":"<p>Ev kokusu markalar\u0131 i\u00e7in \u015feffaf kam\u0131\u015fl\u0131 dif\u00fcz\u00f6r olarak tasarlanm\u0131\u015f dif\u00fcz\u00f6r \u015fi\u015feleri. Fabrikadan do\u011frudan tedarik, toplu \u00f6zelle\u015ftirme ve h\u0131zl\u0131 kargo se\u00e7enekleri mevcuttur.<\/p>","protected":false},"featured_media":4657,"template":"","meta":{"postBodyCss":"","postBodyMargin":[],"postBodyPadding":[],"postBodyBackground":{"backgroundType":"classic","gradient":""}},"product_brand":[],"product_cat":[16,15,63],"product_tag":[],"class_list":{"0":"post-4653","1":"product","2":"type-product","3":"status-publish","4":"has-post-thumbnail","6":"product_cat-glass-bottles","7":"product_cat-glass-containers","8":"product_cat-reed-diffuser-bottles","10":"first","11":"instock","12":"shipping-taxable","13":"product-type-simple"},"jetpack_sharing_enabled":true,"_links":{"self":[{"href":"https:\/\/minghanggroup.com\/tr\/wp-json\/wp\/v2\/product\/4653","targetHints":{"allow":["GET"]}}],"collection":[{"href":"https:\/\/minghanggroup.com\/tr\/wp-json\/wp\/v2\/product"}],"about":[{"href":"https:\/\/minghanggroup.com\/tr\/wp-json\/wp\/v2\/types\/product"}],"wp:featuredmedia":[{"embeddable":true,"href":"https:\/\/minghanggroup.com\/tr\/wp-json\/wp\/v2\/media\/4657"}],"wp:attachment":[{"href":"https:\/\/minghanggroup.com\/tr\/wp-json\/wp\/v2\/media?parent=4653"}],"wp:term":[{"taxonomy":"product_brand","embeddable":true,"href":"https:\/\/minghanggroup.com\/tr\/wp-json\/wp\/v2\/product_brand?post=4653"},{"taxonomy":"product_cat","embeddable":true,"href":"https:\/\/minghanggroup.com\/tr\/wp-json\/wp\/v2\/product_cat?post=4653"},{"taxonomy":"product_tag","embeddable":true,"href":"https:\/\/minghanggroup.com\/tr\/wp-json\/wp\/v2\/product_tag?post=4653"}],"curies":[{"name":"wp","href":"https:\/\/api.w.org\/{rel}","templated":true}]}}