{"id":4645,"date":"2026-01-14T13:47:52","date_gmt":"2026-01-14T05:47:52","guid":{"rendered":"https:\/\/minghanggroup.com\/?post_type=product&#038;p=4645"},"modified":"2026-01-14T16:43:52","modified_gmt":"2026-01-14T08:43:52","slug":"best-cologne-bottles-inspired-by-vintage-cut-design-bulk","status":"publish","type":"product","link":"https:\/\/minghanggroup.com\/tr\/urun\/best-cologne-bottles-inspired-by-vintage-cut-design-bulk\/","title":{"rendered":"100 ml&#039;lik En \u0130yi Kolonya \u015ei\u015feleri, Vintage Kesim Tasar\u0131m\u0131ndan Esinlenilmi\u015ftir (Toptan Sat\u0131\u015f)"},"content":{"rendered":"<p>En iyi kolonya \u015fi\u015feleriniz sadece kokuyu muhafaza etmekle kalmamal\u0131, ayn\u0131 zamanda internette gezinirken kullan\u0131c\u0131lar\u0131n dikkatini \u00e7ekmelidir. Parf\u00fcm \u015fi\u015fesi \u00fcreticileri olarak, \u00f6zel parf\u00fcm\u00fcn\u00fcz\u00fc raflarda g\u00f6z kama\u015ft\u0131racak, nesilden nesile aktar\u0131lacak bir hat\u0131ra e\u015fyas\u0131na d\u00f6n\u00fc\u015ft\u00fcren cam parf\u00fcm \u015fi\u015feleri \u00fcretiyoruz.<\/p>\n<h2>\u00dcr\u00fcn \u00d6zellikleri<\/h2>\n<ul>\n<li><strong>Geometrik Kesim Kenarlar\u0131:<\/strong> Keskin y\u00fczeyler \u0131\u015f\u0131\u011f\u0131 yans\u0131t\u0131r; bu da parf\u00fcm ambalajlar\u0131n\u0131zda kullanabilece\u011finiz, eski tarz kesme cam\u0131n cazibesini ortaya \u00e7\u0131kar\u0131r.<\/li>\n<li><strong>G\u00fcm\u00fc\u015f Kapak Kontrast\u0131:<\/strong> \u015eeffaf cam \u015fi\u015felerin \u00fczerindeki metalik g\u00fcm\u00fc\u015f kapaklar ne anlama geliyor? Parf\u00fcm ambalaj\u0131n\u0131z, an\u0131nda \u00e7a\u011fda\u015f l\u00fcks\u00fcn tam tan\u0131m\u0131 olacak.<\/li>\n<li><strong>Stabilize Edilmi\u015f Modern Sil\u00fcet:<\/strong> Sa\u011flam bir tabana sahip, hi\u00e7 sallanm\u0131yor. Cam parf\u00fcm \u015fi\u015feniz a\u011f\u0131r ve dokunuldu\u011funda l\u00fcks bir his veriyor.<\/li>\n<\/ul>\n<h2>Temel \u00d6zellikler<\/h2>\n<table style=\"border-collapse: collapse; width: 80%; margin-left: auto; margin-right: auto;\" border=\"0\" width=\"288\" cellspacing=\"0\" cellpadding=\"0\">\n<tbody>\n<tr style=\"height: 13.50pt;\">\n<td style=\"height: 13.5pt; width: 54pt; text-align: center;\" width=\"72\" height=\"18\">Boyut<\/td>\n<td style=\"width: 54pt; text-align: center;\" width=\"72\">\u00d6l\u00e7\u00fcler (mm)<\/td>\n<td style=\"width: 54pt; text-align: center;\" width=\"72\">\u015eapka Rengi<\/td>\n<td style=\"width: 54pt; text-align: center;\" width=\"72\">S\u0131zd\u0131rmazl\u0131k Tipi<\/td>\n<\/tr>\n<tr style=\"height: 13.50pt;\">\n<td style=\"height: 13.5pt; text-align: center;\" height=\"18\">100 ml<\/td>\n<td style=\"text-align: center;\">69 \u00d7 32 \u00d7 110<\/td>\n<td style=\"text-align: center;\">G\u00fcm\u00fc\u015f<\/td>\n<td style=\"text-align: center;\">Pompa p\u00fcsk\u00fcrt\u00fcc\u00fc<\/td>\n<\/tr>\n<\/tbody>\n<\/table>\n<h2>Ba\u015far\u0131 \u00d6rne\u011fi<\/h2>\n<p>A\u011f\u0131rl\u0131kl\u0131 olarak erkek parf\u00fcm pazar\u0131na odaklanan bir parf\u00fcm markas\u0131, temel \u00fcr\u00fcnlerinin ambalaj\u0131n\u0131 yenilerken bu \u00e7okgen \u015fekilli cam parf\u00fcm \u015fi\u015fesini ki\u015fiselle\u015ftirmek i\u00e7in bizimle i\u015f birli\u011fi yapmaya karar verdi. M\u00fc\u015fteri, hem retro hem de sofistike olan marka imaj\u0131n\u0131 yans\u0131tmak i\u00e7in metalik g\u00fcm\u00fc\u015f kapakl\u0131 \u00e7okgen bir \u015fi\u015fe kullanmak istedi. \u015ei\u015fe, markan\u0131n hikayesini anlatan bir etiketle s\u00fcslendi.<\/p>\n<p>\u00dcr\u00fcn piyasaya s\u00fcr\u00fcld\u00fckten sonra, \u00e7eyrek d\u00f6nemlik sat\u0131\u015flar y\u0131ll\u0131k bazda yakla\u015f\u0131k artt\u0131 ve ayn\u0131 zamanda marka, \u00fcst d\u00fczey perakende kanallar\u0131na da ba\u015far\u0131l\u0131 bir \u015fekilde giri\u015f yapabildi.<\/p>\n<h2>\u00d6zelle\u015ftirme Se\u00e7enekleriniz<\/h2>\n<ol>\n<li><strong>Kapak Rengi: <\/strong>Parf\u00fcm \u015fi\u015felerinin kapaklar\u0131n\u0131 koku aileleriyle e\u015fle\u015ftirin (\u00f6rne\u011fin, narenciye i\u00e7in g\u00fcm\u00fc\u015f, odunsu i\u00e7in alt\u0131n). Parf\u00fcm\u00fcn\u00fcz\u00fcn kapa\u011f\u0131, ilk p\u00fcsk\u00fcrtmeden \u00f6nce bile hikayesini anlatan ilk unsurdur.<\/li>\n<li><strong>Legacy i\u00e7in Lazer Grav\u00fcr: <\/strong>\u015ei\u015felerin geometrik y\u00fczeylerine minimalist bir logo eklemek, parf\u00fcm ambalaj \u00e7\u00f6z\u00fcmlerini sohbet ba\u015flat\u0131c\u0131lar\u0131na d\u00f6n\u00fc\u015ft\u00fcr\u00fcr.<\/li>\n<li><strong>Yumu\u015fak bir \u0131\u015f\u0131lt\u0131 i\u00e7in buzlu y\u00fczeyler: <\/strong>Geometrik kenarlar\u0131 hafif\u00e7e buzlu bir g\u00f6r\u00fcn\u00fcme kavu\u015fturarak, ek maliyet olmadan yumu\u015fak g\u00fcn \u0131\u015f\u0131\u011f\u0131 yans\u0131mas\u0131 sa\u011flay\u0131n.<\/li>\n<\/ol>","protected":false},"excerpt":{"rendered":"<p>Geometrik kesimli kenarlara sahip en iyi kolonya \u015fi\u015feleri. Bu vintage kesim cam parf\u00fcm \u015fi\u015feleri, markalar i\u00e7in toplu \u00f6zelle\u015ftirme imkan\u0131 ve h\u0131zl\u0131 kargo olana\u011f\u0131 sunmaktad\u0131r.<\/p>","protected":false},"featured_media":4649,"template":"","meta":{"postBodyCss":"","postBodyMargin":[],"postBodyPadding":[],"postBodyBackground":{"backgroundType":"classic","gradient":""}},"product_brand":[],"product_cat":[15,16,62],"product_tag":[],"class_list":{"0":"post-4645","1":"product","2":"type-product","3":"status-publish","4":"has-post-thumbnail","6":"product_cat-glass-containers","7":"product_cat-glass-bottles","8":"product_cat-perfume-bottles","10":"first","11":"instock","12":"shipping-taxable","13":"product-type-simple"},"jetpack_sharing_enabled":true,"_links":{"self":[{"href":"https:\/\/minghanggroup.com\/tr\/wp-json\/wp\/v2\/product\/4645","targetHints":{"allow":["GET"]}}],"collection":[{"href":"https:\/\/minghanggroup.com\/tr\/wp-json\/wp\/v2\/product"}],"about":[{"href":"https:\/\/minghanggroup.com\/tr\/wp-json\/wp\/v2\/types\/product"}],"wp:featuredmedia":[{"embeddable":true,"href":"https:\/\/minghanggroup.com\/tr\/wp-json\/wp\/v2\/media\/4649"}],"wp:attachment":[{"href":"https:\/\/minghanggroup.com\/tr\/wp-json\/wp\/v2\/media?parent=4645"}],"wp:term":[{"taxonomy":"product_brand","embeddable":true,"href":"https:\/\/minghanggroup.com\/tr\/wp-json\/wp\/v2\/product_brand?post=4645"},{"taxonomy":"product_cat","embeddable":true,"href":"https:\/\/minghanggroup.com\/tr\/wp-json\/wp\/v2\/product_cat?post=4645"},{"taxonomy":"product_tag","embeddable":true,"href":"https:\/\/minghanggroup.com\/tr\/wp-json\/wp\/v2\/product_tag?post=4645"}],"curies":[{"name":"wp","href":"https:\/\/api.w.org\/{rel}","templated":true}]}}