{"id":4636,"date":"2026-01-14T10:39:15","date_gmt":"2026-01-14T02:39:15","guid":{"rendered":"https:\/\/minghanggroup.com\/?post_type=product&#038;p=4636"},"modified":"2026-01-14T11:24:47","modified_gmt":"2026-01-14T03:24:47","slug":"square-glass-perfume-beautiful-bottles-bulk","status":"publish","type":"product","link":"https:\/\/minghanggroup.com\/tr\/urun\/square-glass-perfume-beautiful-bottles-bulk\/","title":{"rendered":"3,4 oz Kare Cam Parf\u00fcm \u015ei\u015feleri, Toplu Sat\u0131\u015f"},"content":{"rendered":"<p>Parf\u00fcm\u00fcn muhte\u015fem \u015fi\u015fesi, son derece \u00f6zenle tasarlanm\u0131\u015f. Kare ve k\u00f6\u015feli kristal camdan yap\u0131lm\u0131\u015f g\u00f6vdesi, mavi mermer desenli silindirik kapa\u011f\u0131n p\u00fcr\u00fczs\u00fcz cam y\u00fczeyiyle tezat olu\u015fturarak \u00e7ok g\u00fc\u00e7l\u00fc bir g\u00f6rsel etki yarat\u0131yor.<\/p>\n<h2>\u00dcr\u00fcn \u00d6zellikleri<\/h2>\n<ul>\n<li><strong>Kare A\u00e7\u0131l\u0131 G\u00f6vde:<\/strong> Modern minimalist tarz, temiz kare g\u00f6vde ve cilal\u0131 kenarlar sayesinde korunmu\u015f olup, tutu\u015f rahatl\u0131\u011f\u0131na da katk\u0131da bulunmaktad\u0131r.<\/li>\n<li><strong>\u015eeffaf Kristal Malzeme:<\/strong> Kristal cam malzeme o kadar \u015feffaf ki, rengi ve kokunun safl\u0131\u011f\u0131 m\u00fckemmel bir \u015fekilde g\u00f6r\u00fclebiliyor.<\/li>\n<li><strong>Mavi Dokulu Silindirik Kapak:<\/strong> \u015ei\u015fe, parlak mavi, dokulu silindirik bir kapakla kapat\u0131lm\u0131\u015ft\u0131r ve kapa\u011f\u0131n dokulu \u015fekli minimalist stile katk\u0131da bulunur.<\/li>\n<\/ul>\n<h2 style=\"text-align: left;\">Temel \u00d6zellikler<\/h2>\n<table class=\"aligncenter\" style=\"border-collapse: collapse; width: 504.77pt;\" border=\"0\" width=\"673\" cellspacing=\"0\" cellpadding=\"0\">\n<tbody>\n<tr style=\"height: 13.50pt;\">\n<td style=\"height: 13.50pt; width: 119.25pt;\" width=\"159\" height=\"18\">\u015eartname<\/td>\n<td style=\"width: 385.50pt;\" width=\"514\">Detaylar<\/td>\n<\/tr>\n<tr style=\"height: 13.50pt;\">\n<td style=\"height: 13.50pt;\" height=\"18\">Kapasite<\/td>\n<td>100 ml (3,4 oz)<\/td>\n<\/tr>\n<tr style=\"height: 13.50pt;\">\n<td style=\"height: 13.50pt;\" height=\"18\">Boyutlar<\/td>\n<td>57\u00d742\u00d796 mm<\/td>\n<\/tr>\n<tr style=\"height: 13.50pt;\">\n<td style=\"height: 13.50pt;\" height=\"18\">Malzeme<\/td>\n<td>Kristal Kalitesinde Cam<\/td>\n<\/tr>\n<tr style=\"height: 13.50pt;\">\n<td style=\"height: 13.50pt;\" height=\"18\">\u015ei\u015fe \u015eekli<\/td>\n<td>Kare Prizma<\/td>\n<\/tr>\n<tr style=\"height: 13.50pt;\">\n<td style=\"height: 13.50pt;\" height=\"18\">\u00d6zelle\u015ftirme Kapsam\u0131<\/td>\n<td>Boyut, \u015eekil, Renk, Grav\u00fcr<\/td>\n<\/tr>\n<tr style=\"height: 13.50pt;\">\n<td style=\"height: 13.50pt;\" height=\"18\">\u0130\u015f\u00e7ilik<\/td>\n<td>Hassas Cam Kesimi ve Parlatma, Desenli Kapak \u00dcretimi<\/td>\n<\/tr>\n<tr style=\"height: 13.50pt;\">\n<td style=\"height: 13.50pt;\" height=\"18\">\u00dcr\u00fcn Amac\u0131<\/td>\n<td>Yeni Kolonya \u015ei\u015feleri, G\u00fczel Parf\u00fcm \u015ei\u015fesi<\/td>\n<\/tr>\n<tr style=\"height: 13.50pt;\">\n<td style=\"height: 13.50pt;\" height=\"18\">Uygun Sekt\u00f6rler<\/td>\n<td>\u00c7a\u011fda\u015f Parf\u00fcmeri, Tasar\u0131mc\u0131 Markalar\u0131<\/td>\n<\/tr>\n<\/tbody>\n<\/table>\n<h2>Ba\u015far\u0131 \u00d6rne\u011fi<\/h2>\n<p>Kaliforniyal\u0131 bir ya\u015fam tarz\u0131 markas\u0131, portakal kokulu bir su bazl\u0131 kolonya piyasaya s\u00fcrd\u00fc. 3,4 oz&#039;luk \u015fi\u015fe kolonyam\u0131z\u0131 se\u00e7tiler ve buzlu su mavisi cam g\u00f6vde ve beyaz mermer desenli kapakla renklendirdiler. A\u00e7\u0131k cam yap\u0131s\u0131 ve mavi vurgular, raf \u00f6mr\u00fcn\u00fc art\u0131rd\u0131; kare \u015fekli de sa\u011flamd\u0131 ve nakliye s\u0131ras\u0131nda k\u0131r\u0131lmay\u0131 azaltt\u0131. Marka, pazardaki ve m\u00fc\u015fteri taban\u0131ndaki performans\u0131ndan \u00e7ok memnun kald\u0131 ve bu nedenle ana \u00fcr\u00fcn yelpazesinden 400.000 \u015fi\u015fe daha sipari\u015f verdi.<\/p>\n<h2>Parf\u00fcm \u015ei\u015feleri \u0130\u00e7in Ki\u015fiselle\u015ftirme Se\u00e7enekleri<\/h2>\n<ul>\n<li>\u015eapkan\u0131z\u0131 Tasarlay\u0131n: Farkl\u0131 desenlerde (mermer, granit, soyut) ve istedi\u011finiz renkte kendi \u015fapkan\u0131z\u0131 tasarlay\u0131n.<\/li>\n<li>Yan Lazer \u0130\u015fleme: Cam panele geometrik desenler, marka tasar\u0131mlar\u0131 veya k\u0131y\u0131 temal\u0131 tasar\u0131mlar i\u015flenir.<\/li>\n<li>Kum p\u00fcsk\u00fcrtmeli dekoratif panel: Kare \u015fi\u015fenin bir taraf\u0131na p\u00fcsk\u00fcrtme y\u00f6ntemiyle buzlu bir panel olu\u015fturulur; bu, sade bir marka kimli\u011fi yaratmak i\u00e7in kullan\u0131l\u0131r.<\/li>\n<li>Parlak M\u00fcrekkep Serigrafi Bask\u0131: Markan\u0131n kabartmal\u0131 ad\u0131, dokunsal bir unsur olu\u015fturmak i\u00e7in parlak m\u00fcrekkeple de bas\u0131labilir.<\/li>\n<\/ul>","protected":false},"excerpt":{"rendered":"<p>Parlak kare g\u00f6vdesi ve zarif mavi kapa\u011f\u0131yla bu g\u00fczel parf\u00fcm \u015fi\u015fesi, modern vitrinlere uyum sa\u011fl\u0131yor. Fabrikadan do\u011frudan sat\u0131\u015f, rafine 100 ml&#039;lik kolonya \u015fi\u015fesi.<\/p>","protected":false},"featured_media":4641,"template":"","meta":{"postBodyCss":"","postBodyMargin":[],"postBodyPadding":[],"postBodyBackground":{"backgroundType":"classic","gradient":""}},"product_brand":[],"product_cat":[15,16,62],"product_tag":[],"class_list":{"0":"post-4636","1":"product","2":"type-product","3":"status-publish","4":"has-post-thumbnail","6":"product_cat-glass-containers","7":"product_cat-glass-bottles","8":"product_cat-perfume-bottles","10":"first","11":"instock","12":"shipping-taxable","13":"product-type-simple"},"jetpack_sharing_enabled":true,"_links":{"self":[{"href":"https:\/\/minghanggroup.com\/tr\/wp-json\/wp\/v2\/product\/4636","targetHints":{"allow":["GET"]}}],"collection":[{"href":"https:\/\/minghanggroup.com\/tr\/wp-json\/wp\/v2\/product"}],"about":[{"href":"https:\/\/minghanggroup.com\/tr\/wp-json\/wp\/v2\/types\/product"}],"wp:featuredmedia":[{"embeddable":true,"href":"https:\/\/minghanggroup.com\/tr\/wp-json\/wp\/v2\/media\/4641"}],"wp:attachment":[{"href":"https:\/\/minghanggroup.com\/tr\/wp-json\/wp\/v2\/media?parent=4636"}],"wp:term":[{"taxonomy":"product_brand","embeddable":true,"href":"https:\/\/minghanggroup.com\/tr\/wp-json\/wp\/v2\/product_brand?post=4636"},{"taxonomy":"product_cat","embeddable":true,"href":"https:\/\/minghanggroup.com\/tr\/wp-json\/wp\/v2\/product_cat?post=4636"},{"taxonomy":"product_tag","embeddable":true,"href":"https:\/\/minghanggroup.com\/tr\/wp-json\/wp\/v2\/product_tag?post=4636"}],"curies":[{"name":"wp","href":"https:\/\/api.w.org\/{rel}","templated":true}]}}