{"id":4634,"date":"2026-01-14T11:09:21","date_gmt":"2026-01-14T03:09:21","guid":{"rendered":"https:\/\/minghanggroup.com\/?post_type=product&#038;p=4634"},"modified":"2026-01-14T16:46:00","modified_gmt":"2026-01-14T08:46:00","slug":"pink-perfume-bottles-with-sprayer-for-brands-packaging-bulk","status":"publish","type":"product","link":"https:\/\/minghanggroup.com\/tr\/urun\/pink-perfume-bottles-with-sprayer-for-brands-packaging-bulk\/","title":{"rendered":"100 ml Pembe Parf\u00fcm \u015ei\u015feleri, Sprey Ba\u015fl\u0131kl\u0131, Marka Ambalajlar\u0131 \u0130\u00e7in (Toptan)"},"content":{"rendered":"<p>Pembe parf\u00fcm \u015fi\u015feleriniz sadece koku ta\u015f\u0131makla kalmamal\u0131, ayn\u0131 zamanda internette gezinirken kullan\u0131c\u0131lar\u0131n dikkatini \u00e7ekmeli. Parf\u00fcm \u015fi\u015fesi \u00fcreticileri olarak, \u00f6zel tasar\u0131m parf\u00fcmlerinizi an\u0131nda l\u00fcks bir deneyime d\u00f6n\u00fc\u015ft\u00fcren cam parf\u00fcm \u015fi\u015feleri \u00fcretiyoruz.<\/p>\n<h2>\u00dcr\u00fcn \u00d6zellikleri<\/h2>\n<ul>\n<li><strong>Pembe \u015eapkal\u0131 Pop:<\/strong> \u015eeffaf cam \u00fczerinde yumu\u015fak pembe kapaklar m\u0131? Parf\u00fcm ambalaj\u0131 s\u00f6z konusu oldu\u011funda bu kesinlikle g\u00f6rsel bir yenilik!<\/li>\n<li><strong>Kristal Berrakl\u0131\u011f\u0131:<\/strong> Bu t\u00fcr cam bir \u015fi\u015feden, bir parf\u00fcm\u00fcn rengini bulan\u0131k filtrelerden ar\u0131nd\u0131r\u0131lm\u0131\u015f, son derece saf ve berrak bir \u015fekilde g\u00f6rmek neredeyse imkans\u0131zd\u0131r.<\/li>\n<li><strong>Silindirik Zarafet: <\/strong>Temiz \u00e7izgiler, vintage cazibesinin modern bir yorumu. Markan\u0131z\u0131n satt\u0131\u011f\u0131 cam parf\u00fcm \u015fi\u015fesi, a\u011f\u0131rl\u0131kl\u0131 ve \u00fcst d\u00fczey bir his veriyor.<\/li>\n<\/ul>\n<h2>Temel \u00d6zellikler<\/h2>\n<table style=\"border-collapse: collapse; width: 80%; margin-left: auto; margin-right: auto;\" border=\"0\" width=\"288\" cellspacing=\"0\" cellpadding=\"0\">\n<tbody>\n<tr style=\"height: 13.50pt;\">\n<td style=\"height: 13.5pt; width: 54pt; text-align: center;\" width=\"72\" height=\"18\">Boyut<\/td>\n<td style=\"width: 54pt; text-align: center;\" width=\"72\">\u00d6l\u00e7\u00fcler (mm)<\/td>\n<td style=\"width: 54pt; text-align: center;\" width=\"72\">\u015eapka Rengi<\/td>\n<td style=\"width: 54pt; text-align: center;\" width=\"72\">S\u0131zd\u0131rmazl\u0131k Tipi<\/td>\n<\/tr>\n<tr style=\"height: 13.50pt;\">\n<td style=\"height: 13.5pt; text-align: center;\" height=\"18\">100 ml<\/td>\n<td style=\"text-align: center;\">55 \u00d7 97<\/td>\n<td style=\"text-align: center;\">Pembe<\/td>\n<td style=\"text-align: center;\">Pompa p\u00fcsk\u00fcrt\u00fcc\u00fc<\/td>\n<\/tr>\n<\/tbody>\n<\/table>\n<h2>Ba\u015far\u0131 \u00d6rne\u011fi<\/h2>\n<p>Kad\u0131n parf\u00fcmlerine odaklanan bir parf\u00fcm markas\u0131, yeni ve zarif bir koku yarat\u0131rken bu cam parf\u00fcm \u015fi\u015fesinin tasar\u0131m\u0131nda bize kat\u0131ld\u0131. M\u00fc\u015fteri, \u00fcr\u00fcn\u00fcn yumu\u015fak ve zarif do\u011fas\u0131n\u0131 vurgulamak amac\u0131yla silindirik \u015fi\u015fe \u00fczerine serigrafi bask\u0131l\u0131 bir logo ve pembe yar\u0131 saydam k\u00fcresel bir kapak tasarlad\u0131; ayr\u0131ca \u015fi\u015fe \u00fczerinde kabartma s\u00fcslemeler de yer ald\u0131.<\/p>\n<p>Piyasaya s\u00fcr\u00fclmesinin ard\u0131ndan, son derece tan\u0131nabilir tasar\u0131m\u0131 sayesinde, yeni parf\u00fcm ilk sat\u0131\u015f kanal\u0131nda yakla\u015f\u0131k &#039;lik bir sat\u0131\u015f art\u0131\u015f\u0131 ya\u015fad\u0131; bu da esasen kad\u0131n parf\u00fcmleri pazar\u0131nda markan\u0131n \u00e7ekicili\u011finde bir art\u0131\u015f anlam\u0131na geliyordu.<\/p>\n<h2>\u00d6zelle\u015ftirme Se\u00e7enekleriniz<\/h2>\n<ol>\n<li><strong>\u00d6zelle\u015ftirilebilir K\u00fcresel \u015ei\u015fe Kapa\u011f\u0131 Malzemesi ve Efektleri:<\/strong> D\u00fcz renkler, yar\u0131 saydam, \u015feffaf, degrade renkler veya kristal g\u00f6r\u00fcn\u00fcml\u00fc, efektli k\u00fcresel \u015fi\u015fe kapaklar\u0131 aras\u0131ndan se\u00e7im yapabilirsiniz. Daha \u00e7ekici bir g\u00f6r\u00fcn\u00fcm sa\u011flamak i\u00e7in sedefli veya \u0131\u015f\u0131lt\u0131l\u0131 par\u00e7ac\u0131klar da eklenebilir.<\/li>\n<li><strong>Geli\u015ftirilmi\u015f Cam \u015ei\u015fe Azaltma:<\/strong> \u015eeffaf bir \u015fi\u015feye buzlu noktalar eklemek, i\u00e7 k\u0131sma a\u00e7\u0131k veya renkli sprey uygulamak veya \u015fi\u015fe \u00fczerinde y\u00fcksek ve parlak pahl\u0131 \u00e7izgiler olu\u015fturmak m\u00fcmk\u00fcnd\u00fcr; bu da derinlik hissini ve dokunma deneyimini daha yo\u011fun hale getirir.<\/li>\n<li><strong>Ki\u015fiselle\u015ftirilmi\u015f Marka Logosu:<\/strong> \u015ei\u015fenin alt k\u0131sm\u0131na veya g\u00f6vdesine marka logosu ve seri numaras\u0131 basmak i\u00e7in serigrafi bask\u0131, s\u0131cak damgalama (alt\u0131n, g\u00fcm\u00fc\u015f) veya lazer grav\u00fcr y\u00f6ntemleri kullan\u0131labilir.<\/li>\n<\/ol>","protected":false},"excerpt":{"rendered":"<p>Do\u011frudan fabrikadan temin edilebilen, sprey ba\u015fl\u0131kl\u0131 \u015f\u0131k pembe parf\u00fcm \u015fi\u015feleri. Kurumsal markalar i\u00e7in idealdir, toplu sipari\u015flerde \u00f6zelle\u015ftirme ve h\u0131zl\u0131 kargo imkan\u0131 sunar.<\/p>","protected":false},"featured_media":4640,"template":"","meta":{"postBodyCss":"","postBodyMargin":[],"postBodyPadding":[],"postBodyBackground":{"backgroundType":"classic","gradient":""}},"product_brand":[],"product_cat":[15,16,62],"product_tag":[],"class_list":{"0":"post-4634","1":"product","2":"type-product","3":"status-publish","4":"has-post-thumbnail","6":"product_cat-glass-containers","7":"product_cat-glass-bottles","8":"product_cat-perfume-bottles","10":"first","11":"instock","12":"shipping-taxable","13":"product-type-simple"},"jetpack_sharing_enabled":true,"_links":{"self":[{"href":"https:\/\/minghanggroup.com\/tr\/wp-json\/wp\/v2\/product\/4634","targetHints":{"allow":["GET"]}}],"collection":[{"href":"https:\/\/minghanggroup.com\/tr\/wp-json\/wp\/v2\/product"}],"about":[{"href":"https:\/\/minghanggroup.com\/tr\/wp-json\/wp\/v2\/types\/product"}],"wp:featuredmedia":[{"embeddable":true,"href":"https:\/\/minghanggroup.com\/tr\/wp-json\/wp\/v2\/media\/4640"}],"wp:attachment":[{"href":"https:\/\/minghanggroup.com\/tr\/wp-json\/wp\/v2\/media?parent=4634"}],"wp:term":[{"taxonomy":"product_brand","embeddable":true,"href":"https:\/\/minghanggroup.com\/tr\/wp-json\/wp\/v2\/product_brand?post=4634"},{"taxonomy":"product_cat","embeddable":true,"href":"https:\/\/minghanggroup.com\/tr\/wp-json\/wp\/v2\/product_cat?post=4634"},{"taxonomy":"product_tag","embeddable":true,"href":"https:\/\/minghanggroup.com\/tr\/wp-json\/wp\/v2\/product_tag?post=4634"}],"curies":[{"name":"wp","href":"https:\/\/api.w.org\/{rel}","templated":true}]}}