{"id":4625,"date":"2026-01-14T10:17:26","date_gmt":"2026-01-14T02:17:26","guid":{"rendered":"https:\/\/minghanggroup.com\/?post_type=product&#038;p=4625"},"modified":"2026-01-14T16:41:28","modified_gmt":"2026-01-14T08:41:28","slug":"vintage-amber-perfume-bottles-with-wooden-ball-lids-bulk","status":"publish","type":"product","link":"https:\/\/minghanggroup.com\/tr\/urun\/vintage-amber-perfume-bottles-with-wooden-ball-lids-bulk\/","title":{"rendered":"30 ml ve 50 ml&#039;lik Ah\u015fap Kapakl\u0131, Klasik Amber Parf\u00fcm \u015ei\u015feleri (Toptan Sat\u0131\u015f)"},"content":{"rendered":"<p>Eski kehribar rengi parf\u00fcm \u015fi\u015feniz sadece koku saklamakla kalmamal\u0131, onu kald\u0131rd\u0131\u011f\u0131n\u0131z anda &#034;miras&#034;\u0131 f\u0131s\u0131ldamal\u0131. \u00d6nde gelen parf\u00fcm \u015fi\u015fesi \u00fcreticileri olarak, \u00f6zel parf\u00fcm\u00fcn\u00fcz\u00fc zamans\u0131z bir aile yadigar\u0131na d\u00f6n\u00fc\u015ft\u00fcren cam parf\u00fcm \u015fi\u015feleri \u00fcretiyoruz.<\/p>\n<h2>\u00dcr\u00fcn \u00d6zellikleri<\/h2>\n<ul>\n<li><strong>Amber Cam Korumas\u0131: <\/strong>S\u0131cak kehribar rengi cam \u015fi\u015fe, u\u00e7ucu ya\u011flar\u0131 \u0131\u015f\u0131ktan korur, bu nedenle kokular\u0131n solmas\u0131 konusunda endi\u015felenmenize gerek yok.<\/li>\n<li><strong>Do\u011fal Ah\u015fap Kapak Kontrast\u0131: <\/strong>Ah\u015fap kapaklar\u0131n kehribar rengi camla bulu\u015fmas\u0131 m\u0131? \u0130\u015fte parf\u00fcm ambalajlar\u0131nda rustik bir \u00e7ekicili\u011fin tarifi.<\/li>\n<li><strong>Silindirik Sadelik: <\/strong>Sade \u00e7izgiler, \u00e7a\u011fda\u015f ama retro bir dokunu\u015fla \u015f\u0131kl\u0131k. Cam parf\u00fcm \u015fi\u015feniz ho\u015f, a\u011f\u0131r ve l\u00fcks bir his veriyor.<\/li>\n<\/ul>\n<h2>Temel \u00d6zellikler<\/h2>\n<table style=\"border-collapse: collapse; width: 80%; margin-left: auto; margin-right: auto;\" border=\"0\" width=\"288\" cellspacing=\"0\" cellpadding=\"0\">\n<tbody>\n<tr style=\"height: 13.50pt;\">\n<td style=\"height: 13.5pt; width: 54pt; text-align: center;\" width=\"72\" height=\"18\">Boyut (ml)<\/td>\n<td style=\"width: 54pt; text-align: center;\" width=\"72\">\u00d6l\u00e7\u00fcler (mm)<\/td>\n<td style=\"width: 54pt; text-align: center;\" width=\"72\">Kapak Malzemesi<\/td>\n<td style=\"width: 54pt; text-align: center;\" width=\"72\">S\u0131zd\u0131rmazl\u0131k Tipi<\/td>\n<\/tr>\n<tr style=\"height: 13.50pt;\">\n<td style=\"height: 13.5pt; text-align: center;\" align=\"right\" height=\"18\">30 \/ 1 oz<\/td>\n<td style=\"text-align: center;\">42 \u00d7 73<\/td>\n<td class=\"et2\" style=\"text-align: center;\" rowspan=\"2\">Ah\u015fap<\/td>\n<td class=\"et2\" style=\"text-align: center;\" rowspan=\"2\">Sprey ba\u015fl\u0131\u011f\u0131 (atomiz\u00f6r)<\/td>\n<\/tr>\n<tr style=\"height: 13.50pt;\">\n<td style=\"height: 13.5pt; text-align: center;\" align=\"right\" height=\"18\">50<\/td>\n<td style=\"text-align: center;\">45 \u00d7 88<\/td>\n<\/tr>\n<\/tbody>\n<\/table>\n<h2>Ba\u015far\u0131 \u00d6rne\u011fi<\/h2>\n<p>Do\u011fal ve vintage tarz\u0131 kokular konusunda uzmanla\u015fm\u0131\u015f bir parf\u00fcm \u015firketi, tasar\u0131m\u0131 ve \u00fcst d\u00fczey stat\u00fcs\u00fc a\u00e7\u0131s\u0131ndan kolayca anla\u015f\u0131labilir bir ambalaj aray\u0131\u015f\u0131ndayd\u0131. Yeni bir seriyi tan\u0131tmak i\u00e7in marka, kehribar rengi cam parf\u00fcm \u015fi\u015felerimizi se\u00e7ti ve \u015fi\u015fenin omuz k\u0131sm\u0131na mat buzlu bir logo kabartmas\u0131 ve ipek bask\u0131 yard\u0131m\u0131yla botanik bile\u015fenlerden olu\u015fturulmu\u015f k\u00fc\u00e7\u00fck bir desen i\u015fledi. Kehribar rengi cam, \u0131\u015f\u0131k maruziyetini azaltman\u0131n yan\u0131 s\u0131ra markan\u0131n form\u00fcl stabilitesine odakland\u0131\u011f\u0131n\u0131 da vurgularken, ah\u015fap kapak do\u011fal tasar\u0131m\u0131 destekledi.<\/p>\n<p>\u00dcr\u00fcn\u00fcn piyasaya s\u00fcr\u00fclmesinin ard\u0131ndan, yenilenen ambalaj, \u00fcr\u00fcn\u00fcn raflardaki tan\u0131n\u0131rl\u0131\u011f\u0131n\u0131 art\u0131rd\u0131 ve m\u00fc\u015fterilerin alg\u0131s\u0131n\u0131 g\u00fc\u00e7lendirdi; bu da tekrarlanan sipari\u015flerde &#039;lik bir art\u0131\u015fa yol a\u00e7t\u0131. Bu durum, markan\u0131n art arda \u00e7e\u015fitli sezonlarda tekrar sipari\u015f vermesini sa\u011flad\u0131.<\/p>\n<h2>\u00d6zelle\u015ftirme Se\u00e7enekleriniz<\/h2>\n<ol>\n<li><strong>\u015ei\u015fe renginin ayarlanabilir yo\u011funlu\u011fu:<\/strong> Standart kehribar rengi, farkl\u0131 parf\u00fcm veya \u00fcr\u00fcn serilerine uyacak \u015fekilde di\u011fer tonlara (a\u00e7\u0131k kehribar, koyu kehribar veya dumanl\u0131 kahverengi) d\u00f6n\u00fc\u015ft\u00fcr\u00fclebilir ve yine de vintage havas\u0131 korunabilir.<\/li>\n<li><strong>Do\u011fal malzemeden \u00fcretilmi\u015f \u015fapka se\u00e7enekleri:<\/strong> Masif ah\u015fap k\u00fcresel kapa\u011f\u0131n yan\u0131 s\u0131ra, do\u011fal, el yap\u0131m\u0131 veya ni\u015f bir marka imaj\u0131 yaratmak i\u00e7in ah\u015fap t\u00fcr\u00fc, boyama efektleri veya y\u00fczey cilalama seviyesi gibi farkl\u0131 se\u00e7enekler de mevcuttur.<\/li>\n<li><strong>Yar\u0131 buzlu veya degrade y\u00fczeyler:<\/strong> Buzlu veya degrade buzlu tasar\u0131mlar, \u015fi\u015fenin alt yar\u0131s\u0131na veya \u015fi\u015fenin belirli k\u0131s\u0131mlar\u0131na uygulanabilir; bu da \u015fi\u015feye zarafet katarken ayn\u0131 zamanda hafiflik kavram\u0131n\u0131 da korur.<\/li>\n<\/ol>","protected":false},"excerpt":{"rendered":"<p>S\u0131cak cam tonuna ve ah\u015fap kapaklara sahip, vintage kehribar rengi parf\u00fcm \u015fi\u015fesi. Fabrikadan do\u011frudan tedarik, toplu \u00f6zelle\u015ftirme. Parf\u00fcm \u015fi\u015fesi vintage markalar\u0131 i\u00e7in ideal.<\/p>","protected":false},"featured_media":4633,"template":"","meta":{"postBodyCss":"","postBodyMargin":[],"postBodyPadding":[],"postBodyBackground":{"backgroundType":"classic","gradient":""}},"product_brand":[],"product_cat":[15,16,62],"product_tag":[],"class_list":{"0":"post-4625","1":"product","2":"type-product","3":"status-publish","4":"has-post-thumbnail","6":"product_cat-glass-containers","7":"product_cat-glass-bottles","8":"product_cat-perfume-bottles","10":"first","11":"instock","12":"shipping-taxable","13":"product-type-simple"},"jetpack_sharing_enabled":true,"_links":{"self":[{"href":"https:\/\/minghanggroup.com\/tr\/wp-json\/wp\/v2\/product\/4625","targetHints":{"allow":["GET"]}}],"collection":[{"href":"https:\/\/minghanggroup.com\/tr\/wp-json\/wp\/v2\/product"}],"about":[{"href":"https:\/\/minghanggroup.com\/tr\/wp-json\/wp\/v2\/types\/product"}],"wp:featuredmedia":[{"embeddable":true,"href":"https:\/\/minghanggroup.com\/tr\/wp-json\/wp\/v2\/media\/4633"}],"wp:attachment":[{"href":"https:\/\/minghanggroup.com\/tr\/wp-json\/wp\/v2\/media?parent=4625"}],"wp:term":[{"taxonomy":"product_brand","embeddable":true,"href":"https:\/\/minghanggroup.com\/tr\/wp-json\/wp\/v2\/product_brand?post=4625"},{"taxonomy":"product_cat","embeddable":true,"href":"https:\/\/minghanggroup.com\/tr\/wp-json\/wp\/v2\/product_cat?post=4625"},{"taxonomy":"product_tag","embeddable":true,"href":"https:\/\/minghanggroup.com\/tr\/wp-json\/wp\/v2\/product_tag?post=4625"}],"curies":[{"name":"wp","href":"https:\/\/api.w.org\/{rel}","templated":true}]}}