{"id":4622,"date":"2026-01-14T08:58:15","date_gmt":"2026-01-14T00:58:15","guid":{"rendered":"https:\/\/minghanggroup.com\/?post_type=product&#038;p=4622"},"modified":"2026-01-14T10:38:56","modified_gmt":"2026-01-14T02:38:56","slug":"crystal-pink-perfume-bottle-for-travel-packing-bulk","status":"publish","type":"product","link":"https:\/\/minghanggroup.com\/tr\/urun\/crystal-pink-perfume-bottle-for-travel-packing-bulk\/","title":{"rendered":"30 ml Kristal Pembe Parf\u00fcm \u015ei\u015fesi, Seyahat Boyu ve Toplu Paketleme \u0130\u00e7in"},"content":{"rendered":"<p>Bu, k\u00fc\u00e7\u00fck ama l\u00fcks, pembe cam bir parf\u00fcm \u015fi\u015fesidir. \u015ei\u015fenin g\u00f6vdesi, k\u0131sa ve geni\u015f kare \u015feklinden yuvarlak bir tabana do\u011fru p\u00fcr\u00fczs\u00fcz ve do\u011fal bir ge\u00e7i\u015fe sahiptir. \u00dcst k\u0131sm\u0131 parlak, yumu\u015fak pembe renktedir, bu da onu m\u00fckemmel bir seyahat parf\u00fcm \u015fi\u015fesi yapar.<\/p>\n<h2>\u00dcr\u00fcn \u00d6zellikleri<\/h2>\n<ul>\n<li><strong>A\u00e7\u0131k Pembe K\u00fcresel Kapak:<\/strong> Parlak a\u00e7\u0131k pembe k\u00fcresel tasar\u0131m\u0131yla daha tatl\u0131 ve g\u00fczel hale gelen bu kad\u0131ns\u0131 tarz, yuvarlak yap\u0131s\u0131 sayesinde de daha kolay tutulabiliyor.<\/li>\n<li><strong>Y\u00fcksek \u015eeffafl\u0131kta K\u0131sa Dikd\u00f6rtgen \u015ei\u015fe:<\/strong> K\u0131sa ve geni\u015f dikd\u00f6rtgen \u015feklindeki \u015fi\u015fe olduk\u00e7a dengeli, devrilmeye meyilli de\u011fil ve sa\u011flam bir his veriyor.<\/li>\n<li><strong>Do\u011fal Kavisli Pompa:<\/strong> Kavisli pompa, \u015fi\u015feye tak\u0131lan ve kolayca p\u00fcsk\u00fcrtme sa\u011flayan pipetten yap\u0131lm\u0131\u015ft\u0131r ve genel tasar\u0131m g\u00fczel ve sade.<\/li>\n<\/ul>\n<h2 style=\"text-align: left;\">Temel \u00d6zellikler<\/h2>\n<table class=\"aligncenter\" style=\"border-collapse: collapse; width: 432.02pt;\" border=\"0\" width=\"576\" cellspacing=\"0\" cellpadding=\"0\">\n<tbody>\n<tr style=\"height: 13.50pt;\">\n<td style=\"height: 13.50pt; width: 119.25pt;\" width=\"159\" height=\"18\">\u015eartname<\/td>\n<td style=\"width: 312.75pt;\" width=\"417\">Detaylar<\/td>\n<\/tr>\n<tr style=\"height: 13.50pt;\">\n<td style=\"height: 13.50pt;\" height=\"18\">Kapasite<\/td>\n<td>30 ml<\/td>\n<\/tr>\n<tr style=\"height: 13.50pt;\">\n<td style=\"height: 13.50pt;\" height=\"18\">Boyutlar<\/td>\n<td>40\u00d740\u00d748 mm<\/td>\n<\/tr>\n<tr style=\"height: 13.50pt;\">\n<td style=\"height: 13.50pt;\" height=\"18\">Malzeme<\/td>\n<td>Y\u00fcksek \u015eeffafl\u0131kta Cam<\/td>\n<\/tr>\n<tr style=\"height: 13.50pt;\">\n<td style=\"height: 13.50pt;\" height=\"18\">\u015ei\u015fe \u015eekli<\/td>\n<td>Yuvarlak Tabanl\u0131 K\u0131sa Kare S\u00fctun<\/td>\n<\/tr>\n<tr style=\"height: 13.50pt;\">\n<td style=\"height: 13.50pt;\" height=\"18\">\u00d6zelle\u015ftirme Kapsam\u0131<\/td>\n<td>\u015eekil, Boyut, Renk, Pompa Tipi, Y\u00fczey \u0130\u015flemi<\/td>\n<\/tr>\n<tr style=\"height: 13.50pt;\">\n<td style=\"height: 13.50pt;\" height=\"18\">\u0130\u015f\u00e7ilik<\/td>\n<td>Kare Cam Kal\u0131p, Parlak Y\u00fczey Kaplamas\u0131<\/td>\n<\/tr>\n<tr style=\"height: 13.50pt;\">\n<td style=\"height: 13.50pt;\" height=\"18\">\u00dcr\u00fcn Amac\u0131<\/td>\n<td>Seyahat Boyu Parf\u00fcm \u015ei\u015feleri, K\u00fc\u00e7\u00fck Boy Parf\u00fcm \u015ei\u015feleri<\/td>\n<\/tr>\n<tr style=\"height: 13.50pt;\">\n<td style=\"height: 13.50pt;\" height=\"18\">Uygun Sekt\u00f6rler<\/td>\n<td>Ana Ak\u0131m ve Ni\u015f Parf\u00fcmeri, G\u00fczellik Markalar\u0131<\/td>\n<\/tr>\n<\/tbody>\n<\/table>\n<h2>Ba\u015far\u0131 \u00d6rne\u011fi: Koreli Bir G\u00fczellik Markas\u0131n\u0131n Viral Parf\u00fcm\u00fcn\u00fcn Lansman\u0131<\/h2>\n<p>Sevimli esteti\u011fiyle tan\u0131nan en pop\u00fcler Kore g\u00fczellik markalar\u0131ndan biri, 30 ml&#039;lik seyahat boyu parf\u00fcm \u015fi\u015femizi \u00f6zel ambalaj\u0131 olarak kullanmaya karar verdi ve yumu\u015fak pembe kapa\u011f\u0131 ile sedefli cam \u015fi\u015feyi modifiye etti. E\u015fsiz kare \u015fi\u015fe tasar\u0131m\u0131, sosyal medya platformlar\u0131nda an\u0131nda viral oldu ve ilk ay i\u00e7inde 1 milyondan fazla kez bahsedildi. Yo\u011fun programlar\u0131 ve h\u0131zl\u0131 tempolu ya\u015fam tarzlar\u0131 olan hedef m\u00fc\u015fteri grubu i\u00e7in, ,9&#039;luk sevkiyat ba\u015far\u0131 oran\u0131yla k\u00fc\u00e7\u00fck, s\u0131zd\u0131rmaz tasar\u0131m\u0131yla m\u00fckemmel bir uyum sa\u011flad\u0131. Marka, pazar talebi ve m\u00fc\u015fteri co\u015fkusu kar\u015f\u0131s\u0131nda olduk\u00e7a \u015fa\u015f\u0131rd\u0131 ve k\u00fcresel tan\u0131t\u0131m i\u00e7in hemen 500.000 \u015fi\u015fe daha sipari\u015f verdi.<\/p>\n<h2>Pembe Parf\u00fcm \u015ei\u015fesi Ki\u015fiselle\u015ftirme<\/h2>\n<ul>\n<li>\u00d6zel Kapak Rengi: Yumu\u015fak pastel tonlardan neon renklere kadar diledi\u011finiz Pantone renginde k\u00fcresel kapak se\u00e7in.<\/li>\n<li>\u00d6zel \u015eapka \u015eekli: \u015eapka hafif\u00e7e kalp veya d\u00fcz bir \u015fekle b\u00fck\u00fclm\u00fc\u015ft\u00fcr.<\/li>\n<li>Cam Lazer \u0130\u015fleme: \u015ei\u015fenin cam y\u00fczeyine kalp, y\u0131ld\u0131z veya marka logosu i\u015fleyin.<\/li>\n<li>Cam Paneller: \u00d6n ve arka panelleri buzlu camla kaplayarak yumu\u015fak ve r\u00fcya gibi bir g\u00f6r\u00fcn\u00fcm yarat\u0131n.<\/li>\n<\/ul>","protected":false},"excerpt":{"rendered":"<p>Parf\u00fcm cam \u015fi\u015feleriyle markan\u0131z\u0131 bir \u00fcst seviyeye ta\u015f\u0131y\u0131n. Bu cam parf\u00fcm p\u00fcsk\u00fcrtme \u015fi\u015feleri, yuvarlak kenarlara ve benzersiz dokulu mermer kapaklara sahiptir. H\u0131zl\u0131 kargo!<\/p>","protected":false},"featured_media":4629,"template":"","meta":{"postBodyCss":"","postBodyMargin":[],"postBodyPadding":[],"postBodyBackground":{"backgroundType":"classic","gradient":""}},"product_brand":[],"product_cat":[15,16,62],"product_tag":[],"class_list":{"0":"post-4622","1":"product","2":"type-product","3":"status-publish","4":"has-post-thumbnail","6":"product_cat-glass-containers","7":"product_cat-glass-bottles","8":"product_cat-perfume-bottles","10":"first","11":"instock","12":"shipping-taxable","13":"product-type-simple"},"jetpack_sharing_enabled":true,"_links":{"self":[{"href":"https:\/\/minghanggroup.com\/tr\/wp-json\/wp\/v2\/product\/4622","targetHints":{"allow":["GET"]}}],"collection":[{"href":"https:\/\/minghanggroup.com\/tr\/wp-json\/wp\/v2\/product"}],"about":[{"href":"https:\/\/minghanggroup.com\/tr\/wp-json\/wp\/v2\/types\/product"}],"wp:featuredmedia":[{"embeddable":true,"href":"https:\/\/minghanggroup.com\/tr\/wp-json\/wp\/v2\/media\/4629"}],"wp:attachment":[{"href":"https:\/\/minghanggroup.com\/tr\/wp-json\/wp\/v2\/media?parent=4622"}],"wp:term":[{"taxonomy":"product_brand","embeddable":true,"href":"https:\/\/minghanggroup.com\/tr\/wp-json\/wp\/v2\/product_brand?post=4622"},{"taxonomy":"product_cat","embeddable":true,"href":"https:\/\/minghanggroup.com\/tr\/wp-json\/wp\/v2\/product_cat?post=4622"},{"taxonomy":"product_tag","embeddable":true,"href":"https:\/\/minghanggroup.com\/tr\/wp-json\/wp\/v2\/product_tag?post=4622"}],"curies":[{"name":"wp","href":"https:\/\/api.w.org\/{rel}","templated":true}]}}