{"id":4607,"date":"2026-01-13T16:28:57","date_gmt":"2026-01-13T08:28:57","guid":{"rendered":"https:\/\/minghanggroup.com\/?post_type=product&#038;p=4607"},"modified":"2026-01-13T16:54:05","modified_gmt":"2026-01-13T08:54:05","slug":"1-6oz-vintage-small-perfume-bottles-with-wooden-lids-bulk","status":"publish","type":"product","link":"https:\/\/minghanggroup.com\/tr\/urun\/1-6oz-vintage-small-perfume-bottles-with-wooden-lids-bulk\/","title":{"rendered":"1.6oz (50 ml) Vintage K\u00fc\u00e7\u00fck Boy Ah\u015fap Kapakl\u0131 Parf\u00fcm \u015ei\u015feleri (Toptan)"},"content":{"rendered":"<p>Eski tarz k\u00fc\u00e7\u00fck parf\u00fcm \u015fi\u015feleriniz sadece koku ta\u015f\u0131makla kalmamal\u0131, onlar\u0131 kald\u0131rd\u0131\u011f\u0131n\u0131z anda &#034;l\u00fcks&#034;\u00fc f\u0131s\u0131ldamal\u0131d\u0131r. Parf\u00fcm \u015fi\u015fesi \u00fcreticileri olarak, \u00f6zel parf\u00fcm\u00fcn\u00fcz\u00fc zamans\u0131z bir hazineye d\u00f6n\u00fc\u015ft\u00fcren cam parf\u00fcm \u015fi\u015feleri \u00fcretiyoruz.<\/p>\n<h2>\u00dcr\u00fcn \u00d6zellikleri<\/h2>\n<ul>\n<li><strong>Zamans\u0131z Dikd\u00f6rtgen Sil\u00fcet: <\/strong>Yumu\u015fak hatlar, sade \u00e7izgiler, parf\u00fcm ambalaj\u0131n\u0131za vintage bir ruh kat\u0131yor.<\/li>\n<li><strong>Ah\u015fap, Dokulu Kapak \u015e\u0131kl\u0131\u011f\u0131: <\/strong>\u015eeffaf caml\u0131, do\u011fal ah\u015fap kapaklar m\u0131? Parf\u00fcm ambalaj\u0131, an\u0131nda organik bir z\u0131tl\u0131\u011f\u0131 \u00e7a\u011fr\u0131\u015ft\u0131r\u0131yor.<\/li>\n<li><strong>Stabilize Taban: <\/strong>Ekstra kal\u0131n taban, raflarda sallanmaz. Cam parf\u00fcm \u015fi\u015feniz sadece g\u00f6rsel olarak a\u011f\u0131r de\u011fil, ayn\u0131 zamanda kaliteli bir his de veriyor.<\/li>\n<\/ul>\n<h2>Temel \u00d6zellikler<\/h2>\n<table style=\"border-collapse: collapse; width: 80%; margin-left: auto; margin-right: auto;\" border=\"0\" width=\"288\" cellspacing=\"0\" cellpadding=\"0\">\n<tbody>\n<tr style=\"height: 13.50pt;\">\n<td style=\"height: 13.5pt; width: 54pt; text-align: center;\" width=\"72\" height=\"18\">Boyut<\/td>\n<td style=\"width: 54pt; text-align: center;\" width=\"72\">\u00d6l\u00e7\u00fcler (mm)<\/td>\n<td style=\"width: 54pt; text-align: center;\" width=\"72\">Kapak Sonu<\/td>\n<td style=\"width: 54pt; text-align: center;\" width=\"72\">S\u0131zd\u0131rmazl\u0131k Tipi<\/td>\n<\/tr>\n<tr style=\"height: 13.50pt;\">\n<td style=\"height: 13.5pt; text-align: center;\" height=\"18\">50 ml \/ 1,6 oz<\/td>\n<td style=\"text-align: center;\">39\u00d725\u00d7115<\/td>\n<td style=\"text-align: center;\">Ah\u015fap dokulu<\/td>\n<td style=\"text-align: center;\">Sprey ba\u015fl\u0131\u011f\u0131 (atomiz\u00f6r)<\/td>\n<\/tr>\n<\/tbody>\n<\/table>\n<h2>Ba\u015far\u0131 \u00d6rne\u011fi<\/h2>\n<p>Do\u011fal ve minimalist kokulara odaklanan bir parf\u00fcm \u015firketi, ambalajlar\u0131n\u0131n el i\u015f\u00e7ili\u011fini yans\u0131tmas\u0131n\u0131 ancak ayn\u0131 zamanda \u00e7ok sade olmas\u0131n\u0131 istedi. En son koleksiyonlar\u0131n\u0131 piyasaya s\u00fcrerken, retro mini parf\u00fcm \u015fi\u015felerimizi se\u00e7tiler ve markan\u0131n \u00e7evre dostu duru\u015funu vurgulamak i\u00e7in \u015fi\u015felere hafif buzlu bir g\u00f6r\u00fcn\u00fcm, \u015fi\u015fenin alt\u0131na zarif bir \u015fekilde i\u015flenmi\u015f logo ve do\u011fal ah\u015fap tonunda bir kapak uygulayarak onlar\u0131 benzersiz hale getirdiler.<\/p>\n<p>\u015eirket, iki sezondan k\u0131sa bir s\u00fcrede ayn\u0131 \u015fi\u015fe tasar\u0131m\u0131n\u0131 farkl\u0131 renklerde kullanarak \u00fcr\u00fcn yelpazesini geni\u015fletti ve b\u00fcy\u00fck miktarlarda sipari\u015f vermeye devam ederek bu \u00f6zel tasar\u0131m \u015fi\u015feyi ana \u00fcr\u00fcn gam\u0131n\u0131n uzun vadeli bir par\u00e7as\u0131 haline getirdi.<\/p>\n<h2>\u00d6zelle\u015ftirme Se\u00e7enekleriniz<\/h2>\n<ol>\n<li><strong>Ah\u015fap dokulu \u00fcst y\u00fczey:<\/strong> Parf\u00fcm\u00fcn\u00fcz\u00fcn kapa\u011f\u0131 i\u00e7in se\u00e7ti\u011finiz malzemeyi, bitkisel kokular i\u00e7in ah\u015fap, narenciye kokular\u0131 i\u00e7in metal se\u00e7in.<\/li>\n<li><strong>K\u00fclt\u00fcrel Miras \u0130\u00e7in \u0130pek Bask\u0131:<\/strong> Eski tarz \u00e7i\u00e7ek desenleri ekleyin, parf\u00fcm ambalaj\u0131 fikirleriniz ilgi \u00e7ekici par\u00e7alara d\u00f6n\u00fc\u015fs\u00fcn.<\/li>\n<li><strong>Yumu\u015fak bir \u0131\u015f\u0131lt\u0131 i\u00e7in buzlu cam:<\/strong> Sadece \u00fcst \u00fc\u00e7te birlik k\u0131sm\u0131nda hafif buzlanma var, g\u00fcn \u0131\u015f\u0131\u011f\u0131nda do\u011fal bir \u0131\u015f\u0131lt\u0131 yay\u0131yor.<\/li>\n<\/ol>","protected":false},"excerpt":{"rendered":"<p>Cam ambalaj \u00e7\u00f6z\u00fcm\u00fc: ince profilli, vintage tarz\u0131 k\u00fc\u00e7\u00fck parf\u00fcm \u015fi\u015feleri. Fabrikadan do\u011frudan tedarik, \u00fccretsiz numuneler, 1.6 oz&#039;luk parf\u00fcm \u015fi\u015feleri i\u00e7in toplu \u00f6zelle\u015ftirme.<\/p>","protected":false},"featured_media":4611,"template":"","meta":{"postBodyCss":"","postBodyMargin":[],"postBodyPadding":[],"postBodyBackground":{"backgroundType":"classic","gradient":""}},"product_brand":[],"product_cat":[15,16,62],"product_tag":[],"class_list":{"0":"post-4607","1":"product","2":"type-product","3":"status-publish","4":"has-post-thumbnail","6":"product_cat-glass-containers","7":"product_cat-glass-bottles","8":"product_cat-perfume-bottles","10":"first","11":"instock","12":"shipping-taxable","13":"product-type-simple"},"jetpack_sharing_enabled":true,"_links":{"self":[{"href":"https:\/\/minghanggroup.com\/tr\/wp-json\/wp\/v2\/product\/4607","targetHints":{"allow":["GET"]}}],"collection":[{"href":"https:\/\/minghanggroup.com\/tr\/wp-json\/wp\/v2\/product"}],"about":[{"href":"https:\/\/minghanggroup.com\/tr\/wp-json\/wp\/v2\/types\/product"}],"wp:featuredmedia":[{"embeddable":true,"href":"https:\/\/minghanggroup.com\/tr\/wp-json\/wp\/v2\/media\/4611"}],"wp:attachment":[{"href":"https:\/\/minghanggroup.com\/tr\/wp-json\/wp\/v2\/media?parent=4607"}],"wp:term":[{"taxonomy":"product_brand","embeddable":true,"href":"https:\/\/minghanggroup.com\/tr\/wp-json\/wp\/v2\/product_brand?post=4607"},{"taxonomy":"product_cat","embeddable":true,"href":"https:\/\/minghanggroup.com\/tr\/wp-json\/wp\/v2\/product_cat?post=4607"},{"taxonomy":"product_tag","embeddable":true,"href":"https:\/\/minghanggroup.com\/tr\/wp-json\/wp\/v2\/product_tag?post=4607"}],"curies":[{"name":"wp","href":"https:\/\/api.w.org\/{rel}","templated":true}]}}