{"id":4598,"date":"2026-01-13T14:38:53","date_gmt":"2026-01-13T06:38:53","guid":{"rendered":"https:\/\/minghanggroup.com\/?post_type=product&#038;p=4598"},"modified":"2026-01-13T16:51:05","modified_gmt":"2026-01-13T08:51:05","slug":"square-glass-perfume-atomiser-bottles-wholesale","status":"publish","type":"product","link":"https:\/\/minghanggroup.com\/tr\/urun\/square-glass-perfume-atomiser-bottles-wholesale\/","title":{"rendered":"30 ml, 50 ml, 100 ml Kare Cam Parf\u00fcm Atomizer \u015ei\u015feleri Toptan Sat\u0131\u015f"},"content":{"rendered":"<p>Bu cam parf\u00fcm p\u00fcsk\u00fcrtme \u015fi\u015feleri kristal berrakl\u0131\u011f\u0131nda camdan yap\u0131lm\u0131\u015f olup, yumu\u015fak bir \u015fekilde oyulmu\u015f kare bir \u015fekle sahiptir. Kapaklar\u0131 ise siyah, gri ve buzlu \u015feffaf olmak \u00fczere \u00fc\u00e7 farkl\u0131 dokuyla tasarlanm\u0131\u015f olup, bu da k\u00fc\u00e7\u00fck g\u00f6rsel farkl\u0131l\u0131klar yaratmaktad\u0131r.<\/p>\n<h2>\u00dcr\u00fcn \u00d6zellikleri<\/h2>\n<ul>\n<li><strong>Yuvarlak Kare \u015ei\u015fe:<\/strong> Yuvarlak k\u00f6\u015feli kare \u015fekli, kare \u015feklinin d\u00fcz hatlar\u0131n\u0131 koruma avantaj\u0131na sahipken, yuvarlak k\u00f6\u015feler keskin kenarlar\u0131 daha temiz ve tutu\u015fu daha rahat hale getirir.<\/li>\n<li><strong>B\u00fcy\u00fck, \u015feffaf kristal malzeme:<\/strong> Parlak, kristal berrakl\u0131\u011f\u0131ndaki cam, parf\u00fcm\u00fcn\u00fcz\u00fcn net ve berrak bir \u015fekilde g\u00f6r\u00fcnmesini sa\u011flayacakt\u0131r.<\/li>\n<li><strong>\u00c7e\u015fitli Dokulu \u015eapka Modelleri:<\/strong> Siyah, gri ve \u015feffaf buzlu kapaklar g\u00f6rsel ilgi \u00e7ekicilik yarat\u0131yor ve \u00e7e\u015fitli parf\u00fcm ambalaj stilleriyle uyum sa\u011fl\u0131yor.<\/li>\n<\/ul>\n<h2 style=\"text-align: left;\">Temel \u00d6zellikler<\/h2>\n<table class=\"aligncenter\" style=\"border-collapse: collapse; width: 378.77pt;\" border=\"0\" width=\"505\" cellspacing=\"0\" cellpadding=\"0\">\n<tbody>\n<tr style=\"height: 13.50pt;\">\n<td style=\"height: 13.50pt; width: 119.25pt;\" width=\"159\" height=\"18\">\u015eartname<\/td>\n<td style=\"width: 259.50pt;\" width=\"346\">Detaylar<\/td>\n<\/tr>\n<tr style=\"height: 13.50pt;\">\n<td style=\"height: 13.50pt;\" height=\"18\">Kapasite<\/td>\n<td>30 ml \/ 50 ml \/ 100 ml<\/td>\n<\/tr>\n<tr style=\"height: 13.50pt;\">\n<td style=\"height: 13.50pt;\" height=\"18\">Boyutlar<\/td>\n<td>52\u00d728\u00d763 mm \/ 61\u00d729\u00d772 mm \/ 81\u00d735\u00d789 mm<\/td>\n<\/tr>\n<tr style=\"height: 13.50pt;\">\n<td style=\"height: 13.50pt;\" height=\"18\">Malzeme<\/td>\n<td>Kristal Kalitesinde Cam<\/td>\n<\/tr>\n<tr style=\"height: 13.50pt;\">\n<td style=\"height: 13.50pt;\" height=\"18\">\u015ei\u015fe \u015eekli<\/td>\n<td>Yuvarlak K\u00f6\u015feli Kare Prizma<\/td>\n<\/tr>\n<tr style=\"height: 13.50pt;\">\n<td style=\"height: 13.50pt;\" height=\"18\">\u00d6zelle\u015ftirme Kapsam\u0131<\/td>\n<td>\u015eekil, Boyut, Renk, Y\u00fczey, Kapasite<\/td>\n<\/tr>\n<tr style=\"height: 13.50pt;\">\n<td style=\"height: 13.50pt;\" height=\"18\">\u0130\u015f\u00e7ilik<\/td>\n<td>Hassas Cam Kal\u0131plama<\/td>\n<\/tr>\n<tr style=\"height: 13.50pt;\">\n<td style=\"height: 13.50pt;\" height=\"18\">\u00dcr\u00fcn Amac\u0131<\/td>\n<td>Parf\u00fcm Cam \u015ei\u015feleri, Koku Kaplar\u0131<\/td>\n<\/tr>\n<tr style=\"height: 13.50pt;\">\n<td style=\"height: 13.50pt;\" height=\"18\">Uygun Sekt\u00f6rler<\/td>\n<td>Parf\u00fcm Markalar\u0131, Ya\u015fam Tarz\u0131 Markalar\u0131<\/td>\n<\/tr>\n<\/tbody>\n<\/table>\n<h2>Ba\u015far\u0131 Hikayesi<\/h2>\n<p>Toronto merkezli, \u00f6zel koku hizmetleri sunan bir marka taraf\u0131ndan sipari\u015f edilen 100 ml&#039;lik cam parf\u00fcm p\u00fcsk\u00fcrtme \u015fi\u015felerine, m\u00fc\u015fterinin iste\u011fi \u00fczerine lazerle yaprak deseni i\u015flendi. Yumu\u015fak kare \u015fekli sayesinde m\u00fc\u015fterilerin &#039;\u0131 rahat kullan\u0131m hissini \u00f6vd\u00fc. Cam kullan\u0131m\u0131yla dekorasyonun kolayla\u015fmas\u0131 sayesinde m\u00fc\u015fteri memnuniyeti de artt\u0131. Piyasadaki tepkiler son derece olumlu oldu ve marka, franchise ma\u011fazalar\u0131n\u0131 geni\u015fletmek i\u00e7in 380.000 adet cam parf\u00fcm \u015fi\u015fesi sipari\u015fi verdi.<\/p>\n<h2>Parf\u00fcm Cam \u015ei\u015felerinin Ki\u015fiselle\u015ftirilmesi<\/h2>\n<ul>\n<li>\u00d6zel Kapak Malzemesi ve Dokusu: Kapaklar, \u00f6rne\u011fin ah\u015fap, ta\u015f, seramik veya kau\u00e7uk gibi \u00f6zel malzemelerden yap\u0131labilir.<\/li>\n<li>Yan Y\u00fczeylere Lazerle \u0130\u015fleme: D\u00fcz cam panele basit logolar, geometrik desenler veya i\u00e7erik listeleri i\u015flenebilir.<\/li>\n<li>Metal Dekoratif Kakma: \u015ei\u015fe ile kapak aras\u0131ndaki birle\u015fim yerine ince bir metal \u015ferit (bak\u0131r, pirin\u00e7) yerle\u015ftirilmi\u015ftir.<\/li>\n<li>Serigrafi Bask\u0131: Cam y\u00fczeyine ince kenarlar veya etiket desenleri bas\u0131l\u0131r.<\/li>\n<\/ul>","protected":false},"excerpt":{"rendered":"<p>Parf\u00fcm cam \u015fi\u015feleriyle markan\u0131z\u0131 bir \u00fcst seviyeye ta\u015f\u0131y\u0131n. Bu cam parf\u00fcm p\u00fcsk\u00fcrtme \u015fi\u015feleri, yuvarlak kenarlara ve benzersiz dokulu mermer kapaklara sahiptir. H\u0131zl\u0131 kargo!<\/p>","protected":false},"featured_media":4604,"template":"","meta":{"postBodyCss":"","postBodyMargin":[],"postBodyPadding":[],"postBodyBackground":{"backgroundType":"classic","gradient":""}},"product_brand":[],"product_cat":[15,16,62],"product_tag":[],"class_list":{"0":"post-4598","1":"product","2":"type-product","3":"status-publish","4":"has-post-thumbnail","6":"product_cat-glass-containers","7":"product_cat-glass-bottles","8":"product_cat-perfume-bottles","10":"first","11":"instock","12":"shipping-taxable","13":"product-type-simple"},"jetpack_sharing_enabled":true,"_links":{"self":[{"href":"https:\/\/minghanggroup.com\/tr\/wp-json\/wp\/v2\/product\/4598","targetHints":{"allow":["GET"]}}],"collection":[{"href":"https:\/\/minghanggroup.com\/tr\/wp-json\/wp\/v2\/product"}],"about":[{"href":"https:\/\/minghanggroup.com\/tr\/wp-json\/wp\/v2\/types\/product"}],"wp:featuredmedia":[{"embeddable":true,"href":"https:\/\/minghanggroup.com\/tr\/wp-json\/wp\/v2\/media\/4604"}],"wp:attachment":[{"href":"https:\/\/minghanggroup.com\/tr\/wp-json\/wp\/v2\/media?parent=4598"}],"wp:term":[{"taxonomy":"product_brand","embeddable":true,"href":"https:\/\/minghanggroup.com\/tr\/wp-json\/wp\/v2\/product_brand?post=4598"},{"taxonomy":"product_cat","embeddable":true,"href":"https:\/\/minghanggroup.com\/tr\/wp-json\/wp\/v2\/product_cat?post=4598"},{"taxonomy":"product_tag","embeddable":true,"href":"https:\/\/minghanggroup.com\/tr\/wp-json\/wp\/v2\/product_tag?post=4598"}],"curies":[{"name":"wp","href":"https:\/\/api.w.org\/{rel}","templated":true}]}}