{"id":4593,"date":"2026-01-13T14:15:37","date_gmt":"2026-01-13T06:15:37","guid":{"rendered":"https:\/\/minghanggroup.com\/?post_type=product&#038;p=4593"},"modified":"2026-01-13T16:50:36","modified_gmt":"2026-01-13T08:50:36","slug":"empty-beautiful-fragrance-bottles-wholesale","status":"publish","type":"product","link":"https:\/\/minghanggroup.com\/tr\/urun\/empty-beautiful-fragrance-bottles-wholesale\/","title":{"rendered":"100 ml Bo\u015f G\u00fczel Parf\u00fcm \u015ei\u015feleri Toptan Sat\u0131\u015f\u0131"},"content":{"rendered":"<p>Bunlar, p\u00fcr\u00fczs\u00fcz ve \u015f\u0131k tasar\u0131ml\u0131, kristal berrakl\u0131\u011f\u0131nda camdan \u00fcretilmi\u015f g\u00fczel parf\u00fcm \u015fi\u015feleridir. \u015ei\u015felerin \u00fcst k\u0131s\u0131mlar\u0131na l\u00fcks bir g\u00f6r\u00fcn\u00fcm kazand\u0131rmak i\u00e7in f\u0131r\u00e7alanm\u0131\u015f kapaklar kullan\u0131lm\u0131\u015ft\u0131r.<\/p>\n<h2>\u00dcr\u00fcn \u00d6zellikleri<\/h2>\n<ul>\n<li><strong>Damla \u015feklinde \u015fi\u015fe:<\/strong> \u015ei\u015fenin ak\u0131c\u0131 ve p\u00fcr\u00fczs\u00fcz yap\u0131s\u0131 iyi bir tutu\u015f sa\u011fl\u0131yor ve \u015fi\u015feye estetik bir g\u00f6r\u00fcn\u00fcm kat\u0131yor.<\/li>\n<li><strong>F\u0131r\u00e7alanm\u0131\u015f metalden yap\u0131lm\u0131\u015f kapak:<\/strong> Metal kapak, \u015feffaf camla tam bir tezat olu\u015fturarak \u00fcr\u00fcn\u00fcn kalitesini ve tarz\u0131n\u0131 art\u0131r\u0131yor.<\/li>\n<li><strong>Dahili p\u00fcsk\u00fcrtme ba\u015fl\u0131\u011f\u0131:<\/strong> \u015ei\u015fenin kapa\u011f\u0131na entegre edilmi\u015f sprey ba\u015fl\u0131\u011f\u0131, kullan\u0131\u015fl\u0131 ve \u015f\u0131k bir tasar\u0131ma sahip olup, parf\u00fcmlerin g\u00fcnl\u00fck kullan\u0131m\u0131 i\u00e7in en uygun \u00f6zellik olarak de\u011ferlendirilmektedir.<\/li>\n<\/ul>\n<h2 style=\"text-align: left;\">Temel \u00d6zellikler<\/h2>\n<table class=\"aligncenter\" style=\"border-collapse: collapse; width: 427.52pt;\" border=\"0\" width=\"570\" cellspacing=\"0\" cellpadding=\"0\">\n<tbody>\n<tr style=\"height: 13.50pt;\">\n<td style=\"height: 13.50pt; width: 119.25pt;\" width=\"159\" height=\"18\">\u015eartname<\/td>\n<td style=\"width: 308.25pt;\" width=\"411\">Detaylar<\/td>\n<\/tr>\n<tr style=\"height: 13.50pt;\">\n<td style=\"height: 13.50pt;\" height=\"18\">Kapasite<\/td>\n<td>100 ml<\/td>\n<\/tr>\n<tr style=\"height: 13.50pt;\">\n<td style=\"height: 13.50pt;\" height=\"18\">Boyutlar<\/td>\n<td>51\u00d7107 mm<\/td>\n<\/tr>\n<tr style=\"height: 13.50pt;\">\n<td style=\"height: 13.50pt;\" height=\"18\">Malzeme<\/td>\n<td>Kristal Kalitesinde Cam, Metal Kapak<\/td>\n<\/tr>\n<tr style=\"height: 13.50pt;\">\n<td style=\"height: 13.50pt;\" height=\"18\">\u00d6zelle\u015ftirme Kapsam\u0131<\/td>\n<td>\u015eekil, Boyut, Y\u00fczey, Renk<\/td>\n<\/tr>\n<tr style=\"height: 13.50pt;\">\n<td style=\"height: 13.50pt;\" height=\"18\">\u0130\u015f\u00e7ilik<\/td>\n<td>G\u00fczel Parf\u00fcm \u015ei\u015feleri, Toplu Parf\u00fcm \u015ei\u015feleri<\/td>\n<\/tr>\n<tr style=\"height: 13.50pt;\">\n<td style=\"height: 13.50pt;\" height=\"18\">\u00dcr\u00fcn Amac\u0131<\/td>\n<td>Premium ve Kad\u0131ns\u0131 Parf\u00fcmler, \u00d6zel Kokular<\/td>\n<\/tr>\n<\/tbody>\n<\/table>\n<h2>Ba\u015far\u0131 Hikayesi<\/h2>\n<p>Fransa&#039;n\u0131n en eski parf\u00fcm \u015firketlerinden biri, 100 ml&#039;lik parf\u00fcm \u015fi\u015femizi kullanmaya karar verdi ve damla \u015feklinde cam \u015fi\u015fe ile g\u00fcl alt\u0131n rengi metal kapak sipari\u015f etti. G\u00fczel damla \u015fekli, tasar\u0131mla m\u00fckemmel bir uyum sa\u011flad\u0131 ve an\u0131nda markan\u0131n imzas\u0131 haline gelerek sat\u0131\u015flarda &#039;l\u0131k bir art\u0131\u015f sa\u011flad\u0131. Dahili ince p\u00fcsk\u00fcrtme ba\u015fl\u0131\u011f\u0131, e\u015fit ve hassas p\u00fcsk\u00fcrtme a\u00e7\u0131s\u0131ndan y\u00fcksek puan ald\u0131 ve m\u00fc\u015fteri geri bildirimlerinin &#039;i olumlu oldu. Bu etkileyici sonu\u00e7lara dayanarak, marka, yeniden piyasaya s\u00fcr\u00fclen \u00fcr\u00fcn serisinin \u00f6n\u00fcm\u00fczdeki iki y\u0131ldaki talebini kar\u015f\u0131lamak i\u00e7in 500.000 \u015fi\u015fe daha sipari\u015f etti.<\/p>\n<h2>Ki\u015fiselle\u015ftirilebilir G\u00fczel Parf\u00fcm \u015ei\u015feleri<\/h2>\n<ul>\n<li>Renkli Cam Gradyan\u0131: \u015eeffaftan yumu\u015fak renklere (\u00f6rne\u011fin g\u00fcl, kehribar vb.) do\u011fru iki tonlu cam (veya hafif bir gradyan) kullan\u0131r.<\/li>\n<li>Metalik Spreyleme: \u015ei\u015feyi inci, alt\u0131n veya krom ile p\u00fcsk\u00fcrterek \u0131\u015f\u0131lt\u0131l\u0131 bir etki elde edebilirsiniz.<\/li>\n<li>Serigrafi Bask\u0131: Ayr\u0131nt\u0131l\u0131 ve canl\u0131 desenleri cama aktar\u0131n ve g\u00fc\u00e7l\u00fc bir sanatsal ifade anlay\u0131\u015f\u0131 sergileyin.<\/li>\n<li>Dokulu Cam: \u015eekillere boyut kazand\u0131rmak i\u00e7in hafif d\u00f6vme veya nerv\u00fcrl\u00fc bir doku ekleyin.<\/li>\n<\/ul>","protected":false},"excerpt":{"rendered":"<p>Zarif ve g\u00fczel parf\u00fcm \u015fi\u015feleri, ak\u0131c\u0131 damla \u015feklindeki cam g\u00f6vdesi ve f\u0131r\u00e7alanm\u0131\u015f metal kapa\u011f\u0131yla dikkat \u00e7ekiyor. 100 ml&#039;lik parf\u00fcm \u015fi\u015fesi, OEM \u00f6zelle\u015ftirme se\u00e7ene\u011fiyle sunulmaktad\u0131r.<\/p>","protected":false},"featured_media":4594,"template":"","meta":{"postBodyCss":"","postBodyMargin":[],"postBodyPadding":[],"postBodyBackground":{"backgroundType":"classic","gradient":""}},"product_brand":[],"product_cat":[15,16,62],"product_tag":[],"class_list":{"0":"post-4593","1":"product","2":"type-product","3":"status-publish","4":"has-post-thumbnail","6":"product_cat-glass-containers","7":"product_cat-glass-bottles","8":"product_cat-perfume-bottles","10":"first","11":"instock","12":"shipping-taxable","13":"product-type-simple"},"jetpack_sharing_enabled":true,"_links":{"self":[{"href":"https:\/\/minghanggroup.com\/tr\/wp-json\/wp\/v2\/product\/4593","targetHints":{"allow":["GET"]}}],"collection":[{"href":"https:\/\/minghanggroup.com\/tr\/wp-json\/wp\/v2\/product"}],"about":[{"href":"https:\/\/minghanggroup.com\/tr\/wp-json\/wp\/v2\/types\/product"}],"wp:featuredmedia":[{"embeddable":true,"href":"https:\/\/minghanggroup.com\/tr\/wp-json\/wp\/v2\/media\/4594"}],"wp:attachment":[{"href":"https:\/\/minghanggroup.com\/tr\/wp-json\/wp\/v2\/media?parent=4593"}],"wp:term":[{"taxonomy":"product_brand","embeddable":true,"href":"https:\/\/minghanggroup.com\/tr\/wp-json\/wp\/v2\/product_brand?post=4593"},{"taxonomy":"product_cat","embeddable":true,"href":"https:\/\/minghanggroup.com\/tr\/wp-json\/wp\/v2\/product_cat?post=4593"},{"taxonomy":"product_tag","embeddable":true,"href":"https:\/\/minghanggroup.com\/tr\/wp-json\/wp\/v2\/product_tag?post=4593"}],"curies":[{"name":"wp","href":"https:\/\/api.w.org\/{rel}","templated":true}]}}