{"id":4571,"date":"2026-01-13T08:50:56","date_gmt":"2026-01-13T00:50:56","guid":{"rendered":"https:\/\/minghanggroup.com\/?post_type=product&#038;p=4571"},"modified":"2026-01-13T16:52:23","modified_gmt":"2026-01-13T08:52:23","slug":"clear-rectangle-3-4-oz-perfume-bottles-wholesale","status":"publish","type":"product","link":"https:\/\/minghanggroup.com\/tr\/urun\/clear-rectangle-3-4-oz-perfume-bottles-wholesale\/","title":{"rendered":"\u015eeffaf Dikd\u00f6rtgen 3,4 oz Parf\u00fcm \u015ei\u015feleri Toptan Sat\u0131\u015f"},"content":{"rendered":"<p>Bu, kristal berrakl\u0131\u011f\u0131nda camdan yap\u0131lm\u0131\u015f, \u015f\u0131k dikd\u00f6rtgen \u015feklinde 100 ml&#039;lik bir parf\u00fcm \u015fi\u015fesidir. Bumerang \u015feklindeki g\u00f6vdesi (kenarlar\u0131 yumu\u015fak bir \u015fekilde tasarlanm\u0131\u015ft\u0131r) \u0131\u015f\u0131\u011f\u0131n i\u00e7inden ge\u00e7mesini sa\u011flar ve siyah, yamuk parlak kapa\u011f\u0131 ger\u00e7ekten dikkat \u00e7ekicidir.<\/p>\n<h2>\u00dcr\u00fcn \u00d6zellikleri<\/h2>\n<ul>\n<li><strong>Y\u00fcksek \u015eeffafl\u0131kta Kristal \u015ei\u015fe:<\/strong> Son derece \u015feffaf kristal cam \u015fi\u015fe, \u00fcr\u00fcn\u00fcn parlakl\u0131\u011f\u0131 ve berrakl\u0131\u011f\u0131 sayesinde parf\u00fcm\u00fcn aromas\u0131n\u0131 m\u00fckemmel bir \u015fekilde sergiliyor.<\/li>\n<li><strong>Yuvarlak Kare \u015ei\u015fe:<\/strong> Yuvarlak k\u00f6\u015feli \u015fi\u015fe, yerle\u015ftirildi\u011fi yerde temiz bir g\u00f6r\u00fcn\u00fcm sa\u011flayacak ve elde tutuldu\u011funda daha fazla konfor sunacakt\u0131r.<\/li>\n<li><strong>Parlak Siyah Trapezoidal Kapak:<\/strong> \u015eeffaf \u015fi\u015fe, parlak siyah yamuk \u015feklindeki kapakla tezat olu\u015fturuyor ve sade \u00e7izgiler, minimalist ve sofistike tarz\u0131 desteklemek i\u00e7in kullan\u0131l\u0131yor.<\/li>\n<\/ul>\n<h2 style=\"text-align: left;\">Temel \u00d6zellikler<\/h2>\n<table class=\"aligncenter\" style=\"border-collapse: collapse; width: 414.02pt;\" border=\"0\" width=\"552\" cellspacing=\"0\" cellpadding=\"0\">\n<tbody>\n<tr style=\"height: 13.50pt;\">\n<td style=\"height: 13.50pt; width: 119.25pt;\" width=\"159\" height=\"18\">\u015eartname<\/td>\n<td style=\"width: 294.75pt;\" width=\"393\">Detaylar<\/td>\n<\/tr>\n<tr style=\"height: 13.50pt;\">\n<td style=\"height: 13.50pt;\" height=\"18\">Kapasite<\/td>\n<td>100 ml (3,4 oz)<\/td>\n<\/tr>\n<tr style=\"height: 13.50pt;\">\n<td style=\"height: 13.50pt;\" height=\"18\">Boyutlar<\/td>\n<td>73\u00d731\u00d7106 mm<\/td>\n<\/tr>\n<tr style=\"height: 13.50pt;\">\n<td style=\"height: 13.50pt;\" height=\"18\">Malzeme<\/td>\n<td>Kristal Kalitesinde Cam<\/td>\n<\/tr>\n<tr style=\"height: 13.50pt;\">\n<td style=\"height: 13.50pt;\" height=\"18\">\u015ei\u015fe \u015eekli<\/td>\n<td>K\u00f6\u015feleri yuvarlak dikd\u00f6rtgen<\/td>\n<\/tr>\n<tr style=\"height: 13.50pt;\">\n<td style=\"height: 13.50pt;\" height=\"18\">\u00d6zelle\u015ftirme Kapsam\u0131<\/td>\n<td>\u015eekil, Boyut, Cam Rengi\/Kaplamas\u0131<\/td>\n<\/tr>\n<tr style=\"height: 13.50pt;\">\n<td style=\"height: 13.50pt;\" height=\"18\">\u0130\u015f\u00e7ilik<\/td>\n<td>Hassas Cam Kal\u0131plama, Parlak Y\u00fczey Kaplama<\/td>\n<\/tr>\n<tr style=\"height: 13.50pt;\">\n<td style=\"height: 13.50pt;\" height=\"18\">\u00dcr\u00fcn Amac\u0131<\/td>\n<td>Dikd\u00f6rtgen Parf\u00fcm \u015ei\u015fesi, Bo\u015f Parf\u00fcm \u015ei\u015feleri<\/td>\n<\/tr>\n<tr style=\"height: 13.50pt;\">\n<td style=\"height: 13.50pt;\" height=\"18\">Uygun Sekt\u00f6rler<\/td>\n<td>B\u00fcy\u00fck Ma\u011faza Markalar\u0131, L\u00fcks Hediye Se\u00e7enekleri<\/td>\n<\/tr>\n<\/tbody>\n<\/table>\n<h2>Ba\u015far\u0131 Hikayesi<\/h2>\n<p>Modern ev aksesuarlar\u0131 konusunda uzmanla\u015fm\u0131\u015f New York merkezli markalardan biri, 3,4 oz&#039;luk parf\u00fcm \u015fi\u015femizi ambalaj olarak kullanmay\u0131 tercih etti ve ambalaj\u0131, markan\u0131n tescilli mat siyah trapezoid kapa\u011f\u0131yla birlikte a\u00e7\u0131k dumanl\u0131 gri cam g\u00f6vde i\u00e7erecek \u015fekilde ki\u015fiselle\u015ftirdi. \u015ei\u015fenin dikd\u00f6rtgen \u015fekli, raflarda maksimum \u00e7ekicilik sa\u011flarken, perakendeciler &#039;lik bir sat\u0131\u015f d\u00f6n\u00fc\u015f\u00fcm oran\u0131 elde ettiklerini belirttiler; bu oran di\u011fer \u015fi\u015fe \u015fekillerine g\u00f6re daha y\u00fcksektir. Kristal berrakl\u0131\u011f\u0131ndaki cam (hatta renkli cam bile), y\u00fcksek kaliteli ve orijinal bir \u00fcr\u00fcn\u00fcn de\u011ferini temsil ederek sat\u0131n alma s\u00fcrecini daha fazla tekrar sat\u0131n almaya te\u015fvik eder. Marka, \u00fcr\u00fcn\u00fcn performans\u0131ndan o kadar memnun kald\u0131 ki, kokunun kal\u0131c\u0131 \u00fcr\u00fcn yelpazesinin bir par\u00e7as\u0131 olmas\u0131n\u0131 sa\u011flamak i\u00e7in 400.000 \u015fi\u015fe daha sipari\u015f etti.<\/p>\n<h2>Dikd\u00f6rtgen Parf\u00fcm \u015ei\u015fesi \u00d6zelle\u015ftirme<\/h2>\n<ul>\n<li>Cam \u015ei\u015felerin Renkleri ve Y\u00fczey \u0130\u015flemleri: Cam \u015fi\u015feler dikd\u00f6rtgen \u015feklindedir ve \u015feffaf, f\u00fcme, kehribar ve buzlu y\u00fczey i\u015flemleriyle \u00fcretilir.<\/li>\n<li>Cam Lazer \u0130\u015fleme: \u015ei\u015fenin \u00fczerine basit tasar\u0131mlar, marka isimleri veya dekoratif \u00e7izgiler i\u015flenebilir.<\/li>\n<li>Kum p\u00fcsk\u00fcrtmeli marka logosu paneli: \u015ei\u015fenin \u00f6n veya arka y\u00fcz\u00fcne kum p\u00fcsk\u00fcrtme y\u00f6ntemiyle i\u015flenmi\u015f, buzlu dikd\u00f6rtgen bir panel \u00fczerine marka logosu bas\u0131lmas\u0131 m\u00fcmk\u00fcnd\u00fcr.<\/li>\n<li>Metalik Dekoratif Detaylar: \u015ei\u015fe kapa\u011f\u0131n\u0131n taban\u0131na veya \u015fi\u015fe boynuna ince bir metal levha (g\u00fcm\u00fc\u015f veya alt\u0131n) yerle\u015ftirilebilir.<\/li>\n<\/ul>","protected":false},"excerpt":{"rendered":"<p>Bu 100 ml&#039;lik parf\u00fcm \u015fi\u015fesi, yuvarlak kenarl\u0131 ve parlak siyah kapakl\u0131, kristal berrakl\u0131\u011f\u0131nda camdan yap\u0131lm\u0131\u015ft\u0131r. Bu dikd\u00f6rtgen parf\u00fcm \u015fi\u015fesi iste\u011fe g\u00f6re \u00f6zelle\u015ftirilebilir.<\/p>","protected":false},"featured_media":4573,"template":"","meta":{"postBodyCss":"","postBodyMargin":[],"postBodyPadding":[],"postBodyBackground":{"backgroundType":"classic","gradient":""}},"product_brand":[],"product_cat":[15,16,62],"product_tag":[],"class_list":{"0":"post-4571","1":"product","2":"type-product","3":"status-publish","4":"has-post-thumbnail","6":"product_cat-glass-containers","7":"product_cat-glass-bottles","8":"product_cat-perfume-bottles","10":"first","11":"instock","12":"shipping-taxable","13":"product-type-simple"},"jetpack_sharing_enabled":true,"_links":{"self":[{"href":"https:\/\/minghanggroup.com\/tr\/wp-json\/wp\/v2\/product\/4571","targetHints":{"allow":["GET"]}}],"collection":[{"href":"https:\/\/minghanggroup.com\/tr\/wp-json\/wp\/v2\/product"}],"about":[{"href":"https:\/\/minghanggroup.com\/tr\/wp-json\/wp\/v2\/types\/product"}],"wp:featuredmedia":[{"embeddable":true,"href":"https:\/\/minghanggroup.com\/tr\/wp-json\/wp\/v2\/media\/4573"}],"wp:attachment":[{"href":"https:\/\/minghanggroup.com\/tr\/wp-json\/wp\/v2\/media?parent=4571"}],"wp:term":[{"taxonomy":"product_brand","embeddable":true,"href":"https:\/\/minghanggroup.com\/tr\/wp-json\/wp\/v2\/product_brand?post=4571"},{"taxonomy":"product_cat","embeddable":true,"href":"https:\/\/minghanggroup.com\/tr\/wp-json\/wp\/v2\/product_cat?post=4571"},{"taxonomy":"product_tag","embeddable":true,"href":"https:\/\/minghanggroup.com\/tr\/wp-json\/wp\/v2\/product_tag?post=4571"}],"curies":[{"name":"wp","href":"https:\/\/api.w.org\/{rel}","templated":true}]}}