{"id":4566,"date":"2026-01-13T11:21:53","date_gmt":"2026-01-13T03:21:53","guid":{"rendered":"https:\/\/minghanggroup.com\/?post_type=product&#038;p=4566"},"modified":"2026-01-13T16:48:50","modified_gmt":"2026-01-13T08:48:50","slug":"glass-personalized-cologne-bottle-with-diamond-lids-bulk","status":"publish","type":"product","link":"https:\/\/minghanggroup.com\/tr\/urun\/glass-personalized-cologne-bottle-with-diamond-lids-bulk\/","title":{"rendered":"50 ml Ki\u015fiselle\u015ftirilmi\u015f Elmas Kapakl\u0131 Cam Kolonya \u015ei\u015feleri (Toptan Sat\u0131\u015f)"},"content":{"rendered":"<p>Ki\u015fiselle\u015ftirilmi\u015f kolonya \u015fi\u015feleriniz sadece koku ta\u015f\u0131makla kalmamal\u0131, m\u00fc\u015fterilerin \u00fcr\u00fcnleri incelerken duraklamas\u0131na da neden olmal\u0131d\u0131r. \u00d6nde gelen parf\u00fcm \u015fi\u015fesi tedarik\u00e7ileri olarak, \u00f6zel parf\u00fcm\u00fcn\u00fcz\u00fc raflarda dikkat \u00e7eken l\u00fcks bir an haline getiren cam parf\u00fcm \u015fi\u015feleri \u00fcretiyoruz.<\/p>\n<h2>\u00dcr\u00fcn \u00d6zellikleri<\/h2>\n<ul>\n<li><strong>G\u00fcm\u00fc\u015f\/Alt\u0131n Kapak Kontrast\u0131: <\/strong>\u015eeffaf cam \u00fczerinde metal kapaklar m\u0131? Parf\u00fcm ambalaj\u0131nda \u200b\u200bbir gecede ba\u015far\u0131.<\/li>\n<li><strong>Kal\u0131nla\u015ft\u0131r\u0131lm\u0131\u015f, stabilize edilmi\u015f dikd\u00f6rtgen taban: <\/strong>Raflarda sallanma yapmaz. Parf\u00fcm \u015fi\u015feniz camdan yap\u0131lm\u0131\u015f ve a\u011f\u0131r, kaliteli bir \u00fcr\u00fcnd\u00fcr.<\/li>\n<li><strong>\u00c7ok Y\u00f6nl\u00fc \u015eapka B\u00fcy\u00fcs\u00fc: <\/strong>\u00dcst kapak \u0131\u015f\u0131\u011f\u0131 yans\u0131t\u0131r - ek masraf gerektirmeden an\u0131nda dekorasyon sa\u011flar.<\/li>\n<\/ul>\n<h2>Temel \u00d6zellikler<\/h2>\n<table style=\"border-collapse: collapse; width: 80%; margin-left: auto; margin-right: auto;\" border=\"0\" width=\"288\" cellspacing=\"0\" cellpadding=\"0\">\n<tbody>\n<tr style=\"height: 13.50pt;\">\n<td style=\"height: 13.5pt; width: 54pt; text-align: center;\" width=\"72\" height=\"18\">Boyut<\/td>\n<td style=\"width: 54pt; text-align: center;\" width=\"72\">\u00d6l\u00e7\u00fcler (mm)<\/td>\n<td style=\"width: 54pt; text-align: center;\" width=\"72\">\u015eapka Rengi<\/td>\n<td style=\"width: 54pt; text-align: center;\" width=\"72\">S\u0131zd\u0131rmazl\u0131k Tipi<\/td>\n<\/tr>\n<tr style=\"height: 13.50pt;\">\n<td style=\"height: 13.5pt; text-align: center;\" height=\"18\">50 ml<\/td>\n<td style=\"text-align: center;\">58\u00d733\u00d779 \/ 58\u00d735\u00d791<\/td>\n<td style=\"text-align: center;\">G\u00fcm\u00fc\u015f\/Alt\u0131n<\/td>\n<td style=\"text-align: center;\">Sprey ba\u015fl\u0131\u011f\u0131 (atomiz\u00f6r)<\/td>\n<\/tr>\n<\/tbody>\n<\/table>\n<h2>Ba\u015far\u0131 \u00d6rne\u011fi<\/h2>\n<p>\u00dcst d\u00fczey eau de parf\u00fcmleri hedefleyen bir parf\u00fcm markas\u0131, i\u015f\u00e7ili\u011fi temsil edecek ve onu daha \u00fcst bir konuma ta\u015f\u0131yacak \u015feffaf bir ambalaj ar\u0131yordu. Yeni koleksiyonunu piyasaya s\u00fcrmek i\u00e7in marka, \u00f6n y\u00fcz\u00fcnde hafif\u00e7e kabart\u0131lm\u0131\u015f bir logo ve markan\u0131n kendisiyle uyumlu alt\u0131n tonunda \u00f6zel bir sprey halkas\u0131 bulunan, buzlu \u015fi\u015fe y\u00fczeyine sahip \u00f6zel cam parf\u00fcm \u015fi\u015felerimizi tercih etti.<br \/>\nMarka, iki lansman sonras\u0131nda tekrar sipari\u015f hacmini y\u00fczde 35 oran\u0131nda art\u0131rd\u0131 ve da\u011f\u0131t\u0131mc\u0131lar\u0131n daha olumlu tepkisiyle kar\u015f\u0131la\u015farak farkl\u0131 sezonlarda tekrar sipari\u015f vermeye devam etmelerini sa\u011flad\u0131.<\/p>\n<h2>\u00d6zelle\u015ftirme Se\u00e7enekleriniz<\/h2>\n<ol>\n<li><strong>Kabuk Rengi:<\/strong> Alt\u0131n rengi \u00e7i\u00e7eksi ve g\u00fcm\u00fc\u015f rengi odunsu \u2013 kapa\u011f\u0131n\u0131z ilk p\u00fcsk\u00fcrtmeden \u00f6nce her \u015feyi a\u00e7\u0131kl\u0131yor.<\/li>\n<li><strong>UV Bask\u0131: <\/strong>Cam\u0131n \u00fczerine \u00e7i\u00e7ek desenleri koyun; parf\u00fcm ambalaj \u00e7\u00f6z\u00fcmleriniz insanlar\u0131n dikkatini \u00e7ekecek.<\/li>\n<li><strong>L\u00fcks\u00fc Grav\u00fcrleyin: <\/strong>Logonuzu lazerle yan tarafa i\u015fleyin.<\/li>\n<\/ol>","protected":false},"excerpt":{"rendered":"<p>\u015eeffaf cam ve sprey ba\u015fl\u0131kl\u0131 ki\u015fiselle\u015ftirilmi\u015f kolonya \u015fi\u015fesi. Fabrikadan do\u011frudan sat\u0131\u015f ve toplu \u00f6zelle\u015ftirme imkan\u0131 sunan g\u00fcvenilir parf\u00fcm \u015fi\u015fesi tedarik\u00e7ileriyle \u00e7al\u0131\u015f\u0131n.<\/p>","protected":false},"featured_media":4570,"template":"","meta":{"postBodyCss":"","postBodyMargin":[],"postBodyPadding":[],"postBodyBackground":{"backgroundType":"classic","gradient":""}},"product_brand":[],"product_cat":[15,16,62],"product_tag":[],"class_list":{"0":"post-4566","1":"product","2":"type-product","3":"status-publish","4":"has-post-thumbnail","6":"product_cat-glass-containers","7":"product_cat-glass-bottles","8":"product_cat-perfume-bottles","10":"first","11":"instock","12":"shipping-taxable","13":"product-type-simple"},"jetpack_sharing_enabled":true,"_links":{"self":[{"href":"https:\/\/minghanggroup.com\/tr\/wp-json\/wp\/v2\/product\/4566","targetHints":{"allow":["GET"]}}],"collection":[{"href":"https:\/\/minghanggroup.com\/tr\/wp-json\/wp\/v2\/product"}],"about":[{"href":"https:\/\/minghanggroup.com\/tr\/wp-json\/wp\/v2\/types\/product"}],"wp:featuredmedia":[{"embeddable":true,"href":"https:\/\/minghanggroup.com\/tr\/wp-json\/wp\/v2\/media\/4570"}],"wp:attachment":[{"href":"https:\/\/minghanggroup.com\/tr\/wp-json\/wp\/v2\/media?parent=4566"}],"wp:term":[{"taxonomy":"product_brand","embeddable":true,"href":"https:\/\/minghanggroup.com\/tr\/wp-json\/wp\/v2\/product_brand?post=4566"},{"taxonomy":"product_cat","embeddable":true,"href":"https:\/\/minghanggroup.com\/tr\/wp-json\/wp\/v2\/product_cat?post=4566"},{"taxonomy":"product_tag","embeddable":true,"href":"https:\/\/minghanggroup.com\/tr\/wp-json\/wp\/v2\/product_tag?post=4566"}],"curies":[{"name":"wp","href":"https:\/\/api.w.org\/{rel}","templated":true}]}}