{"id":4555,"date":"2026-01-12T16:22:03","date_gmt":"2026-01-12T08:22:03","guid":{"rendered":"https:\/\/minghanggroup.com\/?post_type=product&#038;p=4555"},"modified":"2026-01-12T17:04:46","modified_gmt":"2026-01-12T09:04:46","slug":"clear-glass-perfume-bottles-vintage-design-wholesale","status":"publish","type":"product","link":"https:\/\/minghanggroup.com\/tr\/urun\/clear-glass-perfume-bottles-vintage-design-wholesale\/","title":{"rendered":"50 ml \u015eeffaf Cam Parf\u00fcm \u015ei\u015feleri Vintage Tasar\u0131m Toptan Sat\u0131\u015f"},"content":{"rendered":"<p>Klasik cam parf\u00fcm \u015fi\u015feleriniz sadece kokuyu muhafaza etmekle kalmamal\u0131, ayn\u0131 zamanda ziyaret\u00e7ilerin dikkatini \u00e7ekmelidir. Parf\u00fcm \u015fi\u015fesi tasar\u0131m\u0131 uzmanlar\u0131 olarak, \u00f6zel parf\u00fcm\u00fcn\u00fcz\u00fc raflarda g\u00f6z kama\u015ft\u0131racak l\u00fcks bir \u00fcr\u00fcne d\u00f6n\u00fc\u015ft\u00fcren cam parf\u00fcm \u015fi\u015feleri \u00fcretiyoruz.<\/p>\n<h2>\u00dcr\u00fcn \u00d6zellikleri<\/h2>\n<ul>\n<li><strong>Kristal Berrakl\u0131\u011f\u0131: <\/strong>Bu cam \u015fi\u015fe sayesinde parf\u00fcm\u00fcn\u00fcz\u00fcn ger\u00e7ek rengini g\u00f6r\u00fcn; bulan\u0131k filtreler yok, sadece saf cam g\u00fczelli\u011fi.<\/li>\n<li><strong>G\u00fcm\u00fc\u015f Kapak Kontrast\u0131: <\/strong>\u015eeffaf cam \u00fczerinde metalik g\u00fcm\u00fc\u015f kapaklar? Parf\u00fcm ambalaj\u0131n\u0131z i\u00e7in ani bir g\u00f6rsel etki.<\/li>\n<li><strong>Stabilize Edilmi\u015f Dikd\u00f6rtgen Taban: <\/strong>Kal\u0131nla\u015ft\u0131r\u0131lm\u0131\u015f taban \u2013 raflarda hi\u00e7 sallanma yok. Cam parf\u00fcm \u015fi\u015feniz a\u011f\u0131r ve kaliteli bir his veriyor.<\/li>\n<\/ul>\n<h2>Temel \u00d6zellikler<\/h2>\n<table style=\"border-collapse: collapse; width: 80%; margin-right: auto; margin-left: auto;\" border=\"0\" width=\"360\" cellspacing=\"0\" cellpadding=\"0\">\n<tbody>\n<tr style=\"height: 13.50pt;\">\n<td style=\"height: 13.5pt; width: 54pt; text-align: center;\" width=\"72\" height=\"18\">Boyut<\/td>\n<td style=\"width: 54pt; text-align: center;\" width=\"72\">\u00d6l\u00e7\u00fcler (mm)<\/td>\n<td style=\"width: 54pt; text-align: center;\" width=\"72\">Malzeme<\/td>\n<td style=\"width: 54pt; text-align: center;\" width=\"72\">\u015eapka Rengi<\/td>\n<td style=\"width: 54pt; text-align: center;\" width=\"72\">S\u0131zd\u0131rmazl\u0131k Tipi<\/td>\n<\/tr>\n<tr style=\"height: 13.50pt;\">\n<td style=\"height: 13.5pt; text-align: center;\" height=\"18\">50 ml<\/td>\n<td style=\"text-align: center;\">41\u00d730\u00d7107<\/td>\n<td style=\"text-align: center;\">Kristal cam + Metal\/PE<\/td>\n<td style=\"text-align: center;\">G\u00fcm\u00fc\u015f<\/td>\n<td style=\"text-align: center;\">Sprey ba\u015fl\u0131\u011f\u0131 (atomiz\u00f6r)<\/td>\n<\/tr>\n<\/tbody>\n<\/table>\n<h2>Ba\u015far\u0131 \u00d6rne\u011fi<\/h2>\n<p>Bir parf\u00fcm markas\u0131, minimalist konumland\u0131rmas\u0131n\u0131 yans\u0131tacak ve ayn\u0131 zamanda raflarda tan\u0131n\u0131rl\u0131\u011f\u0131 art\u0131racak bir ambalaj istedi. \u0130lk koleksiyonun lansman\u0131 i\u00e7in marka, \u015feffaf cam parf\u00fcm \u015fi\u015felerimizi se\u00e7ti ve \u015fi\u015felere buzlu bir g\u00f6r\u00fcn\u00fcm vererek, logoyu \u015fi\u015fenin omuz k\u0131sm\u0131na kabartarak ve g\u00f6rsel karma\u015fa yaratmadan dokuyu ileten \u00e7ok ince ipek, bask\u0131l\u0131 desenler ekleyerek \u00f6zelle\u015ftirdi.<\/p>\n<p>Dolay\u0131s\u0131yla yeni ambalaj, markan\u0131n lansmandan sonraki ilk iki ay i\u00e7inde sat\u0131\u015f oran\u0131nda &#039;lik bir art\u0131\u015f elde etmesine \u00f6nemli \u00f6l\u00e7\u00fcde katk\u0131da bulundu. \u015eirket, piyasadan gelen olumlu tepkiden motive olarak \u00fcr\u00fcn yelpazesini geni\u015fletti ve art arda \u00fc\u00e7 \u00fcr\u00fcn lansman\u0131 i\u00e7in tekrarlanan toplu sipari\u015fler verdi.<\/p>\n<h2>\u00d6zelle\u015ftirme Se\u00e7enekleriniz<\/h2>\n<ol>\n<li><strong>G\u00fcm\u00fc\u015f \u015eapka: <\/strong>\u015ei\u015fe kapa\u011f\u0131n\u0131n rengini, koku notalar\u0131n\u0131 yans\u0131tacak \u015fekilde se\u00e7in; mineral kokular i\u00e7in g\u00fcm\u00fc\u015f, \u00e7i\u00e7eksi kokular i\u00e7in alt\u0131n. Kapa\u011f\u0131n\u0131z hikayeyi anlat\u0131r.<\/li>\n<li><strong>An\u0131nda L\u00fcks \u0130\u00e7in Grav\u00fcr Yapt\u0131r\u0131n: <\/strong>Logonuzu yan tarafa lazerle i\u015faretleyin.<\/li>\n<li><strong>Dekorasyon i\u00e7in UV Bask\u0131: <\/strong>Cam \u00fczerine botanik g\u00f6rseller basarak parf\u00fcm ambalaj \u00e7\u00f6z\u00fcmlerinizi bir ba\u015fyap\u0131ta d\u00f6n\u00fc\u015ft\u00fcr\u00fcn.<\/li>\n<\/ol>","protected":false},"excerpt":{"rendered":"<p>Zarif \u015fekli ve berrakl\u0131\u011f\u0131yla vintage tarzda cam parf\u00fcm \u015fi\u015feleri. Fabrikadan do\u011frudan tedarik, benzersiz koku \u015fi\u015fesi tasar\u0131mlar\u0131n\u0131 destekliyor. H\u0131zl\u0131 kargo.<\/p>","protected":false},"featured_media":4565,"template":"","meta":{"postBodyCss":"","postBodyMargin":[],"postBodyPadding":[],"postBodyBackground":{"backgroundType":"classic","gradient":""}},"product_brand":[],"product_cat":[16,15,62],"product_tag":[],"class_list":{"0":"post-4555","1":"product","2":"type-product","3":"status-publish","4":"has-post-thumbnail","6":"product_cat-glass-bottles","7":"product_cat-glass-containers","8":"product_cat-perfume-bottles","10":"first","11":"instock","12":"shipping-taxable","13":"product-type-simple"},"jetpack_sharing_enabled":true,"_links":{"self":[{"href":"https:\/\/minghanggroup.com\/tr\/wp-json\/wp\/v2\/product\/4555","targetHints":{"allow":["GET"]}}],"collection":[{"href":"https:\/\/minghanggroup.com\/tr\/wp-json\/wp\/v2\/product"}],"about":[{"href":"https:\/\/minghanggroup.com\/tr\/wp-json\/wp\/v2\/types\/product"}],"wp:featuredmedia":[{"embeddable":true,"href":"https:\/\/minghanggroup.com\/tr\/wp-json\/wp\/v2\/media\/4565"}],"wp:attachment":[{"href":"https:\/\/minghanggroup.com\/tr\/wp-json\/wp\/v2\/media?parent=4555"}],"wp:term":[{"taxonomy":"product_brand","embeddable":true,"href":"https:\/\/minghanggroup.com\/tr\/wp-json\/wp\/v2\/product_brand?post=4555"},{"taxonomy":"product_cat","embeddable":true,"href":"https:\/\/minghanggroup.com\/tr\/wp-json\/wp\/v2\/product_cat?post=4555"},{"taxonomy":"product_tag","embeddable":true,"href":"https:\/\/minghanggroup.com\/tr\/wp-json\/wp\/v2\/product_tag?post=4555"}],"curies":[{"name":"wp","href":"https:\/\/api.w.org\/{rel}","templated":true}]}}